{"id":10330,"date":"2023-07-20T14:50:16","date_gmt":"2023-07-20T18:50:16","guid":{"rendered":"https:\/\/www.merkley.senate.gov\/?page_id=10330"},"modified":"2023-07-20T14:52:54","modified_gmt":"2023-07-20T18:52:54","slug":"afforadable-health-care","status":"publish","type":"page","link":"https:\/\/www.merkley.senate.gov\/es\/afforadable-health-care\/","title":{"rendered":"Afforadable Health Care"},"content":{"rendered":"<div data-elementor-type=\"wp-page\" data-elementor-id=\"10330\" class=\"elementor elementor-10330\" data-elementor-post-type=\"page\">\n\t\t\t\t\t\t<section class=\"elementor-section elementor-top-section elementor-element elementor-element-444f6c6 elementor-section-boxed elementor-section-height-default elementor-section-height-default\" data-id=\"444f6c6\" data-element_type=\"section\" data-e-type=\"section\">\n\t\t\t\t\t\t<div class=\"elementor-container elementor-column-gap-default\">\n\t\t\t\t\t<div class=\"elementor-column elementor-col-100 elementor-top-column elementor-element elementor-element-475dc2d\" data-id=\"475dc2d\" data-element_type=\"column\" data-e-type=\"column\">\n\t\t\t<div class=\"elementor-widget-wrap elementor-element-populated\">\n\t\t\t\t\t\t<div class=\"elementor-element elementor-element-bd5736e elementor-widget elementor-widget-heading\" data-id=\"bd5736e\" data-element_type=\"widget\" data-e-type=\"widget\" data-widget_type=\"heading.default\">\n\t\t\t\t<div class=\"elementor-widget-container\">\n\t\t\t\t\t<h2 class=\"elementor-heading-title elementor-size-default\">FIGHTING FOR AFFORDABLE CARE<\/h2>\t\t\t\t<\/div>\n\t\t\t\t<\/div>\n\t\t\t\t<div class=\"elementor-element elementor-element-59cb530 elementor-widget elementor-widget-text-editor\" data-id=\"59cb530\" data-element_type=\"widget\" data-e-type=\"widget\" data-widget_type=\"text-editor.default\">\n\t\t\t\t<div class=\"elementor-widget-container\">\n\t\t\t\t\t\t\t\t\t<p>Saturday, November 27, 2021<\/p><p>Jeff sabe que el sistema de atenci\u00f3n m\u00e9dica de los Estados Unidos es complejo y, a menudo, escandalosamente costoso. Adem\u00e1s de trabajar en la legislaci\u00f3n que ayudar\u00eda a reducir los costos y crear un sistema de atenci\u00f3n m\u00e9dica simple y sin fisuras, su equipo tambi\u00e9n trabaja constantemente para ayudar a resolver los problemas de atenci\u00f3n m\u00e9dica de sus electores, especialmente las batallas con las compa\u00f1\u00edas de seguros.<\/p><p><span style=\"background-color: var( --e-global-color-secondary ); color: var( --e-global-color-text ); font-family: var( --e-global-typography-text-font-family ), Sans-serif; font-size: var( --e-global-typography-text-font-size ); font-weight: var( --e-global-typography-text-font-weight );\">Entonces, cuando Jenifer se comunic\u00f3 con la oficina de Jeff por una costosa factura de hospital que su seguro no cubrir\u00eda, su equipo se puso a trabajar. El invierno pasado, la hija de Jenifer tuvo una emergencia m\u00e9dica y tuvo que ser llevada de urgencia a una sala de emergencias. Jenifer pregunt\u00f3 si la ambulancia pod\u00eda llevar a su hija a un hospital de la red, pero en ese momento, la regi\u00f3n estaba cubierta de hielo debido a una tormenta de hielo sin precedentes, por lo que los t\u00e9cnicos de emergencias m\u00e9dicas tuvieron que llevarla al hospital m\u00e1s cercano que pudieran. El hospital estaba fuera de la red de seguros de su hija, por lo que Jenifer tuvo que cargar con toda la factura del hospital: la friolera de $9,500.<\/span><\/p><p><span style=\"color: var( --e-global-color-text ); font-family: var( --e-global-typography-text-font-family ), Sans-serif; font-size: var( --e-global-typography-text-font-size ); font-weight: var( --e-global-typography-text-font-weight ); background-color: var( --e-global-color-secondary );\">Con cobertura de seguro, la factura del hospital ser\u00eda de alrededor de $1,000, todav\u00eda muy costosa, pero una gran mejora. \u201cSoy una madre soltera, por lo que esta diferencia en el costo me ayudar\u00eda inmensamente\u201d, escribi\u00f3 Jenifer a la oficina de Jeff.<\/span><\/p><p><span style=\"color: var( --e-global-color-text ); font-family: var( --e-global-typography-text-font-family ), Sans-serif; font-size: var( --e-global-typography-text-font-size ); font-weight: var( --e-global-typography-text-font-weight ); background-color: var( --e-global-color-secondary );\">El equipo de Jeff persigui\u00f3 implacablemente a las personas adecuadas en la compa\u00f1\u00eda de seguros de Jenifer. Durante dos meses, el equipo prob\u00f3 todas las v\u00edas posibles, incluso contactando al vicepresidente senior de la compa\u00f1\u00eda de seguros de salud.<\/span><\/p><p><span style=\"color: var( --e-global-color-text ); font-family: var( --e-global-typography-text-font-family ), Sans-serif; font-size: var( --e-global-typography-text-font-size ); font-weight: var( --e-global-typography-text-font-weight ); background-color: var( --e-global-color-secondary );\">El arduo trabajo del equipo Merkley vali\u00f3 la pena y lograron que la compa\u00f1\u00eda de seguros revisara la apelaci\u00f3n de Jenifer. Como resultado, la factura de Jenifer se redujo de $9500 a $1200.<\/span><\/p><p><span style=\"color: var( --e-global-color-text ); font-family: var( --e-global-typography-text-font-family ), Sans-serif; font-size: var( --e-global-typography-text-font-size ); font-weight: var( --e-global-typography-text-font-weight ); background-color: var( --e-global-color-secondary );\">\u201cGracias por ayudarme con mi apelaci\u00f3n ante la compa\u00f1\u00eda de seguros de mi hija\u201d, dijo Jenifer. \u201cRealmente aprecio el trabajo que hiciste en mi nombre\u201d.<\/span><\/p><p><span style=\"color: var( --e-global-color-text ); font-family: var( --e-global-typography-text-font-family ), Sans-serif; font-size: var( --e-global-typography-text-font-size ); font-weight: var( --e-global-typography-text-font-weight ); background-color: var( --e-global-color-secondary );\">Jeff sabe que la atenci\u00f3n m\u00e9dica es un derecho, no un privilegio. Ayudar a personas como Jenifer motiva a Jeff y su equipo a seguir trabajando para reformar el sistema de atenci\u00f3n m\u00e9dica, de modo que todos los estadounidenses dispongan de cobertura y atenci\u00f3n asequibles y de calidad.<\/span><\/p>\t\t\t\t\t\t\t\t<\/div>\n\t\t\t\t<\/div>\n\t\t\t\t\t<\/div>\n\t\t<\/div>\n\t\t\t\t\t<\/div>\n\t\t<\/section>\n\t\t\t\t<\/div>","protected":false},"excerpt":{"rendered":"<p>FIGHTING FOR AFFORDABLE CARE Saturday, November 27, 2021 Jeff knows that America\u2019s health care system is complex and often outrageously expensive. In addition to working on legislation that would help lower costs and create a simple, seamless health care system, his team is also constantly working to help resolve his constituent\u2019s health care issues, especially [&hellip;]<\/p>\n","protected":false},"author":7,"featured_media":0,"parent":0,"menu_order":0,"comment_status":"closed","ping_status":"closed","template":"","meta":{"_acf_changed":false,"inline_featured_image":false,"footnotes":""},"class_list":["post-10330","page","type-page","status-publish","hentry"],"acf":[],"yoast_head":"<!-- This site is optimized with the Yoast SEO plugin v27.2 - https:\/\/yoast.com\/product\/yoast-seo-wordpress\/ -->\n<title>Afforadable Health Care - Merkley<\/title>\n<meta name=\"robots\" content=\"index, follow, max-snippet:-1, max-image-preview:large, max-video-preview:-1\" \/>\n<link rel=\"canonical\" href=\"https:\/\/www.merkley.senate.gov\/es\/afforadable-health-care\/\" \/>\n<meta property=\"og:locale\" content=\"es_MX\" \/>\n<meta property=\"og:type\" content=\"article\" \/>\n<meta property=\"og:title\" content=\"Afforadable Health Care - Merkley\" \/>\n<meta property=\"og:description\" content=\"FIGHTING FOR AFFORDABLE CARE Saturday, November 27, 2021 Jeff knows that America\u2019s health care system is complex and often outrageously expensive. In addition to working on legislation that would help lower costs and create a simple, seamless health care system, his team is also constantly working to help resolve his constituent\u2019s health care issues, especially [&hellip;]\" \/>\n<meta property=\"og:url\" content=\"https:\/\/www.merkley.senate.gov\/es\/afforadable-health-care\/\" \/>\n<meta property=\"og:site_name\" content=\"Merkley\" \/>\n<meta property=\"article:modified_time\" content=\"2023-07-20T18:52:54+00:00\" \/>\n<meta name=\"twitter:card\" content=\"summary_large_image\" \/>\n<meta name=\"twitter:label1\" content=\"Est. reading time\" \/>\n\t<meta name=\"twitter:data1\" content=\"2 minutes\" \/>\n<script type=\"application\/ld+json\" class=\"yoast-schema-graph\">{\"@context\":\"https:\/\/schema.org\",\"@graph\":[{\"@type\":\"WebPage\",\"@id\":\"https:\/\/www.merkley.senate.gov\/afforadable-health-care\/\",\"url\":\"https:\/\/www.merkley.senate.gov\/afforadable-health-care\/\",\"name\":\"Afforadable Health Care - Merkley\",\"isPartOf\":{\"@id\":\"https:\/\/www.merkley.senate.gov\/#website\"},\"datePublished\":\"2023-07-20T18:50:16+00:00\",\"dateModified\":\"2023-07-20T18:52:54+00:00\",\"breadcrumb\":{\"@id\":\"https:\/\/www.merkley.senate.gov\/afforadable-health-care\/#breadcrumb\"},\"inLanguage\":\"es-MX\",\"potentialAction\":[{\"@type\":\"ReadAction\",\"target\":[\"https:\/\/www.merkley.senate.gov\/afforadable-health-care\/\"]}]},{\"@type\":\"BreadcrumbList\",\"@id\":\"https:\/\/www.merkley.senate.gov\/afforadable-health-care\/#breadcrumb\",\"itemListElement\":[{\"@type\":\"ListItem\",\"position\":1,\"name\":\"Home\",\"item\":\"https:\/\/www.merkley.senate.gov\/\"},{\"@type\":\"ListItem\",\"position\":2,\"name\":\"Afforadable Health Care\"}]},{\"@type\":\"WebSite\",\"@id\":\"https:\/\/www.merkley.senate.gov\/#website\",\"url\":\"https:\/\/www.merkley.senate.gov\/\",\"name\":\"Merkley\",\"description\":\"Merkley\",\"potentialAction\":[{\"@type\":\"SearchAction\",\"target\":{\"@type\":\"EntryPoint\",\"urlTemplate\":\"https:\/\/www.merkley.senate.gov\/?s={search_term_string}\"},\"query-input\":{\"@type\":\"PropertyValueSpecification\",\"valueRequired\":true,\"valueName\":\"search_term_string\"}}],\"inLanguage\":\"es-MX\"}]}<\/script>\n<!-- \/ Yoast SEO plugin. -->","yoast_head_json":{"title":"Afforadable Health Care - Merkley","robots":{"index":"index","follow":"follow","max-snippet":"max-snippet:-1","max-image-preview":"max-image-preview:large","max-video-preview":"max-video-preview:-1"},"canonical":"https:\/\/www.merkley.senate.gov\/es\/afforadable-health-care\/","og_locale":"es_MX","og_type":"article","og_title":"Afforadable Health Care - Merkley","og_description":"FIGHTING FOR AFFORDABLE CARE Saturday, November 27, 2021 Jeff knows that America\u2019s health care system is complex and often outrageously expensive. In addition to working on legislation that would help lower costs and create a simple, seamless health care system, his team is also constantly working to help resolve his constituent\u2019s health care issues, especially [&hellip;]","og_url":"https:\/\/www.merkley.senate.gov\/es\/afforadable-health-care\/","og_site_name":"Merkley","article_modified_time":"2023-07-20T18:52:54+00:00","twitter_card":"summary_large_image","twitter_misc":{"Est. reading time":"2 minutes"},"schema":{"@context":"https:\/\/schema.org","@graph":[{"@type":"WebPage","@id":"https:\/\/www.merkley.senate.gov\/afforadable-health-care\/","url":"https:\/\/www.merkley.senate.gov\/afforadable-health-care\/","name":"Afforadable Health Care - Merkley","isPartOf":{"@id":"https:\/\/www.merkley.senate.gov\/#website"},"datePublished":"2023-07-20T18:50:16+00:00","dateModified":"2023-07-20T18:52:54+00:00","breadcrumb":{"@id":"https:\/\/www.merkley.senate.gov\/afforadable-health-care\/#breadcrumb"},"inLanguage":"es-MX","potentialAction":[{"@type":"ReadAction","target":["https:\/\/www.merkley.senate.gov\/afforadable-health-care\/"]}]},{"@type":"BreadcrumbList","@id":"https:\/\/www.merkley.senate.gov\/afforadable-health-care\/#breadcrumb","itemListElement":[{"@type":"ListItem","position":1,"name":"Home","item":"https:\/\/www.merkley.senate.gov\/"},{"@type":"ListItem","position":2,"name":"Afforadable Health Care"}]},{"@type":"WebSite","@id":"https:\/\/www.merkley.senate.gov\/#website","url":"https:\/\/www.merkley.senate.gov\/","name":"merkley","description":"merkley","potentialAction":[{"@type":"SearchAction","target":{"@type":"EntryPoint","urlTemplate":"https:\/\/www.merkley.senate.gov\/?s={search_term_string}"},"query-input":{"@type":"PropertyValueSpecification","valueRequired":true,"valueName":"search_term_string"}}],"inLanguage":"es-MX"}]}},"_links":{"self":[{"href":"https:\/\/www.merkley.senate.gov\/es\/wp-json\/wp\/v2\/pages\/10330","targetHints":{"allow":["GET"]}}],"collection":[{"href":"https:\/\/www.merkley.senate.gov\/es\/wp-json\/wp\/v2\/pages"}],"about":[{"href":"https:\/\/www.merkley.senate.gov\/es\/wp-json\/wp\/v2\/types\/page"}],"author":[{"embeddable":true,"href":"https:\/\/www.merkley.senate.gov\/es\/wp-json\/wp\/v2\/users\/7"}],"replies":[{"embeddable":true,"href":"https:\/\/www.merkley.senate.gov\/es\/wp-json\/wp\/v2\/comments?post=10330"}],"version-history":[{"count":4,"href":"https:\/\/www.merkley.senate.gov\/es\/wp-json\/wp\/v2\/pages\/10330\/revisions"}],"predecessor-version":[{"id":10348,"href":"https:\/\/www.merkley.senate.gov\/es\/wp-json\/wp\/v2\/pages\/10330\/revisions\/10348"}],"wp:attachment":[{"href":"https:\/\/www.merkley.senate.gov\/es\/wp-json\/wp\/v2\/media?parent=10330"}],"curies":[{"name":"wp","href":"https:\/\/api.w.org\/{rel}","templated":true}]}}