{"id":10551,"date":"2023-07-20T16:52:50","date_gmt":"2023-07-20T20:52:50","guid":{"rendered":"https:\/\/www.merkley.senate.gov\/?page_id=10551"},"modified":"2023-07-20T16:54:11","modified_gmt":"2023-07-20T20:54:11","slug":"pact-act","status":"publish","type":"page","link":"https:\/\/www.merkley.senate.gov\/es\/pact-act\/","title":{"rendered":"Ley del Pacto"},"content":{"rendered":"<div data-elementor-type=\"wp-page\" data-elementor-id=\"10551\" class=\"elementor elementor-10551\" data-elementor-post-type=\"page\">\n\t\t\t\t\t\t<section class=\"elementor-section elementor-top-section elementor-element elementor-element-9667347 elementor-section-boxed elementor-section-height-default elementor-section-height-default\" data-id=\"9667347\" data-element_type=\"section\" data-e-type=\"section\">\n\t\t\t\t\t\t<div class=\"elementor-container elementor-column-gap-default\">\n\t\t\t\t\t<div class=\"elementor-column elementor-col-100 elementor-top-column elementor-element elementor-element-33744ca\" data-id=\"33744ca\" data-element_type=\"column\" data-e-type=\"column\">\n\t\t\t<div class=\"elementor-widget-wrap elementor-element-populated\">\n\t\t\t\t\t\t<div class=\"elementor-element elementor-element-67a65e1 elementor-widget elementor-widget-heading\" data-id=\"67a65e1\" data-element_type=\"widget\" data-e-type=\"widget\" data-widget_type=\"heading.default\">\n\t\t\t\t<div class=\"elementor-widget-container\">\n\t\t\t\t\t<h2 class=\"elementor-heading-title elementor-size-default\">HONRANDO NUESTRO PACTO A LOS VETERANOS DE OREGON Y SUS FAMILIAS<\/h2>\t\t\t\t<\/div>\n\t\t\t\t<\/div>\n\t\t\t\t<div class=\"elementor-element elementor-element-81dc884 elementor-widget elementor-widget-text-editor\" data-id=\"81dc884\" data-element_type=\"widget\" data-e-type=\"widget\" data-widget_type=\"text-editor.default\">\n\t\t\t\t<div class=\"elementor-widget-container\">\n\t\t\t\t\t\t\t\t\t<p>viernes, 16 de diciembre de 2022<\/p><p>Los veteranos y sus familias se han puesto de pie y se han sacrificado por nuestra naci\u00f3n, y debemos defenderlos.&nbsp;<\/p><p>Es por eso que la oficina de Jeff se puso en acci\u00f3n para apoyar al constituyente de Portland, Sri Benson, en su misi\u00f3n de honrar a su difunta esposa, la cabo Katherine &quot;KT&quot; Benson.&nbsp;<\/p><p>\u201cFuimos novios en la escuela secundaria y nos casamos j\u00f3venes\u201d, dijo Sri. \u201cElla era mi amor\u201d.&nbsp;<\/p><p><span style=\"color: var( --e-global-color-text ); font-family: var( --e-global-typography-text-font-family ), Sans-serif; font-size: var( --e-global-typography-text-font-size ); font-weight: var( --e-global-typography-text-font-weight ); background-color: var( --e-global-color-secondary );\">Despu\u00e9s de servir como m\u00e9dico del Ej\u00e9rcito de EE. UU. en Kuwait, KT regres\u00f3 a casa y se gradu\u00f3 de la Universidad Estatal de Oregon, obteniendo dos t\u00edtulos en microbiolog\u00eda y qu\u00edmica. Sri dice que es esta educaci\u00f3n y experiencia lo que ayud\u00f3 a KT a descubrir m\u00e1s tarde c\u00f3mo desarroll\u00f3 mesotelioma, una forma agresiva de c\u00e1ncer.&nbsp;<\/span><br><\/p><p>\u201cElla estuvo expuesta a una eliminaci\u00f3n inadecuada de asbesto\u2026 un vertedero industrial justo al lado de su cuartel\u201d, dijo Sri. \u201cEl VA no quer\u00eda reconocer que su enfermedad se debi\u00f3 a su exposici\u00f3n al asbesto durante su despliegue, pero debido a su conocimiento y experiencia con la qu\u00edmica pudo probarlo, lo cual fue un gran problema porque es algo muy dif\u00edcil de hacer. y muy raro.\u201d&nbsp;<\/p><p>Jeff luch\u00f3 para eliminar estos obst\u00e1culos a la atenci\u00f3n m\u00e9dica de los veteranos de Oreg\u00f3n ayudando a aprobar la Ley First Class Heath Robinson en honor a nuestro PACT este verano, que garantiza que los veteranos que sufren exposiciones t\u00f3xicas como resultado de su servicio obtengan la atenci\u00f3n m\u00e9dica y los beneficios que necesitan. Me lo he ganado y lo merezco.&nbsp;<\/p><p>Cuando el proyecto de ley hist\u00f3rico fue aprobado en el Congreso poco despu\u00e9s de la muerte de KT, Sri dijo que sab\u00eda que ten\u00eda que estar all\u00ed en honor de KT cuando el presidente Biden lo convirti\u00f3 en ley, porque &quot;si ella hubiera podido estar all\u00ed, deber\u00eda haberlo hecho&quot;.&nbsp;<\/p><p>Sri se acerc\u00f3 a cada uno de sus representantes electos en el Congreso en busca de ayuda, y dice que la oficina de Jeff &quot;realmente tom\u00f3 las riendas&quot; para asegurarse de que lo invitaran a la ceremonia de firma en la Casa Blanca, donde pudo hablar con el presidente Biden solo unos d\u00edas. despu\u00e9s del funeral de KT. Este result\u00f3 ser un momento poderoso para ambos porque el presidente perdi\u00f3 a su propio hijo Beau a causa de un c\u00e1ncer cerebral en 2015, que Biden cree que puede haber sido causado por su exposici\u00f3n a pozos de combusti\u00f3n mientras serv\u00eda en Irak.&nbsp;&nbsp;<\/p><p>\u201cLe dije, Joe Biden, que KT y Beau estar\u00edan orgullosos de \u00e9l, y ambos lloramos\u201d, recuerda Sri.&nbsp;<\/p><p>Sri dijo que tambi\u00e9n abraz\u00f3 al comediante y activista Jon Stewart por su trabajo sobre el tema y se reuni\u00f3 con muchos miembros del Congreso, pero fue la formaci\u00f3n de v\u00ednculos con otros asistentes como \u00e9l lo que signific\u00f3 m\u00e1s.&nbsp;<\/p><p>\u201cEl viaje a DC fue un cambio de paradigma para m\u00ed\u201d, dijo Sri. \u201cAhora tengo un grupo de personas con las que puedo hablar, una especie de terapia grupal, donde podemos hablar sobre la viudez y la naturaleza del servicio porque tienen historias similares\u201d.&nbsp;<\/p><p>Todas estas experiencias ahora inspiran a Sri a comenzar un nuevo cap\u00edtulo en su vida, con el recuerdo de KT en el centro mismo.&nbsp;<\/p><p>\u201cTen\u00eda una incre\u00edble capacidad de empat\u00eda. Ella m\u00e1s que nada odiaba ver sufrir a otras personas. A lo largo de su vida, el principal objetivo ser\u00eda ayudar a otras personas\u201d, dijo Sri. \u201cAunque soy un ingeniero profesional con licencia, creo que quiero hacer m\u00e1s para ayudar directamente a las personas. Entonces, debido a la experiencia de DC, la forma en que planeo hacerlo es entrar en la pol\u00edtica y la legislaci\u00f3n... Creo que KT querr\u00eda que continuara con su legado&quot;.&nbsp;<\/p><p>Si es un veterano de Oreg\u00f3n y desea obtener m\u00e1s informaci\u00f3n sobre la Ley PACT, visite el sitio web de VA para obtener m\u00e1s informaci\u00f3n o comun\u00edquese con la oficina de Jeff para ayudarnos a brindarle servicios.&nbsp;<\/p>\t\t\t\t\t\t\t\t<\/div>\n\t\t\t\t<\/div>\n\t\t\t\t\t<\/div>\n\t\t<\/div>\n\t\t\t\t\t<\/div>\n\t\t<\/section>\n\t\t\t\t<\/div>","protected":false},"excerpt":{"rendered":"<p>HONORING OUR PACT TO OREGON VETERANS AND THEIR FAMILIES Friday, December 16, 2022 Veterans and their families have stood up and sacrificed for our nation, and we must stand up for them.&nbsp; That\u2019s why his Jeff\u2019s office sprung in to action to support Portland constituent Sri Benson on his mission to honor his late wife, [&hellip;]<\/p>\n","protected":false},"author":7,"featured_media":0,"parent":0,"menu_order":0,"comment_status":"closed","ping_status":"closed","template":"","meta":{"_acf_changed":false,"inline_featured_image":false,"footnotes":""},"class_list":["post-10551","page","type-page","status-publish","hentry"],"acf":[],"yoast_head":"<!-- This site is optimized with the Yoast SEO plugin v27.2 - https:\/\/yoast.com\/product\/yoast-seo-wordpress\/ -->\n<title>Pact Act - Merkley<\/title>\n<meta name=\"robots\" content=\"index, follow, max-snippet:-1, max-image-preview:large, max-video-preview:-1\" \/>\n<link rel=\"canonical\" href=\"https:\/\/www.merkley.senate.gov\/es\/pact-act\/\" \/>\n<meta property=\"og:locale\" content=\"es_MX\" \/>\n<meta property=\"og:type\" content=\"article\" \/>\n<meta property=\"og:title\" content=\"Pact Act - Merkley\" \/>\n<meta property=\"og:description\" content=\"HONORING OUR PACT TO OREGON VETERANS AND THEIR FAMILIES Friday, December 16, 2022 Veterans and their families have stood up and sacrificed for our nation, and we must stand up for them.&nbsp; That\u2019s why his Jeff\u2019s office sprung in to action to support Portland constituent Sri Benson on his mission to honor his late wife, [&hellip;]\" \/>\n<meta property=\"og:url\" content=\"https:\/\/www.merkley.senate.gov\/es\/pact-act\/\" \/>\n<meta property=\"og:site_name\" content=\"Merkley\" \/>\n<meta property=\"article:modified_time\" content=\"2023-07-20T20:54:11+00:00\" \/>\n<meta name=\"twitter:card\" content=\"summary_large_image\" \/>\n<meta name=\"twitter:label1\" content=\"Est. reading time\" \/>\n\t<meta name=\"twitter:data1\" content=\"3 minutes\" \/>\n<script type=\"application\/ld+json\" class=\"yoast-schema-graph\">{\"@context\":\"https:\/\/schema.org\",\"@graph\":[{\"@type\":\"WebPage\",\"@id\":\"https:\/\/www.merkley.senate.gov\/pact-act\/\",\"url\":\"https:\/\/www.merkley.senate.gov\/pact-act\/\",\"name\":\"Pact Act - Merkley\",\"isPartOf\":{\"@id\":\"https:\/\/www.merkley.senate.gov\/#website\"},\"datePublished\":\"2023-07-20T20:52:50+00:00\",\"dateModified\":\"2023-07-20T20:54:11+00:00\",\"breadcrumb\":{\"@id\":\"https:\/\/www.merkley.senate.gov\/pact-act\/#breadcrumb\"},\"inLanguage\":\"es-MX\",\"potentialAction\":[{\"@type\":\"ReadAction\",\"target\":[\"https:\/\/www.merkley.senate.gov\/pact-act\/\"]}]},{\"@type\":\"BreadcrumbList\",\"@id\":\"https:\/\/www.merkley.senate.gov\/pact-act\/#breadcrumb\",\"itemListElement\":[{\"@type\":\"ListItem\",\"position\":1,\"name\":\"Home\",\"item\":\"https:\/\/www.merkley.senate.gov\/\"},{\"@type\":\"ListItem\",\"position\":2,\"name\":\"Pact Act\"}]},{\"@type\":\"WebSite\",\"@id\":\"https:\/\/www.merkley.senate.gov\/#website\",\"url\":\"https:\/\/www.merkley.senate.gov\/\",\"name\":\"Merkley\",\"description\":\"Merkley\",\"potentialAction\":[{\"@type\":\"SearchAction\",\"target\":{\"@type\":\"EntryPoint\",\"urlTemplate\":\"https:\/\/www.merkley.senate.gov\/?s={search_term_string}\"},\"query-input\":{\"@type\":\"PropertyValueSpecification\",\"valueRequired\":true,\"valueName\":\"search_term_string\"}}],\"inLanguage\":\"es-MX\"}]}<\/script>\n<!-- \/ Yoast SEO plugin. -->","yoast_head_json":{"title":"Pact Act - Merkley","robots":{"index":"index","follow":"follow","max-snippet":"max-snippet:-1","max-image-preview":"max-image-preview:large","max-video-preview":"max-video-preview:-1"},"canonical":"https:\/\/www.merkley.senate.gov\/es\/pact-act\/","og_locale":"es_MX","og_type":"article","og_title":"Pact Act - Merkley","og_description":"HONORING OUR PACT TO OREGON VETERANS AND THEIR FAMILIES Friday, December 16, 2022 Veterans and their families have stood up and sacrificed for our nation, and we must stand up for them.&nbsp; That\u2019s why his Jeff\u2019s office sprung in to action to support Portland constituent Sri Benson on his mission to honor his late wife, [&hellip;]","og_url":"https:\/\/www.merkley.senate.gov\/es\/pact-act\/","og_site_name":"Merkley","article_modified_time":"2023-07-20T20:54:11+00:00","twitter_card":"summary_large_image","twitter_misc":{"Est. reading time":"3 minutes"},"schema":{"@context":"https:\/\/schema.org","@graph":[{"@type":"WebPage","@id":"https:\/\/www.merkley.senate.gov\/pact-act\/","url":"https:\/\/www.merkley.senate.gov\/pact-act\/","name":"Pact Act - Merkley","isPartOf":{"@id":"https:\/\/www.merkley.senate.gov\/#website"},"datePublished":"2023-07-20T20:52:50+00:00","dateModified":"2023-07-20T20:54:11+00:00","breadcrumb":{"@id":"https:\/\/www.merkley.senate.gov\/pact-act\/#breadcrumb"},"inLanguage":"es-MX","potentialAction":[{"@type":"ReadAction","target":["https:\/\/www.merkley.senate.gov\/pact-act\/"]}]},{"@type":"BreadcrumbList","@id":"https:\/\/www.merkley.senate.gov\/pact-act\/#breadcrumb","itemListElement":[{"@type":"ListItem","position":1,"name":"Home","item":"https:\/\/www.merkley.senate.gov\/"},{"@type":"ListItem","position":2,"name":"Pact Act"}]},{"@type":"WebSite","@id":"https:\/\/www.merkley.senate.gov\/#website","url":"https:\/\/www.merkley.senate.gov\/","name":"merkley","description":"merkley","potentialAction":[{"@type":"SearchAction","target":{"@type":"EntryPoint","urlTemplate":"https:\/\/www.merkley.senate.gov\/?s={search_term_string}"},"query-input":{"@type":"PropertyValueSpecification","valueRequired":true,"valueName":"search_term_string"}}],"inLanguage":"es-MX"}]}},"_links":{"self":[{"href":"https:\/\/www.merkley.senate.gov\/es\/wp-json\/wp\/v2\/pages\/10551","targetHints":{"allow":["GET"]}}],"collection":[{"href":"https:\/\/www.merkley.senate.gov\/es\/wp-json\/wp\/v2\/pages"}],"about":[{"href":"https:\/\/www.merkley.senate.gov\/es\/wp-json\/wp\/v2\/types\/page"}],"author":[{"embeddable":true,"href":"https:\/\/www.merkley.senate.gov\/es\/wp-json\/wp\/v2\/users\/7"}],"replies":[{"embeddable":true,"href":"https:\/\/www.merkley.senate.gov\/es\/wp-json\/wp\/v2\/comments?post=10551"}],"version-history":[{"count":4,"href":"https:\/\/www.merkley.senate.gov\/es\/wp-json\/wp\/v2\/pages\/10551\/revisions"}],"predecessor-version":[{"id":10555,"href":"https:\/\/www.merkley.senate.gov\/es\/wp-json\/wp\/v2\/pages\/10551\/revisions\/10555"}],"wp:attachment":[{"href":"https:\/\/www.merkley.senate.gov\/es\/wp-json\/wp\/v2\/media?parent=10551"}],"curies":[{"name":"wp","href":"https:\/\/api.w.org\/{rel}","templated":true}]}}