{"id":10601,"date":"2023-07-21T09:57:41","date_gmt":"2023-07-21T13:57:41","guid":{"rendered":"https:\/\/www.merkley.senate.gov\/?page_id=10601"},"modified":"2023-07-21T09:58:47","modified_gmt":"2023-07-21T13:58:47","slug":"helping-oregonians","status":"publish","type":"page","link":"https:\/\/www.merkley.senate.gov\/es\/helping-oregonians\/","title":{"rendered":"Helping Oregonians"},"content":{"rendered":"<div data-elementor-type=\"wp-page\" data-elementor-id=\"10601\" class=\"elementor elementor-10601\" data-elementor-post-type=\"page\">\n\t\t\t\t\t\t<section class=\"elementor-section elementor-top-section elementor-element elementor-element-b3a30b8 elementor-section-boxed elementor-section-height-default elementor-section-height-default\" data-id=\"b3a30b8\" data-element_type=\"section\" data-e-type=\"section\">\n\t\t\t\t\t\t<div class=\"elementor-container elementor-column-gap-default\">\n\t\t\t\t\t<div class=\"elementor-column elementor-col-100 elementor-top-column elementor-element elementor-element-0ee476b\" data-id=\"0ee476b\" data-element_type=\"column\" data-e-type=\"column\">\n\t\t\t<div class=\"elementor-widget-wrap elementor-element-populated\">\n\t\t\t\t\t\t<div class=\"elementor-element elementor-element-e890b34 elementor-widget elementor-widget-heading\" data-id=\"e890b34\" data-element_type=\"widget\" data-e-type=\"widget\" data-widget_type=\"heading.default\">\n\t\t\t\t<div class=\"elementor-widget-container\">\n\t\t\t\t\t<h2 class=\"elementor-heading-title elementor-size-default\">HELPING OREGONIANS, WHEREVER THEY ARE<\/h2>\t\t\t\t<\/div>\n\t\t\t\t<\/div>\n\t\t\t\t<div class=\"elementor-element elementor-element-eddce5a elementor-widget elementor-widget-text-editor\" data-id=\"eddce5a\" data-element_type=\"widget\" data-e-type=\"widget\" data-widget_type=\"text-editor.default\">\n\t\t\t\t<div class=\"elementor-widget-container\">\n\t\t\t\t\t\t\t\t\t<p>Wednesday, December 8, 2021<\/p><p>Jeff est\u00e1 comprometido a ayudar a los habitantes de Oreg\u00f3n a obtener la ayuda que necesitan con las agencias federales, sin importar en qu\u00e9 parte del mundo se encuentren.<\/p><p>\u00a0<\/p><p>Es por eso que cuando Diana Woods, una oregoniana que actualmente vive en Francia, se comunic\u00f3 con ella sobre sus problemas con la Administraci\u00f3n del Seguro Social, el Equipo Merkley estaba ansioso por ayudar. Despu\u00e9s de trabajar durante 31 a\u00f1os en el servicio p\u00fablico con el gobierno estatal, Diana solicit\u00f3 los beneficios del Seguro Social a fines de 2020. Para abril de 2021, todav\u00eda no hab\u00eda tenido noticias de la agencia federal. La oficina de Jeff contact\u00f3 persistentemente a la Administraci\u00f3n del Seguro Social sobre el caso de Diana durante el mes siguiente, lo que los llev\u00f3 a procesar finalmente su solicitud.<\/p><p>\u00a0<\/p><p>\u201c\u00a1Muchas gracias por esta muy buena noticia!\u201d Diana escribi\u00f3 a la oficina de Jeff. \u201cEstoy seguro de que esto se debe \u00fanicamente a su ayuda. Estoy muy agradecido con usted, el Senador Merkley y todo su equipo por todo el buen trabajo que hacen todos los d\u00edas para los estadounidenses como yo. Somos muy afortunados de tenerte\u201d.<\/p><p>\u00a0<\/p><p>A fines de mayo de 2021, Diana recibi\u00f3 miles de d\u00f3lares de beneficios que le deb\u00edan desde enero de 2021 y ha estado recibiendo pagos regulares desde entonces, beneficios que hab\u00eda ganado despu\u00e9s de d\u00e9cadas en la fuerza laboral.<\/p><p>\u00a0<\/p><p>Ayudar con \u00e9xito a los habitantes de Oreg\u00f3n como Diana motiva a Jeff y su equipo a continuar ayudando a los electores, sin importar en qu\u00e9 parte del pa\u00eds o del mundo se encuentren.<\/p>\t\t\t\t\t\t\t\t<\/div>\n\t\t\t\t<\/div>\n\t\t\t\t\t<\/div>\n\t\t<\/div>\n\t\t\t\t\t<\/div>\n\t\t<\/section>\n\t\t\t\t<\/div>","protected":false},"excerpt":{"rendered":"<p>HELPING OREGONIANS, WHEREVER THEY ARE Wednesday, December 8, 2021 Jeff is committed to helping Oregonians get help they need with federal agencies\u2014no matter where they are located in the world. \u00a0 That is why when Diana Woods, an Oregonian who is currently living in France, reached out about her issues with the Social Security Administration, [&hellip;]<\/p>\n","protected":false},"author":7,"featured_media":0,"parent":0,"menu_order":0,"comment_status":"closed","ping_status":"closed","template":"","meta":{"_acf_changed":false,"inline_featured_image":false,"footnotes":""},"class_list":["post-10601","page","type-page","status-publish","hentry"],"acf":[],"yoast_head":"<!-- This site is optimized with the Yoast SEO plugin v27.2 - https:\/\/yoast.com\/product\/yoast-seo-wordpress\/ -->\n<title>Helping Oregonians - Merkley<\/title>\n<meta name=\"robots\" content=\"index, follow, max-snippet:-1, max-image-preview:large, max-video-preview:-1\" \/>\n<link rel=\"canonical\" href=\"https:\/\/www.merkley.senate.gov\/es\/helping-oregonians\/\" \/>\n<meta property=\"og:locale\" content=\"es_MX\" \/>\n<meta property=\"og:type\" content=\"article\" \/>\n<meta property=\"og:title\" content=\"Helping Oregonians - Merkley\" \/>\n<meta property=\"og:description\" content=\"HELPING OREGONIANS, WHEREVER THEY ARE Wednesday, December 8, 2021 Jeff is committed to helping Oregonians get help they need with federal agencies\u2014no matter where they are located in the world. \u00a0 That is why when Diana Woods, an Oregonian who is currently living in France, reached out about her issues with the Social Security Administration, [&hellip;]\" \/>\n<meta property=\"og:url\" content=\"https:\/\/www.merkley.senate.gov\/es\/helping-oregonians\/\" \/>\n<meta property=\"og:site_name\" content=\"Merkley\" \/>\n<meta property=\"article:modified_time\" content=\"2023-07-21T13:58:47+00:00\" \/>\n<meta name=\"twitter:card\" content=\"summary_large_image\" \/>\n<meta name=\"twitter:label1\" content=\"Est. reading time\" \/>\n\t<meta name=\"twitter:data1\" content=\"2 minutes\" \/>\n<script type=\"application\/ld+json\" class=\"yoast-schema-graph\">{\"@context\":\"https:\/\/schema.org\",\"@graph\":[{\"@type\":\"WebPage\",\"@id\":\"https:\/\/www.merkley.senate.gov\/helping-oregonians\/\",\"url\":\"https:\/\/www.merkley.senate.gov\/helping-oregonians\/\",\"name\":\"Helping Oregonians - Merkley\",\"isPartOf\":{\"@id\":\"https:\/\/www.merkley.senate.gov\/#website\"},\"datePublished\":\"2023-07-21T13:57:41+00:00\",\"dateModified\":\"2023-07-21T13:58:47+00:00\",\"breadcrumb\":{\"@id\":\"https:\/\/www.merkley.senate.gov\/helping-oregonians\/#breadcrumb\"},\"inLanguage\":\"es-MX\",\"potentialAction\":[{\"@type\":\"ReadAction\",\"target\":[\"https:\/\/www.merkley.senate.gov\/helping-oregonians\/\"]}]},{\"@type\":\"BreadcrumbList\",\"@id\":\"https:\/\/www.merkley.senate.gov\/helping-oregonians\/#breadcrumb\",\"itemListElement\":[{\"@type\":\"ListItem\",\"position\":1,\"name\":\"Home\",\"item\":\"https:\/\/www.merkley.senate.gov\/\"},{\"@type\":\"ListItem\",\"position\":2,\"name\":\"Helping Oregonians\"}]},{\"@type\":\"WebSite\",\"@id\":\"https:\/\/www.merkley.senate.gov\/#website\",\"url\":\"https:\/\/www.merkley.senate.gov\/\",\"name\":\"Merkley\",\"description\":\"Merkley\",\"potentialAction\":[{\"@type\":\"SearchAction\",\"target\":{\"@type\":\"EntryPoint\",\"urlTemplate\":\"https:\/\/www.merkley.senate.gov\/?s={search_term_string}\"},\"query-input\":{\"@type\":\"PropertyValueSpecification\",\"valueRequired\":true,\"valueName\":\"search_term_string\"}}],\"inLanguage\":\"es-MX\"}]}<\/script>\n<!-- \/ Yoast SEO plugin. -->","yoast_head_json":{"title":"Helping Oregonians - Merkley","robots":{"index":"index","follow":"follow","max-snippet":"max-snippet:-1","max-image-preview":"max-image-preview:large","max-video-preview":"max-video-preview:-1"},"canonical":"https:\/\/www.merkley.senate.gov\/es\/helping-oregonians\/","og_locale":"es_MX","og_type":"article","og_title":"Helping Oregonians - Merkley","og_description":"HELPING OREGONIANS, WHEREVER THEY ARE Wednesday, December 8, 2021 Jeff is committed to helping Oregonians get help they need with federal agencies\u2014no matter where they are located in the world. \u00a0 That is why when Diana Woods, an Oregonian who is currently living in France, reached out about her issues with the Social Security Administration, [&hellip;]","og_url":"https:\/\/www.merkley.senate.gov\/es\/helping-oregonians\/","og_site_name":"Merkley","article_modified_time":"2023-07-21T13:58:47+00:00","twitter_card":"summary_large_image","twitter_misc":{"Est. reading time":"2 minutes"},"schema":{"@context":"https:\/\/schema.org","@graph":[{"@type":"WebPage","@id":"https:\/\/www.merkley.senate.gov\/helping-oregonians\/","url":"https:\/\/www.merkley.senate.gov\/helping-oregonians\/","name":"Helping Oregonians - Merkley","isPartOf":{"@id":"https:\/\/www.merkley.senate.gov\/#website"},"datePublished":"2023-07-21T13:57:41+00:00","dateModified":"2023-07-21T13:58:47+00:00","breadcrumb":{"@id":"https:\/\/www.merkley.senate.gov\/helping-oregonians\/#breadcrumb"},"inLanguage":"es-MX","potentialAction":[{"@type":"ReadAction","target":["https:\/\/www.merkley.senate.gov\/helping-oregonians\/"]}]},{"@type":"BreadcrumbList","@id":"https:\/\/www.merkley.senate.gov\/helping-oregonians\/#breadcrumb","itemListElement":[{"@type":"ListItem","position":1,"name":"Home","item":"https:\/\/www.merkley.senate.gov\/"},{"@type":"ListItem","position":2,"name":"Helping Oregonians"}]},{"@type":"WebSite","@id":"https:\/\/www.merkley.senate.gov\/#website","url":"https:\/\/www.merkley.senate.gov\/","name":"merkley","description":"merkley","potentialAction":[{"@type":"SearchAction","target":{"@type":"EntryPoint","urlTemplate":"https:\/\/www.merkley.senate.gov\/?s={search_term_string}"},"query-input":{"@type":"PropertyValueSpecification","valueRequired":true,"valueName":"search_term_string"}}],"inLanguage":"es-MX"}]}},"_links":{"self":[{"href":"https:\/\/www.merkley.senate.gov\/es\/wp-json\/wp\/v2\/pages\/10601","targetHints":{"allow":["GET"]}}],"collection":[{"href":"https:\/\/www.merkley.senate.gov\/es\/wp-json\/wp\/v2\/pages"}],"about":[{"href":"https:\/\/www.merkley.senate.gov\/es\/wp-json\/wp\/v2\/types\/page"}],"author":[{"embeddable":true,"href":"https:\/\/www.merkley.senate.gov\/es\/wp-json\/wp\/v2\/users\/7"}],"replies":[{"embeddable":true,"href":"https:\/\/www.merkley.senate.gov\/es\/wp-json\/wp\/v2\/comments?post=10601"}],"version-history":[{"count":4,"href":"https:\/\/www.merkley.senate.gov\/es\/wp-json\/wp\/v2\/pages\/10601\/revisions"}],"predecessor-version":[{"id":10605,"href":"https:\/\/www.merkley.senate.gov\/es\/wp-json\/wp\/v2\/pages\/10601\/revisions\/10605"}],"wp:attachment":[{"href":"https:\/\/www.merkley.senate.gov\/es\/wp-json\/wp\/v2\/media?parent=10601"}],"curies":[{"name":"wp","href":"https:\/\/api.w.org\/{rel}","templated":true}]}}