{"id":10615,"date":"2023-07-21T10:03:25","date_gmt":"2023-07-21T14:03:25","guid":{"rendered":"https:\/\/www.merkley.senate.gov\/?page_id=10615"},"modified":"2023-07-24T08:57:57","modified_gmt":"2023-07-24T12:57:57","slug":"follow-jeff","status":"publish","type":"page","link":"https:\/\/www.merkley.senate.gov\/es\/connect\/follow-jeff\/","title":{"rendered":"sigue a jeff"},"content":{"rendered":"<div data-elementor-type=\"wp-page\" data-elementor-id=\"10615\" class=\"elementor elementor-10615\" data-elementor-post-type=\"page\">\n\t\t\t\t\t\t<section class=\"elementor-section elementor-top-section elementor-element elementor-element-679bcd2 elementor-section-boxed elementor-section-height-default elementor-section-height-default\" data-id=\"679bcd2\" data-element_type=\"section\" data-e-type=\"section\">\n\t\t\t\t\t\t<div class=\"elementor-container elementor-column-gap-default\">\n\t\t\t\t\t<div class=\"elementor-column elementor-col-100 elementor-top-column elementor-element elementor-element-2485e2a\" data-id=\"2485e2a\" data-element_type=\"column\" data-e-type=\"column\">\n\t\t\t<div class=\"elementor-widget-wrap elementor-element-populated\">\n\t\t\t\t\t\t<div class=\"elementor-element elementor-element-4e96521 elementor-widget elementor-widget-heading\" data-id=\"4e96521\" data-element_type=\"widget\" data-e-type=\"widget\" data-widget_type=\"heading.default\">\n\t\t\t\t<div class=\"elementor-widget-container\">\n\t\t\t\t\t<h2 class=\"elementor-heading-title elementor-size-default\">\u00bfSab\u00edas que puedes encontrar a Jeff en las redes sociales?<\/h2>\t\t\t\t<\/div>\n\t\t\t\t<\/div>\n\t\t\t\t<div class=\"elementor-element elementor-element-43ff946 elementor-widget elementor-widget-text-editor\" data-id=\"43ff946\" data-element_type=\"widget\" data-e-type=\"widget\" data-widget_type=\"text-editor.default\">\n\t\t\t\t<div class=\"elementor-widget-container\">\n\t\t\t\t\t\t\t\t\t<p>Queremos asegurarnos de que reciba las \u00faltimas actualizaciones a medida que ocurren, as\u00ed que haga clic aqu\u00ed para registrarse para recibir actualizaciones por correo electr\u00f3nico y, si est\u00e1 en Twitter, puede seguir a Jeff en @SenJeffMerkley. Tambi\u00e9n puedes darle Me gusta a Jeff en Facebook y seguirlo en Instagram para ver m\u00e1s contenido detr\u00e1s de escena.<\/p>\t\t\t\t\t\t\t\t<\/div>\n\t\t\t\t<\/div>\n\t\t\t\t\t<\/div>\n\t\t<\/div>\n\t\t\t\t\t<\/div>\n\t\t<\/section>\n\t\t\t\t<\/div>","protected":false},"excerpt":{"rendered":"<p>Did you know you can find Jeff on social media? We want to make sure you\u2019re getting all the latest updates as they happen, so click here to sign up for email updates, and if you\u2019re on Twitter, you can follow Jeff at @SenJeffMerkley. You can also like Jeff on Facebook and follow him on [&hellip;]<\/p>\n","protected":false},"author":7,"featured_media":0,"parent":10593,"menu_order":0,"comment_status":"closed","ping_status":"closed","template":"","meta":{"_acf_changed":false,"inline_featured_image":false,"footnotes":""},"class_list":["post-10615","page","type-page","status-publish","hentry"],"acf":[],"yoast_head":"<!-- This site is optimized with the Yoast SEO plugin v27.2 - https:\/\/yoast.com\/product\/yoast-seo-wordpress\/ -->\n<title>Follow Jeff - Merkley<\/title>\n<meta name=\"robots\" content=\"index, follow, max-snippet:-1, max-image-preview:large, max-video-preview:-1\" \/>\n<link rel=\"canonical\" href=\"https:\/\/www.merkley.senate.gov\/es\/connect\/follow-jeff\/\" \/>\n<meta property=\"og:locale\" content=\"es_MX\" \/>\n<meta property=\"og:type\" content=\"article\" \/>\n<meta property=\"og:title\" content=\"Follow Jeff - Merkley\" \/>\n<meta property=\"og:description\" content=\"Did you know you can find Jeff on social media? We want to make sure you\u2019re getting all the latest updates as they happen, so click here to sign up for email updates, and if you\u2019re on Twitter, you can follow Jeff at @SenJeffMerkley. You can also like Jeff on Facebook and follow him on [&hellip;]\" \/>\n<meta property=\"og:url\" content=\"https:\/\/www.merkley.senate.gov\/es\/connect\/follow-jeff\/\" \/>\n<meta property=\"og:site_name\" content=\"Merkley\" \/>\n<meta property=\"article:modified_time\" content=\"2023-07-24T12:57:57+00:00\" \/>\n<meta name=\"twitter:card\" content=\"summary_large_image\" \/>\n<meta name=\"twitter:label1\" content=\"Est. reading time\" \/>\n\t<meta name=\"twitter:data1\" content=\"1 minute\" \/>\n<script type=\"application\/ld+json\" class=\"yoast-schema-graph\">{\"@context\":\"https:\/\/schema.org\",\"@graph\":[{\"@type\":\"WebPage\",\"@id\":\"https:\/\/www.merkley.senate.gov\/connect\/follow-jeff\/\",\"url\":\"https:\/\/www.merkley.senate.gov\/connect\/follow-jeff\/\",\"name\":\"Follow Jeff - Merkley\",\"isPartOf\":{\"@id\":\"https:\/\/www.merkley.senate.gov\/#website\"},\"datePublished\":\"2023-07-21T14:03:25+00:00\",\"dateModified\":\"2023-07-24T12:57:57+00:00\",\"breadcrumb\":{\"@id\":\"https:\/\/www.merkley.senate.gov\/connect\/follow-jeff\/#breadcrumb\"},\"inLanguage\":\"es-MX\",\"potentialAction\":[{\"@type\":\"ReadAction\",\"target\":[\"https:\/\/www.merkley.senate.gov\/connect\/follow-jeff\/\"]}]},{\"@type\":\"BreadcrumbList\",\"@id\":\"https:\/\/www.merkley.senate.gov\/connect\/follow-jeff\/#breadcrumb\",\"itemListElement\":[{\"@type\":\"ListItem\",\"position\":1,\"name\":\"Home\",\"item\":\"https:\/\/www.merkley.senate.gov\/\"},{\"@type\":\"ListItem\",\"position\":2,\"name\":\"Connect\",\"item\":\"https:\/\/www.merkley.senate.gov\/connect\/\"},{\"@type\":\"ListItem\",\"position\":3,\"name\":\"Follow Jeff\"}]},{\"@type\":\"WebSite\",\"@id\":\"https:\/\/www.merkley.senate.gov\/#website\",\"url\":\"https:\/\/www.merkley.senate.gov\/\",\"name\":\"Merkley\",\"description\":\"Merkley\",\"potentialAction\":[{\"@type\":\"SearchAction\",\"target\":{\"@type\":\"EntryPoint\",\"urlTemplate\":\"https:\/\/www.merkley.senate.gov\/?s={search_term_string}\"},\"query-input\":{\"@type\":\"PropertyValueSpecification\",\"valueRequired\":true,\"valueName\":\"search_term_string\"}}],\"inLanguage\":\"es-MX\"}]}<\/script>\n<!-- \/ Yoast SEO plugin. -->","yoast_head_json":{"title":"Follow Jeff - Merkley","robots":{"index":"index","follow":"follow","max-snippet":"max-snippet:-1","max-image-preview":"max-image-preview:large","max-video-preview":"max-video-preview:-1"},"canonical":"https:\/\/www.merkley.senate.gov\/es\/connect\/follow-jeff\/","og_locale":"es_MX","og_type":"article","og_title":"Follow Jeff - Merkley","og_description":"Did you know you can find Jeff on social media? We want to make sure you\u2019re getting all the latest updates as they happen, so click here to sign up for email updates, and if you\u2019re on Twitter, you can follow Jeff at @SenJeffMerkley. You can also like Jeff on Facebook and follow him on [&hellip;]","og_url":"https:\/\/www.merkley.senate.gov\/es\/connect\/follow-jeff\/","og_site_name":"Merkley","article_modified_time":"2023-07-24T12:57:57+00:00","twitter_card":"summary_large_image","twitter_misc":{"Est. reading time":"1 minute"},"schema":{"@context":"https:\/\/schema.org","@graph":[{"@type":"WebPage","@id":"https:\/\/www.merkley.senate.gov\/connect\/follow-jeff\/","url":"https:\/\/www.merkley.senate.gov\/connect\/follow-jeff\/","name":"Follow Jeff - Merkley","isPartOf":{"@id":"https:\/\/www.merkley.senate.gov\/#website"},"datePublished":"2023-07-21T14:03:25+00:00","dateModified":"2023-07-24T12:57:57+00:00","breadcrumb":{"@id":"https:\/\/www.merkley.senate.gov\/connect\/follow-jeff\/#breadcrumb"},"inLanguage":"es-MX","potentialAction":[{"@type":"ReadAction","target":["https:\/\/www.merkley.senate.gov\/connect\/follow-jeff\/"]}]},{"@type":"BreadcrumbList","@id":"https:\/\/www.merkley.senate.gov\/connect\/follow-jeff\/#breadcrumb","itemListElement":[{"@type":"ListItem","position":1,"name":"Home","item":"https:\/\/www.merkley.senate.gov\/"},{"@type":"ListItem","position":2,"name":"Connect","item":"https:\/\/www.merkley.senate.gov\/connect\/"},{"@type":"ListItem","position":3,"name":"Follow Jeff"}]},{"@type":"WebSite","@id":"https:\/\/www.merkley.senate.gov\/#website","url":"https:\/\/www.merkley.senate.gov\/","name":"merkley","description":"merkley","potentialAction":[{"@type":"SearchAction","target":{"@type":"EntryPoint","urlTemplate":"https:\/\/www.merkley.senate.gov\/?s={search_term_string}"},"query-input":{"@type":"PropertyValueSpecification","valueRequired":true,"valueName":"search_term_string"}}],"inLanguage":"es-MX"}]}},"_links":{"self":[{"href":"https:\/\/www.merkley.senate.gov\/es\/wp-json\/wp\/v2\/pages\/10615","targetHints":{"allow":["GET"]}}],"collection":[{"href":"https:\/\/www.merkley.senate.gov\/es\/wp-json\/wp\/v2\/pages"}],"about":[{"href":"https:\/\/www.merkley.senate.gov\/es\/wp-json\/wp\/v2\/types\/page"}],"author":[{"embeddable":true,"href":"https:\/\/www.merkley.senate.gov\/es\/wp-json\/wp\/v2\/users\/7"}],"replies":[{"embeddable":true,"href":"https:\/\/www.merkley.senate.gov\/es\/wp-json\/wp\/v2\/comments?post=10615"}],"version-history":[{"count":4,"href":"https:\/\/www.merkley.senate.gov\/es\/wp-json\/wp\/v2\/pages\/10615\/revisions"}],"predecessor-version":[{"id":10619,"href":"https:\/\/www.merkley.senate.gov\/es\/wp-json\/wp\/v2\/pages\/10615\/revisions\/10619"}],"up":[{"embeddable":true,"href":"https:\/\/www.merkley.senate.gov\/es\/wp-json\/wp\/v2\/pages\/10593"}],"wp:attachment":[{"href":"https:\/\/www.merkley.senate.gov\/es\/wp-json\/wp\/v2\/media?parent=10615"}],"curies":[{"name":"wp","href":"https:\/\/api.w.org\/{rel}","templated":true}]}}