{"id":10623,"date":"2023-07-21T10:08:50","date_gmt":"2023-07-21T14:08:50","guid":{"rendered":"https:\/\/www.merkley.senate.gov\/?page_id=10623"},"modified":"2023-07-21T10:10:34","modified_gmt":"2023-07-21T14:10:34","slug":"mainstreet","status":"publish","type":"page","link":"https:\/\/www.merkley.senate.gov\/es\/mainstreet\/","title":{"rendered":"Calle principal"},"content":{"rendered":"<div data-elementor-type=\"wp-page\" data-elementor-id=\"10623\" class=\"elementor elementor-10623\" data-elementor-post-type=\"page\">\n\t\t\t\t\t\t<section class=\"elementor-section elementor-top-section elementor-element elementor-element-61f9e06 elementor-section-boxed elementor-section-height-default elementor-section-height-default\" data-id=\"61f9e06\" data-element_type=\"section\" data-e-type=\"section\">\n\t\t\t\t\t\t<div class=\"elementor-container elementor-column-gap-default\">\n\t\t\t\t\t<div class=\"elementor-column elementor-col-100 elementor-top-column elementor-element elementor-element-d6fb772\" data-id=\"d6fb772\" data-element_type=\"column\" data-e-type=\"column\">\n\t\t\t<div class=\"elementor-widget-wrap elementor-element-populated\">\n\t\t\t\t\t\t<div class=\"elementor-element elementor-element-b78f8a5 elementor-widget elementor-widget-image\" data-id=\"b78f8a5\" data-element_type=\"widget\" data-e-type=\"widget\" data-widget_type=\"image.default\">\n\t\t\t\t<div class=\"elementor-widget-container\">\n\t\t\t\t\t\t\t\t\t\t\t\t\t\t\t<img fetchpriority=\"high\" decoding=\"async\" width=\"1200\" height=\"600\" src=\"https:\/\/www.merkley.senate.gov\/wp-content\/uploads\/2023\/07\/main-street-banner-image.png\" class=\"attachment-full size-full wp-image-10625\" alt=\"\" srcset=\"https:\/\/www.merkley.senate.gov\/wp-content\/uploads\/2023\/07\/main-street-banner-image.png 1200w, https:\/\/www.merkley.senate.gov\/wp-content\/uploads\/2023\/07\/main-street-banner-image-300x150.png 300w, https:\/\/www.merkley.senate.gov\/wp-content\/uploads\/2023\/07\/main-street-banner-image-1024x512.png 1024w, https:\/\/www.merkley.senate.gov\/wp-content\/uploads\/2023\/07\/main-street-banner-image-768x384.png 768w, https:\/\/www.merkley.senate.gov\/wp-content\/uploads\/2023\/07\/main-street-banner-image-18x9.png 18w\" sizes=\"(max-width: 1200px) 100vw, 1200px\" \/>\t\t\t\t\t\t\t\t\t\t\t\t\t\t\t<\/div>\n\t\t\t\t<\/div>\n\t\t\t\t<div class=\"elementor-element elementor-element-f40e83f elementor-widget elementor-widget-text-editor\" data-id=\"f40e83f\" data-element_type=\"widget\" data-e-type=\"widget\" data-widget_type=\"text-editor.default\">\n\t\t\t\t<div class=\"elementor-widget-container\">\n\t\t\t\t\t\t\t\t\t<p>ACTUALIZACI\u00d3N: 8 de enero de 2021<\/p><p><br><\/p><p>En el \u00faltimo acuerdo de ayuda COVID se autoriz\u00f3 otra ronda de financiaci\u00f3n para pr\u00e9stamos PPP. La Administraci\u00f3n de Peque\u00f1as Empresas (SBA) anunci\u00f3 el viernes 8 de enero que el proceso de distribuci\u00f3n de estos pr\u00e9stamos comenzar\u00e1 el lunes 11 de enero.<\/p><p><br><\/p><p>Seg\u00fan la SBA, \u201cpara promover el acceso al capital, inicialmente solo las instituciones financieras comunitarias podr\u00e1n otorgar pr\u00e9stamos PPP del primer sorteo el lunes 11 de enero y pr\u00e9stamos PPP del segundo sorteo el mi\u00e9rcoles 13 de enero. El PPP estar\u00e1 abierto a todos los participantes. prestamistas poco despu\u00e9s\u201d. M\u00e1s orientaci\u00f3n sobre esta nueva ronda de distribuci\u00f3n de APP est\u00e1 disponible en: https:\/\/www.sba.gov\/article\/2021\/jan\/08\/sba-treasury-announce-ppp-re-opening-issue-new-guidance&nbsp; &nbsp;<\/p><p><br><\/p><p>Otras orientaciones de la SBA:<\/p><p><br><\/p><p>Gu\u00eda de la SBA sobre el acceso al capital para empresas propiedad de minor\u00edas, desatendidos, veteranos y mujeres (publicada el 6 de enero de 2021)<\/p><p>Norma final provisional sobre el programa de protecci\u00f3n de cheques de pago modificada por la Ley de ayuda econ\u00f3mica (publicada el 6 de enero de 2021)<\/p><p>Regla final provisional sobre pr\u00e9stamos de segundo sorteo (publicada el 6\/01\/2021)<\/p><p>Las empresas de Oreg\u00f3n est\u00e1n experimentando niveles dr\u00e1sticos de incertidumbre e inestabilidad econ\u00f3mica frente a una crisis de salud p\u00fablica global. Desde el Senado, he estado luchando tan duro como puedo para lograr alivio inmediato para las peque\u00f1as empresas, los trabajadores y las familias y comunidades que dependen de la vibrante y expansiva econom\u00eda de Oreg\u00f3n.<\/p><p><br><\/p><p>Haga clic aqu\u00ed para obtener recursos adicionales de financiaci\u00f3n empresarial&gt;&gt;<\/p><p>Mi equipo y yo hemos escuchado a muchos residentes de Oreg\u00f3n que luchan por solicitar los nuevos pr\u00e9stamos de ayuda de emergencia de la SBA. Estamos activamente comprometidos en nombre de las peque\u00f1as empresas, las organizaciones sin fines de lucro, los trabajadores por cuenta propia y los contratistas independientes de Oreg\u00f3n, tratando de rectificar la implementaci\u00f3n de estos fondos por parte de la administraci\u00f3n y llevar recursos a las comunidades locales lo antes posible. Si tiene problemas para solicitar los pr\u00e9stamos de emergencia de la SBA, notif\u00edquelo a mi oficina mediante este breve formulario de env\u00edo:<\/p>\t\t\t\t\t\t\t\t<\/div>\n\t\t\t\t<\/div>\n\t\t\t\t\t<\/div>\n\t\t<\/div>\n\t\t\t\t\t<\/div>\n\t\t<\/section>\n\t\t\t\t<\/div>","protected":false},"excerpt":{"rendered":"<p>UPDATE: January 8, 2021 Another round of funding for PPP loans was authorized in the latest COVID relief deal. The Small Business Administration (SBA) announced on Friday, January 8th that the process of distributing these loans will begin on Monday, January 11th. According to the SBA, \u201cTo promote access to capital, initially only community financial [&hellip;]<\/p>\n","protected":false},"author":7,"featured_media":0,"parent":0,"menu_order":0,"comment_status":"closed","ping_status":"closed","template":"","meta":{"_acf_changed":false,"inline_featured_image":false,"footnotes":""},"class_list":["post-10623","page","type-page","status-publish","hentry"],"acf":[],"yoast_head":"<!-- This site is optimized with the Yoast SEO plugin v27.2 - https:\/\/yoast.com\/product\/yoast-seo-wordpress\/ -->\n<title>Mainstreet - Merkley<\/title>\n<meta name=\"robots\" content=\"index, follow, max-snippet:-1, max-image-preview:large, max-video-preview:-1\" \/>\n<link rel=\"canonical\" href=\"https:\/\/www.merkley.senate.gov\/es\/mainstreet\/\" \/>\n<meta property=\"og:locale\" content=\"es_MX\" \/>\n<meta property=\"og:type\" content=\"article\" \/>\n<meta property=\"og:title\" content=\"Mainstreet - Merkley\" \/>\n<meta property=\"og:description\" content=\"UPDATE: January 8, 2021 Another round of funding for PPP loans was authorized in the latest COVID relief deal. The Small Business Administration (SBA) announced on Friday, January 8th that the process of distributing these loans will begin on Monday, January 11th. According to the SBA, \u201cTo promote access to capital, initially only community financial [&hellip;]\" \/>\n<meta property=\"og:url\" content=\"https:\/\/www.merkley.senate.gov\/es\/mainstreet\/\" \/>\n<meta property=\"og:site_name\" content=\"Merkley\" \/>\n<meta property=\"article:modified_time\" content=\"2023-07-21T14:10:34+00:00\" \/>\n<meta property=\"og:image\" content=\"https:\/\/www.merkley.senate.gov\/wp-content\/uploads\/2023\/07\/main-street-banner-image.png\" \/>\n<meta name=\"twitter:card\" content=\"summary_large_image\" \/>\n<meta name=\"twitter:label1\" content=\"Est. reading time\" \/>\n\t<meta name=\"twitter:data1\" content=\"2 minutes\" \/>\n<script type=\"application\/ld+json\" class=\"yoast-schema-graph\">{\"@context\":\"https:\/\/schema.org\",\"@graph\":[{\"@type\":\"WebPage\",\"@id\":\"https:\/\/www.merkley.senate.gov\/mainstreet\/\",\"url\":\"https:\/\/www.merkley.senate.gov\/mainstreet\/\",\"name\":\"Mainstreet - Merkley\",\"isPartOf\":{\"@id\":\"https:\/\/www.merkley.senate.gov\/#website\"},\"primaryImageOfPage\":{\"@id\":\"https:\/\/www.merkley.senate.gov\/mainstreet\/#primaryimage\"},\"image\":{\"@id\":\"https:\/\/www.merkley.senate.gov\/mainstreet\/#primaryimage\"},\"thumbnailUrl\":\"https:\/\/www.merkley.senate.gov\/wp-content\/uploads\/2023\/07\/main-street-banner-image.png\",\"datePublished\":\"2023-07-21T14:08:50+00:00\",\"dateModified\":\"2023-07-21T14:10:34+00:00\",\"breadcrumb\":{\"@id\":\"https:\/\/www.merkley.senate.gov\/mainstreet\/#breadcrumb\"},\"inLanguage\":\"es-MX\",\"potentialAction\":[{\"@type\":\"ReadAction\",\"target\":[\"https:\/\/www.merkley.senate.gov\/mainstreet\/\"]}]},{\"@type\":\"ImageObject\",\"inLanguage\":\"es-MX\",\"@id\":\"https:\/\/www.merkley.senate.gov\/mainstreet\/#primaryimage\",\"url\":\"https:\/\/www.merkley.senate.gov\/wp-content\/uploads\/2023\/07\/main-street-banner-image.png\",\"contentUrl\":\"https:\/\/www.merkley.senate.gov\/wp-content\/uploads\/2023\/07\/main-street-banner-image.png\"},{\"@type\":\"BreadcrumbList\",\"@id\":\"https:\/\/www.merkley.senate.gov\/mainstreet\/#breadcrumb\",\"itemListElement\":[{\"@type\":\"ListItem\",\"position\":1,\"name\":\"Home\",\"item\":\"https:\/\/www.merkley.senate.gov\/\"},{\"@type\":\"ListItem\",\"position\":2,\"name\":\"Mainstreet\"}]},{\"@type\":\"WebSite\",\"@id\":\"https:\/\/www.merkley.senate.gov\/#website\",\"url\":\"https:\/\/www.merkley.senate.gov\/\",\"name\":\"Merkley\",\"description\":\"Merkley\",\"potentialAction\":[{\"@type\":\"SearchAction\",\"target\":{\"@type\":\"EntryPoint\",\"urlTemplate\":\"https:\/\/www.merkley.senate.gov\/?s={search_term_string}\"},\"query-input\":{\"@type\":\"PropertyValueSpecification\",\"valueRequired\":true,\"valueName\":\"search_term_string\"}}],\"inLanguage\":\"es-MX\"}]}<\/script>\n<!-- \/ Yoast SEO plugin. -->","yoast_head_json":{"title":"Mainstreet - Merkley","robots":{"index":"index","follow":"follow","max-snippet":"max-snippet:-1","max-image-preview":"max-image-preview:large","max-video-preview":"max-video-preview:-1"},"canonical":"https:\/\/www.merkley.senate.gov\/es\/mainstreet\/","og_locale":"es_MX","og_type":"article","og_title":"Mainstreet - Merkley","og_description":"UPDATE: January 8, 2021 Another round of funding for PPP loans was authorized in the latest COVID relief deal. The Small Business Administration (SBA) announced on Friday, January 8th that the process of distributing these loans will begin on Monday, January 11th. According to the SBA, \u201cTo promote access to capital, initially only community financial [&hellip;]","og_url":"https:\/\/www.merkley.senate.gov\/es\/mainstreet\/","og_site_name":"Merkley","article_modified_time":"2023-07-21T14:10:34+00:00","og_image":[{"url":"https:\/\/www.merkley.senate.gov\/wp-content\/uploads\/2023\/07\/main-street-banner-image.png","type":"","width":"","height":""}],"twitter_card":"summary_large_image","twitter_misc":{"Est. reading time":"2 minutes"},"schema":{"@context":"https:\/\/schema.org","@graph":[{"@type":"WebPage","@id":"https:\/\/www.merkley.senate.gov\/mainstreet\/","url":"https:\/\/www.merkley.senate.gov\/mainstreet\/","name":"Mainstreet - Merkley","isPartOf":{"@id":"https:\/\/www.merkley.senate.gov\/#website"},"primaryImageOfPage":{"@id":"https:\/\/www.merkley.senate.gov\/mainstreet\/#primaryimage"},"image":{"@id":"https:\/\/www.merkley.senate.gov\/mainstreet\/#primaryimage"},"thumbnailUrl":"https:\/\/www.merkley.senate.gov\/wp-content\/uploads\/2023\/07\/main-street-banner-image.png","datePublished":"2023-07-21T14:08:50+00:00","dateModified":"2023-07-21T14:10:34+00:00","breadcrumb":{"@id":"https:\/\/www.merkley.senate.gov\/mainstreet\/#breadcrumb"},"inLanguage":"es-MX","potentialAction":[{"@type":"ReadAction","target":["https:\/\/www.merkley.senate.gov\/mainstreet\/"]}]},{"@type":"ImageObject","inLanguage":"es-MX","@id":"https:\/\/www.merkley.senate.gov\/mainstreet\/#primaryimage","url":"https:\/\/www.merkley.senate.gov\/wp-content\/uploads\/2023\/07\/main-street-banner-image.png","contentUrl":"https:\/\/www.merkley.senate.gov\/wp-content\/uploads\/2023\/07\/main-street-banner-image.png"},{"@type":"BreadcrumbList","@id":"https:\/\/www.merkley.senate.gov\/mainstreet\/#breadcrumb","itemListElement":[{"@type":"ListItem","position":1,"name":"Home","item":"https:\/\/www.merkley.senate.gov\/"},{"@type":"ListItem","position":2,"name":"Mainstreet"}]},{"@type":"WebSite","@id":"https:\/\/www.merkley.senate.gov\/#website","url":"https:\/\/www.merkley.senate.gov\/","name":"merkley","description":"merkley","potentialAction":[{"@type":"SearchAction","target":{"@type":"EntryPoint","urlTemplate":"https:\/\/www.merkley.senate.gov\/?s={search_term_string}"},"query-input":{"@type":"PropertyValueSpecification","valueRequired":true,"valueName":"search_term_string"}}],"inLanguage":"es-MX"}]}},"_links":{"self":[{"href":"https:\/\/www.merkley.senate.gov\/es\/wp-json\/wp\/v2\/pages\/10623","targetHints":{"allow":["GET"]}}],"collection":[{"href":"https:\/\/www.merkley.senate.gov\/es\/wp-json\/wp\/v2\/pages"}],"about":[{"href":"https:\/\/www.merkley.senate.gov\/es\/wp-json\/wp\/v2\/types\/page"}],"author":[{"embeddable":true,"href":"https:\/\/www.merkley.senate.gov\/es\/wp-json\/wp\/v2\/users\/7"}],"replies":[{"embeddable":true,"href":"https:\/\/www.merkley.senate.gov\/es\/wp-json\/wp\/v2\/comments?post=10623"}],"version-history":[{"count":5,"href":"https:\/\/www.merkley.senate.gov\/es\/wp-json\/wp\/v2\/pages\/10623\/revisions"}],"predecessor-version":[{"id":10629,"href":"https:\/\/www.merkley.senate.gov\/es\/wp-json\/wp\/v2\/pages\/10623\/revisions\/10629"}],"wp:attachment":[{"href":"https:\/\/www.merkley.senate.gov\/es\/wp-json\/wp\/v2\/media?parent=10623"}],"curies":[{"name":"wp","href":"https:\/\/api.w.org\/{rel}","templated":true}]}}