{"id":10835,"date":"2023-07-21T12:33:20","date_gmt":"2023-07-21T16:33:20","guid":{"rendered":"https:\/\/www.merkley.senate.gov\/?page_id=10835"},"modified":"2023-07-21T12:34:12","modified_gmt":"2023-07-21T16:34:12","slug":"tribal-assistance","status":"publish","type":"page","link":"https:\/\/www.merkley.senate.gov\/es\/tribal-assistance\/","title":{"rendered":"Asistencia Tribal"},"content":{"rendered":"<div data-elementor-type=\"wp-page\" data-elementor-id=\"10835\" class=\"elementor elementor-10835\" data-elementor-post-type=\"page\">\n\t\t\t\t\t\t<section class=\"elementor-section elementor-top-section elementor-element elementor-element-1df1d1f elementor-section-boxed elementor-section-height-default elementor-section-height-default\" data-id=\"1df1d1f\" data-element_type=\"section\" data-e-type=\"section\">\n\t\t\t\t\t\t<div class=\"elementor-container elementor-column-gap-default\">\n\t\t\t\t\t<div class=\"elementor-column elementor-col-100 elementor-top-column elementor-element elementor-element-fef3b4f\" data-id=\"fef3b4f\" data-element_type=\"column\" data-e-type=\"column\">\n\t\t\t<div class=\"elementor-widget-wrap elementor-element-populated\">\n\t\t\t\t\t\t<div class=\"elementor-element elementor-element-f1be482 elementor-widget elementor-widget-heading\" data-id=\"f1be482\" data-element_type=\"widget\" data-e-type=\"widget\" data-widget_type=\"heading.default\">\n\t\t\t\t<div class=\"elementor-widget-container\">\n\t\t\t\t\t<h2 class=\"elementor-heading-title elementor-size-default\">ASISTENCIA TRIBALES<\/h2>\t\t\t\t<\/div>\n\t\t\t\t<\/div>\n\t\t\t\t<div class=\"elementor-element elementor-element-c5d8947 elementor-widget elementor-widget-text-editor\" data-id=\"c5d8947\" data-element_type=\"widget\" data-e-type=\"widget\" data-widget_type=\"text-editor.default\">\n\t\t\t\t<div class=\"elementor-widget-container\">\n\t\t\t\t\t\t\t\t\t<p>mi\u00e9rcoles, 15 de agosto de 2018<\/p><p>Jeff sabe que las tribus nativas de Oreg\u00f3n han enfrentado desaf\u00edos para obtener los recursos que sus comunidades necesitan para prosperar.<\/p><p>Es por eso que luch\u00f3 para garantizar que se financiaran los programas cr\u00edticos para las tribus de Oreg\u00f3n, incluido el Programa de seguro m\u00e9dico para ni\u00f1os, el Programa especial de diabetes para ind\u00edgenas y el Programa del centro de salud HRSA.<\/p><p>\u201cAgradezcamos al Senador Merkley por su incre\u00edble trabajo durante estos tiempos extremadamente dif\u00edciles para cuidar a las personas de este pa\u00eds y de nuestro estado\u201d, dijo Jackie Mercer, Directora Ejecutiva de la Asociaci\u00f3n de Rehabilitaci\u00f3n de Nativos Americanos del Noroeste (NARA-NW ), que brinda servicios integrados de salud, salud mental, tratamiento por abuso de sustancias y servicios sociales a nativos americanos y nativos de Alaska que no tienen hogar o tienen bajos ingresos.<\/p><p>\u201cSolo puedo imaginar los esfuerzos adicionales que se requieren\u201d, continu\u00f3. \u201cS\u00e9 que la lucha no ha terminado, pero quiero que sepa que los ni\u00f1os, las familias y los ancianos est\u00e1n mucho mejor gracias a todo su arduo trabajo\u201d.<\/p>\t\t\t\t\t\t\t\t<\/div>\n\t\t\t\t<\/div>\n\t\t\t\t\t<\/div>\n\t\t<\/div>\n\t\t\t\t\t<\/div>\n\t\t<\/section>\n\t\t\t\t<\/div>","protected":false},"excerpt":{"rendered":"<p>TRIBAL ASSISTANCE Wednesday, August 15, 2018 Jeff knows that native tribes in Oregon have faced challenges in getting the resources their communities need to thrive. That\u2019s why he fought to ensure programs critical to Oregon\u2019s tribes were funded, including the Children\u2019s Health Insurance Program, the Special Diabetes Program for Indians, and the HRSA Health Center [&hellip;]<\/p>\n","protected":false},"author":7,"featured_media":0,"parent":0,"menu_order":0,"comment_status":"closed","ping_status":"closed","template":"","meta":{"_acf_changed":false,"inline_featured_image":false,"footnotes":""},"class_list":["post-10835","page","type-page","status-publish","hentry"],"acf":[],"yoast_head":"<!-- This site is optimized with the Yoast SEO plugin v27.2 - https:\/\/yoast.com\/product\/yoast-seo-wordpress\/ -->\n<title>Tribal Assistance - Merkley<\/title>\n<meta name=\"robots\" content=\"index, follow, max-snippet:-1, max-image-preview:large, max-video-preview:-1\" \/>\n<link rel=\"canonical\" href=\"https:\/\/www.merkley.senate.gov\/es\/tribal-assistance\/\" \/>\n<meta property=\"og:locale\" content=\"es_MX\" \/>\n<meta property=\"og:type\" content=\"article\" \/>\n<meta property=\"og:title\" content=\"Tribal Assistance - Merkley\" \/>\n<meta property=\"og:description\" content=\"TRIBAL ASSISTANCE Wednesday, August 15, 2018 Jeff knows that native tribes in Oregon have faced challenges in getting the resources their communities need to thrive. That\u2019s why he fought to ensure programs critical to Oregon\u2019s tribes were funded, including the Children\u2019s Health Insurance Program, the Special Diabetes Program for Indians, and the HRSA Health Center [&hellip;]\" \/>\n<meta property=\"og:url\" content=\"https:\/\/www.merkley.senate.gov\/es\/tribal-assistance\/\" \/>\n<meta property=\"og:site_name\" content=\"Merkley\" \/>\n<meta property=\"article:modified_time\" content=\"2023-07-21T16:34:12+00:00\" \/>\n<meta name=\"twitter:card\" content=\"summary_large_image\" \/>\n<meta name=\"twitter:label1\" content=\"Est. reading time\" \/>\n\t<meta name=\"twitter:data1\" content=\"1 minute\" \/>\n<script type=\"application\/ld+json\" class=\"yoast-schema-graph\">{\"@context\":\"https:\/\/schema.org\",\"@graph\":[{\"@type\":\"WebPage\",\"@id\":\"https:\/\/www.merkley.senate.gov\/tribal-assistance\/\",\"url\":\"https:\/\/www.merkley.senate.gov\/tribal-assistance\/\",\"name\":\"Tribal Assistance - Merkley\",\"isPartOf\":{\"@id\":\"https:\/\/www.merkley.senate.gov\/#website\"},\"datePublished\":\"2023-07-21T16:33:20+00:00\",\"dateModified\":\"2023-07-21T16:34:12+00:00\",\"breadcrumb\":{\"@id\":\"https:\/\/www.merkley.senate.gov\/tribal-assistance\/#breadcrumb\"},\"inLanguage\":\"es-MX\",\"potentialAction\":[{\"@type\":\"ReadAction\",\"target\":[\"https:\/\/www.merkley.senate.gov\/tribal-assistance\/\"]}]},{\"@type\":\"BreadcrumbList\",\"@id\":\"https:\/\/www.merkley.senate.gov\/tribal-assistance\/#breadcrumb\",\"itemListElement\":[{\"@type\":\"ListItem\",\"position\":1,\"name\":\"Home\",\"item\":\"https:\/\/www.merkley.senate.gov\/\"},{\"@type\":\"ListItem\",\"position\":2,\"name\":\"Tribal Assistance\"}]},{\"@type\":\"WebSite\",\"@id\":\"https:\/\/www.merkley.senate.gov\/#website\",\"url\":\"https:\/\/www.merkley.senate.gov\/\",\"name\":\"Merkley\",\"description\":\"Merkley\",\"potentialAction\":[{\"@type\":\"SearchAction\",\"target\":{\"@type\":\"EntryPoint\",\"urlTemplate\":\"https:\/\/www.merkley.senate.gov\/?s={search_term_string}\"},\"query-input\":{\"@type\":\"PropertyValueSpecification\",\"valueRequired\":true,\"valueName\":\"search_term_string\"}}],\"inLanguage\":\"es-MX\"}]}<\/script>\n<!-- \/ Yoast SEO plugin. -->","yoast_head_json":{"title":"Tribal Assistance - Merkley","robots":{"index":"index","follow":"follow","max-snippet":"max-snippet:-1","max-image-preview":"max-image-preview:large","max-video-preview":"max-video-preview:-1"},"canonical":"https:\/\/www.merkley.senate.gov\/es\/tribal-assistance\/","og_locale":"es_MX","og_type":"article","og_title":"Tribal Assistance - Merkley","og_description":"TRIBAL ASSISTANCE Wednesday, August 15, 2018 Jeff knows that native tribes in Oregon have faced challenges in getting the resources their communities need to thrive. That\u2019s why he fought to ensure programs critical to Oregon\u2019s tribes were funded, including the Children\u2019s Health Insurance Program, the Special Diabetes Program for Indians, and the HRSA Health Center [&hellip;]","og_url":"https:\/\/www.merkley.senate.gov\/es\/tribal-assistance\/","og_site_name":"Merkley","article_modified_time":"2023-07-21T16:34:12+00:00","twitter_card":"summary_large_image","twitter_misc":{"Est. reading time":"1 minute"},"schema":{"@context":"https:\/\/schema.org","@graph":[{"@type":"WebPage","@id":"https:\/\/www.merkley.senate.gov\/tribal-assistance\/","url":"https:\/\/www.merkley.senate.gov\/tribal-assistance\/","name":"Tribal Assistance - Merkley","isPartOf":{"@id":"https:\/\/www.merkley.senate.gov\/#website"},"datePublished":"2023-07-21T16:33:20+00:00","dateModified":"2023-07-21T16:34:12+00:00","breadcrumb":{"@id":"https:\/\/www.merkley.senate.gov\/tribal-assistance\/#breadcrumb"},"inLanguage":"es-MX","potentialAction":[{"@type":"ReadAction","target":["https:\/\/www.merkley.senate.gov\/tribal-assistance\/"]}]},{"@type":"BreadcrumbList","@id":"https:\/\/www.merkley.senate.gov\/tribal-assistance\/#breadcrumb","itemListElement":[{"@type":"ListItem","position":1,"name":"Home","item":"https:\/\/www.merkley.senate.gov\/"},{"@type":"ListItem","position":2,"name":"Tribal Assistance"}]},{"@type":"WebSite","@id":"https:\/\/www.merkley.senate.gov\/#website","url":"https:\/\/www.merkley.senate.gov\/","name":"merkley","description":"merkley","potentialAction":[{"@type":"SearchAction","target":{"@type":"EntryPoint","urlTemplate":"https:\/\/www.merkley.senate.gov\/?s={search_term_string}"},"query-input":{"@type":"PropertyValueSpecification","valueRequired":true,"valueName":"search_term_string"}}],"inLanguage":"es-MX"}]}},"_links":{"self":[{"href":"https:\/\/www.merkley.senate.gov\/es\/wp-json\/wp\/v2\/pages\/10835","targetHints":{"allow":["GET"]}}],"collection":[{"href":"https:\/\/www.merkley.senate.gov\/es\/wp-json\/wp\/v2\/pages"}],"about":[{"href":"https:\/\/www.merkley.senate.gov\/es\/wp-json\/wp\/v2\/types\/page"}],"author":[{"embeddable":true,"href":"https:\/\/www.merkley.senate.gov\/es\/wp-json\/wp\/v2\/users\/7"}],"replies":[{"embeddable":true,"href":"https:\/\/www.merkley.senate.gov\/es\/wp-json\/wp\/v2\/comments?post=10835"}],"version-history":[{"count":4,"href":"https:\/\/www.merkley.senate.gov\/es\/wp-json\/wp\/v2\/pages\/10835\/revisions"}],"predecessor-version":[{"id":10842,"href":"https:\/\/www.merkley.senate.gov\/es\/wp-json\/wp\/v2\/pages\/10835\/revisions\/10842"}],"wp:attachment":[{"href":"https:\/\/www.merkley.senate.gov\/es\/wp-json\/wp\/v2\/media?parent=10835"}],"curies":[{"name":"wp","href":"https:\/\/api.w.org\/{rel}","templated":true}]}}