{"id":11011,"date":"2023-07-24T09:03:22","date_gmt":"2023-07-24T13:03:22","guid":{"rendered":"https:\/\/www.merkley.senate.gov\/?page_id=11011"},"modified":"2023-07-25T14:36:28","modified_gmt":"2023-07-25T18:36:28","slug":"in-the-news","status":"publish","type":"page","link":"https:\/\/www.merkley.senate.gov\/es\/news\/in-the-news\/","title":{"rendered":"En las noticias"},"content":{"rendered":"<div data-elementor-type=\"wp-page\" data-elementor-id=\"11011\" class=\"elementor elementor-11011\" data-elementor-post-type=\"page\">\n\t\t\t\t\t\t<section class=\"elementor-section elementor-top-section elementor-element elementor-element-7da1ed5 elementor-section-boxed elementor-section-height-default elementor-section-height-default\" data-id=\"7da1ed5\" data-element_type=\"section\" data-e-type=\"section\">\n\t\t\t\t\t\t<div class=\"elementor-container elementor-column-gap-default\">\n\t\t\t\t\t<div class=\"elementor-column elementor-col-100 elementor-top-column elementor-element elementor-element-cce1054\" data-id=\"cce1054\" data-element_type=\"column\" data-e-type=\"column\">\n\t\t\t<div class=\"elementor-widget-wrap elementor-element-populated\">\n\t\t\t\t\t\t<div class=\"elementor-element elementor-element-f45819c elementor-search-form--skin-classic elementor-search-form--button-type-icon elementor-search-form--icon-search elementor-widget elementor-widget-search-form\" data-id=\"f45819c\" data-element_type=\"widget\" data-e-type=\"widget\" data-settings=\"{&quot;skin&quot;:&quot;classic&quot;}\" data-widget_type=\"search-form.default\">\n\t\t\t\t<div class=\"elementor-widget-container\">\n\t\t\t\t\t\t\t<search role=\"search\">\n\t\t\t<form class=\"elementor-search-form\" action=\"https:\/\/www.merkley.senate.gov\/es\/\" method=\"get\" data-trp-original-action=\"https:\/\/www.merkley.senate.gov\/es\">\n\t\t\t\t\t\t\t\t\t\t\t\t<div class=\"elementor-search-form__container\">\n\t\t\t\t\t<label class=\"elementor-screen-only\" for=\"elementor-search-form-f45819c\">Search<\/label>\n\n\t\t\t\t\t\n\t\t\t\t\t<input id=\"elementor-search-form-f45819c\" placeholder=\"Buscar...\" class=\"elementor-search-form__input\" type=\"search\" name=\"s\" value=\"\">\n\t\t\t\t\t\n\t\t\t\t\t\t\t\t\t\t\t<button class=\"elementor-search-form__submit\" type=\"submit\" aria-label=\"Search\">\n\t\t\t\t\t\t\t\t\t\t\t\t\t\t\t<i aria-hidden=\"true\" class=\"fas fa-search\"><\/i>\t\t\t\t\t\t\t\t\t\t\t\t\t<\/button>\n\t\t\t\t\t\n\t\t\t\t\t\t\t\t\t<\/div>\n\t\t\t<input type=\"hidden\" name=\"trp-form-language\" value=\"es\"\/><\/form>\n\t\t<\/search>\n\t\t\t\t\t\t<\/div>\n\t\t\t\t<\/div>\n\t\t\t\t<div class=\"elementor-element elementor-element-a97adc3 elementor-posts--thumbnail-none elementor-grid-tablet-1 elementor-grid-3 elementor-grid-mobile-1 elementor-widget elementor-widget-posts\" data-id=\"a97adc3\" data-element_type=\"widget\" data-e-type=\"widget\" data-settings=\"{&quot;classic_row_gap&quot;:{&quot;unit&quot;:&quot;px&quot;,&quot;size&quot;:45,&quot;sizes&quot;:[]},&quot;classic_columns_tablet&quot;:&quot;1&quot;,&quot;classic_row_gap_tablet&quot;:{&quot;unit&quot;:&quot;px&quot;,&quot;size&quot;:20,&quot;sizes&quot;:[]},&quot;classic_columns&quot;:&quot;3&quot;,&quot;classic_columns_mobile&quot;:&quot;1&quot;,&quot;classic_row_gap_laptop&quot;:{&quot;unit&quot;:&quot;px&quot;,&quot;size&quot;:&quot;&quot;,&quot;sizes&quot;:[]},&quot;classic_row_gap_tablet_extra&quot;:{&quot;unit&quot;:&quot;px&quot;,&quot;size&quot;:&quot;&quot;,&quot;sizes&quot;:[]},&quot;classic_row_gap_mobile_extra&quot;:{&quot;unit&quot;:&quot;px&quot;,&quot;size&quot;:&quot;&quot;,&quot;sizes&quot;:[]},&quot;classic_row_gap_mobile&quot;:{&quot;unit&quot;:&quot;px&quot;,&quot;size&quot;:&quot;&quot;,&quot;sizes&quot;:[]}}\" data-widget_type=\"posts.classic\">\n\t\t\t\t<div class=\"elementor-widget-container\">\n\t\t\t\t\t\t\t<div class=\"elementor-posts-container elementor-posts elementor-posts--skin-classic elementor-grid\" role=\"list\">\n\t\t\t\t<article class=\"elementor-post elementor-grid-item post-20968 post type-post status-publish format-standard hentry category-in-the-news\" role=\"listitem\">\n\t\t\t\t<div class=\"elementor-post__text\">\n\t\t\t\t<h2 class=\"elementor-post__title\">\n\t\t\t<a href=\"https:\/\/www.merkley.senate.gov\/es\/merkley-monthly-making-major-investments-in-the-port-of-coos-bay\/\" >\n\t\t\t\tMerkley Monthly: Realizando importantes inversiones en el puerto de Coos Bay\t\t\t<\/a>\n\t\t<\/h2>\n\t\t\t\t<div class=\"elementor-post__meta-data\">\n\t\t\t\t\t<span class=\"elementor-post-date\">\n\t\t\t28 de noviembre de 2024\t\t<\/span>\n\t\t\t\t<\/div>\n\t\t\t\t<div class=\"elementor-post__excerpt\">\n\t\t\t<p>El Mundo de Coos Bay. Transformar el Puerto Internacional de Coos Bay, Oreg\u00f3n, en la primera instalaci\u00f3n portuaria totalmente conectada con el ferrocarril en la Costa Oeste representa una gran oportunidad para Oreg\u00f3n y nuestras comunidades costeras. Este proyecto crear\u00e1 empleos sindicalizados bien remunerados y empleos locales permanentes, y aumentar\u00e1 la capacidad portuaria de la Costa Oeste en...<\/p>\n\t\t<\/div>\n\t\t\n\t\t<a class=\"elementor-post__read-more\" href=\"https:\/\/www.merkley.senate.gov\/es\/merkley-monthly-making-major-investments-in-the-port-of-coos-bay\/\" aria-label=\"Read more about Merkley Monthly: Making major investments in the Port of Coos Bay\" tabindex=\"-1\" >\n\t\t\t<i aria-hidden=\"true\" class=\"fal fa-chevron-circle-right\"><\/i>\t\t<\/a>\n\n\t\t\t\t<\/div>\n\t\t\t\t<\/article>\n\t\t\t\t<article class=\"elementor-post elementor-grid-item post-20978 post type-post status-publish format-standard hentry category-in-the-news\" role=\"listitem\">\n\t\t\t\t<div class=\"elementor-post__text\">\n\t\t\t\t<h2 class=\"elementor-post__title\">\n\t\t\t<a href=\"https:\/\/www.merkley.senate.gov\/es\/three-americans-have-been-freed-from-prisons-in-china\/\" >\n\t\t\t\tTres estadounidenses fueron liberados de prisiones en China\t\t\t<\/a>\n\t\t<\/h2>\n\t\t\t\t<div class=\"elementor-post__meta-data\">\n\t\t\t\t\t<span class=\"elementor-post-date\">\n\t\t\t27 de noviembre de 2024\t\t<\/span>\n\t\t\t\t<\/div>\n\t\t\t\t<div class=\"elementor-post__excerpt\">\n\t\t\t<p>NPR. El gobierno de Biden afirma que todos los prisioneros fueron detenidos injustamente y que se est\u00e1n reuniendo con sus familias por primera vez en muchos a\u00f1os. Parecen ser parte de un intercambio de prisioneros. ARI SHAPIRO, PRESENTADOR: Tres estadounidenses han sido liberados de prisiones en China. El gobierno de Biden...<\/p>\n\t\t<\/div>\n\t\t\n\t\t<a class=\"elementor-post__read-more\" href=\"https:\/\/www.merkley.senate.gov\/es\/three-americans-have-been-freed-from-prisons-in-china\/\" aria-label=\"Read more about Three Americans have been freed from prisons in China\" tabindex=\"-1\" >\n\t\t\t<i aria-hidden=\"true\" class=\"fal fa-chevron-circle-right\"><\/i>\t\t<\/a>\n\n\t\t\t\t<\/div>\n\t\t\t\t<\/article>\n\t\t\t\t<article class=\"elementor-post elementor-grid-item post-20936 post type-post status-publish format-standard hentry category-in-the-news\" role=\"listitem\">\n\t\t\t\t<div class=\"elementor-post__text\">\n\t\t\t\t<h2 class=\"elementor-post__title\">\n\t\t\t<a href=\"https:\/\/www.merkley.senate.gov\/es\/wyden-merkley-announce-nearly-1-2-million-for-ecosystem-restoration-in-oregon-national-fish-and-wildlife-foundation-award-will-benefit-residents-and-projects-along-tillamook-river\/\" >\n\t\t\t\tWyden y Merkley anuncian casi 1 mill\u00f3n de d\u00f3lares para la restauraci\u00f3n del ecosistema en Oreg\u00f3n; el premio de la Fundaci\u00f3n Nacional de Pesca y Vida Silvestre beneficiar\u00e1 a los residentes y proyectos a lo largo del r\u00edo Tillamook.\t\t\t<\/a>\n\t\t<\/h2>\n\t\t\t\t<div class=\"elementor-post__meta-data\">\n\t\t\t\t\t<span class=\"elementor-post-date\">\n\t\t\t26 de noviembre de 2024\t\t<\/span>\n\t\t\t\t<\/div>\n\t\t\t\t<div class=\"elementor-post__excerpt\">\n\t\t\t<p>Pionero del condado de Tillamook, Washington DC\u2014Los senadores estadounidenses Ron Wyden y Jeff Merkley anunciaron hoy una inversi\u00f3n federal de $1.18 millones para la Asociaci\u00f3n de Estuarios de Tillamook con el fin de ayudar a reparar la carretera Burton-Fraser a lo largo del r\u00edo Tillamook, que limita el paso de peces. &quot;Dejar que nuestra infraestructura se desmorone con el tiempo hasta un punto en que...<\/p>\n\t\t<\/div>\n\t\t\n\t\t<a class=\"elementor-post__read-more\" href=\"https:\/\/www.merkley.senate.gov\/es\/wyden-merkley-announce-nearly-1-2-million-for-ecosystem-restoration-in-oregon-national-fish-and-wildlife-foundation-award-will-benefit-residents-and-projects-along-tillamook-river\/\" aria-label=\"Read more about Wyden, Merkley Announce Nearly $1.2 Million for Ecosystem Restoration in Oregon; National Fish and Wildlife Foundation award will benefit residents and projects along Tillamook River\" tabindex=\"-1\" >\n\t\t\t<i aria-hidden=\"true\" class=\"fal fa-chevron-circle-right\"><\/i>\t\t<\/a>\n\n\t\t\t\t<\/div>\n\t\t\t\t<\/article>\n\t\t\t\t<\/div>\n\t\t\n\t\t\t\t\t\t<\/div>\n\t\t\t\t<\/div>\n\t\t\t\t<div class=\"elementor-element elementor-element-3093b27 elementor-grid-1 elementor-posts--thumbnail-none elementor-grid-tablet-2 elementor-grid-mobile-1 elementor-widget elementor-widget-posts\" data-id=\"3093b27\" data-element_type=\"widget\" data-e-type=\"widget\" data-settings=\"{&quot;classic_columns&quot;:&quot;1&quot;,&quot;classic_row_gap&quot;:{&quot;unit&quot;:&quot;px&quot;,&quot;size&quot;:45,&quot;sizes&quot;:[]},&quot;pagination_type&quot;:&quot;numbers_and_prev_next&quot;,&quot;classic_columns_tablet&quot;:&quot;2&quot;,&quot;classic_columns_mobile&quot;:&quot;1&quot;,&quot;classic_row_gap_laptop&quot;:{&quot;unit&quot;:&quot;px&quot;,&quot;size&quot;:&quot;&quot;,&quot;sizes&quot;:[]},&quot;classic_row_gap_tablet_extra&quot;:{&quot;unit&quot;:&quot;px&quot;,&quot;size&quot;:&quot;&quot;,&quot;sizes&quot;:[]},&quot;classic_row_gap_tablet&quot;:{&quot;unit&quot;:&quot;px&quot;,&quot;size&quot;:&quot;&quot;,&quot;sizes&quot;:[]},&quot;classic_row_gap_mobile_extra&quot;:{&quot;unit&quot;:&quot;px&quot;,&quot;size&quot;:&quot;&quot;,&quot;sizes&quot;:[]},&quot;classic_row_gap_mobile&quot;:{&quot;unit&quot;:&quot;px&quot;,&quot;size&quot;:&quot;&quot;,&quot;sizes&quot;:[]}}\" data-widget_type=\"posts.classic\">\n\t\t\t\t<div class=\"elementor-widget-container\">\n\t\t\t\t\t\t\t<div class=\"elementor-posts-container elementor-posts elementor-posts--skin-classic elementor-grid\" role=\"list\">\n\t\t\t\t<article class=\"elementor-post elementor-grid-item post-20976 post type-post status-publish format-standard hentry category-in-the-news\" role=\"listitem\">\n\t\t\t\t<div class=\"elementor-post__text\">\n\t\t\t\t<h2 class=\"elementor-post__title\">\n\t\t\t<a href=\"https:\/\/www.merkley.senate.gov\/es\/in-south-korea-nations-meet-in-final-round-to-address-global-plastic-crisis\/\" >\n\t\t\t\tIn South Korea, nations meet in final round to address global plastic crisis\t\t\t<\/a>\n\t\t<\/h2>\n\t\t\t\t<div class=\"elementor-post__meta-data\">\n\t\t\t\t\t<span class=\"elementor-post-date\">\n\t\t\tNovember 25, 2024\t\t<\/span>\n\t\t\t\t<\/div>\n\t\t\t\t<div class=\"elementor-post__excerpt\">\n\t\t\t<p>AP News Negotiators gathered in Busan, South Korea, on Monday in a final push to create a treaty to address the global crisis of plastic pollution. It\u2019s the fifth time the world\u2019s nations convene to craft a legally binding plastic pollution accord. In addition to the national delegations, representatives from<\/p>\n\t\t<\/div>\n\t\t\n\t\t<a class=\"elementor-post__read-more\" href=\"https:\/\/www.merkley.senate.gov\/es\/in-south-korea-nations-meet-in-final-round-to-address-global-plastic-crisis\/\" aria-label=\"Read more about In South Korea, nations meet in final round to address global plastic crisis\" tabindex=\"-1\" >\n\t\t\t<i aria-hidden=\"true\" class=\"fal fa-chevron-circle-right\"><\/i>\t\t<\/a>\n\n\t\t\t\t<\/div>\n\t\t\t\t<\/article>\n\t\t\t\t<article class=\"elementor-post elementor-grid-item post-20966 post type-post status-publish format-standard hentry category-in-the-news\" role=\"listitem\">\n\t\t\t\t<div class=\"elementor-post__text\">\n\t\t\t\t<h2 class=\"elementor-post__title\">\n\t\t\t<a href=\"https:\/\/www.merkley.senate.gov\/es\/oregon-receives-nearly-1m-to-support-farmworker-affordable-housing\/\" >\n\t\t\t\tOregon receives nearly $1M to support farmworker affordable housing\t\t\t<\/a>\n\t\t<\/h2>\n\t\t\t\t<div class=\"elementor-post__meta-data\">\n\t\t\t\t\t<span class=\"elementor-post-date\">\n\t\t\tNovember 25, 2024\t\t<\/span>\n\t\t\t\t<\/div>\n\t\t\t\t<div class=\"elementor-post__excerpt\">\n\t\t\t<p>Lincoln County Leader Sustainable and affordable housing for Oregon\u2019s farmworkers continues to be a challenge, but now a new federal investment is designed to help. The U.S. Department of Agriculture (USDA) has awarded $956,333 for a project to rehabilitate Villa Del Sol, a multi-family affordable housing complex in McMinnville that<\/p>\n\t\t<\/div>\n\t\t\n\t\t<a class=\"elementor-post__read-more\" href=\"https:\/\/www.merkley.senate.gov\/es\/oregon-receives-nearly-1m-to-support-farmworker-affordable-housing\/\" aria-label=\"Read more about Oregon receives nearly $1M to support farmworker affordable housing\" tabindex=\"-1\" >\n\t\t\t<i aria-hidden=\"true\" class=\"fal fa-chevron-circle-right\"><\/i>\t\t<\/a>\n\n\t\t\t\t<\/div>\n\t\t\t\t<\/article>\n\t\t\t\t<article class=\"elementor-post elementor-grid-item post-20970 post type-post status-publish format-standard hentry category-in-the-news\" role=\"listitem\">\n\t\t\t\t<div class=\"elementor-post__text\">\n\t\t\t\t<h2 class=\"elementor-post__title\">\n\t\t\t<a href=\"https:\/\/www.merkley.senate.gov\/es\/the-world-seeks-an-end-to-plastic-pollution-at-talks-in-south-korea\/\" >\n\t\t\t\tThe World Seeks an End to Plastic Pollution at Talks in South Korea\t\t\t<\/a>\n\t\t<\/h2>\n\t\t\t\t<div class=\"elementor-post__meta-data\">\n\t\t\t\t\t<span class=\"elementor-post-date\">\n\t\t\tNovember 24, 2024\t\t<\/span>\n\t\t\t\t<\/div>\n\t\t\t\t<div class=\"elementor-post__excerpt\">\n\t\t\t<p>New York Times Many nations hope to reduce the half a billion tons of plastic made each year. But pushback from plastic and oil producers, and Donald Trump\u2019s election, could scuttle an agreement. On the heels of contentious climate talks in Azerbaijan, negotiators from around the globe are descending on<\/p>\n\t\t<\/div>\n\t\t\n\t\t<a class=\"elementor-post__read-more\" href=\"https:\/\/www.merkley.senate.gov\/es\/the-world-seeks-an-end-to-plastic-pollution-at-talks-in-south-korea\/\" aria-label=\"Read more about The World Seeks an End to Plastic Pollution at Talks in South Korea\" tabindex=\"-1\" >\n\t\t\t<i aria-hidden=\"true\" class=\"fal fa-chevron-circle-right\"><\/i>\t\t<\/a>\n\n\t\t\t\t<\/div>\n\t\t\t\t<\/article>\n\t\t\t\t<article class=\"elementor-post elementor-grid-item post-20974 post type-post status-publish format-standard hentry category-in-the-news\" role=\"listitem\">\n\t\t\t\t<div class=\"elementor-post__text\">\n\t\t\t\t<h2 class=\"elementor-post__title\">\n\t\t\t<a href=\"https:\/\/www.merkley.senate.gov\/es\/senators-say-tsas-facial-recognition-program-is-out-of-control-heres-how-to-opt-out\/\" >\n\t\t\t\tSenators Say TSA\u2019s Facial Recognition Program Is Out of Control, Here\u2019s How to Opt Out\t\t\t<\/a>\n\t\t<\/h2>\n\t\t\t\t<div class=\"elementor-post__meta-data\">\n\t\t\t\t\t<span class=\"elementor-post-date\">\n\t\t\t22 de noviembre de 2024\t\t<\/span>\n\t\t\t\t<\/div>\n\t\t\t\t<div class=\"elementor-post__excerpt\">\n\t\t\t<p>Gizmodo A bipartisan group of 12 senators has urged the Transportation Security Administration\u2019s inspector general to investigate the agency\u2019s use of facial recognition, saying it poses a significant threat to privacy and civil liberties. Their letter comes just before one of the busiest travel periods of the year when millions<\/p>\n\t\t<\/div>\n\t\t\n\t\t<a class=\"elementor-post__read-more\" href=\"https:\/\/www.merkley.senate.gov\/es\/senators-say-tsas-facial-recognition-program-is-out-of-control-heres-how-to-opt-out\/\" aria-label=\"Read more about Senators Say TSA\u2019s Facial Recognition Program Is Out of Control, Here\u2019s How to Opt Out\" tabindex=\"-1\" >\n\t\t\t<i aria-hidden=\"true\" class=\"fal fa-chevron-circle-right\"><\/i>\t\t<\/a>\n\n\t\t\t\t<\/div>\n\t\t\t\t<\/article>\n\t\t\t\t<article class=\"elementor-post elementor-grid-item post-20964 post type-post status-publish format-standard hentry category-in-the-news\" role=\"listitem\">\n\t\t\t\t<div class=\"elementor-post__text\">\n\t\t\t\t<h2 class=\"elementor-post__title\">\n\t\t\t<a href=\"https:\/\/www.merkley.senate.gov\/es\/trending-odot-receives-31-9-million-to-slash-pollution-from-construction-projects\/\" >\n\t\t\t\tTrending &#8211; ODOT receives $31.9 Million to slash pollution from construction projects\t\t\t<\/a>\n\t\t<\/h2>\n\t\t\t\t<div class=\"elementor-post__meta-data\">\n\t\t\t\t\t<span class=\"elementor-post-date\">\n\t\t\tNovember 20, 2024\t\t<\/span>\n\t\t\t\t<\/div>\n\t\t\t\t<div class=\"elementor-post__excerpt\">\n\t\t\t<p>Cottage Grove Sentinel The Oregon Department of Transportation (ODOT) is receiving $31,933,577 to use cleaner construction materials on federally-funded projects statewide. The funding comes from the historic Inflation Reduction Act\u2019s Low Carbon Transportation Materials Discretionary Grant Program, which supports continued growth in American manufacturing to boost the competitiveness of clean<\/p>\n\t\t<\/div>\n\t\t\n\t\t<a class=\"elementor-post__read-more\" href=\"https:\/\/www.merkley.senate.gov\/es\/trending-odot-receives-31-9-million-to-slash-pollution-from-construction-projects\/\" aria-label=\"Read more about Trending &#8211; ODOT receives $31.9 Million to slash pollution from construction projects\" tabindex=\"-1\" >\n\t\t\t<i aria-hidden=\"true\" class=\"fal fa-chevron-circle-right\"><\/i>\t\t<\/a>\n\n\t\t\t\t<\/div>\n\t\t\t\t<\/article>\n\t\t\t\t<article class=\"elementor-post elementor-grid-item post-20961 post type-post status-publish format-standard hentry category-in-the-news\" role=\"listitem\">\n\t\t\t\t<div class=\"elementor-post__text\">\n\t\t\t\t<h2 class=\"elementor-post__title\">\n\t\t\t<a href=\"https:\/\/www.merkley.senate.gov\/es\/election-betting-senator-jeff-merkley-warns-of-potential-corruption\/\" >\n\t\t\t\tElection betting: Senator Jeff Merkley warns of potential corruption\t\t\t<\/a>\n\t\t<\/h2>\n\t\t\t\t<div class=\"elementor-post__meta-data\">\n\t\t\t\t\t<span class=\"elementor-post-date\">\n\t\t\tNovember 20, 2024\t\t<\/span>\n\t\t\t\t<\/div>\n\t\t\t\t<div class=\"elementor-post__excerpt\">\n\t\t\t<p>KTVZ BEND, Ore. (KTVZ) &#8212;&nbsp;&nbsp;Betting on the outcome of elections was incredibly popular this year, but Oregon Senator Jeff Merkley&nbsp;continues to speak out&nbsp;against it. &nbsp;According to MarketWatch, bettors placed more than $5 million in bets on the presidential election. Senator Merkley says this goes far beyond recreational betting, with big<\/p>\n\t\t<\/div>\n\t\t\n\t\t<a class=\"elementor-post__read-more\" href=\"https:\/\/www.merkley.senate.gov\/es\/election-betting-senator-jeff-merkley-warns-of-potential-corruption\/\" aria-label=\"Read more about Election betting: Senator Jeff Merkley warns of potential corruption\" tabindex=\"-1\" >\n\t\t\t<i aria-hidden=\"true\" class=\"fal fa-chevron-circle-right\"><\/i>\t\t<\/a>\n\n\t\t\t\t<\/div>\n\t\t\t\t<\/article>\n\t\t\t\t<\/div>\n\t\t\n\t\t\t\t<div class=\"e-load-more-anchor\" data-page=\"1\" data-max-page=\"382\" data-next-page=\"https:\/\/www.merkley.senate.gov\/es\/wp-json\/wp\/v2\/pages\/11011\/page\/2\/\"><\/div>\n\t\t\t\t<nav class=\"elementor-pagination\" aria-label=\"Pagination\">\n\t\t\t<span class=\"page-numbers prev\">&quot; Anterior<\/span>\n<span aria-current=\"page\" class=\"page-numbers current\"><span class=\"elementor-screen-only\">P\u00e1gina<\/span>1<\/span>\n<a class=\"page-numbers\" href=\"https:\/\/www.merkley.senate.gov\/es\/wp-json\/wp\/v2\/pages\/11011\/page\/2\/\"><span class=\"elementor-screen-only\">P\u00e1gina<\/span>2<\/a>\n<a class=\"page-numbers\" href=\"https:\/\/www.merkley.senate.gov\/es\/wp-json\/wp\/v2\/pages\/11011\/page\/3\/\"><span class=\"elementor-screen-only\">P\u00e1gina<\/span>3<\/a>\n<span class=\"page-numbers dots\">\u2026<\/span>\n<a class=\"page-numbers\" href=\"https:\/\/www.merkley.senate.gov\/es\/wp-json\/wp\/v2\/pages\/11011\/page\/382\/\"><span class=\"elementor-screen-only\">P\u00e1gina<\/span>382<\/a>\n<a class=\"page-numbers next\" href=\"https:\/\/www.merkley.senate.gov\/es\/wp-json\/wp\/v2\/pages\/11011\/page\/2\/\">Pr\u00f3ximo &quot;<\/a>\t\t<\/nav>\n\t\t\t\t\t\t<\/div>\n\t\t\t\t<\/div>\n\t\t\t\t\t<\/div>\n\t\t<\/div>\n\t\t\t\t\t<\/div>\n\t\t<\/section>\n\t\t\t\t<\/div>","protected":false},"excerpt":{"rendered":"","protected":false},"author":4,"featured_media":0,"parent":12,"menu_order":0,"comment_status":"closed","ping_status":"closed","template":"","meta":{"_acf_changed":false,"inline_featured_image":false,"footnotes":""},"class_list":["post-11011","page","type-page","status-publish","hentry"],"acf":[],"yoast_head":"<!-- This site is optimized with the Yoast SEO plugin v27.2 - https:\/\/yoast.com\/product\/yoast-seo-wordpress\/ -->\n<title>In The News - Merkley<\/title>\n<meta name=\"robots\" content=\"index, follow, max-snippet:-1, max-image-preview:large, max-video-preview:-1\" \/>\n<link rel=\"canonical\" href=\"https:\/\/www.merkley.senate.gov\/es\/news\/in-the-news\/\" \/>\n<meta property=\"og:locale\" content=\"es_MX\" \/>\n<meta property=\"og:type\" content=\"article\" \/>\n<meta property=\"og:title\" content=\"In The News - Merkley\" \/>\n<meta property=\"og:url\" content=\"https:\/\/www.merkley.senate.gov\/es\/news\/in-the-news\/\" \/>\n<meta property=\"og:site_name\" content=\"Merkley\" \/>\n<meta property=\"article:modified_time\" content=\"2023-07-25T18:36:28+00:00\" \/>\n<meta name=\"twitter:card\" content=\"summary_large_image\" \/>\n<meta name=\"twitter:label1\" content=\"Est. reading time\" \/>\n\t<meta name=\"twitter:data1\" content=\"3 minutes\" \/>\n<script type=\"application\/ld+json\" class=\"yoast-schema-graph\">{\"@context\":\"https:\/\/schema.org\",\"@graph\":[{\"@type\":\"WebPage\",\"@id\":\"https:\/\/www.merkley.senate.gov\/news\/in-the-news\/\",\"url\":\"https:\/\/www.merkley.senate.gov\/news\/in-the-news\/\",\"name\":\"In The News - Merkley\",\"isPartOf\":{\"@id\":\"https:\/\/www.merkley.senate.gov\/#website\"},\"datePublished\":\"2023-07-24T13:03:22+00:00\",\"dateModified\":\"2023-07-25T18:36:28+00:00\",\"breadcrumb\":{\"@id\":\"https:\/\/www.merkley.senate.gov\/news\/in-the-news\/#breadcrumb\"},\"inLanguage\":\"es-MX\",\"potentialAction\":[{\"@type\":\"ReadAction\",\"target\":[\"https:\/\/www.merkley.senate.gov\/news\/in-the-news\/\"]}]},{\"@type\":\"BreadcrumbList\",\"@id\":\"https:\/\/www.merkley.senate.gov\/news\/in-the-news\/#breadcrumb\",\"itemListElement\":[{\"@type\":\"ListItem\",\"position\":1,\"name\":\"Home\",\"item\":\"https:\/\/www.merkley.senate.gov\/\"},{\"@type\":\"ListItem\",\"position\":2,\"name\":\"News\",\"item\":\"https:\/\/www.merkley.senate.gov\/news\/\"},{\"@type\":\"ListItem\",\"position\":3,\"name\":\"In The News\"}]},{\"@type\":\"WebSite\",\"@id\":\"https:\/\/www.merkley.senate.gov\/#website\",\"url\":\"https:\/\/www.merkley.senate.gov\/\",\"name\":\"Merkley\",\"description\":\"Merkley\",\"potentialAction\":[{\"@type\":\"SearchAction\",\"target\":{\"@type\":\"EntryPoint\",\"urlTemplate\":\"https:\/\/www.merkley.senate.gov\/?s={search_term_string}\"},\"query-input\":{\"@type\":\"PropertyValueSpecification\",\"valueRequired\":true,\"valueName\":\"search_term_string\"}}],\"inLanguage\":\"es-MX\"}]}<\/script>\n<!-- \/ Yoast SEO plugin. -->","yoast_head_json":{"title":"In The News - Merkley","robots":{"index":"index","follow":"follow","max-snippet":"max-snippet:-1","max-image-preview":"max-image-preview:large","max-video-preview":"max-video-preview:-1"},"canonical":"https:\/\/www.merkley.senate.gov\/es\/news\/in-the-news\/","og_locale":"es_MX","og_type":"article","og_title":"In The News - Merkley","og_url":"https:\/\/www.merkley.senate.gov\/es\/news\/in-the-news\/","og_site_name":"Merkley","article_modified_time":"2023-07-25T18:36:28+00:00","twitter_card":"summary_large_image","twitter_misc":{"Est. reading time":"3 minutes"},"schema":{"@context":"https:\/\/schema.org","@graph":[{"@type":"WebPage","@id":"https:\/\/www.merkley.senate.gov\/news\/in-the-news\/","url":"https:\/\/www.merkley.senate.gov\/news\/in-the-news\/","name":"In The News - Merkley","isPartOf":{"@id":"https:\/\/www.merkley.senate.gov\/#website"},"datePublished":"2023-07-24T13:03:22+00:00","dateModified":"2023-07-25T18:36:28+00:00","breadcrumb":{"@id":"https:\/\/www.merkley.senate.gov\/news\/in-the-news\/#breadcrumb"},"inLanguage":"es-MX","potentialAction":[{"@type":"ReadAction","target":["https:\/\/www.merkley.senate.gov\/news\/in-the-news\/"]}]},{"@type":"BreadcrumbList","@id":"https:\/\/www.merkley.senate.gov\/news\/in-the-news\/#breadcrumb","itemListElement":[{"@type":"ListItem","position":1,"name":"Home","item":"https:\/\/www.merkley.senate.gov\/"},{"@type":"ListItem","position":2,"name":"News","item":"https:\/\/www.merkley.senate.gov\/news\/"},{"@type":"ListItem","position":3,"name":"In The News"}]},{"@type":"WebSite","@id":"https:\/\/www.merkley.senate.gov\/#website","url":"https:\/\/www.merkley.senate.gov\/","name":"merkley","description":"merkley","potentialAction":[{"@type":"SearchAction","target":{"@type":"EntryPoint","urlTemplate":"https:\/\/www.merkley.senate.gov\/?s={search_term_string}"},"query-input":{"@type":"PropertyValueSpecification","valueRequired":true,"valueName":"search_term_string"}}],"inLanguage":"es-MX"}]}},"_links":{"self":[{"href":"https:\/\/www.merkley.senate.gov\/es\/wp-json\/wp\/v2\/pages\/11011","targetHints":{"allow":["GET"]}}],"collection":[{"href":"https:\/\/www.merkley.senate.gov\/es\/wp-json\/wp\/v2\/pages"}],"about":[{"href":"https:\/\/www.merkley.senate.gov\/es\/wp-json\/wp\/v2\/types\/page"}],"author":[{"embeddable":true,"href":"https:\/\/www.merkley.senate.gov\/es\/wp-json\/wp\/v2\/users\/4"}],"replies":[{"embeddable":true,"href":"https:\/\/www.merkley.senate.gov\/es\/wp-json\/wp\/v2\/comments?post=11011"}],"version-history":[{"count":16,"href":"https:\/\/www.merkley.senate.gov\/es\/wp-json\/wp\/v2\/pages\/11011\/revisions"}],"predecessor-version":[{"id":16995,"href":"https:\/\/www.merkley.senate.gov\/es\/wp-json\/wp\/v2\/pages\/11011\/revisions\/16995"}],"up":[{"embeddable":true,"href":"https:\/\/www.merkley.senate.gov\/es\/wp-json\/wp\/v2\/pages\/12"}],"wp:attachment":[{"href":"https:\/\/www.merkley.senate.gov\/es\/wp-json\/wp\/v2\/media?parent=11011"}],"curies":[{"name":"wp","href":"https:\/\/api.w.org\/{rel}","templated":true}]}}