{"id":17408,"date":"2023-08-03T10:15:03","date_gmt":"2023-08-03T14:15:03","guid":{"rendered":"https:\/\/www.merkley.senate.gov\/?page_id=17408"},"modified":"2023-08-03T11:59:37","modified_gmt":"2023-08-03T15:59:37","slug":"oregon-stories","status":"publish","type":"page","link":"https:\/\/www.merkley.senate.gov\/es\/about\/oregon-stories\/","title":{"rendered":"Historias de Oreg\u00f3n"},"content":{"rendered":"<div data-elementor-type=\"wp-page\" data-elementor-id=\"17408\" class=\"elementor elementor-17408\" data-elementor-post-type=\"page\">\n\t\t\t\t\t\t<section class=\"elementor-section elementor-top-section elementor-element elementor-element-3507338 elementor-section-boxed elementor-section-height-default elementor-section-height-default\" data-id=\"3507338\" data-element_type=\"section\" data-e-type=\"section\">\n\t\t\t\t\t\t<div class=\"elementor-container elementor-column-gap-default\">\n\t\t\t\t\t<div class=\"elementor-column elementor-col-100 elementor-top-column elementor-element elementor-element-7330780\" data-id=\"7330780\" data-element_type=\"column\" data-e-type=\"column\">\n\t\t\t<div class=\"elementor-widget-wrap elementor-element-populated\">\n\t\t\t\t\t\t<div class=\"elementor-element elementor-element-4bef462 elementor-widget elementor-widget-text-editor\" data-id=\"4bef462\" data-element_type=\"widget\" data-e-type=\"widget\" data-widget_type=\"text-editor.default\">\n\t\t\t\t<div class=\"elementor-widget-container\">\n\t\t\t\t\t\t\t\t\t<p>La primera prioridad de Jeff es defender a los habitantes de Oreg\u00f3n. Tiene todo un equipo en Oreg\u00f3n que trabaja todos los d\u00edas para ayudar a los habitantes de Oreg\u00f3n a reducir los tr\u00e1mites burocr\u00e1ticos y trabajar con las agencias federales. Su oficina puede ayudarlo a obtener los beneficios del Seguro Social, responder preguntas sobre Medicare, obtener informaci\u00f3n de inmigraci\u00f3n, consultar sobre solicitudes de pasaporte, navegar por asuntos del IRS y otros asuntos federales. A continuaci\u00f3n se incluyen algunos ejemplos en los que Jeff ha podido ayudar a los habitantes de Oreg\u00f3n o a las peque\u00f1as empresas de nuestro estado a obtener la asistencia que necesitan.<\/p><p><iframe style=\"position: absolute !important; top: -1000px !important; left: -1000px !important; opacity: 0 !important;\" aria-hidden=\"true\"><\/iframe><\/p>\t\t\t\t\t\t\t\t<\/div>\n\t\t\t\t<\/div>\n\t\t\t\t\t<\/div>\n\t\t<\/div>\n\t\t\t\t\t<\/div>\n\t\t<\/section>\n\t\t\t\t<section class=\"elementor-section elementor-top-section elementor-element elementor-element-4ffea9d elementor-section-boxed elementor-section-height-default elementor-section-height-default\" data-id=\"4ffea9d\" data-element_type=\"section\" data-e-type=\"section\">\n\t\t\t\t\t\t<div class=\"elementor-container elementor-column-gap-default\">\n\t\t\t\t\t<div class=\"elementor-column elementor-col-100 elementor-top-column elementor-element elementor-element-2621fa9\" data-id=\"2621fa9\" data-element_type=\"column\" data-e-type=\"column\">\n\t\t\t<div class=\"elementor-widget-wrap elementor-element-populated\">\n\t\t\t\t\t\t<div class=\"elementor-element elementor-element-5b2c7e5 elementor-posts--thumbnail-none elementor-grid-tablet-1 elementor-grid-3 elementor-grid-mobile-1 elementor-widget elementor-widget-posts\" data-id=\"5b2c7e5\" data-element_type=\"widget\" data-e-type=\"widget\" data-settings=\"{&quot;classic_row_gap&quot;:{&quot;unit&quot;:&quot;px&quot;,&quot;size&quot;:45,&quot;sizes&quot;:[]},&quot;classic_columns_tablet&quot;:&quot;1&quot;,&quot;classic_row_gap_tablet&quot;:{&quot;unit&quot;:&quot;px&quot;,&quot;size&quot;:20,&quot;sizes&quot;:[]},&quot;classic_columns&quot;:&quot;3&quot;,&quot;classic_columns_mobile&quot;:&quot;1&quot;,&quot;classic_row_gap_laptop&quot;:{&quot;unit&quot;:&quot;px&quot;,&quot;size&quot;:&quot;&quot;,&quot;sizes&quot;:[]},&quot;classic_row_gap_tablet_extra&quot;:{&quot;unit&quot;:&quot;px&quot;,&quot;size&quot;:&quot;&quot;,&quot;sizes&quot;:[]},&quot;classic_row_gap_mobile_extra&quot;:{&quot;unit&quot;:&quot;px&quot;,&quot;size&quot;:&quot;&quot;,&quot;sizes&quot;:[]},&quot;classic_row_gap_mobile&quot;:{&quot;unit&quot;:&quot;px&quot;,&quot;size&quot;:&quot;&quot;,&quot;sizes&quot;:[]}}\" data-widget_type=\"posts.classic\">\n\t\t\t\t<div class=\"elementor-widget-container\">\n\t\t\t\t\t\t\t<div class=\"elementor-posts-container elementor-posts elementor-posts--skin-classic elementor-grid\" role=\"list\">\n\t\t\t\t<article class=\"elementor-post elementor-grid-item post-18000 post type-post status-publish format-standard hentry category-oregon-stories tag-honoring-our-veterans\" role=\"listitem\">\n\t\t\t\t<div class=\"elementor-post__text\">\n\t\t\t\t<h2 class=\"elementor-post__title\">\n\t\t\t<a href=\"https:\/\/www.merkley.senate.gov\/es\/helping-an-oregon-veteran-leave-behind-his-legacy\/\" >\n\t\t\t\tAyudar a un veterano de Oreg\u00f3n a dejar atr\u00e1s su legado\t\t\t<\/a>\n\t\t<\/h2>\n\t\t\t\t<div class=\"elementor-post__excerpt\">\n\t\t\t<p>Los veteranos de Estados Unidos han hecho innumerables sacrificios para proteger nuestros valores y libertades. Las medallas y cintas militares son s\u00edmbolos fundamentales para reconocer estos sacrificios, logros y dedicaci\u00f3n al deber, pero a veces los veteranos no reciben las medallas que han ganado y merecen. Cuando los veteranos se topan con obst\u00e1culos para acceder a estas claves<\/p>\n\t\t<\/div>\n\t\t\n\t\t<a class=\"elementor-post__read-more\" href=\"https:\/\/www.merkley.senate.gov\/es\/helping-an-oregon-veteran-leave-behind-his-legacy\/\" aria-label=\"Read more about Helping an Oregon Veteran Leave Behind his Legacy\" tabindex=\"-1\" >\n\t\t\t<i aria-hidden=\"true\" class=\"fal fa-chevron-circle-right\"><\/i>\t\t<\/a>\n\n\t\t\t\t<\/div>\n\t\t\t\t<\/article>\n\t\t\t\t<article class=\"elementor-post elementor-grid-item post-17310 post type-post status-publish format-standard hentry category-oregon-stories\" role=\"listitem\">\n\t\t\t\t<div class=\"elementor-post__text\">\n\t\t\t\t<h2 class=\"elementor-post__title\">\n\t\t\t<a href=\"https:\/\/www.merkley.senate.gov\/es\/helping-a-mother-honor-her-sons-service\/\" >\n\t\t\t\tC\u00f3mo ayudar a una madre a honrar el servicio de su hijo\t\t\t<\/a>\n\t\t<\/h2>\n\t\t\t\t<div class=\"elementor-post__excerpt\">\n\t\t\t<p>Los veteranos estadounidenses provienen de todos los \u00e1mbitos de la vida, pero todos comparten un compromiso com\u00fan de servir a nuestra naci\u00f3n. Jeff cree firmemente que todos los que sirven y se sacrifican por nuestro pa\u00eds merecen todo nuestro aprecio. Es por eso que est\u00e1 luchando para garantizar que todos los veteranos, independientemente de su raza, g\u00e9nero,<\/p>\n\t\t<\/div>\n\t\t\n\t\t<a class=\"elementor-post__read-more\" href=\"https:\/\/www.merkley.senate.gov\/es\/helping-a-mother-honor-her-sons-service\/\" aria-label=\"Read more about Helping a Mother Honor Her Son\u2019s Service\" tabindex=\"-1\" >\n\t\t\t<i aria-hidden=\"true\" class=\"fal fa-chevron-circle-right\"><\/i>\t\t<\/a>\n\n\t\t\t\t<\/div>\n\t\t\t\t<\/article>\n\t\t\t\t<article class=\"elementor-post elementor-grid-item post-17308 post type-post status-publish format-standard hentry category-oregon-stories\" role=\"listitem\">\n\t\t\t\t<div class=\"elementor-post__text\">\n\t\t\t\t<h2 class=\"elementor-post__title\">\n\t\t\t<a href=\"https:\/\/www.merkley.senate.gov\/es\/honoring-our-pact-to-oregon-veterans-and-their-families\/\" >\n\t\t\t\tHonrando Nuestro PACTO a los Veteranos de Oreg\u00f3n y sus Familias\t\t\t<\/a>\n\t\t<\/h2>\n\t\t\t\t<div class=\"elementor-post__excerpt\">\n\t\t\t<p>Los veteranos y sus familias se han puesto de pie y se han sacrificado por nuestra naci\u00f3n, y debemos defenderlos. Es por eso que la oficina de Jeff se puso en acci\u00f3n para apoyar al constituyente de Portland, Sri Benson, en su misi\u00f3n de honrar a su difunta esposa, la cabo Katherine &quot;KT&quot; Benson. \u201cFuimos novios en la escuela secundaria, y<\/p>\n\t\t<\/div>\n\t\t\n\t\t<a class=\"elementor-post__read-more\" href=\"https:\/\/www.merkley.senate.gov\/es\/honoring-our-pact-to-oregon-veterans-and-their-families\/\" aria-label=\"Read more about Honoring Our PACT to Oregon Veterans and Their Families\" tabindex=\"-1\" >\n\t\t\t<i aria-hidden=\"true\" class=\"fal fa-chevron-circle-right\"><\/i>\t\t<\/a>\n\n\t\t\t\t<\/div>\n\t\t\t\t<\/article>\n\t\t\t\t<\/div>\n\t\t\n\t\t\t\t\t\t<\/div>\n\t\t\t\t<\/div>\n\t\t\t\t<div class=\"elementor-element elementor-element-21aca13 elementor-grid-1 elementor-posts--thumbnail-none elementor-grid-tablet-2 elementor-grid-mobile-1 elementor-widget elementor-widget-posts\" data-id=\"21aca13\" data-element_type=\"widget\" data-e-type=\"widget\" data-settings=\"{&quot;classic_columns&quot;:&quot;1&quot;,&quot;classic_row_gap&quot;:{&quot;unit&quot;:&quot;px&quot;,&quot;size&quot;:45,&quot;sizes&quot;:[]},&quot;pagination_type&quot;:&quot;numbers_and_prev_next&quot;,&quot;classic_columns_tablet&quot;:&quot;2&quot;,&quot;classic_columns_mobile&quot;:&quot;1&quot;,&quot;classic_row_gap_laptop&quot;:{&quot;unit&quot;:&quot;px&quot;,&quot;size&quot;:&quot;&quot;,&quot;sizes&quot;:[]},&quot;classic_row_gap_tablet_extra&quot;:{&quot;unit&quot;:&quot;px&quot;,&quot;size&quot;:&quot;&quot;,&quot;sizes&quot;:[]},&quot;classic_row_gap_tablet&quot;:{&quot;unit&quot;:&quot;px&quot;,&quot;size&quot;:&quot;&quot;,&quot;sizes&quot;:[]},&quot;classic_row_gap_mobile_extra&quot;:{&quot;unit&quot;:&quot;px&quot;,&quot;size&quot;:&quot;&quot;,&quot;sizes&quot;:[]},&quot;classic_row_gap_mobile&quot;:{&quot;unit&quot;:&quot;px&quot;,&quot;size&quot;:&quot;&quot;,&quot;sizes&quot;:[]}}\" data-widget_type=\"posts.classic\">\n\t\t\t\t<div class=\"elementor-widget-container\">\n\t\t\t\t\t\t\t<div class=\"elementor-posts-container elementor-posts elementor-posts--skin-classic elementor-grid\" role=\"list\">\n\t\t\t\t<article class=\"elementor-post elementor-grid-item post-17306 post type-post status-publish format-standard hentry category-oregon-stories\" role=\"listitem\">\n\t\t\t\t<div class=\"elementor-post__text\">\n\t\t\t\t<h2 class=\"elementor-post__title\">\n\t\t\t<a href=\"https:\/\/www.merkley.senate.gov\/es\/passport-push-saves-proposal\/\" >\n\t\t\t\tPassport Push Saves Propuesta\t\t\t<\/a>\n\t\t<\/h2>\n\t\t\t\t<div class=\"elementor-post__excerpt\">\n\t\t\t<p>Jeff sabe que, a pesar de nuestros mejores esfuerzos en la vida, todos podemos dejar caer la pelota a veces. Afortunadamente, su oficina est\u00e1 aqu\u00ed para ayudar a los habitantes de Oreg\u00f3n a recogerlo cuando m\u00e1s lo necesitan, solo preg\u00fantele al constituyente Kevin Stanley. El educador de salud de South Salem High School ten\u00eda boletos reservados de PDX este<\/p>\n\t\t<\/div>\n\t\t\n\t\t<a class=\"elementor-post__read-more\" href=\"https:\/\/www.merkley.senate.gov\/es\/passport-push-saves-proposal\/\" aria-label=\"Read more about Passport Push Saves Proposal\" tabindex=\"-1\" >\n\t\t\t<i aria-hidden=\"true\" class=\"fal fa-chevron-circle-right\"><\/i>\t\t<\/a>\n\n\t\t\t\t<\/div>\n\t\t\t\t<\/article>\n\t\t\t\t<article class=\"elementor-post elementor-grid-item post-17304 post type-post status-publish format-standard hentry category-oregon-stories\" role=\"listitem\">\n\t\t\t\t<div class=\"elementor-post__text\">\n\t\t\t\t<h2 class=\"elementor-post__title\">\n\t\t\t<a href=\"https:\/\/www.merkley.senate.gov\/es\/helping-oregonians-secure-their-benefits\/\" >\n\t\t\t\tAyudando a los habitantes de Oreg\u00f3n a asegurar sus beneficios\t\t\t<\/a>\n\t\t<\/h2>\n\t\t\t\t<div class=\"elementor-post__excerpt\">\n\t\t\t<p>Jeff sabe que comunicarse con las agencias gubernamentales puede ser un desaf\u00edo, y su oficina est\u00e1 lista para ayudar a los habitantes de Oreg\u00f3n a navegar por los complicados sistemas. Cuando un elector de Portland gan\u00f3 su caso de discapacidad de varios a\u00f1os con la Administraci\u00f3n del Seguro Social (SSA), pens\u00f3 que comenzar\u00eda a recibir pagos mensuales regulares de inmediato y ver\u00eda su<\/p>\n\t\t<\/div>\n\t\t\n\t\t<a class=\"elementor-post__read-more\" href=\"https:\/\/www.merkley.senate.gov\/es\/helping-oregonians-secure-their-benefits\/\" aria-label=\"Read more about Helping Oregonians Secure Their Benefits\" tabindex=\"-1\" >\n\t\t\t<i aria-hidden=\"true\" class=\"fal fa-chevron-circle-right\"><\/i>\t\t<\/a>\n\n\t\t\t\t<\/div>\n\t\t\t\t<\/article>\n\t\t\t\t<article class=\"elementor-post elementor-grid-item post-17302 post type-post status-publish format-standard hentry category-oregon-stories\" role=\"listitem\">\n\t\t\t\t<div class=\"elementor-post__text\">\n\t\t\t\t<h2 class=\"elementor-post__title\">\n\t\t\t<a href=\"https:\/\/www.merkley.senate.gov\/es\/helping-oregonians-wherever-they-are\/\" >\n\t\t\t\tAyudando a los habitantes de Oreg\u00f3n, dondequiera que est\u00e9n\t\t\t<\/a>\n\t\t<\/h2>\n\t\t\t\t<div class=\"elementor-post__excerpt\">\n\t\t\t<p>Jeff est\u00e1 comprometido a ayudar a los habitantes de Oreg\u00f3n a obtener la ayuda que necesitan con las agencias federales, sin importar en qu\u00e9 parte del mundo se encuentren. Es por eso que cuando Diana Woods, una oregoniana que actualmente vive en Francia, se comunic\u00f3 con ella sobre sus problemas con la Administraci\u00f3n del Seguro Social, el Equipo Merkley estaba ansioso por<\/p>\n\t\t<\/div>\n\t\t\n\t\t<a class=\"elementor-post__read-more\" href=\"https:\/\/www.merkley.senate.gov\/es\/helping-oregonians-wherever-they-are\/\" aria-label=\"Read more about Helping Oregonians, Wherever They Are\" tabindex=\"-1\" >\n\t\t\t<i aria-hidden=\"true\" class=\"fal fa-chevron-circle-right\"><\/i>\t\t<\/a>\n\n\t\t\t\t<\/div>\n\t\t\t\t<\/article>\n\t\t\t\t<article class=\"elementor-post elementor-grid-item post-17300 post type-post status-publish format-standard hentry category-oregon-stories\" role=\"listitem\">\n\t\t\t\t<div class=\"elementor-post__text\">\n\t\t\t\t<h2 class=\"elementor-post__title\">\n\t\t\t<a href=\"https:\/\/www.merkley.senate.gov\/es\/fighting-for-affordable-care\/\" >\n\t\t\t\tLuchando por el Cuidado de Salud Asequible\t\t\t<\/a>\n\t\t<\/h2>\n\t\t\t\t<div class=\"elementor-post__excerpt\">\n\t\t\t<p>Jeff sabe que el sistema de atenci\u00f3n m\u00e9dica de los Estados Unidos es complejo y, a menudo, escandalosamente costoso. Adem\u00e1s de trabajar en la legislaci\u00f3n que ayudar\u00eda a reducir los costos y crear un sistema de atenci\u00f3n m\u00e9dica simple y sin interrupciones, su equipo tambi\u00e9n trabaja constantemente para ayudar a resolver los problemas de atenci\u00f3n m\u00e9dica de sus electores, especialmente las batallas con el seguro.<\/p>\n\t\t<\/div>\n\t\t\n\t\t<a class=\"elementor-post__read-more\" href=\"https:\/\/www.merkley.senate.gov\/es\/fighting-for-affordable-care\/\" aria-label=\"Read more about Fighting for Affordable Care\" tabindex=\"-1\" >\n\t\t\t<i aria-hidden=\"true\" class=\"fal fa-chevron-circle-right\"><\/i>\t\t<\/a>\n\n\t\t\t\t<\/div>\n\t\t\t\t<\/article>\n\t\t\t\t<article class=\"elementor-post elementor-grid-item post-17297 post type-post status-publish format-standard hentry category-oregon-stories\" role=\"listitem\">\n\t\t\t\t<div class=\"elementor-post__text\">\n\t\t\t\t<h2 class=\"elementor-post__title\">\n\t\t\t<a href=\"https:\/\/www.merkley.senate.gov\/es\/restoring-mail-service-in-cascadia\/\" >\n\t\t\t\tRestablecimiento del servicio de correo en Cascadia\t\t\t<\/a>\n\t\t<\/h2>\n\t\t\t\t<div class=\"elementor-post__excerpt\">\n\t\t\t<p>Jeff cree que todos los habitantes de Oreg\u00f3n deber\u00edan tener acceso a los beneficios del Servicio Postal de los Estados Unidos, que desempe\u00f1a un papel crucial para mantener conectados a amigos y familiares, ayudar a los habitantes de Oreg\u00f3n a emitir su voto por correo y mantener art\u00edculos importantes como medicamentos y beneficios federales al alcance . Esos servicios solo se han convertido<\/p>\n\t\t<\/div>\n\t\t\n\t\t<a class=\"elementor-post__read-more\" href=\"https:\/\/www.merkley.senate.gov\/es\/restoring-mail-service-in-cascadia\/\" aria-label=\"Read more about Restoring Mail Service in Cascadia\" tabindex=\"-1\" >\n\t\t\t<i aria-hidden=\"true\" class=\"fal fa-chevron-circle-right\"><\/i>\t\t<\/a>\n\n\t\t\t\t<\/div>\n\t\t\t\t<\/article>\n\t\t\t\t<article class=\"elementor-post elementor-grid-item post-17295 post type-post status-publish format-standard hentry category-oregon-stories\" role=\"listitem\">\n\t\t\t\t<div class=\"elementor-post__text\">\n\t\t\t\t<h2 class=\"elementor-post__title\">\n\t\t\t<a href=\"https:\/\/www.merkley.senate.gov\/es\/helping-a-small-town-upgrade-essential-water-infrastructure\/\" >\n\t\t\t\tAyudando a un pueblo peque\u00f1o a mejorar la infraestructura de agua esencial\t\t\t<\/a>\n\t\t<\/h2>\n\t\t\t\t<div class=\"elementor-post__excerpt\">\n\t\t\t<p>Mientras Jeff viaja por el estado y se re\u00fane con l\u00edderes locales, un tema que surge constantemente, sin importar el tama\u00f1o o la inclinaci\u00f3n pol\u00edtica de la ciudad o el condado, es la infraestructura del agua: es incre\u00edblemente costoso actualizarla, pero tambi\u00e9n es un proyecto capital esencial para garantizar Los habitantes de Oreg\u00f3n tienen acceso a bebidas limpias y de calidad<\/p>\n\t\t<\/div>\n\t\t\n\t\t<a class=\"elementor-post__read-more\" href=\"https:\/\/www.merkley.senate.gov\/es\/helping-a-small-town-upgrade-essential-water-infrastructure\/\" aria-label=\"Read more about Helping A Small Town Upgrade Essential Water Infrastructure\" tabindex=\"-1\" >\n\t\t\t<i aria-hidden=\"true\" class=\"fal fa-chevron-circle-right\"><\/i>\t\t<\/a>\n\n\t\t\t\t<\/div>\n\t\t\t\t<\/article>\n\t\t\t\t<\/div>\n\t\t\n\t\t\t\t<div class=\"e-load-more-anchor\" data-page=\"1\" data-max-page=\"13\" data-next-page=\"https:\/\/www.merkley.senate.gov\/es\/wp-json\/wp\/v2\/pages\/17408\/page\/2\/\"><\/div>\n\t\t\t\t<nav class=\"elementor-pagination\" aria-label=\"Pagination\">\n\t\t\t<span class=\"page-numbers prev\">&quot; Anterior<\/span>\n<span aria-current=\"page\" class=\"page-numbers current\"><span class=\"elementor-screen-only\">P\u00e1gina<\/span>1<\/span>\n<a class=\"page-numbers\" href=\"https:\/\/www.merkley.senate.gov\/es\/wp-json\/wp\/v2\/pages\/17408\/page\/2\/\"><span class=\"elementor-screen-only\">P\u00e1gina<\/span>2<\/a>\n<a class=\"page-numbers\" href=\"https:\/\/www.merkley.senate.gov\/es\/wp-json\/wp\/v2\/pages\/17408\/page\/3\/\"><span class=\"elementor-screen-only\">P\u00e1gina<\/span>3<\/a>\n<span class=\"page-numbers dots\">\u2026<\/span>\n<a class=\"page-numbers\" href=\"https:\/\/www.merkley.senate.gov\/es\/wp-json\/wp\/v2\/pages\/17408\/page\/13\/\"><span class=\"elementor-screen-only\">P\u00e1gina<\/span>13<\/a>\n<a class=\"page-numbers next\" href=\"https:\/\/www.merkley.senate.gov\/es\/wp-json\/wp\/v2\/pages\/17408\/page\/2\/\">Pr\u00f3ximo &quot;<\/a>\t\t<\/nav>\n\t\t\t\t\t\t<\/div>\n\t\t\t\t<\/div>\n\t\t\t\t\t<\/div>\n\t\t<\/div>\n\t\t\t\t\t<\/div>\n\t\t<\/section>\n\t\t\t\t<\/div>","protected":false},"excerpt":{"rendered":"<p>Jeff\u2019s first priority is to stand up for Oregonians. He has a whole team in Oregon that is working every day to help Oregonians cut through red tape and work with federal agencies. His office can assist you with securing Social Security benefits, answering Medicare questions, obtaining immigration information, inquiring about passport applications, navigating IRS [&hellip;]<\/p>\n","protected":false},"author":6,"featured_media":0,"parent":614,"menu_order":0,"comment_status":"closed","ping_status":"closed","template":"","meta":{"_acf_changed":false,"inline_featured_image":false,"footnotes":""},"class_list":["post-17408","page","type-page","status-publish","hentry"],"acf":[],"yoast_head":"<!-- This site is optimized with the Yoast SEO plugin v27.2 - https:\/\/yoast.com\/product\/yoast-seo-wordpress\/ -->\n<title>Oregon Stories - Merkley<\/title>\n<meta name=\"robots\" content=\"index, follow, max-snippet:-1, max-image-preview:large, max-video-preview:-1\" \/>\n<link rel=\"canonical\" href=\"https:\/\/www.merkley.senate.gov\/es\/about\/oregon-stories\/\" \/>\n<meta property=\"og:locale\" content=\"es_MX\" \/>\n<meta property=\"og:type\" content=\"article\" \/>\n<meta property=\"og:title\" content=\"Oregon Stories - Merkley\" \/>\n<meta property=\"og:description\" content=\"Jeff\u2019s first priority is to stand up for Oregonians. He has a whole team in Oregon that is working every day to help Oregonians cut through red tape and work with federal agencies. His office can assist you with securing Social Security benefits, answering Medicare questions, obtaining immigration information, inquiring about passport applications, navigating IRS [&hellip;]\" \/>\n<meta property=\"og:url\" content=\"https:\/\/www.merkley.senate.gov\/es\/about\/oregon-stories\/\" \/>\n<meta property=\"og:site_name\" content=\"Merkley\" \/>\n<meta property=\"article:modified_time\" content=\"2023-08-03T15:59:37+00:00\" \/>\n<meta name=\"twitter:card\" content=\"summary_large_image\" \/>\n<meta name=\"twitter:label1\" content=\"Est. reading time\" \/>\n\t<meta name=\"twitter:data1\" content=\"1 minute\" \/>\n<script type=\"application\/ld+json\" class=\"yoast-schema-graph\">{\"@context\":\"https:\/\/schema.org\",\"@graph\":[{\"@type\":\"WebPage\",\"@id\":\"https:\/\/www.merkley.senate.gov\/about\/oregon-stories\/\",\"url\":\"https:\/\/www.merkley.senate.gov\/about\/oregon-stories\/\",\"name\":\"Oregon Stories - Merkley\",\"isPartOf\":{\"@id\":\"https:\/\/www.merkley.senate.gov\/#website\"},\"datePublished\":\"2023-08-03T14:15:03+00:00\",\"dateModified\":\"2023-08-03T15:59:37+00:00\",\"breadcrumb\":{\"@id\":\"https:\/\/www.merkley.senate.gov\/about\/oregon-stories\/#breadcrumb\"},\"inLanguage\":\"es-MX\",\"potentialAction\":[{\"@type\":\"ReadAction\",\"target\":[\"https:\/\/www.merkley.senate.gov\/about\/oregon-stories\/\"]}]},{\"@type\":\"BreadcrumbList\",\"@id\":\"https:\/\/www.merkley.senate.gov\/about\/oregon-stories\/#breadcrumb\",\"itemListElement\":[{\"@type\":\"ListItem\",\"position\":1,\"name\":\"Home\",\"item\":\"https:\/\/www.merkley.senate.gov\/\"},{\"@type\":\"ListItem\",\"position\":2,\"name\":\"About Jeff\",\"item\":\"https:\/\/www.merkley.senate.gov\/about\/\"},{\"@type\":\"ListItem\",\"position\":3,\"name\":\"Oregon Stories\"}]},{\"@type\":\"WebSite\",\"@id\":\"https:\/\/www.merkley.senate.gov\/#website\",\"url\":\"https:\/\/www.merkley.senate.gov\/\",\"name\":\"Merkley\",\"description\":\"Merkley\",\"potentialAction\":[{\"@type\":\"SearchAction\",\"target\":{\"@type\":\"EntryPoint\",\"urlTemplate\":\"https:\/\/www.merkley.senate.gov\/?s={search_term_string}\"},\"query-input\":{\"@type\":\"PropertyValueSpecification\",\"valueRequired\":true,\"valueName\":\"search_term_string\"}}],\"inLanguage\":\"es-MX\"}]}<\/script>\n<!-- \/ Yoast SEO plugin. -->","yoast_head_json":{"title":"Oregon Stories - Merkley","robots":{"index":"index","follow":"follow","max-snippet":"max-snippet:-1","max-image-preview":"max-image-preview:large","max-video-preview":"max-video-preview:-1"},"canonical":"https:\/\/www.merkley.senate.gov\/es\/about\/oregon-stories\/","og_locale":"es_MX","og_type":"article","og_title":"Oregon Stories - Merkley","og_description":"Jeff\u2019s first priority is to stand up for Oregonians. He has a whole team in Oregon that is working every day to help Oregonians cut through red tape and work with federal agencies. His office can assist you with securing Social Security benefits, answering Medicare questions, obtaining immigration information, inquiring about passport applications, navigating IRS [&hellip;]","og_url":"https:\/\/www.merkley.senate.gov\/es\/about\/oregon-stories\/","og_site_name":"Merkley","article_modified_time":"2023-08-03T15:59:37+00:00","twitter_card":"summary_large_image","twitter_misc":{"Est. reading time":"1 minute"},"schema":{"@context":"https:\/\/schema.org","@graph":[{"@type":"WebPage","@id":"https:\/\/www.merkley.senate.gov\/about\/oregon-stories\/","url":"https:\/\/www.merkley.senate.gov\/about\/oregon-stories\/","name":"Oregon Stories - Merkley","isPartOf":{"@id":"https:\/\/www.merkley.senate.gov\/#website"},"datePublished":"2023-08-03T14:15:03+00:00","dateModified":"2023-08-03T15:59:37+00:00","breadcrumb":{"@id":"https:\/\/www.merkley.senate.gov\/about\/oregon-stories\/#breadcrumb"},"inLanguage":"es-MX","potentialAction":[{"@type":"ReadAction","target":["https:\/\/www.merkley.senate.gov\/about\/oregon-stories\/"]}]},{"@type":"BreadcrumbList","@id":"https:\/\/www.merkley.senate.gov\/about\/oregon-stories\/#breadcrumb","itemListElement":[{"@type":"ListItem","position":1,"name":"Home","item":"https:\/\/www.merkley.senate.gov\/"},{"@type":"ListItem","position":2,"name":"About Jeff","item":"https:\/\/www.merkley.senate.gov\/about\/"},{"@type":"ListItem","position":3,"name":"Oregon Stories"}]},{"@type":"WebSite","@id":"https:\/\/www.merkley.senate.gov\/#website","url":"https:\/\/www.merkley.senate.gov\/","name":"merkley","description":"merkley","potentialAction":[{"@type":"SearchAction","target":{"@type":"EntryPoint","urlTemplate":"https:\/\/www.merkley.senate.gov\/?s={search_term_string}"},"query-input":{"@type":"PropertyValueSpecification","valueRequired":true,"valueName":"search_term_string"}}],"inLanguage":"es-MX"}]}},"_links":{"self":[{"href":"https:\/\/www.merkley.senate.gov\/es\/wp-json\/wp\/v2\/pages\/17408","targetHints":{"allow":["GET"]}}],"collection":[{"href":"https:\/\/www.merkley.senate.gov\/es\/wp-json\/wp\/v2\/pages"}],"about":[{"href":"https:\/\/www.merkley.senate.gov\/es\/wp-json\/wp\/v2\/types\/page"}],"author":[{"embeddable":true,"href":"https:\/\/www.merkley.senate.gov\/es\/wp-json\/wp\/v2\/users\/6"}],"replies":[{"embeddable":true,"href":"https:\/\/www.merkley.senate.gov\/es\/wp-json\/wp\/v2\/comments?post=17408"}],"version-history":[{"count":12,"href":"https:\/\/www.merkley.senate.gov\/es\/wp-json\/wp\/v2\/pages\/17408\/revisions"}],"predecessor-version":[{"id":17489,"href":"https:\/\/www.merkley.senate.gov\/es\/wp-json\/wp\/v2\/pages\/17408\/revisions\/17489"}],"up":[{"embeddable":true,"href":"https:\/\/www.merkley.senate.gov\/es\/wp-json\/wp\/v2\/pages\/614"}],"wp:attachment":[{"href":"https:\/\/www.merkley.senate.gov\/es\/wp-json\/wp\/v2\/media?parent=17408"}],"curies":[{"name":"wp","href":"https:\/\/api.w.org\/{rel}","templated":true}]}}