{"id":22686,"date":"2025-07-23T14:30:39","date_gmt":"2025-07-23T18:30:39","guid":{"rendered":"https:\/\/www.merkley.senate.gov\/?page_id=22686"},"modified":"2026-01-21T15:57:07","modified_gmt":"2026-01-21T20:57:07","slug":"appropriations-disclosures","status":"publish","type":"page","link":"https:\/\/www.merkley.senate.gov\/es\/about\/issues\/appropriations-2\/appropriations-disclosures\/","title":{"rendered":"Divulgaci\u00f3n de asignaciones"},"content":{"rendered":"<p>As Chair of the Senate Appropriations Subcommittee on Interior, Environment, and Related Agencies, and the only Oregon member of Congress currently serving on the powerful Appropriations Committee, Jeff is focused on making sure that important projects in Oregon have the funding needed to move forward. Jeff is a long-time member of the subcommittee and has used his seat on the Senate Appropriations Committee to advocate for and secure critical resources for top Oregon priorities, like wildfire mitigation&nbsp;and support of strategies to restore fish habitat and scale up ongoing efforts to restore healthy populations of shortnose and Lost River sucker in the Klamath Basin.<\/p>\n\n\n\n<p>La temporada de incendios forestales sin precedentes del a\u00f1o pasado sirve como otro recordatorio inquietante de que la salud y la seguridad de nuestras comunidades dependen de nuestra capacidad para mantener bosques saludables y enfrentar agresivamente la crisis clim\u00e1tica. Jeff se enorgullece de liderar el subcomit\u00e9 de Asignaciones en el centro de esas luchas y seguir\u00e1 trabajando para asegurar los recursos que Oreg\u00f3n necesita para enfrentar estos y otros desaf\u00edos. Tambi\u00e9n se toma en serio el papel fundamental que desempe\u00f1a este subcomit\u00e9 en la entrega de recursos para las naciones tribales y las comunidades nativas en Oreg\u00f3n y en todo nuestro pa\u00eds. Muy a menudo, Estados Unidos no ha cumplido sus promesas al territorio ind\u00edgena, y Jeff est\u00e1 trabajando arduamente para asegurarse de que sus necesidades sean escuchadas y reflejadas en los planes de gastos de nuestra naci\u00f3n, mientras se respeta la autodeterminaci\u00f3n y la soberan\u00eda de las tribus.<\/p>\n\n\n\n<p>Como miembro del comit\u00e9 completo, Jeff tambi\u00e9n trabajar\u00e1 para asegurarse de que se satisfagan las necesidades de Oreg\u00f3n para ayudar a financiar proyectos cr\u00edticos impulsados por la comunidad en transporte, atenci\u00f3n m\u00e9dica, educaci\u00f3n y m\u00e1s. En 2021, el Comit\u00e9 de Asignaciones del Senado restaur\u00f3 las oportunidades de financiamiento de proyectos impulsados por la comunidad con requisitos s\u00f3lidos de transparencia para garantizar la integridad del proceso. Seg\u00fan lo exigen las reglas del Comit\u00e9, el Senador Merkley divulga todos los proyectos impulsados por la comunidad que presenta al subcomit\u00e9 para su consideraci\u00f3n a trav\u00e9s de un proceso competitivo.&nbsp;<\/p>\n\n\n\n<p><\/p>\n\n\n\n<p><strong><u>FY2026 Disclosures:<\/u><\/strong><\/p>\n\n\n\n<p><a href=\"https:\/\/www.merkley.senate.gov\/wp-content\/uploads\/AG_Merkley_CDS_Disclosure_2025.pdf\" target=\"_blank\" rel=\"noreferrer noopener\">FY 2026 \u2013 Agriculture, Rural Development, Food and Drug Administration, and Related Agencies<\/a><\/p>\n\n\n\n<p><a href=\"https:\/\/www.merkley.senate.gov\/wp-content\/uploads\/CJS_Merkley_CDS_Disclosure_25-2.pdf\">FY 2026 \u2013 Commerce, Justice, Science, and Related Agencies<\/a><\/p>\n\n\n\n<p><a href=\"https:\/\/www.merkley.senate.gov\/wp-content\/uploads\/HLS_Merkley_CDS_Disclosure_25.pdf\">FY 2026 \u2013 Homeland Security<\/a><\/p>\n\n\n\n<p><a href=\"https:\/\/www.merkley.senate.gov\/wp-content\/uploads\/THUD_Merkley_CDS_Disclosure_25-UPDATE.pdf\" target=\"_blank\" rel=\"noreferrer noopener\">FY 2026 \u2013 Transportation, Housing and Urban Development, and Related Agencies<\/a><\/p>\n\n\n\n<p><a href=\"https:\/\/www.merkley.senate.gov\/wp-content\/uploads\/LHHS_Merkley_CDS_Disclosure_25.pdf\" target=\"_blank\" rel=\"noreferrer noopener\">FY 2026 \u2013 Labor, Health and Human Services, Education, and Related Agencies<\/a><\/p>\n\n\n\n<p><a href=\"https:\/\/www.merkley.senate.gov\/wp-content\/uploads\/FSGG_Merkley_CDS_Disclosure_25.pdf\" target=\"_blank\" rel=\"noreferrer noopener\">FY 2026 \u2013 Financial Services and General Government<\/a><\/p>\n\n\n\n<p><a href=\"https:\/\/www.merkley.senate.gov\/wp-content\/uploads\/INTERIOR_Merkley_CDS_Disclosure_25-2.pdf\" target=\"_blank\" rel=\"noreferrer noopener\">FY 2026 \u2013 Interior, Environment, and Related Agencies<\/a><\/p>\n\n\n\n<p><a href=\"https:\/\/www.merkley.senate.gov\/wp-content\/uploads\/MilCon_Merkley_CDS_Disclosure_25.pdf\" target=\"_blank\" rel=\"noreferrer noopener\">FY 2026 \u2013 Military Construction, Veterans Affairs, and Related Agencies<\/a><\/p>\n\n\n\n<p><a href=\"https:\/\/www.merkley.senate.gov\/wp-content\/uploads\/EWD_Merkley_CDS_Disclosure_25-4.pdf\" target=\"_blank\" rel=\"noreferrer noopener\">FY 2026 \u2013 Energy and Water Development<\/a><\/p>\n\n\n\n<p><a href=\"https:\/\/www.merkley.senate.gov\/wp-content\/uploads\/FY26-Interior-CIP-Technical-Correction.pdf\" target=\"_blank\" rel=\"noreferrer noopener\">FY26 Interior CIP Technical Correction<\/a><\/p>\n\n\n\n<p><a href=\"https:\/\/www.merkley.senate.gov\/wp-content\/uploads\/FY26-THUD-Technical-Correction-Mass-Timber.pdf\" target=\"_blank\" rel=\"noreferrer noopener\">FY26 THUD Technical Correction &#8211; Mass Timber<\/a><\/p>\n\n\n\n<p><\/p>\n\n\n\n<p><strong><u>Divulgaciones pasadas:<\/u><\/strong><strong><u><\/u><\/strong><\/p>\n\n\n\n<p><a href=\"https:\/\/www.merkley.senate.gov\/wp-content\/uploads\/MilCon_Merkley_CDS_Disclosure_24-1.pdf\">FY2025 \u2013 Military Construction, Veterans Affairs, and Related Agencies<\/a><\/p>\n\n\n\n<p><a href=\"https:\/\/www.merkley.senate.gov\/wp-content\/uploads\/AG_Merkley_CDS_Disclosure_24.pdf\">FY2025 \u2013 Agriculture, Rural Development, Food and Drug Administration, and Related Agencies<\/a><\/p>\n\n\n\n<p><a href=\"https:\/\/www.merkley.senate.gov\/wp-content\/uploads\/CJS_Merkley_CDS_Disclosure_24.pdf\">FY2025 \u2013 Commerce, Justice, Science, and Related Agencies<\/a><\/p>\n\n\n\n<p><a href=\"https:\/\/www.merkley.senate.gov\/wp-content\/uploads\/FSGG_Merkley_CDS_Disclosure_24.pdf\">FY2025 \u2013 Financial Services and General Government<\/a><\/p>\n\n\n\n<p><a href=\"https:\/\/www.merkley.senate.gov\/wp-content\/uploads\/THUD_Merkley_CDS_Disclosure_24-2.pdf\">FY2025 \u2013 Transportation, Housing and Urban Development, and Related Agencies<\/a><\/p>\n\n\n\n<p><a href=\"https:\/\/www.merkley.senate.gov\/wp-content\/uploads\/LHHS_Merkley_CDS_Disclosure_24-1.pdf\">FY2025 \u2013 Labor, Health and Human Services, Education, and Related Agencies<\/a><\/p>\n\n\n\n<p><a href=\"https:\/\/www.merkley.senate.gov\/wp-content\/uploads\/INTERIOR_Merkley_CDS_Disclosure_24-2.pdf\">FY2025 \u2013 Interior, Environment, and Related Agencies<\/a><\/p>\n\n\n\n<p><a href=\"https:\/\/www.merkley.senate.gov\/wp-content\/uploads\/HLS_Merkley_CDS_Disclosure_24.pdf\">FY2025 \u2013 Homeland Security<\/a><\/p>\n\n\n\n<p><a href=\"https:\/\/www.merkley.senate.gov\/wp-content\/uploads\/EWD_Merkley_CDS_Disclosure_24-1.pdf\">FY2025 \u2013 Energy and Water Development<\/a><\/p>\n\n\n\n<p><a href=\"https:\/\/www.merkley.senate.gov\/es\/imo\/media\/doc\/fy2024_-_energy_and_water_development_community_initiated_projects_-_updated.pdf\/\">FY2024 \u2013 Energy and Water Development Community Initiated Projects<\/a><\/p>\n\n\n\n<p><a href=\"https:\/\/www.merkley.senate.gov\/es\/imo\/media\/doc\/fy2024_financial_services_and_general_government_requests.pdf\/\">FY2024 \u2013 Financial Services and General Government Community Initiated Projects<\/a><\/p>\n\n\n\n<p><a href=\"https:\/\/www.merkley.senate.gov\/es\/imo\/media\/doc\/fy2024_agriculture_requests.pdf\/\">FY2024 \u2013 Agriculture Community Initiated Projects<\/a><\/p>\n\n\n\n<p><a href=\"https:\/\/www.merkley.senate.gov\/es\/imo\/media\/doc\/fy2024_interior_environment_and_related_agencies_requests_-_updated.pdf\/\">FY2024 \u2013 Interior, Environment, and Related Agencies Community Initiated Projects<\/a><\/p>\n\n\n\n<p><a href=\"https:\/\/www.merkley.senate.gov\/es\/imo\/media\/doc\/fy_2023_commerce_justice_science_and_related_agencies_community_initiated_projects.pdf\/\">FY2024 \u2013 Commerce, Justice, Science, and Related Agencies Community Initiated Projects<\/a><\/p>\n\n\n\n<p><a href=\"https:\/\/www.merkley.senate.gov\/es\/imo\/media\/doc\/fy2024_-_transportation_housing_and_urban_development_community_initiated_projects_updated.pdf\/\">FY2024 \u2013 Transportation, Housing, and Urban Development Community Initiated Projects<\/a><\/p>\n\n\n\n<p><a href=\"https:\/\/www.merkley.senate.gov\/es\/imo\/media\/doc\/fy2024_-_military_construction_veterans_affairs_and_related_agencies_community_initiated_projects.pdf\/\">FY2024 \u2013 Military Construction, Veterans Affairs, and Related Agencies Community Initiated Projects<\/a><\/p>\n\n\n\n<p><a href=\"https:\/\/www.merkley.senate.gov\/es\/imo\/media\/doc\/fy2024_-_homeland_security_community_initiated_projects.pdf\/\">FY2024&nbsp; -Homeland Security Community Initiated Projects<\/a><\/p>\n\n\n\n<p><a href=\"https:\/\/www.merkley.senate.gov\/es\/imo\/media\/doc\/fy2024_-_labor_health_human_services_education_and_related_agencies_community_initiated_projects_update.pdf\/\">FY2024 \u2013 Labor, Health, Human Services, Education, and Related Agencies Community Initiated Projects<\/a><\/p>\n\n\n\n<p><a href=\"https:\/\/www.merkley.senate.gov\/es\/download\/oregon-cds-wins\/\">FY2023 Oreg\u00f3n CDS gana<\/a><\/p>\n\n\n\n<p><a href=\"https:\/\/www.merkley.senate.gov\/es\/download\/fy2023-energy-and-water-community-initiated-projects\/\">Proyectos iniciados por la comunidad de energ\u00eda y agua para el a\u00f1o fiscal 2023<\/a><\/p>\n\n\n\n<p><a href=\"https:\/\/www.merkley.senate.gov\/es\/download\/fy2023-military-construction-veterans-affairs-and-related-agencies-community-initiated-projects\/\">FY2023 Construcci\u00f3n militar, asuntos de veteranos y agencias relacionadas Proyectos iniciados por la comunidad<\/a><\/p>\n\n\n\n<p><a href=\"https:\/\/www.merkley.senate.gov\/es\/download\/fy2023-agriculture-community-initiated-projects\/\">Proyectos iniciados por la comunidad agr\u00edcola del a\u00f1o fiscal 2023<\/a><\/p>\n\n\n\n<p><a href=\"https:\/\/www.merkley.senate.gov\/es\/download\/fy-2023-commerce-justice-science-and-related-agencies-community-initiated-projects\/\">FY2023 Comercio, justicia, ciencia y agencias relacionadas Proyectos iniciados por la comunidad<\/a><\/p>\n\n\n\n<p><a href=\"https:\/\/www.merkley.senate.gov\/es\/download\/fy2023-financial-services-and-general-government-community-initiated-projects\/\">FY2023 Servicios financieros y proyectos iniciados por la comunidad del gobierno general<\/a><\/p>\n\n\n\n<p><a href=\"https:\/\/www.merkley.senate.gov\/es\/download\/fy2023-transportation-housing-and-urban-development-community-initiated-projects\/\">FY2023 Proyectos iniciados por la comunidad de transporte, vivienda y desarrollo urbano<\/a><\/p>\n\n\n\n<p><a href=\"https:\/\/www.merkley.senate.gov\/es\/download\/fy2023-homeland-security-community-initiated-projects\/\">Proyectos iniciados por la comunidad de seguridad nacional para el a\u00f1o fiscal 2023<\/a><\/p>\n\n\n\n<p><a href=\"https:\/\/www.merkley.senate.gov\/es\/download\/fy2023-labor-health-and-human-services-education-and-related-agencies-community-initiated-projects\/\">A\u00f1o fiscal 2023 Trabajo, salud y servicios humanos, educaci\u00f3n y agencias relacionadas Proyectos iniciados por la comunidad<\/a><\/p>\n\n\n\n<p><a href=\"https:\/\/www.merkley.senate.gov\/es\/download\/fy2023-interior-environment-and-related-agencies-community-initiated-projects\/\">A\u00f1o fiscal 2023 Interior, medio ambiente y agencias relacionadas Proyectos iniciados por la comunidad<\/a><\/p>\n\n\n\n<p><a href=\"https:\/\/www.merkley.senate.gov\/wp-content\/uploads\/22.12.02-FY22-THUD-Approps-Veteran-Housing-CDS-Request.pdf\">FY2022 THUD aprueba solicitud de CDS de vivienda para veteranos<\/a><\/p>","protected":false},"excerpt":{"rendered":"<p>As Chair of the Senate Appropriations Subcommittee on Interior, Environment, and Related Agencies, and the only Oregon member of Congress currently serving on the powerful Appropriations Committee, Jeff is focused on making sure that important projects in Oregon have the funding needed to move forward. Jeff is a long-time member of the subcommittee and has [&hellip;]<\/p>\n","protected":false},"author":9,"featured_media":18844,"parent":7615,"menu_order":1,"comment_status":"closed","ping_status":"closed","template":"","meta":{"_acf_changed":false,"inline_featured_image":false,"footnotes":""},"class_list":["post-22686","page","type-page","status-publish","has-post-thumbnail","hentry"],"acf":[],"yoast_head":"<!-- This site is optimized with the Yoast SEO plugin v27.2 - https:\/\/yoast.com\/product\/yoast-seo-wordpress\/ -->\n<title>Appropriations Disclosures - Merkley<\/title>\n<meta name=\"robots\" content=\"index, follow, max-snippet:-1, max-image-preview:large, max-video-preview:-1\" \/>\n<link rel=\"canonical\" href=\"https:\/\/www.merkley.senate.gov\/es\/about\/issues\/appropriations-2\/appropriations-disclosures\/\" \/>\n<meta property=\"og:locale\" content=\"es_MX\" \/>\n<meta property=\"og:type\" content=\"article\" \/>\n<meta property=\"og:title\" content=\"Appropriations Disclosures - Merkley\" \/>\n<meta property=\"og:description\" content=\"As Chair of the Senate Appropriations Subcommittee on Interior, Environment, and Related Agencies, and the only Oregon member of Congress currently serving on the powerful Appropriations Committee, Jeff is focused on making sure that important projects in Oregon have the funding needed to move forward. Jeff is a long-time member of the subcommittee and has [&hellip;]\" \/>\n<meta property=\"og:url\" content=\"https:\/\/www.merkley.senate.gov\/es\/about\/issues\/appropriations-2\/appropriations-disclosures\/\" \/>\n<meta property=\"og:site_name\" content=\"Merkley\" \/>\n<meta property=\"article:modified_time\" content=\"2026-01-21T20:57:07+00:00\" \/>\n<meta property=\"og:image\" content=\"https:\/\/www.merkley.senate.gov\/wp-content\/uploads\/GENERIC-release_updated-copy.png\" \/>\n\t<meta property=\"og:image:width\" content=\"1200\" \/>\n\t<meta property=\"og:image:height\" content=\"630\" \/>\n\t<meta property=\"og:image:type\" content=\"image\/png\" \/>\n<meta name=\"twitter:card\" content=\"summary_large_image\" \/>\n<meta name=\"twitter:label1\" content=\"Est. reading time\" \/>\n\t<meta name=\"twitter:data1\" content=\"3 minutes\" \/>\n<script type=\"application\/ld+json\" class=\"yoast-schema-graph\">{\"@context\":\"https:\/\/schema.org\",\"@graph\":[{\"@type\":\"WebPage\",\"@id\":\"https:\/\/www.merkley.senate.gov\/about\/issues\/appropriations-2\/appropriations-disclosures\/\",\"url\":\"https:\/\/www.merkley.senate.gov\/about\/issues\/appropriations-2\/appropriations-disclosures\/\",\"name\":\"Appropriations Disclosures - Merkley\",\"isPartOf\":{\"@id\":\"https:\/\/www.merkley.senate.gov\/#website\"},\"primaryImageOfPage\":{\"@id\":\"https:\/\/www.merkley.senate.gov\/about\/issues\/appropriations-2\/appropriations-disclosures\/#primaryimage\"},\"image\":{\"@id\":\"https:\/\/www.merkley.senate.gov\/about\/issues\/appropriations-2\/appropriations-disclosures\/#primaryimage\"},\"thumbnailUrl\":\"https:\/\/www.merkley.senate.gov\/wp-content\/uploads\/GENERIC-release_updated-copy.png\",\"datePublished\":\"2025-07-23T18:30:39+00:00\",\"dateModified\":\"2026-01-21T20:57:07+00:00\",\"breadcrumb\":{\"@id\":\"https:\/\/www.merkley.senate.gov\/about\/issues\/appropriations-2\/appropriations-disclosures\/#breadcrumb\"},\"inLanguage\":\"es-MX\",\"potentialAction\":[{\"@type\":\"ReadAction\",\"target\":[\"https:\/\/www.merkley.senate.gov\/about\/issues\/appropriations-2\/appropriations-disclosures\/\"]}]},{\"@type\":\"ImageObject\",\"inLanguage\":\"es-MX\",\"@id\":\"https:\/\/www.merkley.senate.gov\/about\/issues\/appropriations-2\/appropriations-disclosures\/#primaryimage\",\"url\":\"https:\/\/www.merkley.senate.gov\/wp-content\/uploads\/GENERIC-release_updated-copy.png\",\"contentUrl\":\"https:\/\/www.merkley.senate.gov\/wp-content\/uploads\/GENERIC-release_updated-copy.png\",\"width\":1200,\"height\":630,\"caption\":\"Jeff Merkley Senator for Oregon www.merkley.senate.gov\"},{\"@type\":\"BreadcrumbList\",\"@id\":\"https:\/\/www.merkley.senate.gov\/about\/issues\/appropriations-2\/appropriations-disclosures\/#breadcrumb\",\"itemListElement\":[{\"@type\":\"ListItem\",\"position\":1,\"name\":\"Home\",\"item\":\"https:\/\/www.merkley.senate.gov\/\"},{\"@type\":\"ListItem\",\"position\":2,\"name\":\"About Jeff\",\"item\":\"https:\/\/www.merkley.senate.gov\/about\/\"},{\"@type\":\"ListItem\",\"position\":3,\"name\":\"Issues\",\"item\":\"https:\/\/www.merkley.senate.gov\/about\/issues\/\"},{\"@type\":\"ListItem\",\"position\":4,\"name\":\"Appropriations\",\"item\":\"https:\/\/www.merkley.senate.gov\/about\/issues\/appropriations-2\/\"},{\"@type\":\"ListItem\",\"position\":5,\"name\":\"Appropriations Disclosures\"}]},{\"@type\":\"WebSite\",\"@id\":\"https:\/\/www.merkley.senate.gov\/#website\",\"url\":\"https:\/\/www.merkley.senate.gov\/\",\"name\":\"Merkley\",\"description\":\"Merkley\",\"potentialAction\":[{\"@type\":\"SearchAction\",\"target\":{\"@type\":\"EntryPoint\",\"urlTemplate\":\"https:\/\/www.merkley.senate.gov\/?s={search_term_string}\"},\"query-input\":{\"@type\":\"PropertyValueSpecification\",\"valueRequired\":true,\"valueName\":\"search_term_string\"}}],\"inLanguage\":\"es-MX\"}]}<\/script>\n<!-- \/ Yoast SEO plugin. -->","yoast_head_json":{"title":"Appropriations Disclosures - Merkley","robots":{"index":"index","follow":"follow","max-snippet":"max-snippet:-1","max-image-preview":"max-image-preview:large","max-video-preview":"max-video-preview:-1"},"canonical":"https:\/\/www.merkley.senate.gov\/es\/about\/issues\/appropriations-2\/appropriations-disclosures\/","og_locale":"es_MX","og_type":"article","og_title":"Appropriations Disclosures - Merkley","og_description":"As Chair of the Senate Appropriations Subcommittee on Interior, Environment, and Related Agencies, and the only Oregon member of Congress currently serving on the powerful Appropriations Committee, Jeff is focused on making sure that important projects in Oregon have the funding needed to move forward. Jeff is a long-time member of the subcommittee and has [&hellip;]","og_url":"https:\/\/www.merkley.senate.gov\/es\/about\/issues\/appropriations-2\/appropriations-disclosures\/","og_site_name":"Merkley","article_modified_time":"2026-01-21T20:57:07+00:00","og_image":[{"width":1200,"height":630,"url":"https:\/\/www.merkley.senate.gov\/wp-content\/uploads\/GENERIC-release_updated-copy.png","type":"image\/png"}],"twitter_card":"summary_large_image","twitter_misc":{"Est. reading time":"3 minutes"},"schema":{"@context":"https:\/\/schema.org","@graph":[{"@type":"WebPage","@id":"https:\/\/www.merkley.senate.gov\/about\/issues\/appropriations-2\/appropriations-disclosures\/","url":"https:\/\/www.merkley.senate.gov\/about\/issues\/appropriations-2\/appropriations-disclosures\/","name":"Appropriations Disclosures - Merkley","isPartOf":{"@id":"https:\/\/www.merkley.senate.gov\/#website"},"primaryImageOfPage":{"@id":"https:\/\/www.merkley.senate.gov\/about\/issues\/appropriations-2\/appropriations-disclosures\/#primaryimage"},"image":{"@id":"https:\/\/www.merkley.senate.gov\/about\/issues\/appropriations-2\/appropriations-disclosures\/#primaryimage"},"thumbnailUrl":"https:\/\/www.merkley.senate.gov\/wp-content\/uploads\/GENERIC-release_updated-copy.png","datePublished":"2025-07-23T18:30:39+00:00","dateModified":"2026-01-21T20:57:07+00:00","breadcrumb":{"@id":"https:\/\/www.merkley.senate.gov\/about\/issues\/appropriations-2\/appropriations-disclosures\/#breadcrumb"},"inLanguage":"es-MX","potentialAction":[{"@type":"ReadAction","target":["https:\/\/www.merkley.senate.gov\/about\/issues\/appropriations-2\/appropriations-disclosures\/"]}]},{"@type":"ImageObject","inLanguage":"es-MX","@id":"https:\/\/www.merkley.senate.gov\/about\/issues\/appropriations-2\/appropriations-disclosures\/#primaryimage","url":"https:\/\/www.merkley.senate.gov\/wp-content\/uploads\/GENERIC-release_updated-copy.png","contentUrl":"https:\/\/www.merkley.senate.gov\/wp-content\/uploads\/GENERIC-release_updated-copy.png","width":1200,"height":630,"caption":"Jeff Merkley Senator for Oregon www.merkley.senate.gov"},{"@type":"BreadcrumbList","@id":"https:\/\/www.merkley.senate.gov\/about\/issues\/appropriations-2\/appropriations-disclosures\/#breadcrumb","itemListElement":[{"@type":"ListItem","position":1,"name":"Home","item":"https:\/\/www.merkley.senate.gov\/"},{"@type":"ListItem","position":2,"name":"About Jeff","item":"https:\/\/www.merkley.senate.gov\/about\/"},{"@type":"ListItem","position":3,"name":"Issues","item":"https:\/\/www.merkley.senate.gov\/about\/issues\/"},{"@type":"ListItem","position":4,"name":"Appropriations","item":"https:\/\/www.merkley.senate.gov\/about\/issues\/appropriations-2\/"},{"@type":"ListItem","position":5,"name":"Appropriations Disclosures"}]},{"@type":"WebSite","@id":"https:\/\/www.merkley.senate.gov\/#website","url":"https:\/\/www.merkley.senate.gov\/","name":"merkley","description":"merkley","potentialAction":[{"@type":"SearchAction","target":{"@type":"EntryPoint","urlTemplate":"https:\/\/www.merkley.senate.gov\/?s={search_term_string}"},"query-input":{"@type":"PropertyValueSpecification","valueRequired":true,"valueName":"search_term_string"}}],"inLanguage":"es-MX"}]}},"_links":{"self":[{"href":"https:\/\/www.merkley.senate.gov\/es\/wp-json\/wp\/v2\/pages\/22686","targetHints":{"allow":["GET"]}}],"collection":[{"href":"https:\/\/www.merkley.senate.gov\/es\/wp-json\/wp\/v2\/pages"}],"about":[{"href":"https:\/\/www.merkley.senate.gov\/es\/wp-json\/wp\/v2\/types\/page"}],"author":[{"embeddable":true,"href":"https:\/\/www.merkley.senate.gov\/es\/wp-json\/wp\/v2\/users\/9"}],"replies":[{"embeddable":true,"href":"https:\/\/www.merkley.senate.gov\/es\/wp-json\/wp\/v2\/comments?post=22686"}],"version-history":[{"count":4,"href":"https:\/\/www.merkley.senate.gov\/es\/wp-json\/wp\/v2\/pages\/22686\/revisions"}],"predecessor-version":[{"id":23772,"href":"https:\/\/www.merkley.senate.gov\/es\/wp-json\/wp\/v2\/pages\/22686\/revisions\/23772"}],"up":[{"embeddable":true,"href":"https:\/\/www.merkley.senate.gov\/es\/wp-json\/wp\/v2\/pages\/7615"}],"wp:featuredmedia":[{"embeddable":true,"href":"https:\/\/www.merkley.senate.gov\/es\/wp-json\/wp\/v2\/media\/18844"}],"wp:attachment":[{"href":"https:\/\/www.merkley.senate.gov\/es\/wp-json\/wp\/v2\/media?parent=22686"}],"curies":[{"name":"wp","href":"https:\/\/api.w.org\/{rel}","templated":true}]}}