{"id":407,"date":"2023-03-23T15:57:50","date_gmt":"2023-03-23T19:57:50","guid":{"rendered":"https:\/\/www.merkley.senate.gov\/?page_id=407"},"modified":"2023-07-25T14:19:28","modified_gmt":"2023-07-25T18:19:28","slug":"help","status":"publish","type":"page","link":"https:\/\/www.merkley.senate.gov\/es\/services\/help\/","title":{"rendered":"Ayuda con una agencia federal"},"content":{"rendered":"<div data-elementor-type=\"wp-page\" data-elementor-id=\"407\" class=\"elementor elementor-407\" data-elementor-post-type=\"page\">\n\t\t\t\t\t\t<section class=\"elementor-section elementor-top-section elementor-element elementor-element-009fb89 elementor-section-boxed elementor-section-height-default elementor-section-height-default\" data-id=\"009fb89\" data-element_type=\"section\" data-e-type=\"section\">\n\t\t\t\t\t\t<div class=\"elementor-container elementor-column-gap-default\">\n\t\t\t\t\t<div class=\"elementor-column elementor-col-100 elementor-top-column elementor-element elementor-element-665222c\" data-id=\"665222c\" data-element_type=\"column\" data-e-type=\"column\">\n\t\t\t<div class=\"elementor-widget-wrap elementor-element-populated\">\n\t\t\t\t\t\t<div class=\"elementor-element elementor-element-87792d2 elementor-widget elementor-widget-text-editor\" data-id=\"87792d2\" data-element_type=\"widget\" data-e-type=\"widget\" data-widget_type=\"text-editor.default\">\n\t\t\t\t<div class=\"elementor-widget-container\">\n\t\t\t\t\t\t\t\t\t<p>Tratar con grandes burocracias puede ser confuso y frustrante. Ya sea que est\u00e9 tratando con una agencia federal o estatal, el gobierno local de su ciudad o condado, o incluso un banco o una compa\u00f1\u00eda de seguros, Jeff y su personal est\u00e1n listos para ayudarlo. Si tiene preguntas sobre los programas del gobierno, necesita ayuda con una solicitud de beneficios que ha enviado o tiene una queja de un consumidor, le brindaremos toda la ayuda e informaci\u00f3n que podamos. Si no podemos intervenir directamente en su caso, lo pondremos en contacto con alguien que pueda hacerlo.<\/p><p>Completar este formulario en l\u00ednea tambi\u00e9n generar\u00e1 una autorizaci\u00f3n de privacidad para que la firme electr\u00f3nicamente. Comprenda que las leyes federales de privacidad proh\u00edben que cualquier agencia federal comparta informaci\u00f3n sobre usted, incluso con Jeff o su personal, sin su autorizaci\u00f3n. La oficina de Jeff puede ayudarlo si es residente de Oreg\u00f3n. Si es residente de otro estado, podemos ayudarlo a ponerse en contacto con un Senador o Representante que lo represente en el Congreso.<\/p><p><strong><span style=\"text-decoration: underline;\">Esperamos poder ayudarlo.<\/span><\/strong><\/p>\t\t\t\t\t\t\t\t<\/div>\n\t\t\t\t<\/div>\n\t\t\t\t<div class=\"elementor-element elementor-element-821b621 elementor-align-center elementor-widget__width-inherit elementor-widget elementor-widget-button\" data-id=\"821b621\" data-element_type=\"widget\" data-e-type=\"widget\" data-widget_type=\"button.default\">\n\t\t\t\t<div class=\"elementor-widget-container\">\n\t\t\t\t\t\t\t\t\t<div class=\"elementor-button-wrapper\">\n\t\t\t\t\t<a class=\"elementor-button elementor-button-link elementor-size-xl\" href=\"https:\/\/outreach.senate.gov\/iqextranet\/EForm.aspx?__cid=quorum_merkley-iq&#038;__fid=200130\" target=\"_blank\">\n\t\t\t\t\t\t<span class=\"elementor-button-content-wrapper\">\n\t\t\t\t\t\t\t\t\t<span class=\"elementor-button-text\">Haga clic aqu\u00ed para ponerse en contacto con nuestro equipo<\/span>\n\t\t\t\t\t<\/span>\n\t\t\t\t\t<\/a>\n\t\t\t\t<\/div>\n\t\t\t\t\t\t\t\t<\/div>\n\t\t\t\t<\/div>\n\t\t\t\t<div class=\"elementor-element elementor-element-82357c9 elementor-widget elementor-widget-text-editor\" data-id=\"82357c9\" data-element_type=\"widget\" data-e-type=\"widget\" data-widget_type=\"text-editor.default\">\n\t\t\t\t<div class=\"elementor-widget-container\">\n\t\t\t\t\t\t\t\t\t<p><em><strong>RETRASO DEL CORREO<\/strong> : Debido a las mayores preocupaciones de seguridad en el Capitolio de los EE. UU., todo el correo enviado a mi oficina en el Senado en Washington, DC, puede demorarse significativamente debido a los procedimientos de control de seguridad. Tenga en cuenta tambi\u00e9n que mi oficina est\u00e1 recibiendo un volumen extremadamente alto de cartas y correos electr\u00f3nicos cada semana, y estamos tardando m\u00e1s de lo habitual en responder. Agradecemos su paciencia mientras trabajamos para comunicarnos con usted.<\/em><\/p><p><em><strong>LLAME SI ES URGENTE:<\/strong> Si su problema es urgente o urgente, llame a mi oficina en Portland <a href=\"tel:503-326-3386\">(503-326-3386)<\/a> y pida hablar con un Representante de Servicios al Constituyente.<\/em><\/p><p>\u00a0<\/p><p><iframe style=\"position: absolute !important; top: -1000px !important; left: -1000px !important; opacity: 0 !important;\" aria-hidden=\"true\"><\/iframe><\/p>\t\t\t\t\t\t\t\t<\/div>\n\t\t\t\t<\/div>\n\t\t\t\t<div class=\"elementor-element elementor-element-bb7e9e8 elementor-widget elementor-widget-heading\" data-id=\"bb7e9e8\" data-element_type=\"widget\" data-e-type=\"widget\" data-widget_type=\"heading.default\">\n\t\t\t\t<div class=\"elementor-widget-container\">\n\t\t\t\t\t<h2 class=\"elementor-heading-title elementor-size-default\">Preguntas m\u00e1s frecuentes<\/h2>\t\t\t\t<\/div>\n\t\t\t\t<\/div>\n\t\t\t\t<section class=\"elementor-section elementor-inner-section elementor-element elementor-element-641e3fe elementor-section-boxed elementor-section-height-default elementor-section-height-default\" data-id=\"641e3fe\" data-element_type=\"section\" data-e-type=\"section\">\n\t\t\t\t\t\t<div class=\"elementor-container elementor-column-gap-default\">\n\t\t\t\t\t<div class=\"elementor-column elementor-col-50 elementor-inner-column elementor-element elementor-element-ba09a84\" data-id=\"ba09a84\" data-element_type=\"column\" data-e-type=\"column\">\n\t\t\t<div class=\"elementor-widget-wrap elementor-element-populated\">\n\t\t\t\t\t\t<div class=\"elementor-element elementor-element-85f551d elementor-nav-menu--dropdown-none elementor-widget elementor-widget-nav-menu\" data-id=\"85f551d\" data-element_type=\"widget\" data-e-type=\"widget\" data-settings=\"{&quot;layout&quot;:&quot;vertical&quot;,&quot;submenu_icon&quot;:{&quot;value&quot;:&quot;&lt;i class=\\&quot;fas fa-caret-down\\&quot; aria-hidden=\\&quot;true\\&quot;&gt;&lt;\\\/i&gt;&quot;,&quot;library&quot;:&quot;fa-solid&quot;}}\" data-widget_type=\"nav-menu.default\">\n\t\t\t\t<div class=\"elementor-widget-container\">\n\t\t\t\t\t\t\t\t<nav aria-label=\"Men\u00fa\" class=\"elementor-nav-menu--main elementor-nav-menu__container elementor-nav-menu--layout-vertical e--pointer-background e--animation-fade\">\n\t\t\t\t<ul id=\"menu-1-85f551d\" class=\"elementor-nav-menu sm-vertical\"><li class=\"menu-item menu-item-type-post_type menu-item-object-page menu-item-11034\"><a href=\"https:\/\/www.merkley.senate.gov\/es\/about\/\" class=\"elementor-item\">conocer a jeff<\/a><\/li>\n<li class=\"menu-item menu-item-type-post_type menu-item-object-page menu-item-11036\"><a href=\"https:\/\/www.merkley.senate.gov\/es\/legislative-priorities\/\" class=\"elementor-item\">Prioridades legislativas<\/a><\/li>\n<li class=\"menu-item menu-item-type-post_type menu-item-object-page menu-item-17485\"><a href=\"https:\/\/www.merkley.senate.gov\/es\/about\/oregon-stories\/\" class=\"elementor-item\">Historias de Oreg\u00f3n<\/a><\/li>\n<\/ul>\t\t\t<\/nav>\n\t\t\t\t\t\t<nav class=\"elementor-nav-menu--dropdown elementor-nav-menu__container\" aria-hidden=\"true\">\n\t\t\t\t<ul id=\"menu-2-85f551d\" class=\"elementor-nav-menu sm-vertical\"><li class=\"menu-item menu-item-type-post_type menu-item-object-page menu-item-11034\"><a href=\"https:\/\/www.merkley.senate.gov\/es\/about\/\" class=\"elementor-item\" tabindex=\"-1\">conocer a jeff<\/a><\/li>\n<li class=\"menu-item menu-item-type-post_type menu-item-object-page menu-item-11036\"><a href=\"https:\/\/www.merkley.senate.gov\/es\/legislative-priorities\/\" class=\"elementor-item\" tabindex=\"-1\">Prioridades legislativas<\/a><\/li>\n<li class=\"menu-item menu-item-type-post_type menu-item-object-page menu-item-17485\"><a href=\"https:\/\/www.merkley.senate.gov\/es\/about\/oregon-stories\/\" class=\"elementor-item\" tabindex=\"-1\">Historias de Oreg\u00f3n<\/a><\/li>\n<\/ul>\t\t\t<\/nav>\n\t\t\t\t\t\t<\/div>\n\t\t\t\t<\/div>\n\t\t\t\t<div class=\"elementor-element elementor-element-48e0eb1 elementor-align-center elementor-widget__width-inherit elementor-widget elementor-widget-button\" data-id=\"48e0eb1\" data-element_type=\"widget\" data-e-type=\"widget\" data-widget_type=\"button.default\">\n\t\t\t\t<div class=\"elementor-widget-container\">\n\t\t\t\t\t\t\t\t\t<div class=\"elementor-button-wrapper\">\n\t\t\t\t\t<a class=\"elementor-button elementor-button-link elementor-size-md\" href=\"#\">\n\t\t\t\t\t\t<span class=\"elementor-button-content-wrapper\">\n\t\t\t\t\t\t\t\t\t<span class=\"elementor-button-text\">Haga clic aqu\u00ed para completar el formulario de liberaci\u00f3n de privacidad<\/span>\n\t\t\t\t\t<\/span>\n\t\t\t\t\t<\/a>\n\t\t\t\t<\/div>\n\t\t\t\t\t\t\t\t<\/div>\n\t\t\t\t<\/div>\n\t\t\t\t<div class=\"elementor-element elementor-element-0801075 elementor-widget elementor-widget-text-editor\" data-id=\"0801075\" data-element_type=\"widget\" data-e-type=\"widget\" data-widget_type=\"text-editor.default\">\n\t\t\t\t<div class=\"elementor-widget-container\">\n\t\t\t\t\t\t\t\t\t<p>Si prefieres enviarle un mensaje a Jeff,<br \/>por favor haga clic aqu\u00ed para ir a la <strong><a href=\"https:\/\/www.merkley.senate.gov\/es\/connect\/contact\/\">P\u00e1gina de contacto de Jeff<\/a><\/strong>.<\/p><p><iframe style=\"position: absolute !important; top: -1000px !important; left: -1000px !important; opacity: 0 !important;\" aria-hidden=\"true\"><\/iframe><\/p>\t\t\t\t\t\t\t\t<\/div>\n\t\t\t\t<\/div>\n\t\t\t\t\t<\/div>\n\t\t<\/div>\n\t\t\t\t<div class=\"elementor-column elementor-col-50 elementor-inner-column elementor-element elementor-element-d0c87d9\" data-id=\"d0c87d9\" data-element_type=\"column\" data-e-type=\"column\">\n\t\t\t<div class=\"elementor-widget-wrap elementor-element-populated\">\n\t\t\t\t\t\t<div class=\"elementor-element elementor-element-a0820d5 elementor-widget elementor-widget-accordion\" data-id=\"a0820d5\" data-element_type=\"widget\" data-e-type=\"widget\" data-widget_type=\"accordion.default\">\n\t\t\t\t<div class=\"elementor-widget-container\">\n\t\t\t\t\t\t\t<div class=\"elementor-accordion\">\n\t\t\t\t\t\t\t<div class=\"elementor-accordion-item\">\n\t\t\t\t\t<div id=\"elementor-tab-title-1681\" class=\"elementor-tab-title\" data-tab=\"1\" role=\"button\" aria-controls=\"elementor-tab-content-1681\" aria-expanded=\"false\">\n\t\t\t\t\t\t\t\t\t\t\t\t\t<span class=\"elementor-accordion-icon elementor-accordion-icon-right\" aria-hidden=\"true\">\n\t\t\t\t\t\t\t\t\t\t\t\t\t\t\t<span class=\"elementor-accordion-icon-closed\"><i class=\"far fa-chevron-circle-down\"><\/i><\/span>\n\t\t\t\t\t\t\t\t<span class=\"elementor-accordion-icon-opened\"><i class=\"far fa-chevron-circle-up\"><\/i><\/span>\n\t\t\t\t\t\t\t\t\t\t\t\t\t\t<\/span>\n\t\t\t\t\t\t\t\t\t\t\t\t<a class=\"elementor-accordion-title\" tabindex=\"0\">acorde\u00f3n #1<\/a>\n\t\t\t\t\t<\/div>\n\t\t\t\t\t<div id=\"elementor-tab-content-1681\" class=\"elementor-tab-content elementor-clearfix\" data-tab=\"1\" role=\"region\" aria-labelledby=\"elementor-tab-title-1681\"><p>Lorem ipsum dolor sit amet, consectetur adipiscing elit. Ut elit tellus, luctus nec ullamcorper mattis, pulvinar dapibus leo.<\/p><p><iframe style=\"position: absolute !important; top: -1000px !important; left: -1000px !important; opacity: 0 !important;\" aria-hidden=\"true\"><\/iframe><\/p><p><iframe style=\"position: absolute !important; top: -1000px !important; left: -1000px !important; opacity: 0 !important;\" aria-hidden=\"true\"><\/iframe><\/p><p><iframe style=\"position: absolute !important; top: -1000px !important; left: -1000px !important; opacity: 0 !important;\" aria-hidden=\"true\"><\/iframe><\/p><p><iframe style=\"position: absolute !important; top: -1000px !important; left: -1000px !important; opacity: 0 !important;\" aria-hidden=\"true\"><\/iframe><\/p><\/div>\n\t\t\t\t<\/div>\n\t\t\t\t\t\t\t<div class=\"elementor-accordion-item\">\n\t\t\t\t\t<div id=\"elementor-tab-title-1682\" class=\"elementor-tab-title\" data-tab=\"2\" role=\"button\" aria-controls=\"elementor-tab-content-1682\" aria-expanded=\"false\">\n\t\t\t\t\t\t\t\t\t\t\t\t\t<span class=\"elementor-accordion-icon elementor-accordion-icon-right\" aria-hidden=\"true\">\n\t\t\t\t\t\t\t\t\t\t\t\t\t\t\t<span class=\"elementor-accordion-icon-closed\"><i class=\"far fa-chevron-circle-down\"><\/i><\/span>\n\t\t\t\t\t\t\t\t<span class=\"elementor-accordion-icon-opened\"><i class=\"far fa-chevron-circle-up\"><\/i><\/span>\n\t\t\t\t\t\t\t\t\t\t\t\t\t\t<\/span>\n\t\t\t\t\t\t\t\t\t\t\t\t<a class=\"elementor-accordion-title\" tabindex=\"0\">acorde\u00f3n #2<\/a>\n\t\t\t\t\t<\/div>\n\t\t\t\t\t<div id=\"elementor-tab-content-1682\" class=\"elementor-tab-content elementor-clearfix\" data-tab=\"2\" role=\"region\" aria-labelledby=\"elementor-tab-title-1682\"><p>Lorem ipsum dolor sit amet, consectetur adipiscing elit. Ut elit tellus, luctus nec ullamcorper mattis, pulvinar dapibus leo.<\/p><p><iframe style=\"position: absolute !important; top: -1000px !important; left: -1000px !important; opacity: 0 !important;\" aria-hidden=\"true\"><\/iframe><\/p><p><iframe style=\"position: absolute !important; top: -1000px !important; left: -1000px !important; opacity: 0 !important;\" aria-hidden=\"true\"><\/iframe><\/p><p><iframe style=\"position: absolute !important; top: -1000px !important; left: -1000px !important; opacity: 0 !important;\" aria-hidden=\"true\"><\/iframe><\/p><p><iframe style=\"position: absolute !important; top: -1000px !important; left: -1000px !important; opacity: 0 !important;\" aria-hidden=\"true\"><\/iframe><\/p><\/div>\n\t\t\t\t<\/div>\n\t\t\t\t\t\t\t\t<\/div>\n\t\t\t\t\t\t<\/div>\n\t\t\t\t<\/div>\n\t\t\t\t\t<\/div>\n\t\t<\/div>\n\t\t\t\t\t<\/div>\n\t\t<\/section>\n\t\t\t\t\t<\/div>\n\t\t<\/div>\n\t\t\t\t\t<\/div>\n\t\t<\/section>\n\t\t\t\t<\/div>","protected":false},"excerpt":{"rendered":"<p>Dealing with large bureaucracies can be confusing and frustrating. Whether you are dealing with a federal or state agency, your local city or county government, or even a bank or insurance company, Jeff and his staff stand ready to help you. If you have questions about government programs, need help with a benefit application you [&hellip;]<\/p>\n","protected":false},"author":1,"featured_media":0,"parent":7812,"menu_order":0,"comment_status":"closed","ping_status":"closed","template":"","meta":{"_acf_changed":false,"inline_featured_image":false,"footnotes":""},"class_list":["post-407","page","type-page","status-publish","hentry"],"acf":[],"yoast_head":"<!-- This site is optimized with the Yoast SEO plugin v27.2 - https:\/\/yoast.com\/product\/yoast-seo-wordpress\/ -->\n<title>Help With A Federal Agency - Merkley<\/title>\n<meta name=\"robots\" content=\"index, follow, max-snippet:-1, max-image-preview:large, max-video-preview:-1\" \/>\n<link rel=\"canonical\" href=\"https:\/\/www.merkley.senate.gov\/es\/services\/help\/\" \/>\n<meta property=\"og:locale\" content=\"es_MX\" \/>\n<meta property=\"og:type\" content=\"article\" \/>\n<meta property=\"og:title\" content=\"Help With A Federal Agency - Merkley\" \/>\n<meta property=\"og:description\" content=\"Dealing with large bureaucracies can be confusing and frustrating. Whether you are dealing with a federal or state agency, your local city or county government, or even a bank or insurance company, Jeff and his staff stand ready to help you. If you have questions about government programs, need help with a benefit application you [&hellip;]\" \/>\n<meta property=\"og:url\" content=\"https:\/\/www.merkley.senate.gov\/es\/services\/help\/\" \/>\n<meta property=\"og:site_name\" content=\"Merkley\" \/>\n<meta property=\"article:modified_time\" content=\"2023-07-25T18:19:28+00:00\" \/>\n<meta name=\"twitter:card\" content=\"summary_large_image\" \/>\n<meta name=\"twitter:label1\" content=\"Est. reading time\" \/>\n\t<meta name=\"twitter:data1\" content=\"2 minutes\" \/>\n<script type=\"application\/ld+json\" class=\"yoast-schema-graph\">{\"@context\":\"https:\/\/schema.org\",\"@graph\":[{\"@type\":\"WebPage\",\"@id\":\"https:\/\/www.merkley.senate.gov\/services\/help\/\",\"url\":\"https:\/\/www.merkley.senate.gov\/services\/help\/\",\"name\":\"Help With A Federal Agency - Merkley\",\"isPartOf\":{\"@id\":\"https:\/\/www.merkley.senate.gov\/#website\"},\"datePublished\":\"2023-03-23T19:57:50+00:00\",\"dateModified\":\"2023-07-25T18:19:28+00:00\",\"breadcrumb\":{\"@id\":\"https:\/\/www.merkley.senate.gov\/services\/help\/#breadcrumb\"},\"inLanguage\":\"es-MX\",\"potentialAction\":[{\"@type\":\"ReadAction\",\"target\":[\"https:\/\/www.merkley.senate.gov\/services\/help\/\"]}]},{\"@type\":\"BreadcrumbList\",\"@id\":\"https:\/\/www.merkley.senate.gov\/services\/help\/#breadcrumb\",\"itemListElement\":[{\"@type\":\"ListItem\",\"position\":1,\"name\":\"Home\",\"item\":\"https:\/\/www.merkley.senate.gov\/\"},{\"@type\":\"ListItem\",\"position\":2,\"name\":\"Helping You\",\"item\":\"https:\/\/www.merkley.senate.gov\/services\/\"},{\"@type\":\"ListItem\",\"position\":3,\"name\":\"Help With A Federal Agency\"}]},{\"@type\":\"WebSite\",\"@id\":\"https:\/\/www.merkley.senate.gov\/#website\",\"url\":\"https:\/\/www.merkley.senate.gov\/\",\"name\":\"Merkley\",\"description\":\"Merkley\",\"potentialAction\":[{\"@type\":\"SearchAction\",\"target\":{\"@type\":\"EntryPoint\",\"urlTemplate\":\"https:\/\/www.merkley.senate.gov\/?s={search_term_string}\"},\"query-input\":{\"@type\":\"PropertyValueSpecification\",\"valueRequired\":true,\"valueName\":\"search_term_string\"}}],\"inLanguage\":\"es-MX\"}]}<\/script>\n<!-- \/ Yoast SEO plugin. -->","yoast_head_json":{"title":"Help With A Federal Agency - Merkley","robots":{"index":"index","follow":"follow","max-snippet":"max-snippet:-1","max-image-preview":"max-image-preview:large","max-video-preview":"max-video-preview:-1"},"canonical":"https:\/\/www.merkley.senate.gov\/es\/services\/help\/","og_locale":"es_MX","og_type":"article","og_title":"Help With A Federal Agency - Merkley","og_description":"Dealing with large bureaucracies can be confusing and frustrating. Whether you are dealing with a federal or state agency, your local city or county government, or even a bank or insurance company, Jeff and his staff stand ready to help you. If you have questions about government programs, need help with a benefit application you [&hellip;]","og_url":"https:\/\/www.merkley.senate.gov\/es\/services\/help\/","og_site_name":"Merkley","article_modified_time":"2023-07-25T18:19:28+00:00","twitter_card":"summary_large_image","twitter_misc":{"Est. reading time":"2 minutes"},"schema":{"@context":"https:\/\/schema.org","@graph":[{"@type":"WebPage","@id":"https:\/\/www.merkley.senate.gov\/services\/help\/","url":"https:\/\/www.merkley.senate.gov\/services\/help\/","name":"Help With A Federal Agency - Merkley","isPartOf":{"@id":"https:\/\/www.merkley.senate.gov\/#website"},"datePublished":"2023-03-23T19:57:50+00:00","dateModified":"2023-07-25T18:19:28+00:00","breadcrumb":{"@id":"https:\/\/www.merkley.senate.gov\/services\/help\/#breadcrumb"},"inLanguage":"es-MX","potentialAction":[{"@type":"ReadAction","target":["https:\/\/www.merkley.senate.gov\/services\/help\/"]}]},{"@type":"BreadcrumbList","@id":"https:\/\/www.merkley.senate.gov\/services\/help\/#breadcrumb","itemListElement":[{"@type":"ListItem","position":1,"name":"Home","item":"https:\/\/www.merkley.senate.gov\/"},{"@type":"ListItem","position":2,"name":"Helping You","item":"https:\/\/www.merkley.senate.gov\/services\/"},{"@type":"ListItem","position":3,"name":"Help With A Federal Agency"}]},{"@type":"WebSite","@id":"https:\/\/www.merkley.senate.gov\/#website","url":"https:\/\/www.merkley.senate.gov\/","name":"merkley","description":"merkley","potentialAction":[{"@type":"SearchAction","target":{"@type":"EntryPoint","urlTemplate":"https:\/\/www.merkley.senate.gov\/?s={search_term_string}"},"query-input":{"@type":"PropertyValueSpecification","valueRequired":true,"valueName":"search_term_string"}}],"inLanguage":"es-MX"}]}},"_links":{"self":[{"href":"https:\/\/www.merkley.senate.gov\/es\/wp-json\/wp\/v2\/pages\/407","targetHints":{"allow":["GET"]}}],"collection":[{"href":"https:\/\/www.merkley.senate.gov\/es\/wp-json\/wp\/v2\/pages"}],"about":[{"href":"https:\/\/www.merkley.senate.gov\/es\/wp-json\/wp\/v2\/types\/page"}],"author":[{"embeddable":true,"href":"https:\/\/www.merkley.senate.gov\/es\/wp-json\/wp\/v2\/users\/1"}],"replies":[{"embeddable":true,"href":"https:\/\/www.merkley.senate.gov\/es\/wp-json\/wp\/v2\/comments?post=407"}],"version-history":[{"count":97,"href":"https:\/\/www.merkley.senate.gov\/es\/wp-json\/wp\/v2\/pages\/407\/revisions"}],"predecessor-version":[{"id":16977,"href":"https:\/\/www.merkley.senate.gov\/es\/wp-json\/wp\/v2\/pages\/407\/revisions\/16977"}],"up":[{"embeddable":true,"href":"https:\/\/www.merkley.senate.gov\/es\/wp-json\/wp\/v2\/pages\/7812"}],"wp:attachment":[{"href":"https:\/\/www.merkley.senate.gov\/es\/wp-json\/wp\/v2\/media?parent=407"}],"curies":[{"name":"wp","href":"https:\/\/api.w.org\/{rel}","templated":true}]}}