{"id":7613,"date":"2023-07-19T15:14:32","date_gmt":"2023-07-19T19:14:32","guid":{"rendered":"https:\/\/www.merkley.senate.gov\/?page_id=7613"},"modified":"2023-07-24T14:56:19","modified_gmt":"2023-07-24T18:56:19","slug":"agriculture-2","status":"publish","type":"page","link":"https:\/\/www.merkley.senate.gov\/es\/about\/issues\/agriculture-2\/","title":{"rendered":"Agricultura"},"content":{"rendered":"<div data-elementor-type=\"wp-page\" data-elementor-id=\"7613\" class=\"elementor elementor-7613\" data-elementor-post-type=\"page\">\n\t\t\t\t\t\t<section class=\"elementor-section elementor-top-section elementor-element elementor-element-9c47f31 elementor-section-boxed elementor-section-height-default elementor-section-height-default\" data-id=\"9c47f31\" data-element_type=\"section\" data-e-type=\"section\">\n\t\t\t\t\t\t<div class=\"elementor-container elementor-column-gap-default\">\n\t\t\t\t\t<div class=\"elementor-column elementor-col-100 elementor-top-column elementor-element elementor-element-38a9b641\" data-id=\"38a9b641\" data-element_type=\"column\" data-e-type=\"column\">\n\t\t\t<div class=\"elementor-widget-wrap elementor-element-populated\">\n\t\t\t\t\t\t<div class=\"elementor-element elementor-element-7a827c2 elementor-widget elementor-widget-text-editor\" data-id=\"7a827c2\" data-element_type=\"widget\" data-e-type=\"widget\" data-widget_type=\"text-editor.default\">\n\t\t\t\t<div class=\"elementor-widget-container\">\n\t\t\t\t\t\t\t\t\t\n<p>La agricultura ha sido durante mucho tiempo un elemento b\u00e1sico de la econom\u00eda de Oreg\u00f3n, proporcionando a la naci\u00f3n y al mundo una amplia variedad de productos que incluyen cebollas, trigo y ganado del este de Oreg\u00f3n; salm\u00f3n y ar\u00e1ndanos de la costa de Oreg\u00f3n; bayas, avellanas y productos de vivero de Willamette Valley; y peras y manzanas de Columbia Gorge. Las granjas de nuestro estado brindan buenos empleos e impulsan la econom\u00eda rural.<\/p>\n\t\t\t\t\t\t\t\t<\/div>\n\t\t\t\t<\/div>\n\t\t\t\t\t<\/div>\n\t\t<\/div>\n\t\t\t\t\t<\/div>\n\t\t<\/section>\n\t\t\t\t<section class=\"elementor-section elementor-top-section elementor-element elementor-element-e1e49f5 elementor-section-boxed elementor-section-height-default elementor-section-height-default\" data-id=\"e1e49f5\" data-element_type=\"section\" data-e-type=\"section\">\n\t\t\t\t\t\t<div class=\"elementor-container elementor-column-gap-default\">\n\t\t\t\t\t<div class=\"elementor-column elementor-col-100 elementor-top-column elementor-element elementor-element-1bf0c7c\" data-id=\"1bf0c7c\" data-element_type=\"column\" data-e-type=\"column\">\n\t\t\t<div class=\"elementor-widget-wrap elementor-element-populated\">\n\t\t\t\t\t\t<div class=\"elementor-element elementor-element-9848b0c elementor-grid-1 elementor-posts--thumbnail-none elementor-grid-tablet-2 elementor-grid-mobile-1 elementor-widget elementor-widget-posts\" data-id=\"9848b0c\" data-element_type=\"widget\" data-e-type=\"widget\" data-settings=\"{&quot;classic_columns&quot;:&quot;1&quot;,&quot;classic_row_gap&quot;:{&quot;unit&quot;:&quot;px&quot;,&quot;size&quot;:45,&quot;sizes&quot;:[]},&quot;pagination_type&quot;:&quot;numbers&quot;,&quot;classic_columns_tablet&quot;:&quot;2&quot;,&quot;classic_columns_mobile&quot;:&quot;1&quot;,&quot;classic_row_gap_laptop&quot;:{&quot;unit&quot;:&quot;px&quot;,&quot;size&quot;:&quot;&quot;,&quot;sizes&quot;:[]},&quot;classic_row_gap_tablet_extra&quot;:{&quot;unit&quot;:&quot;px&quot;,&quot;size&quot;:&quot;&quot;,&quot;sizes&quot;:[]},&quot;classic_row_gap_tablet&quot;:{&quot;unit&quot;:&quot;px&quot;,&quot;size&quot;:&quot;&quot;,&quot;sizes&quot;:[]},&quot;classic_row_gap_mobile_extra&quot;:{&quot;unit&quot;:&quot;px&quot;,&quot;size&quot;:&quot;&quot;,&quot;sizes&quot;:[]},&quot;classic_row_gap_mobile&quot;:{&quot;unit&quot;:&quot;px&quot;,&quot;size&quot;:&quot;&quot;,&quot;sizes&quot;:[]}}\" data-widget_type=\"posts.classic\">\n\t\t\t\t<div class=\"elementor-widget-container\">\n\t\t\t\t\t\t\t<div class=\"elementor-posts-container elementor-posts elementor-posts--skin-classic elementor-grid\" role=\"list\">\n\t\t\t\t<article class=\"elementor-post elementor-grid-item post-24516 post type-post status-publish format-standard has-post-thumbnail hentry category-press-releases tag-agriculture tag-appropriations tag-natural-resources-and-rural-development tag-tackling-climate-change tag-wildfire\" role=\"listitem\">\n\t\t\t\t<div class=\"elementor-post__text\">\n\t\t\t\t<h2 class=\"elementor-post__title\">\n\t\t\t<a href=\"https:\/\/www.merkley.senate.gov\/es\/merkley-remarks-at-fy27-forest-service-budget-hearing-with-chief-schultz\/\" >\n\t\t\t\tMerkley Remarks at FY27 Forest Service Budget Hearing with Chief Schultz\t\t\t<\/a>\n\t\t<\/h2>\n\t\t\t\t<div class=\"elementor-post__meta-data\">\n\t\t\t\t\t<span class=\"elementor-post-date\">\n\t\t\tApril 30, 2026\t\t<\/span>\n\t\t\t\t<\/div>\n\t\t\t\t<div class=\"elementor-post__excerpt\">\n\t\t\t<p>Washington, D.C. \u2013 Today, Oregon\u2019s U.S. Senator Jeff Merkley\u2014the Ranking Member of the Senate Interior-Environment Appropriations Subcommittee\u2014delivered the following remarks as prepared for delivery at the hearing reviewing the President\u2019s Fiscal Year 2027 budget request for the U.S. Forest Service with Chief Tom Schultz: Senator Merkley\u2019s remarks, as prepared for<\/p>\n\t\t<\/div>\n\t\t\n\t\t<a class=\"elementor-post__read-more\" href=\"https:\/\/www.merkley.senate.gov\/es\/merkley-remarks-at-fy27-forest-service-budget-hearing-with-chief-schultz\/\" aria-label=\"Read more about Merkley Remarks at FY27 Forest Service Budget Hearing with Chief Schultz\" tabindex=\"-1\" >\n\t\t\t<i aria-hidden=\"true\" class=\"fal fa-chevron-circle-right\"><\/i>\t\t<\/a>\n\n\t\t\t\t<\/div>\n\t\t\t\t<\/article>\n\t\t\t\t<article class=\"elementor-post elementor-grid-item post-24366 post type-post status-publish format-standard has-post-thumbnail hentry category-press-releases tag-agriculture tag-appropriations tag-bipartisan-actions tag-delivering-for-oregon tag-drought tag-foreign-policy-and-national-security tag-natural-resources-and-rural-development tag-tackling-climate-change\" role=\"listitem\">\n\t\t\t\t<div class=\"elementor-post__text\">\n\t\t\t\t<h2 class=\"elementor-post__title\">\n\t\t\t<a href=\"https:\/\/www.merkley.senate.gov\/es\/merkley-leads-bipartisan-legislation-to-cut-red-tape-and-invest-in-watershed-projects-due-to-extreme-drought\/\" >\n\t\t\t\tMerkley Leads Bipartisan Legislation to Cut Red Tape and Invest in Watershed Projects Due to Extreme Drought\t\t\t<\/a>\n\t\t<\/h2>\n\t\t\t\t<div class=\"elementor-post__meta-data\">\n\t\t\t\t\t<span class=\"elementor-post-date\">\n\t\t\tApril 8, 2026\t\t<\/span>\n\t\t\t\t<\/div>\n\t\t\t\t<div class=\"elementor-post__excerpt\">\n\t\t\t<p>Washington, D.C. \u2014 Oregon\u2019s U.S. Senator Jeff Merkley\u2014the former Ranking Member on the Appropriations subcommittee that writes our nation\u2019s agriculture funding bill\u2014partnered with&nbsp;U.S. Senators Michael Bennet (D-CO) and Deb Fischer (R-NE) to reintroduce the&nbsp;Healthy Watersheds, Healthy Communities Act. This bipartisan bill would increase the resiliency of American agriculture and communities<\/p>\n\t\t<\/div>\n\t\t\n\t\t<a class=\"elementor-post__read-more\" href=\"https:\/\/www.merkley.senate.gov\/es\/merkley-leads-bipartisan-legislation-to-cut-red-tape-and-invest-in-watershed-projects-due-to-extreme-drought\/\" aria-label=\"Read more about Merkley Leads Bipartisan Legislation to Cut Red Tape and Invest in Watershed Projects Due to Extreme Drought\" tabindex=\"-1\" >\n\t\t\t<i aria-hidden=\"true\" class=\"fal fa-chevron-circle-right\"><\/i>\t\t<\/a>\n\n\t\t\t\t<\/div>\n\t\t\t\t<\/article>\n\t\t\t\t<article class=\"elementor-post elementor-grid-item post-24188 post type-post status-publish format-standard has-post-thumbnail hentry category-press-releases tag-agriculture tag-education\" role=\"listitem\">\n\t\t\t\t<div class=\"elementor-post__text\">\n\t\t\t\t<h2 class=\"elementor-post__title\">\n\t\t\t<a href=\"https:\/\/www.merkley.senate.gov\/es\/merkley-padilla-lead-senate-colleagues-to-urge-education-departments-timely-execution-of-federal-education-programs-for-agricultural-farmworker-students\/\" >\n\t\t\t\tMerkley, Padilla Lead Senate Colleagues to Urge Education Department\u2019s Timely Execution of Federal Education Programs for Agricultural Farmworker Students\t\t\t<\/a>\n\t\t<\/h2>\n\t\t\t\t<div class=\"elementor-post__meta-data\">\n\t\t\t\t\t<span class=\"elementor-post-date\">\n\t\t\tMarch 19, 2026\t\t<\/span>\n\t\t\t\t<\/div>\n\t\t\t\t<div class=\"elementor-post__excerpt\">\n\t\t\t<p>Washington, D.C. \u2013 Oregon\u2019s U.S. Senator Jeff Merkley and California\u2019s U.S. Senator Alex Padilla today led a group of Senators in urging U.S. Secretary of Education Linda McMahon to ensure the timely delivery of federal funds for the High School Equivalency Program (HEP) and College Assistance Migrant Program (CAMP), which<\/p>\n\t\t<\/div>\n\t\t\n\t\t<a class=\"elementor-post__read-more\" href=\"https:\/\/www.merkley.senate.gov\/es\/merkley-padilla-lead-senate-colleagues-to-urge-education-departments-timely-execution-of-federal-education-programs-for-agricultural-farmworker-students\/\" aria-label=\"Read more about Merkley, Padilla Lead Senate Colleagues to Urge Education Department\u2019s Timely Execution of Federal Education Programs for Agricultural Farmworker Students\" tabindex=\"-1\" >\n\t\t\t<i aria-hidden=\"true\" class=\"fal fa-chevron-circle-right\"><\/i>\t\t<\/a>\n\n\t\t\t\t<\/div>\n\t\t\t\t<\/article>\n\t\t\t\t<article class=\"elementor-post elementor-grid-item post-24140 post type-post status-publish format-standard has-post-thumbnail hentry category-press-releases tag-agriculture tag-bipartisan-actions tag-budget tag-economy tag-foreign-policy-and-national-security\" role=\"listitem\">\n\t\t\t\t<div class=\"elementor-post__text\">\n\t\t\t\t<h2 class=\"elementor-post__title\">\n\t\t\t<a href=\"https:\/\/www.merkley.senate.gov\/es\/wyden-merkley-crapo-call-on-trump-to-prioritize-opening-japanese-market-to-u-s-potatoes\/\" >\n\t\t\t\tWyden, Merkley, Crapo Call on Trump to Prioritize Opening Japanese Market to U.S. Potatoes\t\t\t<\/a>\n\t\t<\/h2>\n\t\t\t\t<div class=\"elementor-post__meta-data\">\n\t\t\t\t\t<span class=\"elementor-post-date\">\n\t\t\tMarch 11, 2026\t\t<\/span>\n\t\t\t\t<\/div>\n\t\t\t\t<div class=\"elementor-post__excerpt\">\n\t\t\t<p>Washington, D.C. \u2013 U.S. Senators Ron Wyden, ranking member of the Senate Finance Committee, and Jeff Merkley, ranking member of the Senate Budget Committee, with Finance Committee Chairman Mike Crapo, R-Idaho, today asked Donald Trump to prioritize gaining market access for U.S. fresh potatoes during Japanese Prime Minister Takaichi Sanae\u2019s<\/p>\n\t\t<\/div>\n\t\t\n\t\t<a class=\"elementor-post__read-more\" href=\"https:\/\/www.merkley.senate.gov\/es\/wyden-merkley-crapo-call-on-trump-to-prioritize-opening-japanese-market-to-u-s-potatoes\/\" aria-label=\"Read more about Wyden, Merkley, Crapo Call on Trump to Prioritize Opening Japanese Market to U.S. Potatoes\" tabindex=\"-1\" >\n\t\t\t<i aria-hidden=\"true\" class=\"fal fa-chevron-circle-right\"><\/i>\t\t<\/a>\n\n\t\t\t\t<\/div>\n\t\t\t\t<\/article>\n\t\t\t\t<article class=\"elementor-post elementor-grid-item post-23953 post type-post status-publish format-standard has-post-thumbnail hentry category-press-releases tag-agriculture tag-bipartisan-actions tag-natural-resources-and-rural-development\" role=\"listitem\">\n\t\t\t\t<div class=\"elementor-post__text\">\n\t\t\t\t<h2 class=\"elementor-post__title\">\n\t\t\t<a href=\"https:\/\/www.merkley.senate.gov\/es\/peters-collins-ossoff-merkley-reintroduce-bipartisan-swat-act-to-target-invasive-insect-hurting-fruit-growers\/\" >\n\t\t\t\tPeters, Collins, Ossoff, Merkley Reintroduce Bipartisan SWAT Act to Target Invasive Insect Hurting Fruit Growers\t\t\t<\/a>\n\t\t<\/h2>\n\t\t\t\t<div class=\"elementor-post__meta-data\">\n\t\t\t\t\t<span class=\"elementor-post-date\">\n\t\t\tFebruary 11, 2026\t\t<\/span>\n\t\t\t\t<\/div>\n\t\t\t\t<div class=\"elementor-post__excerpt\">\n\t\t\t<p>Bill Would Fund Mitigation and Research on Spotted Wing Drosophila Which Continue to Threaten Cherry, Blueberry, and Other Fruit Crops Washington, D.C. \u2013 U.S. Senators Gary Peters (D-MI), Susan Collins (R-ME), Jon Ossoff (D-GA) and Jeff Merkley (D-OR) have reintroduced bipartisan legislation to combat the spread of spotted wing drosophila<\/p>\n\t\t<\/div>\n\t\t\n\t\t<a class=\"elementor-post__read-more\" href=\"https:\/\/www.merkley.senate.gov\/es\/peters-collins-ossoff-merkley-reintroduce-bipartisan-swat-act-to-target-invasive-insect-hurting-fruit-growers\/\" aria-label=\"Read more about Peters, Collins, Ossoff, Merkley Reintroduce Bipartisan SWAT Act to Target Invasive Insect Hurting Fruit Growers\" tabindex=\"-1\" >\n\t\t\t<i aria-hidden=\"true\" class=\"fal fa-chevron-circle-right\"><\/i>\t\t<\/a>\n\n\t\t\t\t<\/div>\n\t\t\t\t<\/article>\n\t\t\t\t<article class=\"elementor-post elementor-grid-item post-23930 post type-post status-publish format-standard has-post-thumbnail hentry category-press-releases tag-agriculture tag-natural-resources-and-rural-development tag-tackling-climate-change\" role=\"listitem\">\n\t\t\t\t<div class=\"elementor-post__text\">\n\t\t\t\t<h2 class=\"elementor-post__title\">\n\t\t\t<a href=\"https:\/\/www.merkley.senate.gov\/es\/merkley-salinas-colleagues-champion-strong-federal-support-for-regenerative-agriculture\/\" >\n\t\t\t\tMerkley, Salinas, Colleagues Champion Strong Federal Support for Regenerative Agriculture\t\t\t<\/a>\n\t\t<\/h2>\n\t\t\t\t<div class=\"elementor-post__meta-data\">\n\t\t\t\t\t<span class=\"elementor-post-date\">\n\t\t\tFebruary 10, 2026\t\t<\/span>\n\t\t\t\t<\/div>\n\t\t\t\t<div class=\"elementor-post__excerpt\">\n\t\t\t<p>Washington, D.C. \u2013 Oregon\u2019s U.S. Senator Jeff Merkley and U.S. Representative Andrea Salinas (OR-06) led their colleagues\u2014including Senator Ron Wyden, Representatives Suzanne Bonamici (OR-01), and Val Hoyle (OR-04)\u2014in reintroducing the Soil Conservation And Regeneration Education (Soil CARE) Act. Their bicameral bill would create a training program and curriculum to ensure<\/p>\n\t\t<\/div>\n\t\t\n\t\t<a class=\"elementor-post__read-more\" href=\"https:\/\/www.merkley.senate.gov\/es\/merkley-salinas-colleagues-champion-strong-federal-support-for-regenerative-agriculture\/\" aria-label=\"Read more about Merkley, Salinas, Colleagues Champion Strong Federal Support for Regenerative Agriculture\" tabindex=\"-1\" >\n\t\t\t<i aria-hidden=\"true\" class=\"fal fa-chevron-circle-right\"><\/i>\t\t<\/a>\n\n\t\t\t\t<\/div>\n\t\t\t\t<\/article>\n\t\t\t\t<\/div>\n\t\t\n\t\t\t\t<div class=\"e-load-more-anchor\" data-page=\"1\" data-max-page=\"31\" data-next-page=\"https:\/\/www.merkley.senate.gov\/es\/wp-json\/wp\/v2\/pages\/7613\/page\/2\/\"><\/div>\n\t\t\t\t<nav class=\"elementor-pagination\" aria-label=\"Pagination\">\n\t\t\t<span aria-current=\"page\" class=\"page-numbers current\"><span class=\"elementor-screen-only\">P\u00e1gina<\/span>1<\/span>\n<a class=\"page-numbers\" href=\"https:\/\/www.merkley.senate.gov\/es\/wp-json\/wp\/v2\/pages\/7613\/page\/2\/\"><span class=\"elementor-screen-only\">P\u00e1gina<\/span>2<\/a>\n<a class=\"page-numbers\" href=\"https:\/\/www.merkley.senate.gov\/es\/wp-json\/wp\/v2\/pages\/7613\/page\/3\/\"><span class=\"elementor-screen-only\">P\u00e1gina<\/span>3<\/a>\n<a class=\"page-numbers\" href=\"https:\/\/www.merkley.senate.gov\/es\/wp-json\/wp\/v2\/pages\/7613\/page\/4\/\"><span class=\"elementor-screen-only\">P\u00e1gina<\/span>4<\/a>\n<a class=\"page-numbers\" href=\"https:\/\/www.merkley.senate.gov\/es\/wp-json\/wp\/v2\/pages\/7613\/page\/5\/\"><span class=\"elementor-screen-only\">P\u00e1gina<\/span>5<\/a>\t\t<\/nav>\n\t\t\t\t\t\t<\/div>\n\t\t\t\t<\/div>\n\t\t\t\t\t<\/div>\n\t\t<\/div>\n\t\t\t\t\t<\/div>\n\t\t<\/section>\n\t\t\t\t<\/div>","protected":false},"excerpt":{"rendered":"<p>Agriculture has long been a staple of Oregon\u2019s economy, providing the nation and the world with a wide variety of products including onions, wheat, and cattle from Eastern Oregon; salmon and cranberries from the Oregon Coast; berries, hazelnuts, and nursery products from Willamette Valley; and pears and apples from the Columbia Gorge.&nbsp; Our state\u2019s farms [&hellip;]<\/p>\n","protected":false},"author":1,"featured_media":0,"parent":7298,"menu_order":0,"comment_status":"closed","ping_status":"closed","template":"","meta":{"_acf_changed":false,"inline_featured_image":false,"footnotes":""},"class_list":["post-7613","page","type-page","status-publish","hentry"],"acf":[],"yoast_head":"<!-- This site is optimized with the Yoast SEO plugin v27.2 - https:\/\/yoast.com\/product\/yoast-seo-wordpress\/ -->\n<title>Agriculture - Merkley<\/title>\n<meta name=\"robots\" content=\"index, follow, max-snippet:-1, max-image-preview:large, max-video-preview:-1\" \/>\n<link rel=\"canonical\" href=\"https:\/\/www.merkley.senate.gov\/es\/about\/issues\/agriculture-2\/\" \/>\n<meta property=\"og:locale\" content=\"es_MX\" \/>\n<meta property=\"og:type\" content=\"article\" \/>\n<meta property=\"og:title\" content=\"Agriculture - Merkley\" \/>\n<meta property=\"og:description\" content=\"Agriculture has long been a staple of Oregon\u2019s economy, providing the nation and the world with a wide variety of products including onions, wheat, and cattle from Eastern Oregon; salmon and cranberries from the Oregon Coast; berries, hazelnuts, and nursery products from Willamette Valley; and pears and apples from the Columbia Gorge.&nbsp; Our state\u2019s farms [&hellip;]\" \/>\n<meta property=\"og:url\" content=\"https:\/\/www.merkley.senate.gov\/es\/about\/issues\/agriculture-2\/\" \/>\n<meta property=\"og:site_name\" content=\"Merkley\" \/>\n<meta property=\"article:modified_time\" content=\"2023-07-24T18:56:19+00:00\" \/>\n<meta name=\"twitter:card\" content=\"summary_large_image\" \/>\n<meta name=\"twitter:label1\" content=\"Est. reading time\" \/>\n\t<meta name=\"twitter:data1\" content=\"1 minute\" \/>\n<script type=\"application\/ld+json\" class=\"yoast-schema-graph\">{\"@context\":\"https:\/\/schema.org\",\"@graph\":[{\"@type\":\"WebPage\",\"@id\":\"https:\/\/www.merkley.senate.gov\/about\/issues\/agriculture-2\/\",\"url\":\"https:\/\/www.merkley.senate.gov\/about\/issues\/agriculture-2\/\",\"name\":\"Agriculture - Merkley\",\"isPartOf\":{\"@id\":\"https:\/\/www.merkley.senate.gov\/#website\"},\"datePublished\":\"2023-07-19T19:14:32+00:00\",\"dateModified\":\"2023-07-24T18:56:19+00:00\",\"breadcrumb\":{\"@id\":\"https:\/\/www.merkley.senate.gov\/about\/issues\/agriculture-2\/#breadcrumb\"},\"inLanguage\":\"es-MX\",\"potentialAction\":[{\"@type\":\"ReadAction\",\"target\":[\"https:\/\/www.merkley.senate.gov\/about\/issues\/agriculture-2\/\"]}]},{\"@type\":\"BreadcrumbList\",\"@id\":\"https:\/\/www.merkley.senate.gov\/about\/issues\/agriculture-2\/#breadcrumb\",\"itemListElement\":[{\"@type\":\"ListItem\",\"position\":1,\"name\":\"Home\",\"item\":\"https:\/\/www.merkley.senate.gov\/\"},{\"@type\":\"ListItem\",\"position\":2,\"name\":\"About Jeff\",\"item\":\"https:\/\/www.merkley.senate.gov\/about\/\"},{\"@type\":\"ListItem\",\"position\":3,\"name\":\"Issues\",\"item\":\"https:\/\/www.merkley.senate.gov\/about\/issues\/\"},{\"@type\":\"ListItem\",\"position\":4,\"name\":\"Agriculture\"}]},{\"@type\":\"WebSite\",\"@id\":\"https:\/\/www.merkley.senate.gov\/#website\",\"url\":\"https:\/\/www.merkley.senate.gov\/\",\"name\":\"Merkley\",\"description\":\"Merkley\",\"potentialAction\":[{\"@type\":\"SearchAction\",\"target\":{\"@type\":\"EntryPoint\",\"urlTemplate\":\"https:\/\/www.merkley.senate.gov\/?s={search_term_string}\"},\"query-input\":{\"@type\":\"PropertyValueSpecification\",\"valueRequired\":true,\"valueName\":\"search_term_string\"}}],\"inLanguage\":\"es-MX\"}]}<\/script>\n<!-- \/ Yoast SEO plugin. -->","yoast_head_json":{"title":"Agriculture - Merkley","robots":{"index":"index","follow":"follow","max-snippet":"max-snippet:-1","max-image-preview":"max-image-preview:large","max-video-preview":"max-video-preview:-1"},"canonical":"https:\/\/www.merkley.senate.gov\/es\/about\/issues\/agriculture-2\/","og_locale":"es_MX","og_type":"article","og_title":"Agriculture - Merkley","og_description":"Agriculture has long been a staple of Oregon\u2019s economy, providing the nation and the world with a wide variety of products including onions, wheat, and cattle from Eastern Oregon; salmon and cranberries from the Oregon Coast; berries, hazelnuts, and nursery products from Willamette Valley; and pears and apples from the Columbia Gorge.&nbsp; Our state\u2019s farms [&hellip;]","og_url":"https:\/\/www.merkley.senate.gov\/es\/about\/issues\/agriculture-2\/","og_site_name":"Merkley","article_modified_time":"2023-07-24T18:56:19+00:00","twitter_card":"summary_large_image","twitter_misc":{"Est. reading time":"1 minute"},"schema":{"@context":"https:\/\/schema.org","@graph":[{"@type":"WebPage","@id":"https:\/\/www.merkley.senate.gov\/about\/issues\/agriculture-2\/","url":"https:\/\/www.merkley.senate.gov\/about\/issues\/agriculture-2\/","name":"Agriculture - Merkley","isPartOf":{"@id":"https:\/\/www.merkley.senate.gov\/#website"},"datePublished":"2023-07-19T19:14:32+00:00","dateModified":"2023-07-24T18:56:19+00:00","breadcrumb":{"@id":"https:\/\/www.merkley.senate.gov\/about\/issues\/agriculture-2\/#breadcrumb"},"inLanguage":"es-MX","potentialAction":[{"@type":"ReadAction","target":["https:\/\/www.merkley.senate.gov\/about\/issues\/agriculture-2\/"]}]},{"@type":"BreadcrumbList","@id":"https:\/\/www.merkley.senate.gov\/about\/issues\/agriculture-2\/#breadcrumb","itemListElement":[{"@type":"ListItem","position":1,"name":"Home","item":"https:\/\/www.merkley.senate.gov\/"},{"@type":"ListItem","position":2,"name":"About Jeff","item":"https:\/\/www.merkley.senate.gov\/about\/"},{"@type":"ListItem","position":3,"name":"Issues","item":"https:\/\/www.merkley.senate.gov\/about\/issues\/"},{"@type":"ListItem","position":4,"name":"Agriculture"}]},{"@type":"WebSite","@id":"https:\/\/www.merkley.senate.gov\/#website","url":"https:\/\/www.merkley.senate.gov\/","name":"merkley","description":"merkley","potentialAction":[{"@type":"SearchAction","target":{"@type":"EntryPoint","urlTemplate":"https:\/\/www.merkley.senate.gov\/?s={search_term_string}"},"query-input":{"@type":"PropertyValueSpecification","valueRequired":true,"valueName":"search_term_string"}}],"inLanguage":"es-MX"}]}},"_links":{"self":[{"href":"https:\/\/www.merkley.senate.gov\/es\/wp-json\/wp\/v2\/pages\/7613","targetHints":{"allow":["GET"]}}],"collection":[{"href":"https:\/\/www.merkley.senate.gov\/es\/wp-json\/wp\/v2\/pages"}],"about":[{"href":"https:\/\/www.merkley.senate.gov\/es\/wp-json\/wp\/v2\/types\/page"}],"author":[{"embeddable":true,"href":"https:\/\/www.merkley.senate.gov\/es\/wp-json\/wp\/v2\/users\/1"}],"replies":[{"embeddable":true,"href":"https:\/\/www.merkley.senate.gov\/es\/wp-json\/wp\/v2\/comments?post=7613"}],"version-history":[{"count":8,"href":"https:\/\/www.merkley.senate.gov\/es\/wp-json\/wp\/v2\/pages\/7613\/revisions"}],"predecessor-version":[{"id":16761,"href":"https:\/\/www.merkley.senate.gov\/es\/wp-json\/wp\/v2\/pages\/7613\/revisions\/16761"}],"up":[{"embeddable":true,"href":"https:\/\/www.merkley.senate.gov\/es\/wp-json\/wp\/v2\/pages\/7298"}],"wp:attachment":[{"href":"https:\/\/www.merkley.senate.gov\/es\/wp-json\/wp\/v2\/media?parent=7613"}],"curies":[{"name":"wp","href":"https:\/\/api.w.org\/{rel}","templated":true}]}}