{"id":7617,"date":"2023-07-19T15:16:24","date_gmt":"2023-07-19T19:16:24","guid":{"rendered":"https:\/\/www.merkley.senate.gov\/?page_id=7617"},"modified":"2023-07-24T11:32:43","modified_gmt":"2023-07-24T15:32:43","slug":"civil-rights-2","status":"publish","type":"page","link":"https:\/\/www.merkley.senate.gov\/es\/about\/issues\/civil-rights-2\/","title":{"rendered":"Derechos civiles"},"content":{"rendered":"<div data-elementor-type=\"wp-page\" data-elementor-id=\"7617\" class=\"elementor elementor-7617\" data-elementor-post-type=\"page\">\n\t\t\t\t\t\t<section class=\"elementor-section elementor-top-section elementor-element elementor-element-1f910512 elementor-section-boxed elementor-section-height-default elementor-section-height-default\" data-id=\"1f910512\" data-element_type=\"section\" data-e-type=\"section\">\n\t\t\t\t\t\t<div class=\"elementor-container elementor-column-gap-default\">\n\t\t\t\t\t<div class=\"elementor-column elementor-col-100 elementor-top-column elementor-element elementor-element-598701b4\" data-id=\"598701b4\" data-element_type=\"column\" data-e-type=\"column\">\n\t\t\t<div class=\"elementor-widget-wrap elementor-element-populated\">\n\t\t\t\t\t\t<div class=\"elementor-element elementor-element-354fe26d elementor-widget elementor-widget-text-editor\" data-id=\"354fe26d\" data-element_type=\"widget\" data-e-type=\"widget\" data-widget_type=\"text-editor.default\">\n\t\t\t\t<div class=\"elementor-widget-container\">\n\t\t\t\t\t\t\t\t\t\n<p>Jeff est\u00e1 comprometido con la protecci\u00f3n de los derechos y libertades de todos los estadounidenses. Desde su creaci\u00f3n, nuestra naci\u00f3n ha recorrido un largo camino hacia la igualdad y la justicia, pero a\u00fan queda mucho trabajo por hacer. Todos los estadounidenses merecen la oportunidad de vivir, trabajar y tener \u00e9xito sin sufrir discriminaci\u00f3n.<\/p>\n\t\t\t\t\t\t\t\t<\/div>\n\t\t\t\t<\/div>\n\t\t\t\t\t<\/div>\n\t\t<\/div>\n\t\t\t\t\t<\/div>\n\t\t<\/section>\n\t\t\t\t<section class=\"elementor-section elementor-top-section elementor-element elementor-element-7804aca elementor-section-boxed elementor-section-height-default elementor-section-height-default\" data-id=\"7804aca\" data-element_type=\"section\" data-e-type=\"section\">\n\t\t\t\t\t\t<div class=\"elementor-container elementor-column-gap-default\">\n\t\t\t\t\t<div class=\"elementor-column elementor-col-100 elementor-top-column elementor-element elementor-element-b3897bc\" data-id=\"b3897bc\" data-element_type=\"column\" data-e-type=\"column\">\n\t\t\t<div class=\"elementor-widget-wrap elementor-element-populated\">\n\t\t\t\t\t\t<div class=\"elementor-element elementor-element-a5616ad elementor-grid-1 elementor-posts--thumbnail-none elementor-grid-tablet-2 elementor-grid-mobile-1 elementor-widget elementor-widget-posts\" data-id=\"a5616ad\" data-element_type=\"widget\" data-e-type=\"widget\" data-settings=\"{&quot;classic_columns&quot;:&quot;1&quot;,&quot;classic_row_gap&quot;:{&quot;unit&quot;:&quot;px&quot;,&quot;size&quot;:45,&quot;sizes&quot;:[]},&quot;pagination_type&quot;:&quot;numbers&quot;,&quot;classic_columns_tablet&quot;:&quot;2&quot;,&quot;classic_columns_mobile&quot;:&quot;1&quot;,&quot;classic_row_gap_laptop&quot;:{&quot;unit&quot;:&quot;px&quot;,&quot;size&quot;:&quot;&quot;,&quot;sizes&quot;:[]},&quot;classic_row_gap_tablet_extra&quot;:{&quot;unit&quot;:&quot;px&quot;,&quot;size&quot;:&quot;&quot;,&quot;sizes&quot;:[]},&quot;classic_row_gap_tablet&quot;:{&quot;unit&quot;:&quot;px&quot;,&quot;size&quot;:&quot;&quot;,&quot;sizes&quot;:[]},&quot;classic_row_gap_mobile_extra&quot;:{&quot;unit&quot;:&quot;px&quot;,&quot;size&quot;:&quot;&quot;,&quot;sizes&quot;:[]},&quot;classic_row_gap_mobile&quot;:{&quot;unit&quot;:&quot;px&quot;,&quot;size&quot;:&quot;&quot;,&quot;sizes&quot;:[]}}\" data-widget_type=\"posts.classic\">\n\t\t\t\t<div class=\"elementor-widget-container\">\n\t\t\t\t\t\t\t<div class=\"elementor-posts-container elementor-posts elementor-posts--skin-classic elementor-grid\" role=\"list\">\n\t\t\t\t<article class=\"elementor-post elementor-grid-item post-24612 post type-post status-publish format-standard has-post-thumbnail hentry category-press-releases tag-civil-rights tag-health-care tag-lgbtq-rights\" role=\"listitem\">\n\t\t\t\t<div class=\"elementor-post__text\">\n\t\t\t\t<h2 class=\"elementor-post__title\">\n\t\t\t<a href=\"https:\/\/www.merkley.senate.gov\/es\/markey-merkley-hirono-urge-bureau-of-prisons-to-reverse-policy-banning-gender-affirming-care\/\" >\n\t\t\t\tMarkey, Merkley, Hirono Urge Bureau of Prisons to Reverse Policy Banning Gender-Affirming Care\t\t\t<\/a>\n\t\t<\/h2>\n\t\t\t\t<div class=\"elementor-post__meta-data\">\n\t\t\t\t\t<span class=\"elementor-post-date\">\n\t\t\tMay 11, 2026\t\t<\/span>\n\t\t\t\t<\/div>\n\t\t\t\t<div class=\"elementor-post__excerpt\">\n\t\t\t<p>Letter Text (PDF) Washington, D.C. &#8211; Senator Edward J. Markey (D-Mass.), Ranking Member of the Health, Education, Labor, and Pensions (HELP) Subcommittee on Primary Health and Retirement Security, along with Senators Jeff Merkley (D-Ore.) and Mazie Hirono (D-Hawaii), today wrote to Todd Blanche, Acting Attorney General, and William Marshall III,<\/p>\n\t\t<\/div>\n\t\t\n\t\t<a class=\"elementor-post__read-more\" href=\"https:\/\/www.merkley.senate.gov\/es\/markey-merkley-hirono-urge-bureau-of-prisons-to-reverse-policy-banning-gender-affirming-care\/\" aria-label=\"Read more about Markey, Merkley, Hirono Urge Bureau of Prisons to Reverse Policy Banning Gender-Affirming Care\" tabindex=\"-1\" >\n\t\t\t<i aria-hidden=\"true\" class=\"fal fa-chevron-circle-right\"><\/i>\t\t<\/a>\n\n\t\t\t\t<\/div>\n\t\t\t\t<\/article>\n\t\t\t\t<article class=\"elementor-post elementor-grid-item post-24576 post type-post status-publish format-standard has-post-thumbnail hentry category-press-releases tag-civil-rights tag-democracy tag-seniors tag-voting-rights\" role=\"listitem\">\n\t\t\t\t<div class=\"elementor-post__text\">\n\t\t\t\t<h2 class=\"elementor-post__title\">\n\t\t\t<a href=\"https:\/\/www.merkley.senate.gov\/es\/merkley-wyden-colleagues-demand-federal-agencies-uphold-the-law-over-trumps-unlawful-order-limiting-voting-access\/\" >\n\t\t\t\tMerkley, Wyden, Colleagues\u00a0Demand Federal Agencies\u00a0Uphold\u00a0the\u00a0Law\u00a0Over\u00a0Trump\u2019s Unlawful Order Limiting Voting Access\u00a0\u00a0\t\t\t<\/a>\n\t\t<\/h2>\n\t\t\t\t<div class=\"elementor-post__meta-data\">\n\t\t\t\t\t<span class=\"elementor-post-date\">\n\t\t\tMay 6, 2026\t\t<\/span>\n\t\t\t\t<\/div>\n\t\t\t\t<div class=\"elementor-post__excerpt\">\n\t\t\t<p>Senators&nbsp;push Social Security Administration, Department of Homeland Security&nbsp;to put the&nbsp;law ahead of bending to Trump\u2019s illegal Executive Order\u202f\u202f&nbsp; Washington, D.C. \u2013 Oregon\u2019s U.S. Senators Jeff Merkley and Ron Wyden&nbsp;joined over&nbsp;24 of their&nbsp;Senate&nbsp;Democratic colleagues&nbsp;in&nbsp;demanding the&nbsp;U.S.&nbsp;Department of Homeland Security (DHS) and the U.S. Social Security Administration (SSA) follow existing federal law over<\/p>\n\t\t<\/div>\n\t\t\n\t\t<a class=\"elementor-post__read-more\" href=\"https:\/\/www.merkley.senate.gov\/es\/merkley-wyden-colleagues-demand-federal-agencies-uphold-the-law-over-trumps-unlawful-order-limiting-voting-access\/\" aria-label=\"Read more about Merkley, Wyden, Colleagues\u00a0Demand Federal Agencies\u00a0Uphold\u00a0the\u00a0Law\u00a0Over\u00a0Trump\u2019s Unlawful Order Limiting Voting Access\u00a0\u00a0\" tabindex=\"-1\" >\n\t\t\t<i aria-hidden=\"true\" class=\"fal fa-chevron-circle-right\"><\/i>\t\t<\/a>\n\n\t\t\t\t<\/div>\n\t\t\t\t<\/article>\n\t\t\t\t<article class=\"elementor-post elementor-grid-item post-24551 post type-post status-publish format-standard has-post-thumbnail hentry category-press-releases tag-budget tag-civil-rights tag-protecting-consumers\" role=\"listitem\">\n\t\t\t\t<div class=\"elementor-post__text\">\n\t\t\t\t<h2 class=\"elementor-post__title\">\n\t\t\t<a href=\"https:\/\/www.merkley.senate.gov\/es\/merkley-statement-on-republicans-bill-gifting-ice-border-patrol-billions-while-ignoring-middle-class-families\/\" >\n\t\t\t\tMerkley Statement on Republicans\u2019 Bill Gifting ICE, Border Patrol Billions While Ignoring Middle Class Families\t\t\t<\/a>\n\t\t<\/h2>\n\t\t\t\t<div class=\"elementor-post__meta-data\">\n\t\t\t\t\t<span class=\"elementor-post-date\">\n\t\t\tMay 4, 2026\t\t<\/span>\n\t\t\t\t<\/div>\n\t\t\t\t<div class=\"elementor-post__excerpt\">\n\t\t\t<p>Washington, D.C. \u2014 Today, U.S. Senator Jeff Merkley (D-OR), Ranking Member of the Senate Budget Committee, released the below statement after Senate Republicans released bill text that will gift the Department of Homeland Security (DHS), Immigration and Customs Enforcement (ICE), and Customs and Border Protection (CBP) nearly $70 billion in<\/p>\n\t\t<\/div>\n\t\t\n\t\t<a class=\"elementor-post__read-more\" href=\"https:\/\/www.merkley.senate.gov\/es\/merkley-statement-on-republicans-bill-gifting-ice-border-patrol-billions-while-ignoring-middle-class-families\/\" aria-label=\"Read more about Merkley Statement on Republicans\u2019 Bill Gifting ICE, Border Patrol Billions While Ignoring Middle Class Families\" tabindex=\"-1\" >\n\t\t\t<i aria-hidden=\"true\" class=\"fal fa-chevron-circle-right\"><\/i>\t\t<\/a>\n\n\t\t\t\t<\/div>\n\t\t\t\t<\/article>\n\t\t\t\t<article class=\"elementor-post elementor-grid-item post-24502 post type-post status-publish format-standard has-post-thumbnail hentry category-press-releases tag-bipartisan-actions tag-civil-rights\" role=\"listitem\">\n\t\t\t\t<div class=\"elementor-post__text\">\n\t\t\t\t<h2 class=\"elementor-post__title\">\n\t\t\t<a href=\"https:\/\/www.merkley.senate.gov\/es\/at-merkleys-request-independent-government-watchdog-launches-investigation-into-trump-dojs-handling-of-the-epstein-files\/\" >\n\t\t\t\tAt Merkley\u2019s Request, Independent Government Watchdog Launches Investigation into Trump DOJ\u2019s Handling of the Epstein Files\t\t\t<\/a>\n\t\t<\/h2>\n\t\t\t\t<div class=\"elementor-post__meta-data\">\n\t\t\t\t\t<span class=\"elementor-post-date\">\n\t\t\tApril 28, 2026\t\t<\/span>\n\t\t\t\t<\/div>\n\t\t\t\t<div class=\"elementor-post__excerpt\">\n\t\t\t<p>Washington, D.C. \u2013 In response to a request from Oregon\u2019s U.S. Senator Jeff Merkley, the nonpartisan, independent Government Accountability Office (GAO) has opened an investigation into the Department of Justice\u2019s (DOJ) practices in redacting information from the public release of the Epstein Files. \u201cBy illegally disregarding the law, the Trump<\/p>\n\t\t<\/div>\n\t\t\n\t\t<a class=\"elementor-post__read-more\" href=\"https:\/\/www.merkley.senate.gov\/es\/at-merkleys-request-independent-government-watchdog-launches-investigation-into-trump-dojs-handling-of-the-epstein-files\/\" aria-label=\"Read more about At Merkley\u2019s Request, Independent Government Watchdog Launches Investigation into Trump DOJ\u2019s Handling of the Epstein Files\" tabindex=\"-1\" >\n\t\t\t<i aria-hidden=\"true\" class=\"fal fa-chevron-circle-right\"><\/i>\t\t<\/a>\n\n\t\t\t\t<\/div>\n\t\t\t\t<\/article>\n\t\t\t\t<article class=\"elementor-post elementor-grid-item post-24455 post type-post status-publish format-standard has-post-thumbnail hentry category-press-releases tag-budget tag-civil-rights tag-protecting-consumers\" role=\"listitem\">\n\t\t\t\t<div class=\"elementor-post__text\">\n\t\t\t\t<h2 class=\"elementor-post__title\">\n\t\t\t<a href=\"https:\/\/www.merkley.senate.gov\/es\/merkley-republican-budget-resolution-ignores-the-needs-of-working-families\/\" >\n\t\t\t\tMerkley: Republican Budget Resolution Ignores the Needs of Working Families\t\t\t<\/a>\n\t\t<\/h2>\n\t\t\t\t<div class=\"elementor-post__meta-data\">\n\t\t\t\t\t<span class=\"elementor-post-date\">\n\t\t\t23 de abril de 2026\t\t<\/span>\n\t\t\t\t<\/div>\n\t\t\t\t<div class=\"elementor-post__excerpt\">\n\t\t\t<p>Washington, D.C. \u2014 U.S. Senator Jeff Merkley (D-OR), Ranking Member of the Senate Budget Committee, released the below statement after Senate Republicans voted to pass their Fiscal Year 2026 Budget Resolution that will enable a reconciliation bill to provide up to $140 billion to Immigration and Customs Enforcement (ICE) and<\/p>\n\t\t<\/div>\n\t\t\n\t\t<a class=\"elementor-post__read-more\" href=\"https:\/\/www.merkley.senate.gov\/es\/merkley-republican-budget-resolution-ignores-the-needs-of-working-families\/\" aria-label=\"Read more about Merkley: Republican Budget Resolution Ignores the Needs of Working Families\" tabindex=\"-1\" >\n\t\t\t<i aria-hidden=\"true\" class=\"fal fa-chevron-circle-right\"><\/i>\t\t<\/a>\n\n\t\t\t\t<\/div>\n\t\t\t\t<\/article>\n\t\t\t\t<article class=\"elementor-post elementor-grid-item post-24449 post type-post status-publish format-standard has-post-thumbnail hentry category-press-releases tag-civil-rights tag-delivering-for-oregon tag-protecting-consumers tag-protecting-consumers-taxpayers-and-the-economy tag-voting-rights\" role=\"listitem\">\n\t\t\t\t<div class=\"elementor-post__text\">\n\t\t\t\t<h2 class=\"elementor-post__title\">\n\t\t\t<a href=\"https:\/\/www.merkley.senate.gov\/es\/merkley-wyden-democratic-colleagues-demand-usps-uphold-federal-law-over-president-trumps-illegal-executive-order-to-restrict-vote-by-mail\/\" >\n\t\t\t\tMerkley, Wyden, Democratic Colleagues Demand USPS Uphold Federal Law Over President Trump\u2019s Illegal Executive Order to Restrict Vote by Mail\t\t\t<\/a>\n\t\t<\/h2>\n\t\t\t\t<div class=\"elementor-post__meta-data\">\n\t\t\t\t\t<span class=\"elementor-post-date\">\n\t\t\tApril 22, 2026\t\t<\/span>\n\t\t\t\t<\/div>\n\t\t\t\t<div class=\"elementor-post__excerpt\">\n\t\t\t<p>Washington, D.C. \u2013 Oregon\u2019s U.S. Senators Jeff Merkley and Ron Wyden joined over 30 of their Senate Democratic colleagues in demanding the United States Postal Service (USPS) uphold existing federal law over the executive order signed by President Trump. \u201cThe Constitution provides no role for the President in regulating federal<\/p>\n\t\t<\/div>\n\t\t\n\t\t<a class=\"elementor-post__read-more\" href=\"https:\/\/www.merkley.senate.gov\/es\/merkley-wyden-democratic-colleagues-demand-usps-uphold-federal-law-over-president-trumps-illegal-executive-order-to-restrict-vote-by-mail\/\" aria-label=\"Read more about Merkley, Wyden, Democratic Colleagues Demand USPS Uphold Federal Law Over President Trump\u2019s Illegal Executive Order to Restrict Vote by Mail\" tabindex=\"-1\" >\n\t\t\t<i aria-hidden=\"true\" class=\"fal fa-chevron-circle-right\"><\/i>\t\t<\/a>\n\n\t\t\t\t<\/div>\n\t\t\t\t<\/article>\n\t\t\t\t<\/div>\n\t\t\n\t\t\t\t<div class=\"e-load-more-anchor\" data-page=\"1\" data-max-page=\"66\" data-next-page=\"https:\/\/www.merkley.senate.gov\/es\/wp-json\/wp\/v2\/pages\/7617\/page\/2\/\"><\/div>\n\t\t\t\t<nav class=\"elementor-pagination\" aria-label=\"Pagination\">\n\t\t\t<span aria-current=\"page\" class=\"page-numbers current\"><span class=\"elementor-screen-only\">P\u00e1gina<\/span>1<\/span>\n<a class=\"page-numbers\" href=\"https:\/\/www.merkley.senate.gov\/es\/wp-json\/wp\/v2\/pages\/7617\/page\/2\/\"><span class=\"elementor-screen-only\">P\u00e1gina<\/span>2<\/a>\n<a class=\"page-numbers\" href=\"https:\/\/www.merkley.senate.gov\/es\/wp-json\/wp\/v2\/pages\/7617\/page\/3\/\"><span class=\"elementor-screen-only\">P\u00e1gina<\/span>3<\/a>\n<a class=\"page-numbers\" href=\"https:\/\/www.merkley.senate.gov\/es\/wp-json\/wp\/v2\/pages\/7617\/page\/4\/\"><span class=\"elementor-screen-only\">P\u00e1gina<\/span>4<\/a>\n<a class=\"page-numbers\" href=\"https:\/\/www.merkley.senate.gov\/es\/wp-json\/wp\/v2\/pages\/7617\/page\/5\/\"><span class=\"elementor-screen-only\">P\u00e1gina<\/span>5<\/a>\t\t<\/nav>\n\t\t\t\t\t\t<\/div>\n\t\t\t\t<\/div>\n\t\t\t\t\t<\/div>\n\t\t<\/div>\n\t\t\t\t\t<\/div>\n\t\t<\/section>\n\t\t\t\t<\/div>","protected":false},"excerpt":{"rendered":"<p>Jeff est\u00e1 comprometido con la protecci\u00f3n de los derechos y libertades de todos los estadounidenses. Desde su creaci\u00f3n, nuestra naci\u00f3n ha recorrido un largo camino hacia la igualdad y la justicia, pero a\u00fan queda mucho trabajo por hacer. Todos los estadounidenses merecen la oportunidad de vivir, trabajar y tener \u00e9xito sin sufrir discriminaci\u00f3n.<\/p>","protected":false},"author":1,"featured_media":0,"parent":7298,"menu_order":0,"comment_status":"closed","ping_status":"closed","template":"","meta":{"_acf_changed":false,"inline_featured_image":false,"footnotes":""},"class_list":["post-7617","page","type-page","status-publish","hentry"],"acf":[],"yoast_head":"<!-- This site is optimized with the Yoast SEO plugin v27.2 - https:\/\/yoast.com\/product\/yoast-seo-wordpress\/ -->\n<title>Civil Rights - Merkley<\/title>\n<meta name=\"robots\" content=\"index, follow, max-snippet:-1, max-image-preview:large, max-video-preview:-1\" \/>\n<link rel=\"canonical\" href=\"https:\/\/www.merkley.senate.gov\/es\/about\/issues\/civil-rights-2\/\" \/>\n<meta property=\"og:locale\" content=\"es_MX\" \/>\n<meta property=\"og:type\" content=\"article\" \/>\n<meta property=\"og:title\" content=\"Civil Rights - Merkley\" \/>\n<meta property=\"og:description\" content=\"Jeff is committed to protecting the rights and liberties of all Americans. Since its creation, our nation has come a long way in the march toward equality and fairness, but there is still much work to be done. All Americans deserve the opportunity to live, work, and succeed without facing discrimination.\" \/>\n<meta property=\"og:url\" content=\"https:\/\/www.merkley.senate.gov\/es\/about\/issues\/civil-rights-2\/\" \/>\n<meta property=\"og:site_name\" content=\"Merkley\" \/>\n<meta property=\"article:modified_time\" content=\"2023-07-24T15:32:43+00:00\" \/>\n<meta name=\"twitter:card\" content=\"summary_large_image\" \/>\n<meta name=\"twitter:label1\" content=\"Est. reading time\" \/>\n\t<meta name=\"twitter:data1\" content=\"3 minutes\" \/>\n<script type=\"application\/ld+json\" class=\"yoast-schema-graph\">{\"@context\":\"https:\/\/schema.org\",\"@graph\":[{\"@type\":\"WebPage\",\"@id\":\"https:\/\/www.merkley.senate.gov\/about\/issues\/civil-rights-2\/\",\"url\":\"https:\/\/www.merkley.senate.gov\/about\/issues\/civil-rights-2\/\",\"name\":\"Civil Rights - Merkley\",\"isPartOf\":{\"@id\":\"https:\/\/www.merkley.senate.gov\/#website\"},\"datePublished\":\"2023-07-19T19:16:24+00:00\",\"dateModified\":\"2023-07-24T15:32:43+00:00\",\"breadcrumb\":{\"@id\":\"https:\/\/www.merkley.senate.gov\/about\/issues\/civil-rights-2\/#breadcrumb\"},\"inLanguage\":\"es-MX\",\"potentialAction\":[{\"@type\":\"ReadAction\",\"target\":[\"https:\/\/www.merkley.senate.gov\/about\/issues\/civil-rights-2\/\"]}]},{\"@type\":\"BreadcrumbList\",\"@id\":\"https:\/\/www.merkley.senate.gov\/about\/issues\/civil-rights-2\/#breadcrumb\",\"itemListElement\":[{\"@type\":\"ListItem\",\"position\":1,\"name\":\"Home\",\"item\":\"https:\/\/www.merkley.senate.gov\/\"},{\"@type\":\"ListItem\",\"position\":2,\"name\":\"About Jeff\",\"item\":\"https:\/\/www.merkley.senate.gov\/about\/\"},{\"@type\":\"ListItem\",\"position\":3,\"name\":\"Issues\",\"item\":\"https:\/\/www.merkley.senate.gov\/about\/issues\/\"},{\"@type\":\"ListItem\",\"position\":4,\"name\":\"Civil Rights\"}]},{\"@type\":\"WebSite\",\"@id\":\"https:\/\/www.merkley.senate.gov\/#website\",\"url\":\"https:\/\/www.merkley.senate.gov\/\",\"name\":\"Merkley\",\"description\":\"Merkley\",\"potentialAction\":[{\"@type\":\"SearchAction\",\"target\":{\"@type\":\"EntryPoint\",\"urlTemplate\":\"https:\/\/www.merkley.senate.gov\/?s={search_term_string}\"},\"query-input\":{\"@type\":\"PropertyValueSpecification\",\"valueRequired\":true,\"valueName\":\"search_term_string\"}}],\"inLanguage\":\"es-MX\"}]}<\/script>\n<!-- \/ Yoast SEO plugin. -->","yoast_head_json":{"title":"Civil Rights - Merkley","robots":{"index":"index","follow":"follow","max-snippet":"max-snippet:-1","max-image-preview":"max-image-preview:large","max-video-preview":"max-video-preview:-1"},"canonical":"https:\/\/www.merkley.senate.gov\/es\/about\/issues\/civil-rights-2\/","og_locale":"es_MX","og_type":"article","og_title":"Civil Rights - Merkley","og_description":"Jeff is committed to protecting the rights and liberties of all Americans. Since its creation, our nation has come a long way in the march toward equality and fairness, but there is still much work to be done. All Americans deserve the opportunity to live, work, and succeed without facing discrimination.","og_url":"https:\/\/www.merkley.senate.gov\/es\/about\/issues\/civil-rights-2\/","og_site_name":"Merkley","article_modified_time":"2023-07-24T15:32:43+00:00","twitter_card":"summary_large_image","twitter_misc":{"Est. reading time":"3 minutes"},"schema":{"@context":"https:\/\/schema.org","@graph":[{"@type":"WebPage","@id":"https:\/\/www.merkley.senate.gov\/about\/issues\/civil-rights-2\/","url":"https:\/\/www.merkley.senate.gov\/about\/issues\/civil-rights-2\/","name":"Civil Rights - Merkley","isPartOf":{"@id":"https:\/\/www.merkley.senate.gov\/#website"},"datePublished":"2023-07-19T19:16:24+00:00","dateModified":"2023-07-24T15:32:43+00:00","breadcrumb":{"@id":"https:\/\/www.merkley.senate.gov\/about\/issues\/civil-rights-2\/#breadcrumb"},"inLanguage":"es-MX","potentialAction":[{"@type":"ReadAction","target":["https:\/\/www.merkley.senate.gov\/about\/issues\/civil-rights-2\/"]}]},{"@type":"BreadcrumbList","@id":"https:\/\/www.merkley.senate.gov\/about\/issues\/civil-rights-2\/#breadcrumb","itemListElement":[{"@type":"ListItem","position":1,"name":"Home","item":"https:\/\/www.merkley.senate.gov\/"},{"@type":"ListItem","position":2,"name":"About Jeff","item":"https:\/\/www.merkley.senate.gov\/about\/"},{"@type":"ListItem","position":3,"name":"Issues","item":"https:\/\/www.merkley.senate.gov\/about\/issues\/"},{"@type":"ListItem","position":4,"name":"Civil Rights"}]},{"@type":"WebSite","@id":"https:\/\/www.merkley.senate.gov\/#website","url":"https:\/\/www.merkley.senate.gov\/","name":"merkley","description":"merkley","potentialAction":[{"@type":"SearchAction","target":{"@type":"EntryPoint","urlTemplate":"https:\/\/www.merkley.senate.gov\/?s={search_term_string}"},"query-input":{"@type":"PropertyValueSpecification","valueRequired":true,"valueName":"search_term_string"}}],"inLanguage":"es-MX"}]}},"_links":{"self":[{"href":"https:\/\/www.merkley.senate.gov\/es\/wp-json\/wp\/v2\/pages\/7617","targetHints":{"allow":["GET"]}}],"collection":[{"href":"https:\/\/www.merkley.senate.gov\/es\/wp-json\/wp\/v2\/pages"}],"about":[{"href":"https:\/\/www.merkley.senate.gov\/es\/wp-json\/wp\/v2\/types\/page"}],"author":[{"embeddable":true,"href":"https:\/\/www.merkley.senate.gov\/es\/wp-json\/wp\/v2\/users\/1"}],"replies":[{"embeddable":true,"href":"https:\/\/www.merkley.senate.gov\/es\/wp-json\/wp\/v2\/comments?post=7617"}],"version-history":[{"count":7,"href":"https:\/\/www.merkley.senate.gov\/es\/wp-json\/wp\/v2\/pages\/7617\/revisions"}],"predecessor-version":[{"id":16658,"href":"https:\/\/www.merkley.senate.gov\/es\/wp-json\/wp\/v2\/pages\/7617\/revisions\/16658"}],"up":[{"embeddable":true,"href":"https:\/\/www.merkley.senate.gov\/es\/wp-json\/wp\/v2\/pages\/7298"}],"wp:attachment":[{"href":"https:\/\/www.merkley.senate.gov\/es\/wp-json\/wp\/v2\/media?parent=7617"}],"curies":[{"name":"wp","href":"https:\/\/api.w.org\/{rel}","templated":true}]}}