{"id":7619,"date":"2023-07-19T15:16:58","date_gmt":"2023-07-19T19:16:58","guid":{"rendered":"https:\/\/www.merkley.senate.gov\/?page_id=7619"},"modified":"2023-07-24T11:33:42","modified_gmt":"2023-07-24T15:33:42","slug":"education-2","status":"publish","type":"page","link":"https:\/\/www.merkley.senate.gov\/es\/about\/issues\/education-2\/","title":{"rendered":"Educaci\u00f3n"},"content":{"rendered":"<div data-elementor-type=\"wp-page\" data-elementor-id=\"7619\" class=\"elementor elementor-7619\" data-elementor-post-type=\"page\">\n\t\t\t\t\t\t<section class=\"elementor-section elementor-top-section elementor-element elementor-element-10a9394e elementor-section-boxed elementor-section-height-default elementor-section-height-default\" data-id=\"10a9394e\" data-element_type=\"section\" data-e-type=\"section\">\n\t\t\t\t\t\t<div class=\"elementor-container elementor-column-gap-default\">\n\t\t\t\t\t<div class=\"elementor-column elementor-col-100 elementor-top-column elementor-element elementor-element-2e6aa571\" data-id=\"2e6aa571\" data-element_type=\"column\" data-e-type=\"column\">\n\t\t\t<div class=\"elementor-widget-wrap elementor-element-populated\">\n\t\t\t\t\t\t<div class=\"elementor-element elementor-element-2f64519d elementor-widget elementor-widget-text-editor\" data-id=\"2f64519d\" data-element_type=\"widget\" data-e-type=\"widget\" data-widget_type=\"text-editor.default\">\n\t\t\t\t<div class=\"elementor-widget-container\">\n\t\t\t\t\t\t\t\t\t\n<p>Cuando Jeff asumi\u00f3 por primera vez el desaf\u00edo de postularse para la Legislatura del Estado de Oreg\u00f3n, una de las razones fue que quer\u00eda construir un mejor sistema educativo para sus hijos peque\u00f1os. Y como el primero de su familia en ir a la universidad, Jeff sabe que el acceso asequible a la educaci\u00f3n superior es fundamental para el \u00e9xito de la clase media.<\/p>\n\n\n\n<p>La educaci\u00f3n es un factor importante para determinar si nuestros ni\u00f1os y nuestra naci\u00f3n tendr\u00e1n \u00e9xito en la econom\u00eda global cada vez m\u00e1s competitiva de hoy. Como pa\u00eds, debemos hacer un mejor trabajo apoyando a los maestros, brind\u00e1ndoles los recursos que necesitan para brindar el mejor entorno posible para ense\u00f1ar a nuestros hijos y garantizar que ning\u00fan estudiante capaz tenga que renunciar a sus sue\u00f1os de educaci\u00f3n superior porque de la falta de asequibilidad.<\/p>\n\t\t\t\t\t\t\t\t<\/div>\n\t\t\t\t<\/div>\n\t\t\t\t\t<\/div>\n\t\t<\/div>\n\t\t\t\t\t<\/div>\n\t\t<\/section>\n\t\t\t\t<section class=\"elementor-section elementor-top-section elementor-element elementor-element-2a4c120 elementor-section-boxed elementor-section-height-default elementor-section-height-default\" data-id=\"2a4c120\" data-element_type=\"section\" data-e-type=\"section\">\n\t\t\t\t\t\t<div class=\"elementor-container elementor-column-gap-default\">\n\t\t\t\t\t<div class=\"elementor-column elementor-col-100 elementor-top-column elementor-element elementor-element-0b89a12\" data-id=\"0b89a12\" data-element_type=\"column\" data-e-type=\"column\">\n\t\t\t<div class=\"elementor-widget-wrap elementor-element-populated\">\n\t\t\t\t\t\t<div class=\"elementor-element elementor-element-6e683c9 elementor-grid-1 elementor-posts--thumbnail-none elementor-grid-tablet-2 elementor-grid-mobile-1 elementor-widget elementor-widget-posts\" data-id=\"6e683c9\" data-element_type=\"widget\" data-e-type=\"widget\" data-settings=\"{&quot;classic_columns&quot;:&quot;1&quot;,&quot;classic_row_gap&quot;:{&quot;unit&quot;:&quot;px&quot;,&quot;size&quot;:45,&quot;sizes&quot;:[]},&quot;pagination_type&quot;:&quot;numbers&quot;,&quot;classic_columns_tablet&quot;:&quot;2&quot;,&quot;classic_columns_mobile&quot;:&quot;1&quot;,&quot;classic_row_gap_laptop&quot;:{&quot;unit&quot;:&quot;px&quot;,&quot;size&quot;:&quot;&quot;,&quot;sizes&quot;:[]},&quot;classic_row_gap_tablet_extra&quot;:{&quot;unit&quot;:&quot;px&quot;,&quot;size&quot;:&quot;&quot;,&quot;sizes&quot;:[]},&quot;classic_row_gap_tablet&quot;:{&quot;unit&quot;:&quot;px&quot;,&quot;size&quot;:&quot;&quot;,&quot;sizes&quot;:[]},&quot;classic_row_gap_mobile_extra&quot;:{&quot;unit&quot;:&quot;px&quot;,&quot;size&quot;:&quot;&quot;,&quot;sizes&quot;:[]},&quot;classic_row_gap_mobile&quot;:{&quot;unit&quot;:&quot;px&quot;,&quot;size&quot;:&quot;&quot;,&quot;sizes&quot;:[]}}\" data-widget_type=\"posts.classic\">\n\t\t\t\t<div class=\"elementor-widget-container\">\n\t\t\t\t\t\t\t<div class=\"elementor-posts-container elementor-posts elementor-posts--skin-classic elementor-grid\" role=\"list\">\n\t\t\t\t<article class=\"elementor-post elementor-grid-item post-24595 post type-post status-publish format-standard has-post-thumbnail hentry category-press-releases tag-budget tag-education tag-health-care tag-protecting-consumers\" role=\"listitem\">\n\t\t\t\t<div class=\"elementor-post__text\">\n\t\t\t\t<h2 class=\"elementor-post__title\">\n\t\t\t<a href=\"https:\/\/www.merkley.senate.gov\/es\/bonamici-merkley-mannion-underwood-alsobrooks-launch-effort-to-overturn-student-loan-rule\/\" >\n\t\t\t\tBonamici, Merkley, Mannion, Underwood, Alsobrooks Launch Effort to Overturn Student Loan Rule\t\t\t<\/a>\n\t\t<\/h2>\n\t\t\t\t<div class=\"elementor-post__meta-data\">\n\t\t\t\t\t<span class=\"elementor-post-date\">\n\t\t\tMay 7, 2026\t\t<\/span>\n\t\t\t\t<\/div>\n\t\t\t\t<div class=\"elementor-post__excerpt\">\n\t\t\t<p>Washington, D.C. \u2013 Today Rep. Suzanne Bonamici (D-OR), Sen. Jeff Merkley (D-OR), Rep. John Mannion (D-NY), Rep. Lauren Underwood (D-IL), and Sen. Angela Alsobrooks (D-MD) announced they will introduce a Congressional Review Act (CRA) resolution to repeal the Department of Education\u2019s finalized rule that caps federal student loans and overhauls<\/p>\n\t\t<\/div>\n\t\t\n\t\t<a class=\"elementor-post__read-more\" href=\"https:\/\/www.merkley.senate.gov\/es\/bonamici-merkley-mannion-underwood-alsobrooks-launch-effort-to-overturn-student-loan-rule\/\" aria-label=\"Read more about Bonamici, Merkley, Mannion, Underwood, Alsobrooks Launch Effort to Overturn Student Loan Rule\" tabindex=\"-1\" >\n\t\t\t<i aria-hidden=\"true\" class=\"fal fa-chevron-circle-right\"><\/i>\t\t<\/a>\n\n\t\t\t\t<\/div>\n\t\t\t\t<\/article>\n\t\t\t\t<article class=\"elementor-post elementor-grid-item post-24535 post type-post status-publish format-standard has-post-thumbnail hentry category-press-releases tag-bipartisan-actions tag-budget tag-education tag-health-care\" role=\"listitem\">\n\t\t\t\t<div class=\"elementor-post__text\">\n\t\t\t\t<h2 class=\"elementor-post__title\">\n\t\t\t<a href=\"https:\/\/www.merkley.senate.gov\/es\/kiggans-and-merkley-continue-to-support-our-nursing-workforce-in-light-of-the-recent-department-of-education-rise-committee-final-rule\/\" >\n\t\t\t\tKiggans and Merkley Continue to Support our Nursing Workforce in Light of the Recent Department of Education RISE Committee Final Rule\u00a0\t\t\t<\/a>\n\t\t<\/h2>\n\t\t\t\t<div class=\"elementor-post__meta-data\">\n\t\t\t\t\t<span class=\"elementor-post-date\">\n\t\t\tMay 1, 2026\t\t<\/span>\n\t\t\t\t<\/div>\n\t\t\t\t<div class=\"elementor-post__excerpt\">\n\t\t\t<p>Washington, D.C. \u2014 Rep. Jen Kiggans (VA-02) and Sen. Jeff Merkley (D-OR) expressed concern following the Department of Education\u2019s release of its final rule defining which healthcare professions qualify as \u201cprofessional degrees.\u201d The rule, set to take effect on July 1, 2026, excludes post-baccalaureate nursing programs from this designation. As<\/p>\n\t\t<\/div>\n\t\t\n\t\t<a class=\"elementor-post__read-more\" href=\"https:\/\/www.merkley.senate.gov\/es\/kiggans-and-merkley-continue-to-support-our-nursing-workforce-in-light-of-the-recent-department-of-education-rise-committee-final-rule\/\" aria-label=\"Read more about Kiggans and Merkley Continue to Support our Nursing Workforce in Light of the Recent Department of Education RISE Committee Final Rule\u00a0\" tabindex=\"-1\" >\n\t\t\t<i aria-hidden=\"true\" class=\"fal fa-chevron-circle-right\"><\/i>\t\t<\/a>\n\n\t\t\t\t<\/div>\n\t\t\t\t<\/article>\n\t\t\t\t<article class=\"elementor-post elementor-grid-item post-24566 post type-post status-publish format-standard has-post-thumbnail hentry category-videos tag-education\" role=\"listitem\">\n\t\t\t\t<div class=\"elementor-post__text\">\n\t\t\t\t<h2 class=\"elementor-post__title\">\n\t\t\t<a href=\"https:\/\/www.merkley.senate.gov\/es\/why-are-you-targeting-nurses-merkley-presses-mcmahon-on-professional-degrees-for-nurses\/\" >\n\t\t\t\t\u201cWhy Are You Targeting Nurses?\u201d \u2014 Merkley Presses McMahon on Professional Degrees for Nurses\t\t\t<\/a>\n\t\t<\/h2>\n\t\t\t\t<div class=\"elementor-post__meta-data\">\n\t\t\t\t\t<span class=\"elementor-post-date\">\n\t\t\tApril 28, 2026\t\t<\/span>\n\t\t\t\t<\/div>\n\t\t\t\t<div class=\"elementor-post__excerpt\">\n\t\t\t<p>Senator Merkley pressed Education Secretary Linda McMahon on gutting TRIO programs and on her efforts to make it harder for nurses to pursue graduate education amid a dire shortage of health care workers.<\/p>\n\t\t<\/div>\n\t\t\n\t\t<a class=\"elementor-post__read-more\" href=\"https:\/\/www.merkley.senate.gov\/es\/why-are-you-targeting-nurses-merkley-presses-mcmahon-on-professional-degrees-for-nurses\/\" aria-label=\"Read more about \u201cWhy Are You Targeting Nurses?\u201d \u2014 Merkley Presses McMahon on Professional Degrees for Nurses\" tabindex=\"-1\" >\n\t\t\t<i aria-hidden=\"true\" class=\"fal fa-chevron-circle-right\"><\/i>\t\t<\/a>\n\n\t\t\t\t<\/div>\n\t\t\t\t<\/article>\n\t\t\t\t<article class=\"elementor-post elementor-grid-item post-24439 post type-post status-publish format-standard has-post-thumbnail hentry category-press-releases tag-budget tag-education tag-protecting-consumers-taxpayers-and-the-economy\" role=\"listitem\">\n\t\t\t\t<div class=\"elementor-post__text\">\n\t\t\t\t<h2 class=\"elementor-post__title\">\n\t\t\t<a href=\"https:\/\/www.merkley.senate.gov\/es\/merkley-kaine-warren-whitehouse-colleagues-demand-secretary-mcmahon-provide-flexibility-to-student-loan-borrowers-who-are-being-forced-to-exit-the-save-plan\/\" >\n\t\t\t\tMerkley, Kaine, Warren, Whitehouse, Colleagues Demand Secretary McMahon Provide Flexibility to Student Loan Borrowers Who Are Being Forced to Exit the SAVE Plan\t\t\t<\/a>\n\t\t<\/h2>\n\t\t\t\t<div class=\"elementor-post__meta-data\">\n\t\t\t\t\t<span class=\"elementor-post-date\">\n\t\t\tApril 21, 2026\t\t<\/span>\n\t\t\t\t<\/div>\n\t\t\t\t<div class=\"elementor-post__excerpt\">\n\t\t\t<p>Washington, D.C. \u2013 Today, Oregon\u2019s U.S. Senator Jeff Merkley, Virginia\u2019s U.S. Senator Tim Kaine, Massachusetts\u2019 U.S. Senator Elizabeth Warren, and Rhode Island\u2019s U.S. Senator Sheldon Whitehouse led a group of their Senate Democratic colleagues in pressing the U.S. Department of Education on its recent announcement to move more than 7<\/p>\n\t\t<\/div>\n\t\t\n\t\t<a class=\"elementor-post__read-more\" href=\"https:\/\/www.merkley.senate.gov\/es\/merkley-kaine-warren-whitehouse-colleagues-demand-secretary-mcmahon-provide-flexibility-to-student-loan-borrowers-who-are-being-forced-to-exit-the-save-plan\/\" aria-label=\"Read more about Merkley, Kaine, Warren, Whitehouse, Colleagues Demand Secretary McMahon Provide Flexibility to Student Loan Borrowers Who Are Being Forced to Exit the SAVE Plan\" tabindex=\"-1\" >\n\t\t\t<i aria-hidden=\"true\" class=\"fal fa-chevron-circle-right\"><\/i>\t\t<\/a>\n\n\t\t\t\t<\/div>\n\t\t\t\t<\/article>\n\t\t\t\t<article class=\"elementor-post elementor-grid-item post-24410 post type-post status-publish format-standard has-post-thumbnail hentry category-press-releases tag-delivering-for-oregon tag-education tag-responding-to-and-recovering-from-wildfire-and-drought\" role=\"listitem\">\n\t\t\t\t<div class=\"elementor-post__text\">\n\t\t\t\t<h2 class=\"elementor-post__title\">\n\t\t\t<a href=\"https:\/\/www.merkley.senate.gov\/es\/wyden-merkley-announce-more-than-48-million-in-secure-rural-schools-funds-for-oregon-counties\/\" >\n\t\t\t\tWyden, Merkley Announce More than $48 Million in Secure Rural Schools Funds for Oregon Counties\t\t\t<\/a>\n\t\t<\/h2>\n\t\t\t\t<div class=\"elementor-post__meta-data\">\n\t\t\t\t\t<span class=\"elementor-post-date\">\n\t\t\tApril 15, 2026\t\t<\/span>\n\t\t\t\t<\/div>\n\t\t\t\t<div class=\"elementor-post__excerpt\">\n\t\t\t<p>Funding comes after passage of Wyden\/Merkley\/Crapo\/Risch bill to reauthorize Secure Rural Schools Program Washington, D.C. \u2013 U.S. Senators Ron Wyden and Jeff Merkley today announced that nearly $48.7 million in federal funding from the U.S. Forest Service for fiscal year 2025 will be coming to Oregon counties following the passage<\/p>\n\t\t<\/div>\n\t\t\n\t\t<a class=\"elementor-post__read-more\" href=\"https:\/\/www.merkley.senate.gov\/es\/wyden-merkley-announce-more-than-48-million-in-secure-rural-schools-funds-for-oregon-counties\/\" aria-label=\"Read more about Wyden, Merkley Announce More than $48 Million in Secure Rural Schools Funds for Oregon Counties\" tabindex=\"-1\" >\n\t\t\t<i aria-hidden=\"true\" class=\"fal fa-chevron-circle-right\"><\/i>\t\t<\/a>\n\n\t\t\t\t<\/div>\n\t\t\t\t<\/article>\n\t\t\t\t<article class=\"elementor-post elementor-grid-item post-24333 post type-post status-publish format-standard has-post-thumbnail hentry category-press-releases tag-budget tag-education\" role=\"listitem\">\n\t\t\t\t<div class=\"elementor-post__text\">\n\t\t\t\t<h2 class=\"elementor-post__title\">\n\t\t\t<a href=\"https:\/\/www.merkley.senate.gov\/es\/merkley-colleagues-fight-to-restore-fairness-in-federal-student-aid\/\" >\n\t\t\t\tMerkley, Colleagues Fight to Restore Fairness in Federal Student Aid\t\t\t<\/a>\n\t\t<\/h2>\n\t\t\t\t<div class=\"elementor-post__meta-data\">\n\t\t\t\t\t<span class=\"elementor-post-date\">\n\t\t\tApril 1, 2026\t\t<\/span>\n\t\t\t\t<\/div>\n\t\t\t\t<div class=\"elementor-post__excerpt\">\n\t\t\t<p>Washington, D.C.&nbsp;\u2013 Oregon\u2019s U.S. Senator Jeff Merkley&nbsp;joined a group of Senators in&nbsp;introducing a bill to re-establish access to federal student aid after Congressional Republicans and President Trump\u2019s &#8220;Big, Ugly Betrayal\u201d law imposed burdensome provisions that restricted access to affordable higher education. The&nbsp;Restoring College Access and Affordability Act&nbsp;reinstates student loan programs<\/p>\n\t\t<\/div>\n\t\t\n\t\t<a class=\"elementor-post__read-more\" href=\"https:\/\/www.merkley.senate.gov\/es\/merkley-colleagues-fight-to-restore-fairness-in-federal-student-aid\/\" aria-label=\"Read more about Merkley, Colleagues Fight to Restore Fairness in Federal Student Aid\" tabindex=\"-1\" >\n\t\t\t<i aria-hidden=\"true\" class=\"fal fa-chevron-circle-right\"><\/i>\t\t<\/a>\n\n\t\t\t\t<\/div>\n\t\t\t\t<\/article>\n\t\t\t\t<\/div>\n\t\t\n\t\t\t\t<div class=\"e-load-more-anchor\" data-page=\"1\" data-max-page=\"44\" data-next-page=\"https:\/\/www.merkley.senate.gov\/es\/wp-json\/wp\/v2\/pages\/7619\/page\/2\/\"><\/div>\n\t\t\t\t<nav class=\"elementor-pagination\" aria-label=\"Pagination\">\n\t\t\t<span aria-current=\"page\" class=\"page-numbers current\"><span class=\"elementor-screen-only\">P\u00e1gina<\/span>1<\/span>\n<a class=\"page-numbers\" href=\"https:\/\/www.merkley.senate.gov\/es\/wp-json\/wp\/v2\/pages\/7619\/page\/2\/\"><span class=\"elementor-screen-only\">P\u00e1gina<\/span>2<\/a>\n<a class=\"page-numbers\" href=\"https:\/\/www.merkley.senate.gov\/es\/wp-json\/wp\/v2\/pages\/7619\/page\/3\/\"><span class=\"elementor-screen-only\">P\u00e1gina<\/span>3<\/a>\n<a class=\"page-numbers\" href=\"https:\/\/www.merkley.senate.gov\/es\/wp-json\/wp\/v2\/pages\/7619\/page\/4\/\"><span class=\"elementor-screen-only\">P\u00e1gina<\/span>4<\/a>\n<a class=\"page-numbers\" href=\"https:\/\/www.merkley.senate.gov\/es\/wp-json\/wp\/v2\/pages\/7619\/page\/5\/\"><span class=\"elementor-screen-only\">P\u00e1gina<\/span>5<\/a>\t\t<\/nav>\n\t\t\t\t\t\t<\/div>\n\t\t\t\t<\/div>\n\t\t\t\t\t<\/div>\n\t\t<\/div>\n\t\t\t\t\t<\/div>\n\t\t<\/section>\n\t\t\t\t<\/div>","protected":false},"excerpt":{"rendered":"<p>When&nbsp;Jeff first took on the challenge of running for the Oregon State Legislature,&nbsp;one of the reasons was because he wanted to build a better education system for his young children. &nbsp;And as the first in his family to go to college, Jeff knows that affordable access to higher education is critical to the success of [&hellip;]<\/p>\n","protected":false},"author":1,"featured_media":0,"parent":7298,"menu_order":0,"comment_status":"closed","ping_status":"closed","template":"","meta":{"_acf_changed":false,"inline_featured_image":false,"footnotes":""},"class_list":["post-7619","page","type-page","status-publish","hentry"],"acf":[],"yoast_head":"<!-- This site is optimized with the Yoast SEO plugin v27.2 - https:\/\/yoast.com\/product\/yoast-seo-wordpress\/ -->\n<title>Education - Merkley<\/title>\n<meta name=\"robots\" content=\"index, follow, max-snippet:-1, max-image-preview:large, max-video-preview:-1\" \/>\n<link rel=\"canonical\" href=\"https:\/\/www.merkley.senate.gov\/es\/about\/issues\/education-2\/\" \/>\n<meta property=\"og:locale\" content=\"es_MX\" \/>\n<meta property=\"og:type\" content=\"article\" \/>\n<meta property=\"og:title\" content=\"Education - Merkley\" \/>\n<meta property=\"og:description\" content=\"When&nbsp;Jeff first took on the challenge of running for the Oregon State Legislature,&nbsp;one of the reasons was because he wanted to build a better education system for his young children. &nbsp;And as the first in his family to go to college, Jeff knows that affordable access to higher education is critical to the success of [&hellip;]\" \/>\n<meta property=\"og:url\" content=\"https:\/\/www.merkley.senate.gov\/es\/about\/issues\/education-2\/\" \/>\n<meta property=\"og:site_name\" content=\"Merkley\" \/>\n<meta property=\"article:modified_time\" content=\"2023-07-24T15:33:42+00:00\" \/>\n<meta name=\"twitter:card\" content=\"summary_large_image\" \/>\n<meta name=\"twitter:label1\" content=\"Est. reading time\" \/>\n\t<meta name=\"twitter:data1\" content=\"3 minutes\" \/>\n<script type=\"application\/ld+json\" class=\"yoast-schema-graph\">{\"@context\":\"https:\/\/schema.org\",\"@graph\":[{\"@type\":\"WebPage\",\"@id\":\"https:\/\/www.merkley.senate.gov\/about\/issues\/education-2\/\",\"url\":\"https:\/\/www.merkley.senate.gov\/about\/issues\/education-2\/\",\"name\":\"Education - Merkley\",\"isPartOf\":{\"@id\":\"https:\/\/www.merkley.senate.gov\/#website\"},\"datePublished\":\"2023-07-19T19:16:58+00:00\",\"dateModified\":\"2023-07-24T15:33:42+00:00\",\"breadcrumb\":{\"@id\":\"https:\/\/www.merkley.senate.gov\/about\/issues\/education-2\/#breadcrumb\"},\"inLanguage\":\"es-MX\",\"potentialAction\":[{\"@type\":\"ReadAction\",\"target\":[\"https:\/\/www.merkley.senate.gov\/about\/issues\/education-2\/\"]}]},{\"@type\":\"BreadcrumbList\",\"@id\":\"https:\/\/www.merkley.senate.gov\/about\/issues\/education-2\/#breadcrumb\",\"itemListElement\":[{\"@type\":\"ListItem\",\"position\":1,\"name\":\"Home\",\"item\":\"https:\/\/www.merkley.senate.gov\/\"},{\"@type\":\"ListItem\",\"position\":2,\"name\":\"About Jeff\",\"item\":\"https:\/\/www.merkley.senate.gov\/about\/\"},{\"@type\":\"ListItem\",\"position\":3,\"name\":\"Issues\",\"item\":\"https:\/\/www.merkley.senate.gov\/about\/issues\/\"},{\"@type\":\"ListItem\",\"position\":4,\"name\":\"Education\"}]},{\"@type\":\"WebSite\",\"@id\":\"https:\/\/www.merkley.senate.gov\/#website\",\"url\":\"https:\/\/www.merkley.senate.gov\/\",\"name\":\"Merkley\",\"description\":\"Merkley\",\"potentialAction\":[{\"@type\":\"SearchAction\",\"target\":{\"@type\":\"EntryPoint\",\"urlTemplate\":\"https:\/\/www.merkley.senate.gov\/?s={search_term_string}\"},\"query-input\":{\"@type\":\"PropertyValueSpecification\",\"valueRequired\":true,\"valueName\":\"search_term_string\"}}],\"inLanguage\":\"es-MX\"}]}<\/script>\n<!-- \/ Yoast SEO plugin. -->","yoast_head_json":{"title":"Education - Merkley","robots":{"index":"index","follow":"follow","max-snippet":"max-snippet:-1","max-image-preview":"max-image-preview:large","max-video-preview":"max-video-preview:-1"},"canonical":"https:\/\/www.merkley.senate.gov\/es\/about\/issues\/education-2\/","og_locale":"es_MX","og_type":"article","og_title":"Education - Merkley","og_description":"When&nbsp;Jeff first took on the challenge of running for the Oregon State Legislature,&nbsp;one of the reasons was because he wanted to build a better education system for his young children. &nbsp;And as the first in his family to go to college, Jeff knows that affordable access to higher education is critical to the success of [&hellip;]","og_url":"https:\/\/www.merkley.senate.gov\/es\/about\/issues\/education-2\/","og_site_name":"Merkley","article_modified_time":"2023-07-24T15:33:42+00:00","twitter_card":"summary_large_image","twitter_misc":{"Est. reading time":"3 minutes"},"schema":{"@context":"https:\/\/schema.org","@graph":[{"@type":"WebPage","@id":"https:\/\/www.merkley.senate.gov\/about\/issues\/education-2\/","url":"https:\/\/www.merkley.senate.gov\/about\/issues\/education-2\/","name":"Education - Merkley","isPartOf":{"@id":"https:\/\/www.merkley.senate.gov\/#website"},"datePublished":"2023-07-19T19:16:58+00:00","dateModified":"2023-07-24T15:33:42+00:00","breadcrumb":{"@id":"https:\/\/www.merkley.senate.gov\/about\/issues\/education-2\/#breadcrumb"},"inLanguage":"es-MX","potentialAction":[{"@type":"ReadAction","target":["https:\/\/www.merkley.senate.gov\/about\/issues\/education-2\/"]}]},{"@type":"BreadcrumbList","@id":"https:\/\/www.merkley.senate.gov\/about\/issues\/education-2\/#breadcrumb","itemListElement":[{"@type":"ListItem","position":1,"name":"Home","item":"https:\/\/www.merkley.senate.gov\/"},{"@type":"ListItem","position":2,"name":"About Jeff","item":"https:\/\/www.merkley.senate.gov\/about\/"},{"@type":"ListItem","position":3,"name":"Issues","item":"https:\/\/www.merkley.senate.gov\/about\/issues\/"},{"@type":"ListItem","position":4,"name":"Education"}]},{"@type":"WebSite","@id":"https:\/\/www.merkley.senate.gov\/#website","url":"https:\/\/www.merkley.senate.gov\/","name":"merkley","description":"merkley","potentialAction":[{"@type":"SearchAction","target":{"@type":"EntryPoint","urlTemplate":"https:\/\/www.merkley.senate.gov\/?s={search_term_string}"},"query-input":{"@type":"PropertyValueSpecification","valueRequired":true,"valueName":"search_term_string"}}],"inLanguage":"es-MX"}]}},"_links":{"self":[{"href":"https:\/\/www.merkley.senate.gov\/es\/wp-json\/wp\/v2\/pages\/7619","targetHints":{"allow":["GET"]}}],"collection":[{"href":"https:\/\/www.merkley.senate.gov\/es\/wp-json\/wp\/v2\/pages"}],"about":[{"href":"https:\/\/www.merkley.senate.gov\/es\/wp-json\/wp\/v2\/types\/page"}],"author":[{"embeddable":true,"href":"https:\/\/www.merkley.senate.gov\/es\/wp-json\/wp\/v2\/users\/1"}],"replies":[{"embeddable":true,"href":"https:\/\/www.merkley.senate.gov\/es\/wp-json\/wp\/v2\/comments?post=7619"}],"version-history":[{"count":7,"href":"https:\/\/www.merkley.senate.gov\/es\/wp-json\/wp\/v2\/pages\/7619\/revisions"}],"predecessor-version":[{"id":16661,"href":"https:\/\/www.merkley.senate.gov\/es\/wp-json\/wp\/v2\/pages\/7619\/revisions\/16661"}],"up":[{"embeddable":true,"href":"https:\/\/www.merkley.senate.gov\/es\/wp-json\/wp\/v2\/pages\/7298"}],"wp:attachment":[{"href":"https:\/\/www.merkley.senate.gov\/es\/wp-json\/wp\/v2\/media?parent=7619"}],"curies":[{"name":"wp","href":"https:\/\/api.w.org\/{rel}","templated":true}]}}