{"id":7623,"date":"2023-07-19T15:18:18","date_gmt":"2023-07-19T19:18:18","guid":{"rendered":"https:\/\/www.merkley.senate.gov\/?page_id=7623"},"modified":"2023-07-24T11:34:53","modified_gmt":"2023-07-24T15:34:53","slug":"health-care","status":"publish","type":"page","link":"https:\/\/www.merkley.senate.gov\/es\/about\/issues\/health-care\/","title":{"rendered":"Cuidado de la salud"},"content":{"rendered":"<div data-elementor-type=\"wp-page\" data-elementor-id=\"7623\" class=\"elementor elementor-7623\" data-elementor-post-type=\"page\">\n\t\t\t\t\t\t<section class=\"elementor-section elementor-top-section elementor-element elementor-element-5030979d elementor-section-boxed elementor-section-height-default elementor-section-height-default\" data-id=\"5030979d\" data-element_type=\"section\" data-e-type=\"section\">\n\t\t\t\t\t\t<div class=\"elementor-container elementor-column-gap-default\">\n\t\t\t\t\t<div class=\"elementor-column elementor-col-100 elementor-top-column elementor-element elementor-element-284ad75c\" data-id=\"284ad75c\" data-element_type=\"column\" data-e-type=\"column\">\n\t\t\t<div class=\"elementor-widget-wrap elementor-element-populated\">\n\t\t\t\t\t\t<div class=\"elementor-element elementor-element-7c1f32f6 elementor-widget elementor-widget-text-editor\" data-id=\"7c1f32f6\" data-element_type=\"widget\" data-e-type=\"widget\" data-widget_type=\"text-editor.default\">\n\t\t\t\t<div class=\"elementor-widget-container\">\n\t\t\t\t\t\t\t\t\t\n<p>Jeff cree que el acceso a una atenci\u00f3n m\u00e9dica asequible y de calidad no es un privilegio, sino un derecho humano. La perspectiva de Jeff sobre el cuidado de la salud ha sido influenciada por su esposa, Mary, una enfermera registrada, que ve el mundo a trav\u00e9s de los ojos de sus pacientes: las personas que deber\u00edan estar en el coraz\u00f3n de nuestro sistema de cuidado de la salud.&nbsp;&nbsp;<\/p>\n\n\n\n<p>A lo largo de su carrera, Jeff ha luchado para ampliar el acceso a una cobertura de atenci\u00f3n m\u00e9dica asequible y de calidad. Como presidente de la C\u00e1mara de Representantes de Oreg\u00f3n, Jeff redujo los precios de los medicamentos recetados al expandir el programa de compras al por mayor del estado y luch\u00f3 para expandir y mejorar la cobertura de atenci\u00f3n m\u00e9dica para ni\u00f1os. Jeff contin\u00faa trabajando para mejorar la calidad y la cobertura de la atenci\u00f3n m\u00e9dica para todos los habitantes de Oreg\u00f3n en el Senado de los EE. UU.<\/p>\n\t\t\t\t\t\t\t\t<\/div>\n\t\t\t\t<\/div>\n\t\t\t\t\t<\/div>\n\t\t<\/div>\n\t\t\t\t\t<\/div>\n\t\t<\/section>\n\t\t\t\t<section class=\"elementor-section elementor-top-section elementor-element elementor-element-9cf5924 elementor-section-boxed elementor-section-height-default elementor-section-height-default\" data-id=\"9cf5924\" data-element_type=\"section\" data-e-type=\"section\">\n\t\t\t\t\t\t<div class=\"elementor-container elementor-column-gap-default\">\n\t\t\t\t\t<div class=\"elementor-column elementor-col-100 elementor-top-column elementor-element elementor-element-780aa59\" data-id=\"780aa59\" data-element_type=\"column\" data-e-type=\"column\">\n\t\t\t<div class=\"elementor-widget-wrap elementor-element-populated\">\n\t\t\t\t\t\t<div class=\"elementor-element elementor-element-5464f96 elementor-grid-1 elementor-posts--thumbnail-none elementor-grid-tablet-2 elementor-grid-mobile-1 elementor-widget elementor-widget-posts\" data-id=\"5464f96\" data-element_type=\"widget\" data-e-type=\"widget\" data-settings=\"{&quot;classic_columns&quot;:&quot;1&quot;,&quot;classic_row_gap&quot;:{&quot;unit&quot;:&quot;px&quot;,&quot;size&quot;:45,&quot;sizes&quot;:[]},&quot;pagination_type&quot;:&quot;numbers&quot;,&quot;classic_columns_tablet&quot;:&quot;2&quot;,&quot;classic_columns_mobile&quot;:&quot;1&quot;,&quot;classic_row_gap_laptop&quot;:{&quot;unit&quot;:&quot;px&quot;,&quot;size&quot;:&quot;&quot;,&quot;sizes&quot;:[]},&quot;classic_row_gap_tablet_extra&quot;:{&quot;unit&quot;:&quot;px&quot;,&quot;size&quot;:&quot;&quot;,&quot;sizes&quot;:[]},&quot;classic_row_gap_tablet&quot;:{&quot;unit&quot;:&quot;px&quot;,&quot;size&quot;:&quot;&quot;,&quot;sizes&quot;:[]},&quot;classic_row_gap_mobile_extra&quot;:{&quot;unit&quot;:&quot;px&quot;,&quot;size&quot;:&quot;&quot;,&quot;sizes&quot;:[]},&quot;classic_row_gap_mobile&quot;:{&quot;unit&quot;:&quot;px&quot;,&quot;size&quot;:&quot;&quot;,&quot;sizes&quot;:[]}}\" data-widget_type=\"posts.classic\">\n\t\t\t\t<div class=\"elementor-widget-container\">\n\t\t\t\t\t\t\t<div class=\"elementor-posts-container elementor-posts elementor-posts--skin-classic elementor-grid\" role=\"list\">\n\t\t\t\t<article class=\"elementor-post elementor-grid-item post-24535 post type-post status-publish format-standard has-post-thumbnail hentry category-press-releases tag-bipartisan-actions tag-education tag-health-care\" role=\"listitem\">\n\t\t\t\t<div class=\"elementor-post__text\">\n\t\t\t\t<h2 class=\"elementor-post__title\">\n\t\t\t<a href=\"https:\/\/www.merkley.senate.gov\/es\/kiggans-and-merkley-continue-to-support-our-nursing-workforce-in-light-of-the-recent-department-of-education-rise-committee-final-rule\/\" >\n\t\t\t\tKiggans and Merkley Continue to Support our Nursing Workforce in Light of the Recent Department of Education RISE Committee Final Rule\u00a0\t\t\t<\/a>\n\t\t<\/h2>\n\t\t\t\t<div class=\"elementor-post__meta-data\">\n\t\t\t\t\t<span class=\"elementor-post-date\">\n\t\t\tMay 1, 2026\t\t<\/span>\n\t\t\t\t<\/div>\n\t\t\t\t<div class=\"elementor-post__excerpt\">\n\t\t\t<p>Washington, D.C. \u2014 Rep. Jen Kiggans (VA-02) and Sen. Jeff Merkley (D-OR) expressed concern following the Department of Education\u2019s release of its final rule defining which healthcare professions qualify as \u201cprofessional degrees.\u201d The rule, set to take effect on July 1, 2026, excludes post-baccalaureate nursing programs from this designation. As<\/p>\n\t\t<\/div>\n\t\t\n\t\t<a class=\"elementor-post__read-more\" href=\"https:\/\/www.merkley.senate.gov\/es\/kiggans-and-merkley-continue-to-support-our-nursing-workforce-in-light-of-the-recent-department-of-education-rise-committee-final-rule\/\" aria-label=\"Read more about Kiggans and Merkley Continue to Support our Nursing Workforce in Light of the Recent Department of Education RISE Committee Final Rule\u00a0\" tabindex=\"-1\" >\n\t\t\t<i aria-hidden=\"true\" class=\"fal fa-chevron-circle-right\"><\/i>\t\t<\/a>\n\n\t\t\t\t<\/div>\n\t\t\t\t<\/article>\n\t\t\t\t<article class=\"elementor-post elementor-grid-item post-24321 post type-post status-publish format-standard has-post-thumbnail hentry category-press-releases tag-bipartisan-actions tag-health-care\" role=\"listitem\">\n\t\t\t\t<div class=\"elementor-post__text\">\n\t\t\t\t<h2 class=\"elementor-post__title\">\n\t\t\t<a href=\"https:\/\/www.merkley.senate.gov\/es\/merkley-cassidy-smith-marshall-to-cms-work-with-congress-to-crack-down-on-bad-faith-actors-overcharging-taxpayers-for-medicare-advantage\/\" >\n\t\t\t\tMerkley, Cassidy, Smith, Marshall to CMS: Work with Congress to Crack Down on Bad-Faith Actors Overcharging Taxpayers for Medicare Advantage\t\t\t<\/a>\n\t\t<\/h2>\n\t\t\t\t<div class=\"elementor-post__meta-data\">\n\t\t\t\t\t<span class=\"elementor-post-date\">\n\t\t\tMarch 30, 2026\t\t<\/span>\n\t\t\t\t<\/div>\n\t\t\t\t<div class=\"elementor-post__excerpt\">\n\t\t\t<p>Washington, D.C. \u2013 Today, Oregon\u2019s U.S. Senator Jeff Merkley, Louisiana\u2019s U.S. Senator Bill Cassidy, M.D., Minnesota\u2019s U.S. Senator Tina Smith, and Kansas\u2019 U.S. Senator Roger Marshall sent a bipartisan letter to Centers for Medicare &amp; Medicaid Services (CMS) Administrator Mehmet Oz, M.D., urging the agency to work with Congress to<\/p>\n\t\t<\/div>\n\t\t\n\t\t<a class=\"elementor-post__read-more\" href=\"https:\/\/www.merkley.senate.gov\/es\/merkley-cassidy-smith-marshall-to-cms-work-with-congress-to-crack-down-on-bad-faith-actors-overcharging-taxpayers-for-medicare-advantage\/\" aria-label=\"Read more about Merkley, Cassidy, Smith, Marshall to CMS: Work with Congress to Crack Down on Bad-Faith Actors Overcharging Taxpayers for Medicare Advantage\" tabindex=\"-1\" >\n\t\t\t<i aria-hidden=\"true\" class=\"fal fa-chevron-circle-right\"><\/i>\t\t<\/a>\n\n\t\t\t\t<\/div>\n\t\t\t\t<\/article>\n\t\t\t\t<article class=\"elementor-post elementor-grid-item post-24294 post type-post status-publish format-standard has-post-thumbnail hentry category-press-releases tag-health-care\" role=\"listitem\">\n\t\t\t\t<div class=\"elementor-post__text\">\n\t\t\t\t<h2 class=\"elementor-post__title\">\n\t\t\t<a href=\"https:\/\/www.merkley.senate.gov\/es\/wyden-merkley-demand-trump-stop-phony-fraud-crusade-to-attack-medicaid-programs-across-u-s-states\/\" >\n\t\t\t\tWyden, Merkley Demand Trump Stop Phony Fraud\u00a0Crusade to Attack Medicaid Programs Across U.S. States\t\t\t<\/a>\n\t\t<\/h2>\n\t\t\t\t<div class=\"elementor-post__meta-data\">\n\t\t\t\t\t<span class=\"elementor-post-date\">\n\t\t\tMarch 27, 2026\t\t<\/span>\n\t\t\t\t<\/div>\n\t\t\t\t<div class=\"elementor-post__excerpt\">\n\t\t\t<p>Washington, D.C. \u2013 U.S. Senators Ron Wyden and Jeff Merkley today demanded Donald Trump stop his phony crusade against fraud as a disguise to attack Medicaid programs in U.S. states that millions of Americans need to live safe and independent lives.\u00a0 \u201cLet us be clear: you are not going after<\/p>\n\t\t<\/div>\n\t\t\n\t\t<a class=\"elementor-post__read-more\" href=\"https:\/\/www.merkley.senate.gov\/es\/wyden-merkley-demand-trump-stop-phony-fraud-crusade-to-attack-medicaid-programs-across-u-s-states\/\" aria-label=\"Read more about Wyden, Merkley Demand Trump Stop Phony Fraud\u00a0Crusade to Attack Medicaid Programs Across U.S. States\" tabindex=\"-1\" >\n\t\t\t<i aria-hidden=\"true\" class=\"fal fa-chevron-circle-right\"><\/i>\t\t<\/a>\n\n\t\t\t\t<\/div>\n\t\t\t\t<\/article>\n\t\t\t\t<article class=\"elementor-post elementor-grid-item post-24290 post type-post status-publish format-standard has-post-thumbnail hentry category-press-releases tag-budget tag-delivering-for-oregon tag-health-care\" role=\"listitem\">\n\t\t\t\t<div class=\"elementor-post__text\">\n\t\t\t\t<h2 class=\"elementor-post__title\">\n\t\t\t<a href=\"https:\/\/www.merkley.senate.gov\/es\/wyden-merkley-slam-trump-administration-over-scheme-to-undermine-reproductive-health-care-in-oregon-twelve-other-states\/\" >\n\t\t\t\tWyden, Merkley Slam Trump Administration Over Scheme to Undermine Reproductive Health Care in Oregon, Twelve Other States\t\t\t<\/a>\n\t\t<\/h2>\n\t\t\t\t<div class=\"elementor-post__meta-data\">\n\t\t\t\t\t<span class=\"elementor-post-date\">\n\t\t\tMarch 27, 2026\t\t<\/span>\n\t\t\t\t<\/div>\n\t\t\t\t<div class=\"elementor-post__excerpt\">\n\t\t\t<p>Letter follows launch of investigation into states that require health insurance plans to cover abortion care Washington, D.C.\u00a0\u2013 Senate Finance Committee Ranking Member Ron Wyden and Senate Budget Committee Ranking Member Jeff Merkley, both D-Ore., today slammed the Trump administration over\u00a0recent news\u00a0that the Department of Health and Human Services (HHS)<\/p>\n\t\t<\/div>\n\t\t\n\t\t<a class=\"elementor-post__read-more\" href=\"https:\/\/www.merkley.senate.gov\/es\/wyden-merkley-slam-trump-administration-over-scheme-to-undermine-reproductive-health-care-in-oregon-twelve-other-states\/\" aria-label=\"Read more about Wyden, Merkley Slam Trump Administration Over Scheme to Undermine Reproductive Health Care in Oregon, Twelve Other States\" tabindex=\"-1\" >\n\t\t\t<i aria-hidden=\"true\" class=\"fal fa-chevron-circle-right\"><\/i>\t\t<\/a>\n\n\t\t\t\t<\/div>\n\t\t\t\t<\/article>\n\t\t\t\t<article class=\"elementor-post elementor-grid-item post-24244 post type-post status-publish format-standard has-post-thumbnail hentry category-press-releases tag-budget tag-delivering-for-oregon tag-health-care\" role=\"listitem\">\n\t\t\t\t<div class=\"elementor-post__text\">\n\t\t\t\t<h2 class=\"elementor-post__title\">\n\t\t\t<a href=\"https:\/\/www.merkley.senate.gov\/es\/merkley-joins-push-to-ban-private-equity-from-owning-nursing-homes-and-hospitals\/\" >\n\t\t\t\tMerkley Joins Push to Ban Private Equity from Owning Nursing Homes and Hospitals\t\t\t<\/a>\n\t\t<\/h2>\n\t\t\t\t<div class=\"elementor-post__meta-data\">\n\t\t\t\t\t<span class=\"elementor-post-date\">\n\t\t\tMarch 25, 2026\t\t<\/span>\n\t\t\t\t<\/div>\n\t\t\t\t<div class=\"elementor-post__excerpt\">\n\t\t\t<p>Washington, D.C. \u2014 Oregon\u2019s U.S. Senator Jeff Merkley put his support behind the Take Back Our Hospitals Act, a bill to effectively ban private equity ownership of hospitals and nursing homes by making them ineligible to receive Medicare funding. More than 400 hospitals and nursing homes are currently owned and<\/p>\n\t\t<\/div>\n\t\t\n\t\t<a class=\"elementor-post__read-more\" href=\"https:\/\/www.merkley.senate.gov\/es\/merkley-joins-push-to-ban-private-equity-from-owning-nursing-homes-and-hospitals\/\" aria-label=\"Read more about Merkley Joins Push to Ban Private Equity from Owning Nursing Homes and Hospitals\" tabindex=\"-1\" >\n\t\t\t<i aria-hidden=\"true\" class=\"fal fa-chevron-circle-right\"><\/i>\t\t<\/a>\n\n\t\t\t\t<\/div>\n\t\t\t\t<\/article>\n\t\t\t\t<article class=\"elementor-post elementor-grid-item post-24237 post type-post status-publish format-standard has-post-thumbnail hentry category-press-releases tag-health-care tag-jobs-and-the-economy\" role=\"listitem\">\n\t\t\t\t<div class=\"elementor-post__text\">\n\t\t\t\t<h2 class=\"elementor-post__title\">\n\t\t\t<a href=\"https:\/\/www.merkley.senate.gov\/es\/baldwin-merkley-moore-introduce-legislation-to-address-maternal-health-crisis-expand-access-to-care\/\" >\n\t\t\t\tBaldwin, Merkley, Moore Introduce Legislation to Address Maternal Health Crisis, Expand Access to Care\t\t\t<\/a>\n\t\t<\/h2>\n\t\t\t\t<div class=\"elementor-post__meta-data\">\n\t\t\t\t\t<span class=\"elementor-post-date\">\n\t\t\tMarch 25, 2026\t\t<\/span>\n\t\t\t\t<\/div>\n\t\t\t\t<div class=\"elementor-post__excerpt\">\n\t\t\t<p>Washington, D.C. \u2013 Today, U.S. Senators Tammy Baldwin (D-WI) and Jeff Merkley (D-OR), and Congresswoman Gwen Moore (D-WI-04) introduced the Perinatal Workforce Act, legislation to address the urgent maternal health care crisis in the United States. Specifically, the bill will help grow the perinatal workforce by creating grant programs to<\/p>\n\t\t<\/div>\n\t\t\n\t\t<a class=\"elementor-post__read-more\" href=\"https:\/\/www.merkley.senate.gov\/es\/baldwin-merkley-moore-introduce-legislation-to-address-maternal-health-crisis-expand-access-to-care\/\" aria-label=\"Read more about Baldwin, Merkley, Moore Introduce Legislation to Address Maternal Health Crisis, Expand Access to Care\" tabindex=\"-1\" >\n\t\t\t<i aria-hidden=\"true\" class=\"fal fa-chevron-circle-right\"><\/i>\t\t<\/a>\n\n\t\t\t\t<\/div>\n\t\t\t\t<\/article>\n\t\t\t\t<\/div>\n\t\t\n\t\t\t\t<div class=\"e-load-more-anchor\" data-page=\"1\" data-max-page=\"96\" data-next-page=\"https:\/\/www.merkley.senate.gov\/es\/wp-json\/wp\/v2\/pages\/7623\/page\/2\/\"><\/div>\n\t\t\t\t<nav class=\"elementor-pagination\" aria-label=\"Pagination\">\n\t\t\t<span aria-current=\"page\" class=\"page-numbers current\"><span class=\"elementor-screen-only\">P\u00e1gina<\/span>1<\/span>\n<a class=\"page-numbers\" href=\"https:\/\/www.merkley.senate.gov\/es\/wp-json\/wp\/v2\/pages\/7623\/page\/2\/\"><span class=\"elementor-screen-only\">P\u00e1gina<\/span>2<\/a>\n<a class=\"page-numbers\" href=\"https:\/\/www.merkley.senate.gov\/es\/wp-json\/wp\/v2\/pages\/7623\/page\/3\/\"><span class=\"elementor-screen-only\">P\u00e1gina<\/span>3<\/a>\n<a class=\"page-numbers\" href=\"https:\/\/www.merkley.senate.gov\/es\/wp-json\/wp\/v2\/pages\/7623\/page\/4\/\"><span class=\"elementor-screen-only\">P\u00e1gina<\/span>4<\/a>\n<a class=\"page-numbers\" href=\"https:\/\/www.merkley.senate.gov\/es\/wp-json\/wp\/v2\/pages\/7623\/page\/5\/\"><span class=\"elementor-screen-only\">P\u00e1gina<\/span>5<\/a>\t\t<\/nav>\n\t\t\t\t\t\t<\/div>\n\t\t\t\t<\/div>\n\t\t\t\t\t<\/div>\n\t\t<\/div>\n\t\t\t\t\t<\/div>\n\t\t<\/section>\n\t\t\t\t<\/div>","protected":false},"excerpt":{"rendered":"<p>Jeff believes access to quality, affordable health care is not a privilege, but a human right.&nbsp; Jeff\u2019s perspective on health care has been influenced by his wife, Mary, a registered nurse, who sees the world through the eyes of her patients: the people who should be at the heart of our health care system.&nbsp;&nbsp; Throughout [&hellip;]<\/p>\n","protected":false},"author":1,"featured_media":0,"parent":7298,"menu_order":0,"comment_status":"closed","ping_status":"closed","template":"","meta":{"_acf_changed":false,"inline_featured_image":false,"footnotes":""},"class_list":["post-7623","page","type-page","status-publish","hentry"],"acf":[],"yoast_head":"<!-- This site is optimized with the Yoast SEO plugin v27.2 - https:\/\/yoast.com\/product\/yoast-seo-wordpress\/ -->\n<title>Health Care - Merkley<\/title>\n<meta name=\"robots\" content=\"index, follow, max-snippet:-1, max-image-preview:large, max-video-preview:-1\" \/>\n<link rel=\"canonical\" href=\"https:\/\/www.merkley.senate.gov\/es\/about\/issues\/health-care\/\" \/>\n<meta property=\"og:locale\" content=\"es_MX\" \/>\n<meta property=\"og:type\" content=\"article\" \/>\n<meta property=\"og:title\" content=\"Health Care - Merkley\" \/>\n<meta property=\"og:description\" content=\"Jeff believes access to quality, affordable health care is not a privilege, but a human right.&nbsp; Jeff\u2019s perspective on health care has been influenced by his wife, Mary, a registered nurse, who sees the world through the eyes of her patients: the people who should be at the heart of our health care system.&nbsp;&nbsp; Throughout [&hellip;]\" \/>\n<meta property=\"og:url\" content=\"https:\/\/www.merkley.senate.gov\/es\/about\/issues\/health-care\/\" \/>\n<meta property=\"og:site_name\" content=\"Merkley\" \/>\n<meta property=\"article:modified_time\" content=\"2023-07-24T15:34:53+00:00\" \/>\n<meta name=\"twitter:card\" content=\"summary_large_image\" \/>\n<meta name=\"twitter:label1\" content=\"Est. reading time\" \/>\n\t<meta name=\"twitter:data1\" content=\"3 minutes\" \/>\n<script type=\"application\/ld+json\" class=\"yoast-schema-graph\">{\"@context\":\"https:\/\/schema.org\",\"@graph\":[{\"@type\":\"WebPage\",\"@id\":\"https:\/\/www.merkley.senate.gov\/about\/issues\/health-care\/\",\"url\":\"https:\/\/www.merkley.senate.gov\/about\/issues\/health-care\/\",\"name\":\"Health Care - Merkley\",\"isPartOf\":{\"@id\":\"https:\/\/www.merkley.senate.gov\/#website\"},\"datePublished\":\"2023-07-19T19:18:18+00:00\",\"dateModified\":\"2023-07-24T15:34:53+00:00\",\"breadcrumb\":{\"@id\":\"https:\/\/www.merkley.senate.gov\/about\/issues\/health-care\/#breadcrumb\"},\"inLanguage\":\"es-MX\",\"potentialAction\":[{\"@type\":\"ReadAction\",\"target\":[\"https:\/\/www.merkley.senate.gov\/about\/issues\/health-care\/\"]}]},{\"@type\":\"BreadcrumbList\",\"@id\":\"https:\/\/www.merkley.senate.gov\/about\/issues\/health-care\/#breadcrumb\",\"itemListElement\":[{\"@type\":\"ListItem\",\"position\":1,\"name\":\"Home\",\"item\":\"https:\/\/www.merkley.senate.gov\/\"},{\"@type\":\"ListItem\",\"position\":2,\"name\":\"About Jeff\",\"item\":\"https:\/\/www.merkley.senate.gov\/about\/\"},{\"@type\":\"ListItem\",\"position\":3,\"name\":\"Issues\",\"item\":\"https:\/\/www.merkley.senate.gov\/about\/issues\/\"},{\"@type\":\"ListItem\",\"position\":4,\"name\":\"Health Care\"}]},{\"@type\":\"WebSite\",\"@id\":\"https:\/\/www.merkley.senate.gov\/#website\",\"url\":\"https:\/\/www.merkley.senate.gov\/\",\"name\":\"Merkley\",\"description\":\"Merkley\",\"potentialAction\":[{\"@type\":\"SearchAction\",\"target\":{\"@type\":\"EntryPoint\",\"urlTemplate\":\"https:\/\/www.merkley.senate.gov\/?s={search_term_string}\"},\"query-input\":{\"@type\":\"PropertyValueSpecification\",\"valueRequired\":true,\"valueName\":\"search_term_string\"}}],\"inLanguage\":\"es-MX\"}]}<\/script>\n<!-- \/ Yoast SEO plugin. -->","yoast_head_json":{"title":"Health Care - Merkley","robots":{"index":"index","follow":"follow","max-snippet":"max-snippet:-1","max-image-preview":"max-image-preview:large","max-video-preview":"max-video-preview:-1"},"canonical":"https:\/\/www.merkley.senate.gov\/es\/about\/issues\/health-care\/","og_locale":"es_MX","og_type":"article","og_title":"Health Care - Merkley","og_description":"Jeff believes access to quality, affordable health care is not a privilege, but a human right.&nbsp; Jeff\u2019s perspective on health care has been influenced by his wife, Mary, a registered nurse, who sees the world through the eyes of her patients: the people who should be at the heart of our health care system.&nbsp;&nbsp; Throughout [&hellip;]","og_url":"https:\/\/www.merkley.senate.gov\/es\/about\/issues\/health-care\/","og_site_name":"Merkley","article_modified_time":"2023-07-24T15:34:53+00:00","twitter_card":"summary_large_image","twitter_misc":{"Est. reading time":"3 minutes"},"schema":{"@context":"https:\/\/schema.org","@graph":[{"@type":"WebPage","@id":"https:\/\/www.merkley.senate.gov\/about\/issues\/health-care\/","url":"https:\/\/www.merkley.senate.gov\/about\/issues\/health-care\/","name":"Health Care - Merkley","isPartOf":{"@id":"https:\/\/www.merkley.senate.gov\/#website"},"datePublished":"2023-07-19T19:18:18+00:00","dateModified":"2023-07-24T15:34:53+00:00","breadcrumb":{"@id":"https:\/\/www.merkley.senate.gov\/about\/issues\/health-care\/#breadcrumb"},"inLanguage":"es-MX","potentialAction":[{"@type":"ReadAction","target":["https:\/\/www.merkley.senate.gov\/about\/issues\/health-care\/"]}]},{"@type":"BreadcrumbList","@id":"https:\/\/www.merkley.senate.gov\/about\/issues\/health-care\/#breadcrumb","itemListElement":[{"@type":"ListItem","position":1,"name":"Home","item":"https:\/\/www.merkley.senate.gov\/"},{"@type":"ListItem","position":2,"name":"About Jeff","item":"https:\/\/www.merkley.senate.gov\/about\/"},{"@type":"ListItem","position":3,"name":"Issues","item":"https:\/\/www.merkley.senate.gov\/about\/issues\/"},{"@type":"ListItem","position":4,"name":"Health Care"}]},{"@type":"WebSite","@id":"https:\/\/www.merkley.senate.gov\/#website","url":"https:\/\/www.merkley.senate.gov\/","name":"merkley","description":"merkley","potentialAction":[{"@type":"SearchAction","target":{"@type":"EntryPoint","urlTemplate":"https:\/\/www.merkley.senate.gov\/?s={search_term_string}"},"query-input":{"@type":"PropertyValueSpecification","valueRequired":true,"valueName":"search_term_string"}}],"inLanguage":"es-MX"}]}},"_links":{"self":[{"href":"https:\/\/www.merkley.senate.gov\/es\/wp-json\/wp\/v2\/pages\/7623","targetHints":{"allow":["GET"]}}],"collection":[{"href":"https:\/\/www.merkley.senate.gov\/es\/wp-json\/wp\/v2\/pages"}],"about":[{"href":"https:\/\/www.merkley.senate.gov\/es\/wp-json\/wp\/v2\/types\/page"}],"author":[{"embeddable":true,"href":"https:\/\/www.merkley.senate.gov\/es\/wp-json\/wp\/v2\/users\/1"}],"replies":[{"embeddable":true,"href":"https:\/\/www.merkley.senate.gov\/es\/wp-json\/wp\/v2\/comments?post=7623"}],"version-history":[{"count":7,"href":"https:\/\/www.merkley.senate.gov\/es\/wp-json\/wp\/v2\/pages\/7623\/revisions"}],"predecessor-version":[{"id":16667,"href":"https:\/\/www.merkley.senate.gov\/es\/wp-json\/wp\/v2\/pages\/7623\/revisions\/16667"}],"up":[{"embeddable":true,"href":"https:\/\/www.merkley.senate.gov\/es\/wp-json\/wp\/v2\/pages\/7298"}],"wp:attachment":[{"href":"https:\/\/www.merkley.senate.gov\/es\/wp-json\/wp\/v2\/media?parent=7623"}],"curies":[{"name":"wp","href":"https:\/\/api.w.org\/{rel}","templated":true}]}}