{"id":7625,"date":"2023-07-19T15:18:56","date_gmt":"2023-07-19T19:18:56","guid":{"rendered":"https:\/\/www.merkley.senate.gov\/?page_id=7625"},"modified":"2023-07-24T11:35:32","modified_gmt":"2023-07-24T15:35:32","slug":"honoring-our-veterans","status":"publish","type":"page","link":"https:\/\/www.merkley.senate.gov\/es\/about\/issues\/honoring-our-veterans\/","title":{"rendered":"Honrando a nuestros veteranos"},"content":{"rendered":"<div data-elementor-type=\"wp-page\" data-elementor-id=\"7625\" class=\"elementor elementor-7625\" data-elementor-post-type=\"page\">\n\t\t\t\t\t\t<section class=\"elementor-section elementor-top-section elementor-element elementor-element-14c1103b elementor-section-boxed elementor-section-height-default elementor-section-height-default\" data-id=\"14c1103b\" data-element_type=\"section\" data-e-type=\"section\">\n\t\t\t\t\t\t<div class=\"elementor-container elementor-column-gap-default\">\n\t\t\t\t\t<div class=\"elementor-column elementor-col-100 elementor-top-column elementor-element elementor-element-44e5c1f5\" data-id=\"44e5c1f5\" data-element_type=\"column\" data-e-type=\"column\">\n\t\t\t<div class=\"elementor-widget-wrap elementor-element-populated\">\n\t\t\t\t\t\t<div class=\"elementor-element elementor-element-759b174 elementor-widget elementor-widget-text-editor\" data-id=\"759b174\" data-element_type=\"widget\" data-e-type=\"widget\" data-widget_type=\"text-editor.default\">\n\t\t\t\t<div class=\"elementor-widget-container\">\n\t\t\t\t\t\t\t\t\t\n<p>Nuestros veteranos han servido a su pa\u00eds con honor y merecen el mayor respeto de nuestra naci\u00f3n por su sacrificio. Los veteranos y sus familias han puesto la seguridad de Estados Unidos antes que la suya propia, y tenemos la responsabilidad de garantizar que nuestros miembros del servicio tengan las herramientas y la capacitaci\u00f3n para completar sus misiones cuando dejen nuestras costas para cumplir con su deber, as\u00ed como los recursos que necesitan para mantenerse saludables. y seguros financieramente cuando regresen a casa.<\/p>\n\n\n\n<p>Jeff ha sido un l\u00edder en Oreg\u00f3n para expandir las oportunidades educativas y mejorar los servicios m\u00e9dicos para nuestros veteranos. Est\u00e1 dedicado a trabajar en el Senado de los Estados Unidos en nombre de hombres y mujeres valientes que han dado tanto para servir a su pa\u00eds. Ellos nos han defendido, y ahora nosotros debemos hacerlo por ellos.<\/p>\n\n\n\n<p><strong><a href=\"https:\/\/www.merkley.senate.gov\/es\/veterans-history-project\/\">Obtenga m\u00e1s informaci\u00f3n sobre el Proyecto de Historia de los Veteranos.<\/a><\/strong><\/p>\n\t\t\t\t\t\t\t\t<\/div>\n\t\t\t\t<\/div>\n\t\t\t\t\t<\/div>\n\t\t<\/div>\n\t\t\t\t\t<\/div>\n\t\t<\/section>\n\t\t\t\t<section class=\"elementor-section elementor-top-section elementor-element elementor-element-e608b16 elementor-section-boxed elementor-section-height-default elementor-section-height-default\" data-id=\"e608b16\" data-element_type=\"section\" data-e-type=\"section\">\n\t\t\t\t\t\t<div class=\"elementor-container elementor-column-gap-default\">\n\t\t\t\t\t<div class=\"elementor-column elementor-col-100 elementor-top-column elementor-element elementor-element-b2d58fd\" data-id=\"b2d58fd\" data-element_type=\"column\" data-e-type=\"column\">\n\t\t\t<div class=\"elementor-widget-wrap elementor-element-populated\">\n\t\t\t\t\t\t<div class=\"elementor-element elementor-element-f2ab1d4 elementor-grid-1 elementor-posts--thumbnail-none elementor-grid-tablet-2 elementor-grid-mobile-1 elementor-widget elementor-widget-posts\" data-id=\"f2ab1d4\" data-element_type=\"widget\" data-e-type=\"widget\" data-settings=\"{&quot;classic_columns&quot;:&quot;1&quot;,&quot;classic_row_gap&quot;:{&quot;unit&quot;:&quot;px&quot;,&quot;size&quot;:45,&quot;sizes&quot;:[]},&quot;pagination_type&quot;:&quot;numbers&quot;,&quot;classic_columns_tablet&quot;:&quot;2&quot;,&quot;classic_columns_mobile&quot;:&quot;1&quot;,&quot;classic_row_gap_laptop&quot;:{&quot;unit&quot;:&quot;px&quot;,&quot;size&quot;:&quot;&quot;,&quot;sizes&quot;:[]},&quot;classic_row_gap_tablet_extra&quot;:{&quot;unit&quot;:&quot;px&quot;,&quot;size&quot;:&quot;&quot;,&quot;sizes&quot;:[]},&quot;classic_row_gap_tablet&quot;:{&quot;unit&quot;:&quot;px&quot;,&quot;size&quot;:&quot;&quot;,&quot;sizes&quot;:[]},&quot;classic_row_gap_mobile_extra&quot;:{&quot;unit&quot;:&quot;px&quot;,&quot;size&quot;:&quot;&quot;,&quot;sizes&quot;:[]},&quot;classic_row_gap_mobile&quot;:{&quot;unit&quot;:&quot;px&quot;,&quot;size&quot;:&quot;&quot;,&quot;sizes&quot;:[]}}\" data-widget_type=\"posts.classic\">\n\t\t\t\t<div class=\"elementor-widget-container\">\n\t\t\t\t\t\t\t<div class=\"elementor-posts-container elementor-posts elementor-posts--skin-classic elementor-grid\" role=\"list\">\n\t\t\t\t<article class=\"elementor-post elementor-grid-item post-20520 post type-post status-publish format-standard has-post-thumbnail hentry category-press-releases tag-delivering-for-oregon tag-honoring-our-veterans\" role=\"listitem\">\n\t\t\t\t<div class=\"elementor-post__text\">\n\t\t\t\t<h2 class=\"elementor-post__title\">\n\t\t\t<a href=\"https:\/\/www.merkley.senate.gov\/es\/during-suicide-prevention-month-u-s-senators-wyden-merkley-announce-federal-funding-for-oregon-veteran-programs\/\" >\n\t\t\t\tDuring Suicide Prevention Month, U.S. Senators Wyden, Merkley Announce Federal Funding for Oregon Veteran Programs\t\t\t<\/a>\n\t\t<\/h2>\n\t\t\t\t<div class=\"elementor-post__meta-data\">\n\t\t\t\t\t<span class=\"elementor-post-date\">\n\t\t\tSeptember 19, 2024\t\t<\/span>\n\t\t\t\t<\/div>\n\t\t\t\t<div class=\"elementor-post__excerpt\">\n\t\t\t<p>Resources going to groups serving veterans in Marion, Polk, Clackamas, Multnomah, Lake, Marion, Tillamook and Washington counties Washington D.C\u2014 U.S. Senators Ron Wyden and Jeff Merkley today announced a combined federal investment of $1.84 million to support three Oregon community organizations with suicide prevention programs and services for veterans and<\/p>\n\t\t<\/div>\n\t\t\n\t\t<a class=\"elementor-post__read-more\" href=\"https:\/\/www.merkley.senate.gov\/es\/during-suicide-prevention-month-u-s-senators-wyden-merkley-announce-federal-funding-for-oregon-veteran-programs\/\" aria-label=\"Read more about During Suicide Prevention Month, U.S. Senators Wyden, Merkley Announce Federal Funding for Oregon Veteran Programs\" tabindex=\"-1\" >\n\t\t\t<i aria-hidden=\"true\" class=\"fal fa-chevron-circle-right\"><\/i>\t\t<\/a>\n\n\t\t\t\t<\/div>\n\t\t\t\t<\/article>\n\t\t\t\t<article class=\"elementor-post elementor-grid-item post-18000 post type-post status-publish format-standard hentry category-oregon-stories tag-honoring-our-veterans\" role=\"listitem\">\n\t\t\t\t<div class=\"elementor-post__text\">\n\t\t\t\t<h2 class=\"elementor-post__title\">\n\t\t\t<a href=\"https:\/\/www.merkley.senate.gov\/es\/helping-an-oregon-veteran-leave-behind-his-legacy\/\" >\n\t\t\t\tAyudar a un veterano de Oreg\u00f3n a dejar atr\u00e1s su legado\t\t\t<\/a>\n\t\t<\/h2>\n\t\t\t\t<div class=\"elementor-post__meta-data\">\n\t\t\t\t\t<span class=\"elementor-post-date\">\n\t\t\t11 de noviembre de 2023\t\t<\/span>\n\t\t\t\t<\/div>\n\t\t\t\t<div class=\"elementor-post__excerpt\">\n\t\t\t<p>Los veteranos de Estados Unidos han hecho innumerables sacrificios para proteger nuestros valores y libertades. Las medallas y cintas militares son s\u00edmbolos fundamentales para reconocer estos sacrificios, logros y dedicaci\u00f3n al deber, pero a veces los veteranos no reciben las medallas que han ganado y merecen. Cuando los veteranos se topan con obst\u00e1culos para acceder a estas claves<\/p>\n\t\t<\/div>\n\t\t\n\t\t<a class=\"elementor-post__read-more\" href=\"https:\/\/www.merkley.senate.gov\/es\/helping-an-oregon-veteran-leave-behind-his-legacy\/\" aria-label=\"Read more about Helping an Oregon Veteran Leave Behind his Legacy\" tabindex=\"-1\" >\n\t\t\t<i aria-hidden=\"true\" class=\"fal fa-chevron-circle-right\"><\/i>\t\t<\/a>\n\n\t\t\t\t<\/div>\n\t\t\t\t<\/article>\n\t\t\t\t<article class=\"elementor-post elementor-grid-item post-2387 post type-post status-publish format-standard hentry category-press-releases tag-honoring-our-veterans\" role=\"listitem\">\n\t\t\t\t<div class=\"elementor-post__text\">\n\t\t\t\t<h2 class=\"elementor-post__title\">\n\t\t\t<a href=\"https:\/\/www.merkley.senate.gov\/es\/wyden-merkley-federal-funds-to-help-homeless-veterans-with-housing-in-washington-klamath-and-lake-counties\/\" >\n\t\t\t\tWyden, Merkley: Fondos federales para ayudar a los veteranos sin hogar con vivienda en los condados de Washington, Klamath y Lake\t\t\t<\/a>\n\t\t<\/h2>\n\t\t\t\t<div class=\"elementor-post__meta-data\">\n\t\t\t\t\t<span class=\"elementor-post-date\">\n\t\t\t20 de diciembre de 2021\t\t<\/span>\n\t\t\t\t<\/div>\n\t\t\t\t<div class=\"elementor-post__excerpt\">\n\t\t\t<p>Washington, DC: los senadores estadounidenses Ron Wyden y Jeff Merkley anunciaron hoy que la Autoridad de Vivienda del condado de Washington y la Autoridad de Vivienda de Klamath, que prestan servicios en los condados de Klamath y Lake, recibir\u00e1n casi $515,000 en recursos federales combinados para brindar asistencia de alquiler a los veteranos sin hogar. \u201cLa vivienda es un ser humano<\/p>\n\t\t<\/div>\n\t\t\n\t\t<a class=\"elementor-post__read-more\" href=\"https:\/\/www.merkley.senate.gov\/es\/wyden-merkley-federal-funds-to-help-homeless-veterans-with-housing-in-washington-klamath-and-lake-counties\/\" aria-label=\"Read more about Wyden, Merkley: Federal Funds to Help Homeless Veterans With Housing in Washington, Klamath and Lake Counties\" tabindex=\"-1\" >\n\t\t\t<i aria-hidden=\"true\" class=\"fal fa-chevron-circle-right\"><\/i>\t\t<\/a>\n\n\t\t\t\t<\/div>\n\t\t\t\t<\/article>\n\t\t\t\t<article class=\"elementor-post elementor-grid-item post-2501 post type-post status-publish format-standard hentry category-press-releases tag-education tag-honoring-our-veterans\" role=\"listitem\">\n\t\t\t\t<div class=\"elementor-post__text\">\n\t\t\t\t<h2 class=\"elementor-post__title\">\n\t\t\t<a href=\"https:\/\/www.merkley.senate.gov\/es\/wyden-merkley-more-than-140000-to-klamath-community-college-to-recruit-veterans-for-a-commercial-driver-training-program-2021\/\" >\n\t\t\t\tWyden, Merkley: M\u00e1s de $140,000 para Klamath Community College para reclutar veteranos para un programa de capacitaci\u00f3n de conductores comerciales\t\t\t<\/a>\n\t\t<\/h2>\n\t\t\t\t<div class=\"elementor-post__meta-data\">\n\t\t\t\t\t<span class=\"elementor-post-date\">\n\t\t\t13 de septiembre de 2021\t\t<\/span>\n\t\t\t\t<\/div>\n\t\t\t\t<div class=\"elementor-post__excerpt\">\n\t\t\t<p>Washington, DC \u2013 Los senadores estadounidenses Ron Wyden y Jeff Merkley anunciaron hoy que Klamath Community College obtuvo una subvenci\u00f3n $140,856 del Departamento de Transporte de los Estados Unidos para un programa de capacitaci\u00f3n de conductores comerciales para veteranos. \u201cLos oregonianos que han servido a este pa\u00eds merecen todas las oportunidades de tener carreras civiles productivas\u201d, dijo Wyden. &quot;El<\/p>\n\t\t<\/div>\n\t\t\n\t\t<a class=\"elementor-post__read-more\" href=\"https:\/\/www.merkley.senate.gov\/es\/wyden-merkley-more-than-140000-to-klamath-community-college-to-recruit-veterans-for-a-commercial-driver-training-program-2021\/\" aria-label=\"Read more about Wyden, Merkley: More than $140,000 to Klamath Community College to Recruit Veterans for a Commercial Driver Training Program\" tabindex=\"-1\" >\n\t\t\t<i aria-hidden=\"true\" class=\"fal fa-chevron-circle-right\"><\/i>\t\t<\/a>\n\n\t\t\t\t<\/div>\n\t\t\t\t<\/article>\n\t\t\t\t<article class=\"elementor-post elementor-grid-item post-2533 post type-post status-publish format-standard hentry category-press-releases tag-education tag-honoring-our-veterans\" role=\"listitem\">\n\t\t\t\t<div class=\"elementor-post__text\">\n\t\t\t\t<h2 class=\"elementor-post__title\">\n\t\t\t<a href=\"https:\/\/www.merkley.senate.gov\/es\/wyden-merkley-mt-hood-community-college-to-receive-450000-for-academic-services-for-veterans-2021\/\" >\n\t\t\t\tWyden, Merkley: Mt. Hood Community College recibir\u00e1 $450,000 para servicios acad\u00e9micos para veteranos\t\t\t<\/a>\n\t\t<\/h2>\n\t\t\t\t<div class=\"elementor-post__meta-data\">\n\t\t\t\t\t<span class=\"elementor-post-date\">\n\t\t\t25 de agosto de 2021\t\t<\/span>\n\t\t\t\t<\/div>\n\t\t\t\t<div class=\"elementor-post__excerpt\">\n\t\t\t<p>Washington, DC \u2013 Los senadores estadounidenses de Oreg\u00f3n, Ron Wyden y Jeff Merkley, anunciaron hoy que Mt. Hood Community College (MHCC) obtuvo una subvenci\u00f3n de $450,000 para establecer un Centro de servicios para veteranos, que mejorar\u00eda los resultados acad\u00e9micos de los estudiantes veteranos. \u201cLos oregonianos que han servido a este pa\u00eds merecen tener todas las oportunidades para<\/p>\n\t\t<\/div>\n\t\t\n\t\t<a class=\"elementor-post__read-more\" href=\"https:\/\/www.merkley.senate.gov\/es\/wyden-merkley-mt-hood-community-college-to-receive-450000-for-academic-services-for-veterans-2021\/\" aria-label=\"Read more about Wyden, Merkley: Mt. Hood Community College to Receive $450,000 for Academic Services for Veterans\" tabindex=\"-1\" >\n\t\t\t<i aria-hidden=\"true\" class=\"fal fa-chevron-circle-right\"><\/i>\t\t<\/a>\n\n\t\t\t\t<\/div>\n\t\t\t\t<\/article>\n\t\t\t\t<article class=\"elementor-post elementor-grid-item post-2551 post type-post status-publish format-standard hentry category-press-releases tag-honoring-our-veterans\" role=\"listitem\">\n\t\t\t\t<div class=\"elementor-post__text\">\n\t\t\t\t<h2 class=\"elementor-post__title\">\n\t\t\t<a href=\"https:\/\/www.merkley.senate.gov\/es\/wyden-merkley-federal-grants-to-support-stand-down-events-that-provide-services-to-homeless-veterans-2021\/\" >\n\t\t\t\tWyden, Merkley: Subvenciones federales para apoyar eventos de &quot;retirada&quot; que brindan servicios a veteranos sin hogar\t\t\t<\/a>\n\t\t<\/h2>\n\t\t\t\t<div class=\"elementor-post__meta-data\">\n\t\t\t\t\t<span class=\"elementor-post-date\">\n\t\t\t12 de agosto de 2021\t\t<\/span>\n\t\t\t\t<\/div>\n\t\t\t\t<div class=\"elementor-post__excerpt\">\n\t\t\t<p>Washington, DC \u2013 Los senadores estadounidenses de Oreg\u00f3n, Ron Wyden y Jeff Merkley, anunciaron hoy que las organizaciones en los condados de Coos, Curry, Klamath, Lake y Washington obtuvieron m\u00e1s de $17,000 en subvenciones del Servicio de Capacitaci\u00f3n y Empleo para Veteranos del Departamento de Trabajo (DOL VETS) para organizar eventos que proporcionen suministros y servicios a los veteranos sin hogar. \u201coregonianos<\/p>\n\t\t<\/div>\n\t\t\n\t\t<a class=\"elementor-post__read-more\" href=\"https:\/\/www.merkley.senate.gov\/es\/wyden-merkley-federal-grants-to-support-stand-down-events-that-provide-services-to-homeless-veterans-2021\/\" aria-label=\"Read more about Wyden, Merkley: Federal Grants to Support \u201cStand Down\u201d Events that Provide Services to Homeless Veterans\" tabindex=\"-1\" >\n\t\t\t<i aria-hidden=\"true\" class=\"fal fa-chevron-circle-right\"><\/i>\t\t<\/a>\n\n\t\t\t\t<\/div>\n\t\t\t\t<\/article>\n\t\t\t\t<\/div>\n\t\t\n\t\t\t\t<div class=\"e-load-more-anchor\" data-page=\"1\" data-max-page=\"18\" data-next-page=\"https:\/\/www.merkley.senate.gov\/es\/wp-json\/wp\/v2\/pages\/7625\/page\/2\/\"><\/div>\n\t\t\t\t<nav class=\"elementor-pagination\" aria-label=\"Pagination\">\n\t\t\t<span aria-current=\"page\" class=\"page-numbers current\"><span class=\"elementor-screen-only\">P\u00e1gina<\/span>1<\/span>\n<a class=\"page-numbers\" href=\"https:\/\/www.merkley.senate.gov\/es\/wp-json\/wp\/v2\/pages\/7625\/page\/2\/\"><span class=\"elementor-screen-only\">P\u00e1gina<\/span>2<\/a>\n<a class=\"page-numbers\" href=\"https:\/\/www.merkley.senate.gov\/es\/wp-json\/wp\/v2\/pages\/7625\/page\/3\/\"><span class=\"elementor-screen-only\">P\u00e1gina<\/span>3<\/a>\n<a class=\"page-numbers\" href=\"https:\/\/www.merkley.senate.gov\/es\/wp-json\/wp\/v2\/pages\/7625\/page\/4\/\"><span class=\"elementor-screen-only\">P\u00e1gina<\/span>4<\/a>\n<a class=\"page-numbers\" href=\"https:\/\/www.merkley.senate.gov\/es\/wp-json\/wp\/v2\/pages\/7625\/page\/5\/\"><span class=\"elementor-screen-only\">P\u00e1gina<\/span>5<\/a>\t\t<\/nav>\n\t\t\t\t\t\t<\/div>\n\t\t\t\t<\/div>\n\t\t\t\t\t<\/div>\n\t\t<\/div>\n\t\t\t\t\t<\/div>\n\t\t<\/section>\n\t\t\t\t<\/div>","protected":false},"excerpt":{"rendered":"<p>Our veterans have served their country with honor and deserve the utmost respect from our nation for their sacrifice. &nbsp;Veterans and their families have put America\u2019s security before their own, and we have a responsibility to ensure that our service members have the tools and training to complete their missions when they leave our shores [&hellip;]<\/p>\n","protected":false},"author":1,"featured_media":0,"parent":7298,"menu_order":0,"comment_status":"closed","ping_status":"closed","template":"","meta":{"_acf_changed":false,"inline_featured_image":false,"footnotes":""},"class_list":["post-7625","page","type-page","status-publish","hentry"],"acf":[],"yoast_head":"<!-- This site is optimized with the Yoast SEO plugin v27.2 - https:\/\/yoast.com\/product\/yoast-seo-wordpress\/ -->\n<title>Honoring Our Veterans - Merkley<\/title>\n<meta name=\"robots\" content=\"index, follow, max-snippet:-1, max-image-preview:large, max-video-preview:-1\" \/>\n<link rel=\"canonical\" href=\"https:\/\/www.merkley.senate.gov\/es\/about\/issues\/honoring-our-veterans\/\" \/>\n<meta property=\"og:locale\" content=\"es_MX\" \/>\n<meta property=\"og:type\" content=\"article\" \/>\n<meta property=\"og:title\" content=\"Honoring Our Veterans - Merkley\" \/>\n<meta property=\"og:description\" content=\"Our veterans have served their country with honor and deserve the utmost respect from our nation for their sacrifice. &nbsp;Veterans and their families have put America\u2019s security before their own, and we have a responsibility to ensure that our service members have the tools and training to complete their missions when they leave our shores [&hellip;]\" \/>\n<meta property=\"og:url\" content=\"https:\/\/www.merkley.senate.gov\/es\/about\/issues\/honoring-our-veterans\/\" \/>\n<meta property=\"og:site_name\" content=\"Merkley\" \/>\n<meta property=\"article:modified_time\" content=\"2023-07-24T15:35:32+00:00\" \/>\n<meta name=\"twitter:card\" content=\"summary_large_image\" \/>\n<meta name=\"twitter:label1\" content=\"Est. reading time\" \/>\n\t<meta name=\"twitter:data1\" content=\"3 minutes\" \/>\n<script type=\"application\/ld+json\" class=\"yoast-schema-graph\">{\"@context\":\"https:\/\/schema.org\",\"@graph\":[{\"@type\":\"WebPage\",\"@id\":\"https:\/\/www.merkley.senate.gov\/about\/issues\/honoring-our-veterans\/\",\"url\":\"https:\/\/www.merkley.senate.gov\/about\/issues\/honoring-our-veterans\/\",\"name\":\"Honoring Our Veterans - Merkley\",\"isPartOf\":{\"@id\":\"https:\/\/www.merkley.senate.gov\/#website\"},\"datePublished\":\"2023-07-19T19:18:56+00:00\",\"dateModified\":\"2023-07-24T15:35:32+00:00\",\"breadcrumb\":{\"@id\":\"https:\/\/www.merkley.senate.gov\/about\/issues\/honoring-our-veterans\/#breadcrumb\"},\"inLanguage\":\"es-MX\",\"potentialAction\":[{\"@type\":\"ReadAction\",\"target\":[\"https:\/\/www.merkley.senate.gov\/about\/issues\/honoring-our-veterans\/\"]}]},{\"@type\":\"BreadcrumbList\",\"@id\":\"https:\/\/www.merkley.senate.gov\/about\/issues\/honoring-our-veterans\/#breadcrumb\",\"itemListElement\":[{\"@type\":\"ListItem\",\"position\":1,\"name\":\"Home\",\"item\":\"https:\/\/www.merkley.senate.gov\/\"},{\"@type\":\"ListItem\",\"position\":2,\"name\":\"About Jeff\",\"item\":\"https:\/\/www.merkley.senate.gov\/about\/\"},{\"@type\":\"ListItem\",\"position\":3,\"name\":\"Issues\",\"item\":\"https:\/\/www.merkley.senate.gov\/about\/issues\/\"},{\"@type\":\"ListItem\",\"position\":4,\"name\":\"Honoring Our Veterans\"}]},{\"@type\":\"WebSite\",\"@id\":\"https:\/\/www.merkley.senate.gov\/#website\",\"url\":\"https:\/\/www.merkley.senate.gov\/\",\"name\":\"Merkley\",\"description\":\"Merkley\",\"potentialAction\":[{\"@type\":\"SearchAction\",\"target\":{\"@type\":\"EntryPoint\",\"urlTemplate\":\"https:\/\/www.merkley.senate.gov\/?s={search_term_string}\"},\"query-input\":{\"@type\":\"PropertyValueSpecification\",\"valueRequired\":true,\"valueName\":\"search_term_string\"}}],\"inLanguage\":\"es-MX\"}]}<\/script>\n<!-- \/ Yoast SEO plugin. -->","yoast_head_json":{"title":"Honoring Our Veterans - Merkley","robots":{"index":"index","follow":"follow","max-snippet":"max-snippet:-1","max-image-preview":"max-image-preview:large","max-video-preview":"max-video-preview:-1"},"canonical":"https:\/\/www.merkley.senate.gov\/es\/about\/issues\/honoring-our-veterans\/","og_locale":"es_MX","og_type":"article","og_title":"Honoring Our Veterans - Merkley","og_description":"Our veterans have served their country with honor and deserve the utmost respect from our nation for their sacrifice. &nbsp;Veterans and their families have put America\u2019s security before their own, and we have a responsibility to ensure that our service members have the tools and training to complete their missions when they leave our shores [&hellip;]","og_url":"https:\/\/www.merkley.senate.gov\/es\/about\/issues\/honoring-our-veterans\/","og_site_name":"Merkley","article_modified_time":"2023-07-24T15:35:32+00:00","twitter_card":"summary_large_image","twitter_misc":{"Est. reading time":"3 minutes"},"schema":{"@context":"https:\/\/schema.org","@graph":[{"@type":"WebPage","@id":"https:\/\/www.merkley.senate.gov\/about\/issues\/honoring-our-veterans\/","url":"https:\/\/www.merkley.senate.gov\/about\/issues\/honoring-our-veterans\/","name":"Honoring Our Veterans - Merkley","isPartOf":{"@id":"https:\/\/www.merkley.senate.gov\/#website"},"datePublished":"2023-07-19T19:18:56+00:00","dateModified":"2023-07-24T15:35:32+00:00","breadcrumb":{"@id":"https:\/\/www.merkley.senate.gov\/about\/issues\/honoring-our-veterans\/#breadcrumb"},"inLanguage":"es-MX","potentialAction":[{"@type":"ReadAction","target":["https:\/\/www.merkley.senate.gov\/about\/issues\/honoring-our-veterans\/"]}]},{"@type":"BreadcrumbList","@id":"https:\/\/www.merkley.senate.gov\/about\/issues\/honoring-our-veterans\/#breadcrumb","itemListElement":[{"@type":"ListItem","position":1,"name":"Home","item":"https:\/\/www.merkley.senate.gov\/"},{"@type":"ListItem","position":2,"name":"About Jeff","item":"https:\/\/www.merkley.senate.gov\/about\/"},{"@type":"ListItem","position":3,"name":"Issues","item":"https:\/\/www.merkley.senate.gov\/about\/issues\/"},{"@type":"ListItem","position":4,"name":"Honoring Our Veterans"}]},{"@type":"WebSite","@id":"https:\/\/www.merkley.senate.gov\/#website","url":"https:\/\/www.merkley.senate.gov\/","name":"merkley","description":"merkley","potentialAction":[{"@type":"SearchAction","target":{"@type":"EntryPoint","urlTemplate":"https:\/\/www.merkley.senate.gov\/?s={search_term_string}"},"query-input":{"@type":"PropertyValueSpecification","valueRequired":true,"valueName":"search_term_string"}}],"inLanguage":"es-MX"}]}},"_links":{"self":[{"href":"https:\/\/www.merkley.senate.gov\/es\/wp-json\/wp\/v2\/pages\/7625","targetHints":{"allow":["GET"]}}],"collection":[{"href":"https:\/\/www.merkley.senate.gov\/es\/wp-json\/wp\/v2\/pages"}],"about":[{"href":"https:\/\/www.merkley.senate.gov\/es\/wp-json\/wp\/v2\/types\/page"}],"author":[{"embeddable":true,"href":"https:\/\/www.merkley.senate.gov\/es\/wp-json\/wp\/v2\/users\/1"}],"replies":[{"embeddable":true,"href":"https:\/\/www.merkley.senate.gov\/es\/wp-json\/wp\/v2\/comments?post=7625"}],"version-history":[{"count":8,"href":"https:\/\/www.merkley.senate.gov\/es\/wp-json\/wp\/v2\/pages\/7625\/revisions"}],"predecessor-version":[{"id":16670,"href":"https:\/\/www.merkley.senate.gov\/es\/wp-json\/wp\/v2\/pages\/7625\/revisions\/16670"}],"up":[{"embeddable":true,"href":"https:\/\/www.merkley.senate.gov\/es\/wp-json\/wp\/v2\/pages\/7298"}],"wp:attachment":[{"href":"https:\/\/www.merkley.senate.gov\/es\/wp-json\/wp\/v2\/media?parent=7625"}],"curies":[{"name":"wp","href":"https:\/\/api.w.org\/{rel}","templated":true}]}}