{"id":7627,"date":"2023-07-19T15:20:39","date_gmt":"2023-07-19T19:20:39","guid":{"rendered":"https:\/\/www.merkley.senate.gov\/?page_id=7627"},"modified":"2023-07-24T11:36:08","modified_gmt":"2023-07-24T15:36:08","slug":"jobs-and-the-economy-2","status":"publish","type":"page","link":"https:\/\/www.merkley.senate.gov\/es\/about\/issues\/jobs-and-the-economy-2\/","title":{"rendered":"Empleos y Econom\u00eda"},"content":{"rendered":"<div data-elementor-type=\"wp-page\" data-elementor-id=\"7627\" class=\"elementor elementor-7627\" data-elementor-post-type=\"page\">\n\t\t\t\t\t\t<section class=\"elementor-section elementor-top-section elementor-element elementor-element-ef38f9b elementor-section-boxed elementor-section-height-default elementor-section-height-default\" data-id=\"ef38f9b\" data-element_type=\"section\" data-e-type=\"section\">\n\t\t\t\t\t\t<div class=\"elementor-container elementor-column-gap-default\">\n\t\t\t\t\t<div class=\"elementor-column elementor-col-100 elementor-top-column elementor-element elementor-element-11865f38\" data-id=\"11865f38\" data-element_type=\"column\" data-e-type=\"column\">\n\t\t\t<div class=\"elementor-widget-wrap elementor-element-populated\">\n\t\t\t\t\t\t<div class=\"elementor-element elementor-element-3fe5f797 elementor-widget elementor-widget-text-editor\" data-id=\"3fe5f797\" data-element_type=\"widget\" data-e-type=\"widget\" data-widget_type=\"text-editor.default\">\n\t\t\t\t<div class=\"elementor-widget-container\">\n\t\t\t\t\t\t\t\t\t\n<p>Nada es m\u00e1s importante para el crecimiento y fortalecimiento de la clase media que la creaci\u00f3n de empleos bien remunerados. Debemos hacer inversiones inteligentes en infraestructura y apoyar la fabricaci\u00f3n Made in Oregon para crear los buenos empleos que Oregon necesita.<\/p>\n\t\t\t\t\t\t\t\t<\/div>\n\t\t\t\t<\/div>\n\t\t\t\t\t<\/div>\n\t\t<\/div>\n\t\t\t\t\t<\/div>\n\t\t<\/section>\n\t\t\t\t<section class=\"elementor-section elementor-top-section elementor-element elementor-element-20bc43a elementor-section-boxed elementor-section-height-default elementor-section-height-default\" data-id=\"20bc43a\" data-element_type=\"section\" data-e-type=\"section\">\n\t\t\t\t\t\t<div class=\"elementor-container elementor-column-gap-default\">\n\t\t\t\t\t<div class=\"elementor-column elementor-col-100 elementor-top-column elementor-element elementor-element-9acb078\" data-id=\"9acb078\" data-element_type=\"column\" data-e-type=\"column\">\n\t\t\t<div class=\"elementor-widget-wrap elementor-element-populated\">\n\t\t\t\t\t\t<div class=\"elementor-element elementor-element-f5e68e9 elementor-grid-1 elementor-posts--thumbnail-none elementor-grid-tablet-2 elementor-grid-mobile-1 elementor-widget elementor-widget-posts\" data-id=\"f5e68e9\" data-element_type=\"widget\" data-e-type=\"widget\" data-settings=\"{&quot;classic_columns&quot;:&quot;1&quot;,&quot;classic_row_gap&quot;:{&quot;unit&quot;:&quot;px&quot;,&quot;size&quot;:45,&quot;sizes&quot;:[]},&quot;pagination_type&quot;:&quot;numbers&quot;,&quot;classic_columns_tablet&quot;:&quot;2&quot;,&quot;classic_columns_mobile&quot;:&quot;1&quot;,&quot;classic_row_gap_laptop&quot;:{&quot;unit&quot;:&quot;px&quot;,&quot;size&quot;:&quot;&quot;,&quot;sizes&quot;:[]},&quot;classic_row_gap_tablet_extra&quot;:{&quot;unit&quot;:&quot;px&quot;,&quot;size&quot;:&quot;&quot;,&quot;sizes&quot;:[]},&quot;classic_row_gap_tablet&quot;:{&quot;unit&quot;:&quot;px&quot;,&quot;size&quot;:&quot;&quot;,&quot;sizes&quot;:[]},&quot;classic_row_gap_mobile_extra&quot;:{&quot;unit&quot;:&quot;px&quot;,&quot;size&quot;:&quot;&quot;,&quot;sizes&quot;:[]},&quot;classic_row_gap_mobile&quot;:{&quot;unit&quot;:&quot;px&quot;,&quot;size&quot;:&quot;&quot;,&quot;sizes&quot;:[]}}\" data-widget_type=\"posts.classic\">\n\t\t\t\t<div class=\"elementor-widget-container\">\n\t\t\t\t\t\t\t<div class=\"elementor-posts-container elementor-posts elementor-posts--skin-classic elementor-grid\" role=\"list\">\n\t\t\t\t<article class=\"elementor-post elementor-grid-item post-24522 post type-post status-publish format-standard has-post-thumbnail hentry category-press-releases tag-delivering-for-oregon tag-jobs-and-the-economy\" role=\"listitem\">\n\t\t\t\t<div class=\"elementor-post__text\">\n\t\t\t\t<h2 class=\"elementor-post__title\">\n\t\t\t<a href=\"https:\/\/www.merkley.senate.gov\/es\/oregon-airports-to-receive-more-than-3-million-in-federal-investment\/\" >\n\t\t\t\tOregon Airports to Receive More Than $3 Million in Federal Investment\t\t\t<\/a>\n\t\t<\/h2>\n\t\t\t\t<div class=\"elementor-post__meta-data\">\n\t\t\t\t\t<span class=\"elementor-post-date\">\n\t\t\tMay 1, 2026\t\t<\/span>\n\t\t\t\t<\/div>\n\t\t\t\t<div class=\"elementor-post__excerpt\">\n\t\t\t<p>Airports receiving federal funds include those in McMinnville, Burns, Florence, Troutdale, Ontario, Corvallis, Lexington, Newport, Tillamook and Gold Beach Washington, D.C. \u2013 U.S. Senators Ron Wyden and Jeff Merkley as well as U.S. Reps. Suzanne Bonamici, Andrea Salinas, Val Hoyle, Janelle Bynum and Maxine Dexter today announced that 10 Oregon<\/p>\n\t\t<\/div>\n\t\t\n\t\t<a class=\"elementor-post__read-more\" href=\"https:\/\/www.merkley.senate.gov\/es\/oregon-airports-to-receive-more-than-3-million-in-federal-investment\/\" aria-label=\"Read more about Oregon Airports to Receive More Than $3 Million in Federal Investment\" tabindex=\"-1\" >\n\t\t\t<i aria-hidden=\"true\" class=\"fal fa-chevron-circle-right\"><\/i>\t\t<\/a>\n\n\t\t\t\t<\/div>\n\t\t\t\t<\/article>\n\t\t\t\t<article class=\"elementor-post elementor-grid-item post-24499 post type-post status-publish format-standard has-post-thumbnail hentry category-press-releases tag-delivering-for-oregon tag-jobs-and-the-economy\" role=\"listitem\">\n\t\t\t\t<div class=\"elementor-post__text\">\n\t\t\t\t<h2 class=\"elementor-post__title\">\n\t\t\t<a href=\"https:\/\/www.merkley.senate.gov\/es\/merkley-wyden-hoyle-announce-11-2-million-federal-grant-for-port-of-coos-bay-rail-project\/\" >\n\t\t\t\tMerkley, Wyden, Hoyle Announce $11.2 Million Federal Grant for Port of Coos Bay Rail Project\t\t\t<\/a>\n\t\t<\/h2>\n\t\t\t\t<div class=\"elementor-post__meta-data\">\n\t\t\t\t\t<span class=\"elementor-post-date\">\n\t\t\tApril 27, 2026\t\t<\/span>\n\t\t\t\t<\/div>\n\t\t\t\t<div class=\"elementor-post__excerpt\">\n\t\t\t<p>Washington, D.C. \u2013 Today, Oregon\u2019s U.S. Senators Jeff Merkley and Ron Wyden, along with U.S. Representative Val Hoyle (OR-04), announced $11,250,000 in federal funds have been awarded for the Pacific Coast Intermodal Port (PCIP) Terminal Connection Project. This funding will support the Coos Bay Rail Line triplicate track and run-around<\/p>\n\t\t<\/div>\n\t\t\n\t\t<a class=\"elementor-post__read-more\" href=\"https:\/\/www.merkley.senate.gov\/es\/merkley-wyden-hoyle-announce-11-2-million-federal-grant-for-port-of-coos-bay-rail-project\/\" aria-label=\"Read more about Merkley, Wyden, Hoyle Announce $11.2 Million Federal Grant for Port of Coos Bay Rail Project\" tabindex=\"-1\" >\n\t\t\t<i aria-hidden=\"true\" class=\"fal fa-chevron-circle-right\"><\/i>\t\t<\/a>\n\n\t\t\t\t<\/div>\n\t\t\t\t<\/article>\n\t\t\t\t<article class=\"elementor-post elementor-grid-item post-24416 post type-post status-publish format-standard has-post-thumbnail hentry category-press-releases tag-appropriations tag-jobs-and-the-economy tag-natural-resources-and-rural-development tag-tackling-climate-change\" role=\"listitem\">\n\t\t\t\t<div class=\"elementor-post__text\">\n\t\t\t\t<h2 class=\"elementor-post__title\">\n\t\t\t<a href=\"https:\/\/www.merkley.senate.gov\/es\/merkley-van-hollen-gillibrand-press-interior-secretary-burgum-on-failure-to-comply-with-federal-law-on-status-of-renewable-projects\/\" >\n\t\t\t\tMerkley, Van Hollen, Gillibrand Press Interior Secretary Burgum on Failure to Comply with Federal Law on Status of Renewable Projects\t\t\t<\/a>\n\t\t<\/h2>\n\t\t\t\t<div class=\"elementor-post__meta-data\">\n\t\t\t\t\t<span class=\"elementor-post-date\">\n\t\t\tApril 15, 2026\t\t<\/span>\n\t\t\t\t<\/div>\n\t\t\t\t<div class=\"elementor-post__excerpt\">\n\t\t\t<p>Washington, D.C. \u2013 Today, Oregon\u2019s U.S. Senator Jeff Merkley\u2014the top Democrat on the subcommittee that oversees funding for the U.S. Department of Interior\u2014led U.S. Senators Chris Van Hollen (D-MD) and Kirsten Gillibrand (D-NY) in demanding an urgent update from the Interior Department on the status of renewable energy projects that<\/p>\n\t\t<\/div>\n\t\t\n\t\t<a class=\"elementor-post__read-more\" href=\"https:\/\/www.merkley.senate.gov\/es\/merkley-van-hollen-gillibrand-press-interior-secretary-burgum-on-failure-to-comply-with-federal-law-on-status-of-renewable-projects\/\" aria-label=\"Read more about Merkley, Van Hollen, Gillibrand Press Interior Secretary Burgum on Failure to Comply with Federal Law on Status of Renewable Projects\" tabindex=\"-1\" >\n\t\t\t<i aria-hidden=\"true\" class=\"fal fa-chevron-circle-right\"><\/i>\t\t<\/a>\n\n\t\t\t\t<\/div>\n\t\t\t\t<\/article>\n\t\t\t\t<article class=\"elementor-post elementor-grid-item post-24389 post type-post status-publish format-standard has-post-thumbnail hentry category-press-releases tag-delivering-for-oregon tag-jobs-and-the-economy\" role=\"listitem\">\n\t\t\t\t<div class=\"elementor-post__text\">\n\t\t\t\t<h2 class=\"elementor-post__title\">\n\t\t\t<a href=\"https:\/\/www.merkley.senate.gov\/es\/wyden-merkley-salinas-two-oregon-airports-to-receive-combined-641000-in-federal-investment\/\" >\n\t\t\t\tWyden, Merkley, Salinas: Two Oregon Airports to Receive Combined $641,000 in Federal Investment\t\t\t<\/a>\n\t\t<\/h2>\n\t\t\t\t<div class=\"elementor-post__meta-data\">\n\t\t\t\t\t<span class=\"elementor-post-date\">\n\t\t\tApril 13, 2026\t\t<\/span>\n\t\t\t\t<\/div>\n\t\t\t\t<div class=\"elementor-post__excerpt\">\n\t\t\t<p>Lawmakers announce federal funds for airports in McMinnville and Lexington Washington, D.C.&nbsp;\u2013 U.S. Senators Ron Wyden and Jeff Merkley as well as U.S. Rep. Andrea Salinas today announced that airports in Yamhill and Morrow counties will receive a combined federal investment of more than $641,000 to improve their infrastructure. \u201cSmall<\/p>\n\t\t<\/div>\n\t\t\n\t\t<a class=\"elementor-post__read-more\" href=\"https:\/\/www.merkley.senate.gov\/es\/wyden-merkley-salinas-two-oregon-airports-to-receive-combined-641000-in-federal-investment\/\" aria-label=\"Read more about Wyden, Merkley, Salinas: Two Oregon Airports to Receive Combined $641,000 in Federal Investment\" tabindex=\"-1\" >\n\t\t\t<i aria-hidden=\"true\" class=\"fal fa-chevron-circle-right\"><\/i>\t\t<\/a>\n\n\t\t\t\t<\/div>\n\t\t\t\t<\/article>\n\t\t\t\t<article class=\"elementor-post elementor-grid-item post-24363 post type-post status-publish format-standard has-post-thumbnail hentry category-press-releases tag-appropriations tag-budget tag-delivering-for-oregon tag-jobs-and-the-economy tag-natural-resources-and-rural-development tag-tackling-climate-change\" role=\"listitem\">\n\t\t\t\t<div class=\"elementor-post__text\">\n\t\t\t\t<h2 class=\"elementor-post__title\">\n\t\t\t<a href=\"https:\/\/www.merkley.senate.gov\/es\/interior-appropriations-subcommittee-ranking-member-merkley-cuts-in-trumps-budget-request-to-leave-lasting-scars-on-public-lands-tribes-and-human-health\/\" >\n\t\t\t\tInterior Appropriations Subcommittee Ranking Member Merkley: Cuts in Trump\u2019s Budget Request to Leave Lasting Scars\u00a0on Public Lands, Tribes, and Human Health\t\t\t<\/a>\n\t\t<\/h2>\n\t\t\t\t<div class=\"elementor-post__meta-data\">\n\t\t\t\t\t<span class=\"elementor-post-date\">\n\t\t\tApril 7, 2026\t\t<\/span>\n\t\t\t\t<\/div>\n\t\t\t\t<div class=\"elementor-post__excerpt\">\n\t\t\t<p>Washington, D.C. \u2013 U.S. Senator Jeff Merkley (D-OR), Ranking Member of the Interior-Environment Subcommittee on the Senate Appropriations Committee, released the following statement after the release of President Trump\u2019s budget request for Fiscal Year 2027: \u201cThis budget request from President Trump and his Administration once again fails to meet the<\/p>\n\t\t<\/div>\n\t\t\n\t\t<a class=\"elementor-post__read-more\" href=\"https:\/\/www.merkley.senate.gov\/es\/interior-appropriations-subcommittee-ranking-member-merkley-cuts-in-trumps-budget-request-to-leave-lasting-scars-on-public-lands-tribes-and-human-health\/\" aria-label=\"Read more about Interior Appropriations Subcommittee Ranking Member Merkley: Cuts in Trump\u2019s Budget Request to Leave Lasting Scars\u00a0on Public Lands, Tribes, and Human Health\" tabindex=\"-1\" >\n\t\t\t<i aria-hidden=\"true\" class=\"fal fa-chevron-circle-right\"><\/i>\t\t<\/a>\n\n\t\t\t\t<\/div>\n\t\t\t\t<\/article>\n\t\t\t\t<article class=\"elementor-post elementor-grid-item post-24350 post type-post status-publish format-standard has-post-thumbnail hentry category-press-releases tag-delivering-for-oregon tag-jobs-and-the-economy\" role=\"listitem\">\n\t\t\t\t<div class=\"elementor-post__text\">\n\t\t\t\t<h2 class=\"elementor-post__title\">\n\t\t\t<a href=\"https:\/\/www.merkley.senate.gov\/es\/oregon-airports-to-receive-more-than-27-million-in-federal-investment\/\" >\n\t\t\t\tOregon Airports to Receive More Than $27 Million in Federal Investment\t\t\t<\/a>\n\t\t<\/h2>\n\t\t\t\t<div class=\"elementor-post__meta-data\">\n\t\t\t\t\t<span class=\"elementor-post-date\">\n\t\t\tApril 6, 2026\t\t<\/span>\n\t\t\t\t<\/div>\n\t\t\t\t<div class=\"elementor-post__excerpt\">\n\t\t\t<p>Airports receiving federal funds include those in Eugene, Redmond, Grants Pass, Medford, Albany, North Bend, Corvallis, Mulino, Ashland, Brookings, Lebanon, Chiloquin, Burns, Astoria, Condon, Joseph, Gold Beach, Ontario, Baker City, Roseburg, Prineville, Klamath Falls, Hood River, John Day, Hermiston, Salem, Christmas Valley Washington, D.C.&nbsp;\u2013 U.S. Senators Ron Wyden and Jeff<\/p>\n\t\t<\/div>\n\t\t\n\t\t<a class=\"elementor-post__read-more\" href=\"https:\/\/www.merkley.senate.gov\/es\/oregon-airports-to-receive-more-than-27-million-in-federal-investment\/\" aria-label=\"Read more about Oregon Airports to Receive More Than $27 Million in Federal Investment\" tabindex=\"-1\" >\n\t\t\t<i aria-hidden=\"true\" class=\"fal fa-chevron-circle-right\"><\/i>\t\t<\/a>\n\n\t\t\t\t<\/div>\n\t\t\t\t<\/article>\n\t\t\t\t<\/div>\n\t\t\n\t\t\t\t<div class=\"e-load-more-anchor\" data-page=\"1\" data-max-page=\"132\" data-next-page=\"https:\/\/www.merkley.senate.gov\/es\/wp-json\/wp\/v2\/pages\/7627\/page\/2\/\"><\/div>\n\t\t\t\t<nav class=\"elementor-pagination\" aria-label=\"Pagination\">\n\t\t\t<span aria-current=\"page\" class=\"page-numbers current\"><span class=\"elementor-screen-only\">P\u00e1gina<\/span>1<\/span>\n<a class=\"page-numbers\" href=\"https:\/\/www.merkley.senate.gov\/es\/wp-json\/wp\/v2\/pages\/7627\/page\/2\/\"><span class=\"elementor-screen-only\">P\u00e1gina<\/span>2<\/a>\n<a class=\"page-numbers\" href=\"https:\/\/www.merkley.senate.gov\/es\/wp-json\/wp\/v2\/pages\/7627\/page\/3\/\"><span class=\"elementor-screen-only\">P\u00e1gina<\/span>3<\/a>\n<a class=\"page-numbers\" href=\"https:\/\/www.merkley.senate.gov\/es\/wp-json\/wp\/v2\/pages\/7627\/page\/4\/\"><span class=\"elementor-screen-only\">P\u00e1gina<\/span>4<\/a>\n<a class=\"page-numbers\" href=\"https:\/\/www.merkley.senate.gov\/es\/wp-json\/wp\/v2\/pages\/7627\/page\/5\/\"><span class=\"elementor-screen-only\">P\u00e1gina<\/span>5<\/a>\t\t<\/nav>\n\t\t\t\t\t\t<\/div>\n\t\t\t\t<\/div>\n\t\t\t\t\t<\/div>\n\t\t<\/div>\n\t\t\t\t\t<\/div>\n\t\t<\/section>\n\t\t\t\t<\/div>","protected":false},"excerpt":{"rendered":"<p>Nada es m\u00e1s importante para el crecimiento y fortalecimiento de la clase media que la creaci\u00f3n de empleos bien remunerados. Debemos hacer inversiones inteligentes en infraestructura y apoyar la fabricaci\u00f3n Made in Oregon para crear los buenos empleos que Oregon necesita.<\/p>","protected":false},"author":1,"featured_media":0,"parent":7298,"menu_order":0,"comment_status":"closed","ping_status":"closed","template":"","meta":{"_acf_changed":false,"inline_featured_image":false,"footnotes":""},"class_list":["post-7627","page","type-page","status-publish","hentry"],"acf":[],"yoast_head":"<!-- This site is optimized with the Yoast SEO plugin v27.2 - https:\/\/yoast.com\/product\/yoast-seo-wordpress\/ -->\n<title>Jobs and the Economy - Merkley<\/title>\n<meta name=\"robots\" content=\"index, follow, max-snippet:-1, max-image-preview:large, max-video-preview:-1\" \/>\n<link rel=\"canonical\" href=\"https:\/\/www.merkley.senate.gov\/es\/about\/issues\/jobs-and-the-economy-2\/\" \/>\n<meta property=\"og:locale\" content=\"es_MX\" \/>\n<meta property=\"og:type\" content=\"article\" \/>\n<meta property=\"og:title\" content=\"Jobs and the Economy - Merkley\" \/>\n<meta property=\"og:description\" content=\"Nothing is more important to growing and strengthening the middle class than creating good-paying jobs. We must make smart investments in infrastructure and support Made in Oregon manufacturing in order to create the good jobs Oregon needs.\" \/>\n<meta property=\"og:url\" content=\"https:\/\/www.merkley.senate.gov\/es\/about\/issues\/jobs-and-the-economy-2\/\" \/>\n<meta property=\"og:site_name\" content=\"Merkley\" \/>\n<meta property=\"article:modified_time\" content=\"2023-07-24T15:36:08+00:00\" \/>\n<meta name=\"twitter:card\" content=\"summary_large_image\" \/>\n<meta name=\"twitter:label1\" content=\"Est. reading time\" \/>\n\t<meta name=\"twitter:data1\" content=\"2 minutes\" \/>\n<script type=\"application\/ld+json\" class=\"yoast-schema-graph\">{\"@context\":\"https:\/\/schema.org\",\"@graph\":[{\"@type\":\"WebPage\",\"@id\":\"https:\/\/www.merkley.senate.gov\/about\/issues\/jobs-and-the-economy-2\/\",\"url\":\"https:\/\/www.merkley.senate.gov\/about\/issues\/jobs-and-the-economy-2\/\",\"name\":\"Jobs and the Economy - Merkley\",\"isPartOf\":{\"@id\":\"https:\/\/www.merkley.senate.gov\/#website\"},\"datePublished\":\"2023-07-19T19:20:39+00:00\",\"dateModified\":\"2023-07-24T15:36:08+00:00\",\"breadcrumb\":{\"@id\":\"https:\/\/www.merkley.senate.gov\/about\/issues\/jobs-and-the-economy-2\/#breadcrumb\"},\"inLanguage\":\"es-MX\",\"potentialAction\":[{\"@type\":\"ReadAction\",\"target\":[\"https:\/\/www.merkley.senate.gov\/about\/issues\/jobs-and-the-economy-2\/\"]}]},{\"@type\":\"BreadcrumbList\",\"@id\":\"https:\/\/www.merkley.senate.gov\/about\/issues\/jobs-and-the-economy-2\/#breadcrumb\",\"itemListElement\":[{\"@type\":\"ListItem\",\"position\":1,\"name\":\"Home\",\"item\":\"https:\/\/www.merkley.senate.gov\/\"},{\"@type\":\"ListItem\",\"position\":2,\"name\":\"About Jeff\",\"item\":\"https:\/\/www.merkley.senate.gov\/about\/\"},{\"@type\":\"ListItem\",\"position\":3,\"name\":\"Issues\",\"item\":\"https:\/\/www.merkley.senate.gov\/about\/issues\/\"},{\"@type\":\"ListItem\",\"position\":4,\"name\":\"Jobs and the Economy\"}]},{\"@type\":\"WebSite\",\"@id\":\"https:\/\/www.merkley.senate.gov\/#website\",\"url\":\"https:\/\/www.merkley.senate.gov\/\",\"name\":\"Merkley\",\"description\":\"Merkley\",\"potentialAction\":[{\"@type\":\"SearchAction\",\"target\":{\"@type\":\"EntryPoint\",\"urlTemplate\":\"https:\/\/www.merkley.senate.gov\/?s={search_term_string}\"},\"query-input\":{\"@type\":\"PropertyValueSpecification\",\"valueRequired\":true,\"valueName\":\"search_term_string\"}}],\"inLanguage\":\"es-MX\"}]}<\/script>\n<!-- \/ Yoast SEO plugin. -->","yoast_head_json":{"title":"Jobs and the Economy - Merkley","robots":{"index":"index","follow":"follow","max-snippet":"max-snippet:-1","max-image-preview":"max-image-preview:large","max-video-preview":"max-video-preview:-1"},"canonical":"https:\/\/www.merkley.senate.gov\/es\/about\/issues\/jobs-and-the-economy-2\/","og_locale":"es_MX","og_type":"article","og_title":"Jobs and the Economy - Merkley","og_description":"Nothing is more important to growing and strengthening the middle class than creating good-paying jobs. We must make smart investments in infrastructure and support Made in Oregon manufacturing in order to create the good jobs Oregon needs.","og_url":"https:\/\/www.merkley.senate.gov\/es\/about\/issues\/jobs-and-the-economy-2\/","og_site_name":"Merkley","article_modified_time":"2023-07-24T15:36:08+00:00","twitter_card":"summary_large_image","twitter_misc":{"Est. reading time":"2 minutes"},"schema":{"@context":"https:\/\/schema.org","@graph":[{"@type":"WebPage","@id":"https:\/\/www.merkley.senate.gov\/about\/issues\/jobs-and-the-economy-2\/","url":"https:\/\/www.merkley.senate.gov\/about\/issues\/jobs-and-the-economy-2\/","name":"Jobs and the Economy - Merkley","isPartOf":{"@id":"https:\/\/www.merkley.senate.gov\/#website"},"datePublished":"2023-07-19T19:20:39+00:00","dateModified":"2023-07-24T15:36:08+00:00","breadcrumb":{"@id":"https:\/\/www.merkley.senate.gov\/about\/issues\/jobs-and-the-economy-2\/#breadcrumb"},"inLanguage":"es-MX","potentialAction":[{"@type":"ReadAction","target":["https:\/\/www.merkley.senate.gov\/about\/issues\/jobs-and-the-economy-2\/"]}]},{"@type":"BreadcrumbList","@id":"https:\/\/www.merkley.senate.gov\/about\/issues\/jobs-and-the-economy-2\/#breadcrumb","itemListElement":[{"@type":"ListItem","position":1,"name":"Home","item":"https:\/\/www.merkley.senate.gov\/"},{"@type":"ListItem","position":2,"name":"About Jeff","item":"https:\/\/www.merkley.senate.gov\/about\/"},{"@type":"ListItem","position":3,"name":"Issues","item":"https:\/\/www.merkley.senate.gov\/about\/issues\/"},{"@type":"ListItem","position":4,"name":"Jobs and the Economy"}]},{"@type":"WebSite","@id":"https:\/\/www.merkley.senate.gov\/#website","url":"https:\/\/www.merkley.senate.gov\/","name":"merkley","description":"merkley","potentialAction":[{"@type":"SearchAction","target":{"@type":"EntryPoint","urlTemplate":"https:\/\/www.merkley.senate.gov\/?s={search_term_string}"},"query-input":{"@type":"PropertyValueSpecification","valueRequired":true,"valueName":"search_term_string"}}],"inLanguage":"es-MX"}]}},"_links":{"self":[{"href":"https:\/\/www.merkley.senate.gov\/es\/wp-json\/wp\/v2\/pages\/7627","targetHints":{"allow":["GET"]}}],"collection":[{"href":"https:\/\/www.merkley.senate.gov\/es\/wp-json\/wp\/v2\/pages"}],"about":[{"href":"https:\/\/www.merkley.senate.gov\/es\/wp-json\/wp\/v2\/types\/page"}],"author":[{"embeddable":true,"href":"https:\/\/www.merkley.senate.gov\/es\/wp-json\/wp\/v2\/users\/1"}],"replies":[{"embeddable":true,"href":"https:\/\/www.merkley.senate.gov\/es\/wp-json\/wp\/v2\/comments?post=7627"}],"version-history":[{"count":7,"href":"https:\/\/www.merkley.senate.gov\/es\/wp-json\/wp\/v2\/pages\/7627\/revisions"}],"predecessor-version":[{"id":16673,"href":"https:\/\/www.merkley.senate.gov\/es\/wp-json\/wp\/v2\/pages\/7627\/revisions\/16673"}],"up":[{"embeddable":true,"href":"https:\/\/www.merkley.senate.gov\/es\/wp-json\/wp\/v2\/pages\/7298"}],"wp:attachment":[{"href":"https:\/\/www.merkley.senate.gov\/es\/wp-json\/wp\/v2\/media?parent=7627"}],"curies":[{"name":"wp","href":"https:\/\/api.w.org\/{rel}","templated":true}]}}