{"id":7629,"date":"2023-07-19T15:21:26","date_gmt":"2023-07-19T19:21:26","guid":{"rendered":"https:\/\/www.merkley.senate.gov\/?page_id=7629"},"modified":"2023-07-24T11:36:43","modified_gmt":"2023-07-24T15:36:43","slug":"natural-resources-and-rural-development","status":"publish","type":"page","link":"https:\/\/www.merkley.senate.gov\/es\/about\/issues\/natural-resources-and-rural-development\/","title":{"rendered":"Recursos Naturales y Desarrollo Rural"},"content":{"rendered":"<div data-elementor-type=\"wp-page\" data-elementor-id=\"7629\" class=\"elementor elementor-7629\" data-elementor-post-type=\"page\">\n\t\t\t\t\t\t<section class=\"elementor-section elementor-top-section elementor-element elementor-element-809ec60 elementor-section-boxed elementor-section-height-default elementor-section-height-default\" data-id=\"809ec60\" data-element_type=\"section\" data-e-type=\"section\">\n\t\t\t\t\t\t<div class=\"elementor-container elementor-column-gap-default\">\n\t\t\t\t\t<div class=\"elementor-column elementor-col-100 elementor-top-column elementor-element elementor-element-6a26bc6a\" data-id=\"6a26bc6a\" data-element_type=\"column\" data-e-type=\"column\">\n\t\t\t<div class=\"elementor-widget-wrap elementor-element-populated\">\n\t\t\t\t\t\t<div class=\"elementor-element elementor-element-16b3914c elementor-widget elementor-widget-text-editor\" data-id=\"16b3914c\" data-element_type=\"widget\" data-e-type=\"widget\" data-widget_type=\"text-editor.default\">\n\t\t\t\t<div class=\"elementor-widget-container\">\n\t\t\t\t\t\t\t\t\t\n<p>Beaver State fue construido por estadounidenses que depend\u00edan de la tierra para su sustento. Las industrias de recursos naturales como la agricultura, la silvicultura y la pesca del salm\u00f3n siguen siendo parte integral de la econom\u00eda de Oreg\u00f3n en la actualidad. Nuestro estado tambi\u00e9n ha sido durante mucho tiempo un destino para los estadounidenses que buscan experimentar el aire libre. Las tierras p\u00fablicas protegidas de Oreg\u00f3n brindan h\u00e1bitats valiosos, suministran agua limpia y generan empleos a trav\u00e9s de cosechas sostenibles, recreaci\u00f3n y turismo. Preservar nuestros recursos naturales y tomar decisiones inteligentes sobre el desarrollo econ\u00f3mico ayudar\u00e1 a impulsar el crecimiento rural y garantizar\u00e1 que las generaciones futuras puedan disfrutar de los lugares salvajes y las tierras p\u00fablicas de Oreg\u00f3n mientras dan trabajo a la gente.<\/p>\n\t\t\t\t\t\t\t\t<\/div>\n\t\t\t\t<\/div>\n\t\t\t\t\t<\/div>\n\t\t<\/div>\n\t\t\t\t\t<\/div>\n\t\t<\/section>\n\t\t\t\t<section class=\"elementor-section elementor-top-section elementor-element elementor-element-8e066bc elementor-section-boxed elementor-section-height-default elementor-section-height-default\" data-id=\"8e066bc\" data-element_type=\"section\" data-e-type=\"section\">\n\t\t\t\t\t\t<div class=\"elementor-container elementor-column-gap-default\">\n\t\t\t\t\t<div class=\"elementor-column elementor-col-100 elementor-top-column elementor-element elementor-element-bfca792\" data-id=\"bfca792\" data-element_type=\"column\" data-e-type=\"column\">\n\t\t\t<div class=\"elementor-widget-wrap elementor-element-populated\">\n\t\t\t\t\t\t<div class=\"elementor-element elementor-element-b30e790 elementor-grid-1 elementor-posts--thumbnail-none elementor-grid-tablet-2 elementor-grid-mobile-1 elementor-widget elementor-widget-posts\" data-id=\"b30e790\" data-element_type=\"widget\" data-e-type=\"widget\" data-settings=\"{&quot;classic_columns&quot;:&quot;1&quot;,&quot;classic_row_gap&quot;:{&quot;unit&quot;:&quot;px&quot;,&quot;size&quot;:45,&quot;sizes&quot;:[]},&quot;pagination_type&quot;:&quot;numbers&quot;,&quot;classic_columns_tablet&quot;:&quot;2&quot;,&quot;classic_columns_mobile&quot;:&quot;1&quot;,&quot;classic_row_gap_laptop&quot;:{&quot;unit&quot;:&quot;px&quot;,&quot;size&quot;:&quot;&quot;,&quot;sizes&quot;:[]},&quot;classic_row_gap_tablet_extra&quot;:{&quot;unit&quot;:&quot;px&quot;,&quot;size&quot;:&quot;&quot;,&quot;sizes&quot;:[]},&quot;classic_row_gap_tablet&quot;:{&quot;unit&quot;:&quot;px&quot;,&quot;size&quot;:&quot;&quot;,&quot;sizes&quot;:[]},&quot;classic_row_gap_mobile_extra&quot;:{&quot;unit&quot;:&quot;px&quot;,&quot;size&quot;:&quot;&quot;,&quot;sizes&quot;:[]},&quot;classic_row_gap_mobile&quot;:{&quot;unit&quot;:&quot;px&quot;,&quot;size&quot;:&quot;&quot;,&quot;sizes&quot;:[]}}\" data-widget_type=\"posts.classic\">\n\t\t\t\t<div class=\"elementor-widget-container\">\n\t\t\t\t\t\t\t<div class=\"elementor-posts-container elementor-posts elementor-posts--skin-classic elementor-grid\" role=\"list\">\n\t\t\t\t<article class=\"elementor-post elementor-grid-item post-24614 post type-post status-publish format-standard has-post-thumbnail hentry category-press-releases tag-budget tag-delivering-for-oregon tag-natural-resources-and-rural-development\" role=\"listitem\">\n\t\t\t\t<div class=\"elementor-post__text\">\n\t\t\t\t<h2 class=\"elementor-post__title\">\n\t\t\t<a href=\"https:\/\/www.merkley.senate.gov\/es\/merkley-wyden-introduce-new-bill-to-block-sale-of-federal-public-lands\/\" >\n\t\t\t\tMerkley, Wyden Introduce New Bill to Block Sale of Federal Public Lands\t\t\t<\/a>\n\t\t<\/h2>\n\t\t\t\t<div class=\"elementor-post__meta-data\">\n\t\t\t\t\t<span class=\"elementor-post-date\">\n\t\t\tMay 11, 2026\t\t<\/span>\n\t\t\t\t<\/div>\n\t\t\t\t<div class=\"elementor-post__excerpt\">\n\t\t\t<p>Washington, D.C. \u2013 Oregon\u2019s U.S. Senators Jeff Merkley and Ron Wyden today announced they introduced the Public Lands Integrity Act, new legislation to ensure that America\u2019s public lands cannot be sold as part of a fast-tracked process in a budget reconciliation bill. During consideration of the Republicans\u2019 \u201cBig, Ugly Betrayal\u201d<\/p>\n\t\t<\/div>\n\t\t\n\t\t<a class=\"elementor-post__read-more\" href=\"https:\/\/www.merkley.senate.gov\/es\/merkley-wyden-introduce-new-bill-to-block-sale-of-federal-public-lands\/\" aria-label=\"Read more about Merkley, Wyden Introduce New Bill to Block Sale of Federal Public Lands\" tabindex=\"-1\" >\n\t\t\t<i aria-hidden=\"true\" class=\"fal fa-chevron-circle-right\"><\/i>\t\t<\/a>\n\n\t\t\t\t<\/div>\n\t\t\t\t<\/article>\n\t\t\t\t<article class=\"elementor-post elementor-grid-item post-24588 post type-post status-publish format-standard has-post-thumbnail hentry category-press-releases tag-delivering-for-oregon tag-health-care tag-natural-resources-and-rural-development tag-tackling-climate-change\" role=\"listitem\">\n\t\t\t\t<div class=\"elementor-post__text\">\n\t\t\t\t<h2 class=\"elementor-post__title\">\n\t\t\t<a href=\"https:\/\/www.merkley.senate.gov\/es\/merkley-bonamici-oregon-delegation-fema-must-approve-waivers-for-two-critical-disaster-mitigation-projects-in-oregon\/\" >\n\t\t\t\tMerkley, Bonamici, Oregon Delegation: FEMA Must Approve Waivers for Two Critical Disaster Mitigation Projects in Oregon\t\t\t<\/a>\n\t\t<\/h2>\n\t\t\t\t<div class=\"elementor-post__meta-data\">\n\t\t\t\t\t<span class=\"elementor-post-date\">\n\t\t\tMay 6, 2026\t\t<\/span>\n\t\t\t\t<\/div>\n\t\t\t\t<div class=\"elementor-post__excerpt\">\n\t\t\t<p>Washington, D.C. \u2013 Today, Oregon\u2019s U.S. Senator Jeff Merkley and Congresswoman Suzanne Bonamici (OR-01) led a letter with their Democratic colleagues in the Oregon congressional delegation\u2014Senator Ron Wyden, Representatives Val&nbsp;Hoyle&nbsp;(OR-04),&nbsp;Andrea&nbsp;Salinas&nbsp;(OR-06), Maxine&nbsp;Dexter&nbsp;(OR-03), and Janelle Bynum (OR-05)\u2014urging the U.S. Department of Homeland Security (DHS) and Federal Emergency Management Agency (FEMA) to approve<\/p>\n\t\t<\/div>\n\t\t\n\t\t<a class=\"elementor-post__read-more\" href=\"https:\/\/www.merkley.senate.gov\/es\/merkley-bonamici-oregon-delegation-fema-must-approve-waivers-for-two-critical-disaster-mitigation-projects-in-oregon\/\" aria-label=\"Read more about Merkley, Bonamici, Oregon Delegation: FEMA Must Approve Waivers for Two Critical Disaster Mitigation Projects in Oregon\" tabindex=\"-1\" >\n\t\t\t<i aria-hidden=\"true\" class=\"fal fa-chevron-circle-right\"><\/i>\t\t<\/a>\n\n\t\t\t\t<\/div>\n\t\t\t\t<\/article>\n\t\t\t\t<article class=\"elementor-post elementor-grid-item post-24540 post type-post status-publish format-standard has-post-thumbnail hentry category-press-releases tag-appropriations tag-delivering-for-oregon tag-natural-resources-and-rural-development tag-tackling-climate-change\" role=\"listitem\">\n\t\t\t\t<div class=\"elementor-post__text\">\n\t\t\t\t<h2 class=\"elementor-post__title\">\n\t\t\t<a href=\"https:\/\/www.merkley.senate.gov\/es\/merkley-wyden-announce-nearly-1-1-million-for-oregon-fish-and-wildlife-conservation-efforts\/\" >\n\t\t\t\tMerkley, Wyden Announce\u00a0Nearly $1.1 Million\u00a0for\u00a0Oregon Fish and Wildlife Conservation Efforts\u00a0\t\t\t<\/a>\n\t\t<\/h2>\n\t\t\t\t<div class=\"elementor-post__meta-data\">\n\t\t\t\t\t<span class=\"elementor-post-date\">\n\t\t\tMay 4, 2026\t\t<\/span>\n\t\t\t\t<\/div>\n\t\t\t\t<div class=\"elementor-post__excerpt\">\n\t\t\t<p>Washington, D.C. \u2013 Oregon\u2019s U.S. Senators Jeff Merkley and Ron Wyden announced a total of $1,059,961 in federal funding\u00a0is coming to Oregon to support state fish and wildlife agencies.\u00a0This funding comes from\u00a0the U.S. Fish and Wildlife Service\u2019s (USFWS)\u00a0State Wildlife Grant\u00a0program,\u00a0which\u00a0supports\u00a0state agencies\u2019\u00a0conservation efforts.\u202f\u00a0 \u201cOur state\u2019s lands and waters are integral to<\/p>\n\t\t<\/div>\n\t\t\n\t\t<a class=\"elementor-post__read-more\" href=\"https:\/\/www.merkley.senate.gov\/es\/merkley-wyden-announce-nearly-1-1-million-for-oregon-fish-and-wildlife-conservation-efforts\/\" aria-label=\"Read more about Merkley, Wyden Announce\u00a0Nearly $1.1 Million\u00a0for\u00a0Oregon Fish and Wildlife Conservation Efforts\u00a0\" tabindex=\"-1\" >\n\t\t\t<i aria-hidden=\"true\" class=\"fal fa-chevron-circle-right\"><\/i>\t\t<\/a>\n\n\t\t\t\t<\/div>\n\t\t\t\t<\/article>\n\t\t\t\t<article class=\"elementor-post elementor-grid-item post-24516 post type-post status-publish format-standard has-post-thumbnail hentry category-press-releases tag-agriculture tag-appropriations tag-natural-resources-and-rural-development tag-tackling-climate-change tag-wildfire\" role=\"listitem\">\n\t\t\t\t<div class=\"elementor-post__text\">\n\t\t\t\t<h2 class=\"elementor-post__title\">\n\t\t\t<a href=\"https:\/\/www.merkley.senate.gov\/es\/merkley-remarks-at-fy27-forest-service-budget-hearing-with-chief-schultz\/\" >\n\t\t\t\tMerkley Remarks at FY27 Forest Service Budget Hearing with Chief Schultz\t\t\t<\/a>\n\t\t<\/h2>\n\t\t\t\t<div class=\"elementor-post__meta-data\">\n\t\t\t\t\t<span class=\"elementor-post-date\">\n\t\t\tApril 30, 2026\t\t<\/span>\n\t\t\t\t<\/div>\n\t\t\t\t<div class=\"elementor-post__excerpt\">\n\t\t\t<p>Washington, D.C. \u2013 Today, Oregon\u2019s U.S. Senator Jeff Merkley\u2014the Ranking Member of the Senate Interior-Environment Appropriations Subcommittee\u2014delivered the following remarks as prepared for delivery at the hearing reviewing the President\u2019s Fiscal Year 2027 budget request for the U.S. Forest Service with Chief Tom Schultz: Senator Merkley\u2019s remarks, as prepared for<\/p>\n\t\t<\/div>\n\t\t\n\t\t<a class=\"elementor-post__read-more\" href=\"https:\/\/www.merkley.senate.gov\/es\/merkley-remarks-at-fy27-forest-service-budget-hearing-with-chief-schultz\/\" aria-label=\"Read more about Merkley Remarks at FY27 Forest Service Budget Hearing with Chief Schultz\" tabindex=\"-1\" >\n\t\t\t<i aria-hidden=\"true\" class=\"fal fa-chevron-circle-right\"><\/i>\t\t<\/a>\n\n\t\t\t\t<\/div>\n\t\t\t\t<\/article>\n\t\t\t\t<article class=\"elementor-post elementor-grid-item post-24457 post type-post status-publish format-standard has-post-thumbnail hentry category-press-releases tag-delivering-for-oregon tag-natural-resources-and-rural-development tag-tackling-climate-change tag-wildfire\" role=\"listitem\">\n\t\t\t\t<div class=\"elementor-post__text\">\n\t\t\t\t<h2 class=\"elementor-post__title\">\n\t\t\t<a href=\"https:\/\/www.merkley.senate.gov\/es\/merkley-wyden-colleagues-raise-concerns-about-forest-service-reorganization\/\" >\n\t\t\t\tMerkley, Wyden y sus colegas expresan su preocupaci\u00f3n por la reorganizaci\u00f3n del Servicio Forestal.\t\t\t<\/a>\n\t\t<\/h2>\n\t\t\t\t<div class=\"elementor-post__meta-data\">\n\t\t\t\t\t<span class=\"elementor-post-date\">\n\t\t\t23 de abril de 2026\t\t<\/span>\n\t\t\t\t<\/div>\n\t\t\t\t<div class=\"elementor-post__excerpt\">\n\t\t\t<p>Washington, DC \u2013 El senador estadounidense de Oreg\u00f3n, Jeff Merkley, miembro de mayor rango del Subcomit\u00e9 de Asignaciones del Senado para Interior, Medio Ambiente y Agencias Relacionadas, encabez\u00f3 a m\u00e1s de 30 de sus colegas, incluido el senador Ron Wyden, para expresar serias preocupaciones sobre la reorganizaci\u00f3n del Servicio Forestal de los Estados Unidos ante el Departamento de Agricultura de los Estados Unidos. \u201cEscribimos con<\/p>\n\t\t<\/div>\n\t\t\n\t\t<a class=\"elementor-post__read-more\" href=\"https:\/\/www.merkley.senate.gov\/es\/merkley-wyden-colleagues-raise-concerns-about-forest-service-reorganization\/\" aria-label=\"Read more about Merkley, Wyden, Colleagues Raise Concerns about Forest Service Reorganization\" tabindex=\"-1\" >\n\t\t\t<i aria-hidden=\"true\" class=\"fal fa-chevron-circle-right\"><\/i>\t\t<\/a>\n\n\t\t\t\t<\/div>\n\t\t\t\t<\/article>\n\t\t\t\t<article class=\"elementor-post elementor-grid-item post-24446 post type-post status-publish format-standard has-post-thumbnail hentry category-press-releases tag-appropriations tag-natural-resources-and-rural-development tag-tackling-climate-change\" role=\"listitem\">\n\t\t\t\t<div class=\"elementor-post__text\">\n\t\t\t\t<h2 class=\"elementor-post__title\">\n\t\t\t<a href=\"https:\/\/www.merkley.senate.gov\/es\/merkley-remarks-at-fy27-interior-department-budget-hearing-with-secretary-burgum\/\" >\n\t\t\t\tMerkley Remarks at FY27 Interior Department Budget Hearing with Secretary Burgum\t\t\t<\/a>\n\t\t<\/h2>\n\t\t\t\t<div class=\"elementor-post__meta-data\">\n\t\t\t\t\t<span class=\"elementor-post-date\">\n\t\t\tApril 22, 2026\t\t<\/span>\n\t\t\t\t<\/div>\n\t\t\t\t<div class=\"elementor-post__excerpt\">\n\t\t\t<p>Washington, D.C. \u2013 Today, Oregon\u2019s U.S. Senator Jeff Merkley\u2014the Ranking Member of the Senate Interior-Environment Appropriations Subcommittee\u2014delivered the following remarks as prepared for delivery at the hearing reviewing the President\u2019s Fiscal Year 2027 budget request for the U.S. Department of the Interior with Secretary Doug Burgum: Senator Merkley\u2019s remarks, as<\/p>\n\t\t<\/div>\n\t\t\n\t\t<a class=\"elementor-post__read-more\" href=\"https:\/\/www.merkley.senate.gov\/es\/merkley-remarks-at-fy27-interior-department-budget-hearing-with-secretary-burgum\/\" aria-label=\"Read more about Merkley Remarks at FY27 Interior Department Budget Hearing with Secretary Burgum\" tabindex=\"-1\" >\n\t\t\t<i aria-hidden=\"true\" class=\"fal fa-chevron-circle-right\"><\/i>\t\t<\/a>\n\n\t\t\t\t<\/div>\n\t\t\t\t<\/article>\n\t\t\t\t<\/div>\n\t\t\n\t\t\t\t<div class=\"e-load-more-anchor\" data-page=\"1\" data-max-page=\"137\" data-next-page=\"https:\/\/www.merkley.senate.gov\/es\/wp-json\/wp\/v2\/pages\/7629\/page\/2\/\"><\/div>\n\t\t\t\t<nav class=\"elementor-pagination\" aria-label=\"Pagination\">\n\t\t\t<span aria-current=\"page\" class=\"page-numbers current\"><span class=\"elementor-screen-only\">P\u00e1gina<\/span>1<\/span>\n<a class=\"page-numbers\" href=\"https:\/\/www.merkley.senate.gov\/es\/wp-json\/wp\/v2\/pages\/7629\/page\/2\/\"><span class=\"elementor-screen-only\">P\u00e1gina<\/span>2<\/a>\n<a class=\"page-numbers\" href=\"https:\/\/www.merkley.senate.gov\/es\/wp-json\/wp\/v2\/pages\/7629\/page\/3\/\"><span class=\"elementor-screen-only\">P\u00e1gina<\/span>3<\/a>\n<a class=\"page-numbers\" href=\"https:\/\/www.merkley.senate.gov\/es\/wp-json\/wp\/v2\/pages\/7629\/page\/4\/\"><span class=\"elementor-screen-only\">P\u00e1gina<\/span>4<\/a>\n<a class=\"page-numbers\" href=\"https:\/\/www.merkley.senate.gov\/es\/wp-json\/wp\/v2\/pages\/7629\/page\/5\/\"><span class=\"elementor-screen-only\">P\u00e1gina<\/span>5<\/a>\t\t<\/nav>\n\t\t\t\t\t\t<\/div>\n\t\t\t\t<\/div>\n\t\t\t\t\t<\/div>\n\t\t<\/div>\n\t\t\t\t\t<\/div>\n\t\t<\/section>\n\t\t\t\t<\/div>","protected":false},"excerpt":{"rendered":"<p>The Beaver State was built by Americans who relied on the land for their livelihood. Natural resource industries like farming, forestry, and salmon fishing remain integral to Oregon\u2019s economy today.\u00a0 Our state has also long been a destination for Americans looking to experience the great outdoors.\u00a0 Oregon\u2019s protected public lands provide valuable habitats, supply clean [&hellip;]<\/p>\n","protected":false},"author":1,"featured_media":0,"parent":7298,"menu_order":0,"comment_status":"closed","ping_status":"closed","template":"","meta":{"_acf_changed":false,"inline_featured_image":false,"footnotes":""},"class_list":["post-7629","page","type-page","status-publish","hentry"],"acf":[],"yoast_head":"<!-- This site is optimized with the Yoast SEO plugin v27.2 - https:\/\/yoast.com\/product\/yoast-seo-wordpress\/ -->\n<title>Natural Resources and Rural Development - Merkley<\/title>\n<meta name=\"robots\" content=\"index, follow, max-snippet:-1, max-image-preview:large, max-video-preview:-1\" \/>\n<link rel=\"canonical\" href=\"https:\/\/www.merkley.senate.gov\/es\/about\/issues\/natural-resources-and-rural-development\/\" \/>\n<meta property=\"og:locale\" content=\"es_MX\" \/>\n<meta property=\"og:type\" content=\"article\" \/>\n<meta property=\"og:title\" content=\"Natural Resources and Rural Development - Merkley\" \/>\n<meta property=\"og:description\" content=\"The Beaver State was built by Americans who relied on the land for their livelihood. Natural resource industries like farming, forestry, and salmon fishing remain integral to Oregon\u2019s economy today.\u00a0 Our state has also long been a destination for Americans looking to experience the great outdoors.\u00a0 Oregon\u2019s protected public lands provide valuable habitats, supply clean [&hellip;]\" \/>\n<meta property=\"og:url\" content=\"https:\/\/www.merkley.senate.gov\/es\/about\/issues\/natural-resources-and-rural-development\/\" \/>\n<meta property=\"og:site_name\" content=\"Merkley\" \/>\n<meta property=\"article:modified_time\" content=\"2023-07-24T15:36:43+00:00\" \/>\n<meta name=\"twitter:card\" content=\"summary_large_image\" \/>\n<meta name=\"twitter:label1\" content=\"Est. reading time\" \/>\n\t<meta name=\"twitter:data1\" content=\"3 minutes\" \/>\n<script type=\"application\/ld+json\" class=\"yoast-schema-graph\">{\"@context\":\"https:\/\/schema.org\",\"@graph\":[{\"@type\":\"WebPage\",\"@id\":\"https:\/\/www.merkley.senate.gov\/about\/issues\/natural-resources-and-rural-development\/\",\"url\":\"https:\/\/www.merkley.senate.gov\/about\/issues\/natural-resources-and-rural-development\/\",\"name\":\"Natural Resources and Rural Development - Merkley\",\"isPartOf\":{\"@id\":\"https:\/\/www.merkley.senate.gov\/#website\"},\"datePublished\":\"2023-07-19T19:21:26+00:00\",\"dateModified\":\"2023-07-24T15:36:43+00:00\",\"breadcrumb\":{\"@id\":\"https:\/\/www.merkley.senate.gov\/about\/issues\/natural-resources-and-rural-development\/#breadcrumb\"},\"inLanguage\":\"es-MX\",\"potentialAction\":[{\"@type\":\"ReadAction\",\"target\":[\"https:\/\/www.merkley.senate.gov\/about\/issues\/natural-resources-and-rural-development\/\"]}]},{\"@type\":\"BreadcrumbList\",\"@id\":\"https:\/\/www.merkley.senate.gov\/about\/issues\/natural-resources-and-rural-development\/#breadcrumb\",\"itemListElement\":[{\"@type\":\"ListItem\",\"position\":1,\"name\":\"Home\",\"item\":\"https:\/\/www.merkley.senate.gov\/\"},{\"@type\":\"ListItem\",\"position\":2,\"name\":\"About Jeff\",\"item\":\"https:\/\/www.merkley.senate.gov\/about\/\"},{\"@type\":\"ListItem\",\"position\":3,\"name\":\"Issues\",\"item\":\"https:\/\/www.merkley.senate.gov\/about\/issues\/\"},{\"@type\":\"ListItem\",\"position\":4,\"name\":\"Natural Resources and Rural Development\"}]},{\"@type\":\"WebSite\",\"@id\":\"https:\/\/www.merkley.senate.gov\/#website\",\"url\":\"https:\/\/www.merkley.senate.gov\/\",\"name\":\"Merkley\",\"description\":\"Merkley\",\"potentialAction\":[{\"@type\":\"SearchAction\",\"target\":{\"@type\":\"EntryPoint\",\"urlTemplate\":\"https:\/\/www.merkley.senate.gov\/?s={search_term_string}\"},\"query-input\":{\"@type\":\"PropertyValueSpecification\",\"valueRequired\":true,\"valueName\":\"search_term_string\"}}],\"inLanguage\":\"es-MX\"}]}<\/script>\n<!-- \/ Yoast SEO plugin. -->","yoast_head_json":{"title":"Natural Resources and Rural Development - Merkley","robots":{"index":"index","follow":"follow","max-snippet":"max-snippet:-1","max-image-preview":"max-image-preview:large","max-video-preview":"max-video-preview:-1"},"canonical":"https:\/\/www.merkley.senate.gov\/es\/about\/issues\/natural-resources-and-rural-development\/","og_locale":"es_MX","og_type":"article","og_title":"Natural Resources and Rural Development - Merkley","og_description":"The Beaver State was built by Americans who relied on the land for their livelihood. Natural resource industries like farming, forestry, and salmon fishing remain integral to Oregon\u2019s economy today.\u00a0 Our state has also long been a destination for Americans looking to experience the great outdoors.\u00a0 Oregon\u2019s protected public lands provide valuable habitats, supply clean [&hellip;]","og_url":"https:\/\/www.merkley.senate.gov\/es\/about\/issues\/natural-resources-and-rural-development\/","og_site_name":"Merkley","article_modified_time":"2023-07-24T15:36:43+00:00","twitter_card":"summary_large_image","twitter_misc":{"Est. reading time":"3 minutes"},"schema":{"@context":"https:\/\/schema.org","@graph":[{"@type":"WebPage","@id":"https:\/\/www.merkley.senate.gov\/about\/issues\/natural-resources-and-rural-development\/","url":"https:\/\/www.merkley.senate.gov\/about\/issues\/natural-resources-and-rural-development\/","name":"Natural Resources and Rural Development - Merkley","isPartOf":{"@id":"https:\/\/www.merkley.senate.gov\/#website"},"datePublished":"2023-07-19T19:21:26+00:00","dateModified":"2023-07-24T15:36:43+00:00","breadcrumb":{"@id":"https:\/\/www.merkley.senate.gov\/about\/issues\/natural-resources-and-rural-development\/#breadcrumb"},"inLanguage":"es-MX","potentialAction":[{"@type":"ReadAction","target":["https:\/\/www.merkley.senate.gov\/about\/issues\/natural-resources-and-rural-development\/"]}]},{"@type":"BreadcrumbList","@id":"https:\/\/www.merkley.senate.gov\/about\/issues\/natural-resources-and-rural-development\/#breadcrumb","itemListElement":[{"@type":"ListItem","position":1,"name":"Home","item":"https:\/\/www.merkley.senate.gov\/"},{"@type":"ListItem","position":2,"name":"About Jeff","item":"https:\/\/www.merkley.senate.gov\/about\/"},{"@type":"ListItem","position":3,"name":"Issues","item":"https:\/\/www.merkley.senate.gov\/about\/issues\/"},{"@type":"ListItem","position":4,"name":"Natural Resources and Rural Development"}]},{"@type":"WebSite","@id":"https:\/\/www.merkley.senate.gov\/#website","url":"https:\/\/www.merkley.senate.gov\/","name":"merkley","description":"merkley","potentialAction":[{"@type":"SearchAction","target":{"@type":"EntryPoint","urlTemplate":"https:\/\/www.merkley.senate.gov\/?s={search_term_string}"},"query-input":{"@type":"PropertyValueSpecification","valueRequired":true,"valueName":"search_term_string"}}],"inLanguage":"es-MX"}]}},"_links":{"self":[{"href":"https:\/\/www.merkley.senate.gov\/es\/wp-json\/wp\/v2\/pages\/7629","targetHints":{"allow":["GET"]}}],"collection":[{"href":"https:\/\/www.merkley.senate.gov\/es\/wp-json\/wp\/v2\/pages"}],"about":[{"href":"https:\/\/www.merkley.senate.gov\/es\/wp-json\/wp\/v2\/types\/page"}],"author":[{"embeddable":true,"href":"https:\/\/www.merkley.senate.gov\/es\/wp-json\/wp\/v2\/users\/1"}],"replies":[{"embeddable":true,"href":"https:\/\/www.merkley.senate.gov\/es\/wp-json\/wp\/v2\/comments?post=7629"}],"version-history":[{"count":7,"href":"https:\/\/www.merkley.senate.gov\/es\/wp-json\/wp\/v2\/pages\/7629\/revisions"}],"predecessor-version":[{"id":16676,"href":"https:\/\/www.merkley.senate.gov\/es\/wp-json\/wp\/v2\/pages\/7629\/revisions\/16676"}],"up":[{"embeddable":true,"href":"https:\/\/www.merkley.senate.gov\/es\/wp-json\/wp\/v2\/pages\/7298"}],"wp:attachment":[{"href":"https:\/\/www.merkley.senate.gov\/es\/wp-json\/wp\/v2\/media?parent=7629"}],"curies":[{"name":"wp","href":"https:\/\/api.w.org\/{rel}","templated":true}]}}