{"id":7631,"date":"2023-07-19T15:22:26","date_gmt":"2023-07-19T19:22:26","guid":{"rendered":"https:\/\/www.merkley.senate.gov\/?page_id=7631"},"modified":"2023-07-24T11:37:49","modified_gmt":"2023-07-24T15:37:49","slug":"protecting-consumers-taxpayers-and-the-economy","status":"publish","type":"page","link":"https:\/\/www.merkley.senate.gov\/es\/about\/issues\/protecting-consumers-taxpayers-and-the-economy\/","title":{"rendered":"Protecci\u00f3n de los consumidores, los contribuyentes y la econom\u00eda"},"content":{"rendered":"<div data-elementor-type=\"wp-page\" data-elementor-id=\"7631\" class=\"elementor elementor-7631\" data-elementor-post-type=\"page\">\n\t\t\t\t\t\t<section class=\"elementor-section elementor-top-section elementor-element elementor-element-765eab07 elementor-section-boxed elementor-section-height-default elementor-section-height-default\" data-id=\"765eab07\" data-element_type=\"section\" data-e-type=\"section\">\n\t\t\t\t\t\t<div class=\"elementor-container elementor-column-gap-default\">\n\t\t\t\t\t<div class=\"elementor-column elementor-col-100 elementor-top-column elementor-element elementor-element-575c29c5\" data-id=\"575c29c5\" data-element_type=\"column\" data-e-type=\"column\">\n\t\t\t<div class=\"elementor-widget-wrap elementor-element-populated\">\n\t\t\t\t\t\t<div class=\"elementor-element elementor-element-76de191c elementor-widget elementor-widget-text-editor\" data-id=\"76de191c\" data-element_type=\"widget\" data-e-type=\"widget\" data-widget_type=\"text-editor.default\">\n\t\t\t\t<div class=\"elementor-widget-container\">\n\t\t\t\t\t\t\t\t\t\n<p>Jeff est\u00e1 luchando para arreglar nuestro sistema financiero roto y hacer que funcione para las familias de clase media y las peque\u00f1as empresas nuevamente. Jeff es un apasionado de la protecci\u00f3n del consumidor y de asegurarse de que las familias comunes est\u00e9n protegidas contra estafas y esquemas depredadores que amenazan sus bolsillos. Lider\u00f3 la lucha en Oreg\u00f3n para enfrentarse a los prestamistas depredadores del d\u00eda de pago. En el Senado de los EE. UU., luch\u00f3 para crear y fortalecer la Oficina de Protecci\u00f3n Financiera del Consumidor, la primera agencia federal con la \u00fanica misi\u00f3n de velar por los consumidores en sus transacciones financieras diarias.<\/p>\n\t\t\t\t\t\t\t\t<\/div>\n\t\t\t\t<\/div>\n\t\t\t\t\t<\/div>\n\t\t<\/div>\n\t\t\t\t\t<\/div>\n\t\t<\/section>\n\t\t\t\t<section class=\"elementor-section elementor-top-section elementor-element elementor-element-5932e1f elementor-section-boxed elementor-section-height-default elementor-section-height-default\" data-id=\"5932e1f\" data-element_type=\"section\" data-e-type=\"section\">\n\t\t\t\t\t\t<div class=\"elementor-container elementor-column-gap-default\">\n\t\t\t\t\t<div class=\"elementor-column elementor-col-100 elementor-top-column elementor-element elementor-element-40855bb\" data-id=\"40855bb\" data-element_type=\"column\" data-e-type=\"column\">\n\t\t\t<div class=\"elementor-widget-wrap elementor-element-populated\">\n\t\t\t\t\t\t<div class=\"elementor-element elementor-element-c18345b elementor-grid-1 elementor-posts--thumbnail-none elementor-grid-tablet-2 elementor-grid-mobile-1 elementor-widget elementor-widget-posts\" data-id=\"c18345b\" data-element_type=\"widget\" data-e-type=\"widget\" data-settings=\"{&quot;classic_columns&quot;:&quot;1&quot;,&quot;classic_row_gap&quot;:{&quot;unit&quot;:&quot;px&quot;,&quot;size&quot;:45,&quot;sizes&quot;:[]},&quot;pagination_type&quot;:&quot;numbers&quot;,&quot;classic_columns_tablet&quot;:&quot;2&quot;,&quot;classic_columns_mobile&quot;:&quot;1&quot;,&quot;classic_row_gap_laptop&quot;:{&quot;unit&quot;:&quot;px&quot;,&quot;size&quot;:&quot;&quot;,&quot;sizes&quot;:[]},&quot;classic_row_gap_tablet_extra&quot;:{&quot;unit&quot;:&quot;px&quot;,&quot;size&quot;:&quot;&quot;,&quot;sizes&quot;:[]},&quot;classic_row_gap_tablet&quot;:{&quot;unit&quot;:&quot;px&quot;,&quot;size&quot;:&quot;&quot;,&quot;sizes&quot;:[]},&quot;classic_row_gap_mobile_extra&quot;:{&quot;unit&quot;:&quot;px&quot;,&quot;size&quot;:&quot;&quot;,&quot;sizes&quot;:[]},&quot;classic_row_gap_mobile&quot;:{&quot;unit&quot;:&quot;px&quot;,&quot;size&quot;:&quot;&quot;,&quot;sizes&quot;:[]}}\" data-widget_type=\"posts.classic\">\n\t\t\t\t<div class=\"elementor-widget-container\">\n\t\t\t\t\t\t\t<div class=\"elementor-posts-container elementor-posts elementor-posts--skin-classic elementor-grid\" role=\"list\">\n\t\t\t\t<article class=\"elementor-post elementor-grid-item post-24513 post type-post status-publish format-standard has-post-thumbnail hentry category-press-releases tag-democracy tag-protecting-consumers-taxpayers-and-the-economy\" role=\"listitem\">\n\t\t\t\t<div class=\"elementor-post__text\">\n\t\t\t\t<h2 class=\"elementor-post__title\">\n\t\t\t<a href=\"https:\/\/www.merkley.senate.gov\/es\/merkley-blumenthal-van-hollen-whitehouse-heinrich-rosen-smith-raskin-cftc-must-tackle-insider-trading-and-corruption-on-prediction-markets\/\" >\n\t\t\t\tMerkley, Blumenthal, Van Hollen, Whitehouse, Heinrich, Rosen, Smith, Raskin: CFTC Must Tackle Insider Trading and Corruption on Prediction Markets\t\t\t<\/a>\n\t\t<\/h2>\n\t\t\t\t<div class=\"elementor-post__meta-data\">\n\t\t\t\t\t<span class=\"elementor-post-date\">\n\t\t\tApril 30, 2026\t\t<\/span>\n\t\t\t\t<\/div>\n\t\t\t\t<div class=\"elementor-post__excerpt\">\n\t\t\t<p>Washington, D.C. \u2013 Today, Oregon\u2019s U.S. Senator Jeff Merkley led U.S. Senators Richard Blumenthal (D-CT), Chris Van Hollen (D-MD), Sheldon Whitehouse (D-RI), Martin Heinrich (D-NM), Jacky Rosen (D-NV), and Tina Smith (D-MN), as well as U.S. Representative Jamie Raskin (MD-08), in urging the Commodity Futures Trading Commission (CFTC) to crack<\/p>\n\t\t<\/div>\n\t\t\n\t\t<a class=\"elementor-post__read-more\" href=\"https:\/\/www.merkley.senate.gov\/es\/merkley-blumenthal-van-hollen-whitehouse-heinrich-rosen-smith-raskin-cftc-must-tackle-insider-trading-and-corruption-on-prediction-markets\/\" aria-label=\"Read more about Merkley, Blumenthal, Van Hollen, Whitehouse, Heinrich, Rosen, Smith, Raskin: CFTC Must Tackle Insider Trading and Corruption on Prediction Markets\" tabindex=\"-1\" >\n\t\t\t<i aria-hidden=\"true\" class=\"fal fa-chevron-circle-right\"><\/i>\t\t<\/a>\n\n\t\t\t\t<\/div>\n\t\t\t\t<\/article>\n\t\t\t\t<article class=\"elementor-post elementor-grid-item post-24449 post type-post status-publish format-standard has-post-thumbnail hentry category-press-releases tag-civil-rights tag-delivering-for-oregon tag-protecting-consumers tag-protecting-consumers-taxpayers-and-the-economy tag-voting-rights\" role=\"listitem\">\n\t\t\t\t<div class=\"elementor-post__text\">\n\t\t\t\t<h2 class=\"elementor-post__title\">\n\t\t\t<a href=\"https:\/\/www.merkley.senate.gov\/es\/merkley-wyden-democratic-colleagues-demand-usps-uphold-federal-law-over-president-trumps-illegal-executive-order-to-restrict-vote-by-mail\/\" >\n\t\t\t\tMerkley, Wyden, Democratic Colleagues Demand USPS Uphold Federal Law Over President Trump\u2019s Illegal Executive Order to Restrict Vote by Mail\t\t\t<\/a>\n\t\t<\/h2>\n\t\t\t\t<div class=\"elementor-post__meta-data\">\n\t\t\t\t\t<span class=\"elementor-post-date\">\n\t\t\tApril 22, 2026\t\t<\/span>\n\t\t\t\t<\/div>\n\t\t\t\t<div class=\"elementor-post__excerpt\">\n\t\t\t<p>Washington, D.C. \u2013 Oregon\u2019s U.S. Senators Jeff Merkley and Ron Wyden joined over 30 of their Senate Democratic colleagues in demanding the United States Postal Service (USPS) uphold existing federal law over the executive order signed by President Trump. \u201cThe Constitution provides no role for the President in regulating federal<\/p>\n\t\t<\/div>\n\t\t\n\t\t<a class=\"elementor-post__read-more\" href=\"https:\/\/www.merkley.senate.gov\/es\/merkley-wyden-democratic-colleagues-demand-usps-uphold-federal-law-over-president-trumps-illegal-executive-order-to-restrict-vote-by-mail\/\" aria-label=\"Read more about Merkley, Wyden, Democratic Colleagues Demand USPS Uphold Federal Law Over President Trump\u2019s Illegal Executive Order to Restrict Vote by Mail\" tabindex=\"-1\" >\n\t\t\t<i aria-hidden=\"true\" class=\"fal fa-chevron-circle-right\"><\/i>\t\t<\/a>\n\n\t\t\t\t<\/div>\n\t\t\t\t<\/article>\n\t\t\t\t<article class=\"elementor-post elementor-grid-item post-24562 post type-post status-publish format-standard has-post-thumbnail hentry category-videos tag-protecting-consumers-taxpayers-and-the-economy\" role=\"listitem\">\n\t\t\t\t<div class=\"elementor-post__text\">\n\t\t\t\t<h2 class=\"elementor-post__title\">\n\t\t\t<a href=\"https:\/\/www.merkley.senate.gov\/es\/merkley-trump-and-republican-proposed-budget-resolution-ignores-foundations-for-families-to-thrive\/\" >\n\t\t\t\tMerkley: Trump and Republican Proposed Budget Resolution Ignores Foundations for Families to Thrive\t\t\t<\/a>\n\t\t<\/h2>\n\t\t\t\t<div class=\"elementor-post__meta-data\">\n\t\t\t\t\t<span class=\"elementor-post-date\">\n\t\t\tApril 22, 2026\t\t<\/span>\n\t\t\t\t<\/div>\n\t\t\t\t<div class=\"elementor-post__excerpt\">\n\t\t\t<p>Senate Budget Committee Ranking Member Jeff Merkley outlined the many betrayals in the Republican budget resolution on the floor of the U.S. Senate on Tuesday, April 21, 2026.<\/p>\n\t\t<\/div>\n\t\t\n\t\t<a class=\"elementor-post__read-more\" href=\"https:\/\/www.merkley.senate.gov\/es\/merkley-trump-and-republican-proposed-budget-resolution-ignores-foundations-for-families-to-thrive\/\" aria-label=\"Read more about Merkley: Trump and Republican Proposed Budget Resolution Ignores Foundations for Families to Thrive\" tabindex=\"-1\" >\n\t\t\t<i aria-hidden=\"true\" class=\"fal fa-chevron-circle-right\"><\/i>\t\t<\/a>\n\n\t\t\t\t<\/div>\n\t\t\t\t<\/article>\n\t\t\t\t<article class=\"elementor-post elementor-grid-item post-24439 post type-post status-publish format-standard has-post-thumbnail hentry category-press-releases tag-budget tag-education tag-protecting-consumers-taxpayers-and-the-economy\" role=\"listitem\">\n\t\t\t\t<div class=\"elementor-post__text\">\n\t\t\t\t<h2 class=\"elementor-post__title\">\n\t\t\t<a href=\"https:\/\/www.merkley.senate.gov\/es\/merkley-kaine-warren-whitehouse-colleagues-demand-secretary-mcmahon-provide-flexibility-to-student-loan-borrowers-who-are-being-forced-to-exit-the-save-plan\/\" >\n\t\t\t\tMerkley, Kaine, Warren, Whitehouse, Colleagues Demand Secretary McMahon Provide Flexibility to Student Loan Borrowers Who Are Being Forced to Exit the SAVE Plan\t\t\t<\/a>\n\t\t<\/h2>\n\t\t\t\t<div class=\"elementor-post__meta-data\">\n\t\t\t\t\t<span class=\"elementor-post-date\">\n\t\t\tApril 21, 2026\t\t<\/span>\n\t\t\t\t<\/div>\n\t\t\t\t<div class=\"elementor-post__excerpt\">\n\t\t\t<p>Washington, D.C. \u2013 Today, Oregon\u2019s U.S. Senator Jeff Merkley, Virginia\u2019s U.S. Senator Tim Kaine, Massachusetts\u2019 U.S. Senator Elizabeth Warren, and Rhode Island\u2019s U.S. Senator Sheldon Whitehouse led a group of their Senate Democratic colleagues in pressing the U.S. Department of Education on its recent announcement to move more than 7<\/p>\n\t\t<\/div>\n\t\t\n\t\t<a class=\"elementor-post__read-more\" href=\"https:\/\/www.merkley.senate.gov\/es\/merkley-kaine-warren-whitehouse-colleagues-demand-secretary-mcmahon-provide-flexibility-to-student-loan-borrowers-who-are-being-forced-to-exit-the-save-plan\/\" aria-label=\"Read more about Merkley, Kaine, Warren, Whitehouse, Colleagues Demand Secretary McMahon Provide Flexibility to Student Loan Borrowers Who Are Being Forced to Exit the SAVE Plan\" tabindex=\"-1\" >\n\t\t\t<i aria-hidden=\"true\" class=\"fal fa-chevron-circle-right\"><\/i>\t\t<\/a>\n\n\t\t\t\t<\/div>\n\t\t\t\t<\/article>\n\t\t\t\t<article class=\"elementor-post elementor-grid-item post-24425 post type-post status-publish format-standard has-post-thumbnail hentry category-press-releases tag-democracy tag-foreign-policy-and-national-security tag-protecting-consumers-taxpayers-and-the-economy\" role=\"listitem\">\n\t\t\t\t<div class=\"elementor-post__text\">\n\t\t\t\t<h2 class=\"elementor-post__title\">\n\t\t\t<a href=\"https:\/\/www.merkley.senate.gov\/es\/merkley-warren-van-hollen-sanders-probe-trump-backed-board-of-peaces-plan-to-rebuild-gaza-with-shady-cryptocurrency\/\" >\n\t\t\t\tMerkley, Warren, Van Hollen, Sanders Probe Trump-Backed Board of Peace\u2019s Plan to Rebuild Gaza with Shady Cryptocurrency\t\t\t<\/a>\n\t\t<\/h2>\n\t\t\t\t<div class=\"elementor-post__meta-data\">\n\t\t\t\t\t<span class=\"elementor-post-date\">\n\t\t\tApril 17, 2026\t\t<\/span>\n\t\t\t\t<\/div>\n\t\t\t\t<div class=\"elementor-post__excerpt\">\n\t\t\t<p>Washington, D.C. \u2013 Today, Oregon\u2019s U.S. Senator Jeff Merkley partnered with U.S. Senators Elizabeth Warren (D-MA), Chris Van Hollen (D-MD), and Bernie Sanders (I-VT) to press the Trump Administration over its plans to reportedly&nbsp;develop a US dollar-backed stablecoin for Gaza as part of post-war reconstruction efforts. The Senators raise serious<\/p>\n\t\t<\/div>\n\t\t\n\t\t<a class=\"elementor-post__read-more\" href=\"https:\/\/www.merkley.senate.gov\/es\/merkley-warren-van-hollen-sanders-probe-trump-backed-board-of-peaces-plan-to-rebuild-gaza-with-shady-cryptocurrency\/\" aria-label=\"Read more about Merkley, Warren, Van Hollen, Sanders Probe Trump-Backed Board of Peace\u2019s Plan to Rebuild Gaza with Shady Cryptocurrency\" tabindex=\"-1\" >\n\t\t\t<i aria-hidden=\"true\" class=\"fal fa-chevron-circle-right\"><\/i>\t\t<\/a>\n\n\t\t\t\t<\/div>\n\t\t\t\t<\/article>\n\t\t\t\t<article class=\"elementor-post elementor-grid-item post-24558 post type-post status-publish format-standard has-post-thumbnail hentry category-videos tag-protecting-consumers-taxpayers-and-the-economy\" role=\"listitem\">\n\t\t\t\t<div class=\"elementor-post__text\">\n\t\t\t\t<h2 class=\"elementor-post__title\">\n\t\t\t<a href=\"https:\/\/www.merkley.senate.gov\/es\/merkley-on-trump-budget-betrayal-of-every-working-family\/\" >\n\t\t\t\tMerkley on Trump Budget: \u201cBetrayal of Every Working Family\u201d\t\t\t<\/a>\n\t\t<\/h2>\n\t\t\t\t<div class=\"elementor-post__meta-data\">\n\t\t\t\t\t<span class=\"elementor-post-date\">\n\t\t\tApril 16, 2026\t\t<\/span>\n\t\t\t\t<\/div>\n\t\t\t\t<div class=\"elementor-post__excerpt\">\n\t\t\t<p>Senate Budget Committee Ranking Member Jeff Merkley opened a hearing on President Trump\u2019s budget request by outlining how the Trump Administration has hurt families and helped the already richest Americans.<\/p>\n\t\t<\/div>\n\t\t\n\t\t<a class=\"elementor-post__read-more\" href=\"https:\/\/www.merkley.senate.gov\/es\/merkley-on-trump-budget-betrayal-of-every-working-family\/\" aria-label=\"Read more about Merkley on Trump Budget: \u201cBetrayal of Every Working Family\u201d\" tabindex=\"-1\" >\n\t\t\t<i aria-hidden=\"true\" class=\"fal fa-chevron-circle-right\"><\/i>\t\t<\/a>\n\n\t\t\t\t<\/div>\n\t\t\t\t<\/article>\n\t\t\t\t<\/div>\n\t\t\n\t\t\t\t<div class=\"e-load-more-anchor\" data-page=\"1\" data-max-page=\"85\" data-next-page=\"https:\/\/www.merkley.senate.gov\/es\/wp-json\/wp\/v2\/pages\/7631\/page\/2\/\"><\/div>\n\t\t\t\t<nav class=\"elementor-pagination\" aria-label=\"Pagination\">\n\t\t\t<span aria-current=\"page\" class=\"page-numbers current\"><span class=\"elementor-screen-only\">P\u00e1gina<\/span>1<\/span>\n<a class=\"page-numbers\" href=\"https:\/\/www.merkley.senate.gov\/es\/wp-json\/wp\/v2\/pages\/7631\/page\/2\/\"><span class=\"elementor-screen-only\">P\u00e1gina<\/span>2<\/a>\n<a class=\"page-numbers\" href=\"https:\/\/www.merkley.senate.gov\/es\/wp-json\/wp\/v2\/pages\/7631\/page\/3\/\"><span class=\"elementor-screen-only\">P\u00e1gina<\/span>3<\/a>\n<a class=\"page-numbers\" href=\"https:\/\/www.merkley.senate.gov\/es\/wp-json\/wp\/v2\/pages\/7631\/page\/4\/\"><span class=\"elementor-screen-only\">P\u00e1gina<\/span>4<\/a>\n<a class=\"page-numbers\" href=\"https:\/\/www.merkley.senate.gov\/es\/wp-json\/wp\/v2\/pages\/7631\/page\/5\/\"><span class=\"elementor-screen-only\">P\u00e1gina<\/span>5<\/a>\t\t<\/nav>\n\t\t\t\t\t\t<\/div>\n\t\t\t\t<\/div>\n\t\t\t\t\t<\/div>\n\t\t<\/div>\n\t\t\t\t\t<\/div>\n\t\t<\/section>\n\t\t\t\t<\/div>","protected":false},"excerpt":{"rendered":"<p>Jeff is fighting to fix our broken financial system and make it work for middle-class families and small businesses again. Jeff is passionate about consumer protection and making sure that ordinary families are protected against scams and predatory schemes that threaten their pocketbooks. He led the fight in Oregon to take on the predatory payday [&hellip;]<\/p>\n","protected":false},"author":1,"featured_media":0,"parent":7298,"menu_order":0,"comment_status":"closed","ping_status":"closed","template":"","meta":{"_acf_changed":false,"inline_featured_image":false,"footnotes":""},"class_list":["post-7631","page","type-page","status-publish","hentry"],"acf":[],"yoast_head":"<!-- This site is optimized with the Yoast SEO plugin v27.2 - https:\/\/yoast.com\/product\/yoast-seo-wordpress\/ -->\n<title>Protecting Consumers, Taxpayers, and the Economy - Merkley<\/title>\n<meta name=\"robots\" content=\"index, follow, max-snippet:-1, max-image-preview:large, max-video-preview:-1\" \/>\n<link rel=\"canonical\" href=\"https:\/\/www.merkley.senate.gov\/es\/about\/issues\/protecting-consumers-taxpayers-and-the-economy\/\" \/>\n<meta property=\"og:locale\" content=\"es_MX\" \/>\n<meta property=\"og:type\" content=\"article\" \/>\n<meta property=\"og:title\" content=\"Protecting Consumers, Taxpayers, and the Economy - Merkley\" \/>\n<meta property=\"og:description\" content=\"Jeff is fighting to fix our broken financial system and make it work for middle-class families and small businesses again. Jeff is passionate about consumer protection and making sure that ordinary families are protected against scams and predatory schemes that threaten their pocketbooks. He led the fight in Oregon to take on the predatory payday [&hellip;]\" \/>\n<meta property=\"og:url\" content=\"https:\/\/www.merkley.senate.gov\/es\/about\/issues\/protecting-consumers-taxpayers-and-the-economy\/\" \/>\n<meta property=\"og:site_name\" content=\"Merkley\" \/>\n<meta property=\"article:modified_time\" content=\"2023-07-24T15:37:49+00:00\" \/>\n<meta name=\"twitter:card\" content=\"summary_large_image\" \/>\n<meta name=\"twitter:label1\" content=\"Est. reading time\" \/>\n\t<meta name=\"twitter:data1\" content=\"3 minutes\" \/>\n<script type=\"application\/ld+json\" class=\"yoast-schema-graph\">{\"@context\":\"https:\/\/schema.org\",\"@graph\":[{\"@type\":\"WebPage\",\"@id\":\"https:\/\/www.merkley.senate.gov\/about\/issues\/protecting-consumers-taxpayers-and-the-economy\/\",\"url\":\"https:\/\/www.merkley.senate.gov\/about\/issues\/protecting-consumers-taxpayers-and-the-economy\/\",\"name\":\"Protecting Consumers, Taxpayers, and the Economy - Merkley\",\"isPartOf\":{\"@id\":\"https:\/\/www.merkley.senate.gov\/#website\"},\"datePublished\":\"2023-07-19T19:22:26+00:00\",\"dateModified\":\"2023-07-24T15:37:49+00:00\",\"breadcrumb\":{\"@id\":\"https:\/\/www.merkley.senate.gov\/about\/issues\/protecting-consumers-taxpayers-and-the-economy\/#breadcrumb\"},\"inLanguage\":\"es-MX\",\"potentialAction\":[{\"@type\":\"ReadAction\",\"target\":[\"https:\/\/www.merkley.senate.gov\/about\/issues\/protecting-consumers-taxpayers-and-the-economy\/\"]}]},{\"@type\":\"BreadcrumbList\",\"@id\":\"https:\/\/www.merkley.senate.gov\/about\/issues\/protecting-consumers-taxpayers-and-the-economy\/#breadcrumb\",\"itemListElement\":[{\"@type\":\"ListItem\",\"position\":1,\"name\":\"Home\",\"item\":\"https:\/\/www.merkley.senate.gov\/\"},{\"@type\":\"ListItem\",\"position\":2,\"name\":\"About Jeff\",\"item\":\"https:\/\/www.merkley.senate.gov\/about\/\"},{\"@type\":\"ListItem\",\"position\":3,\"name\":\"Issues\",\"item\":\"https:\/\/www.merkley.senate.gov\/about\/issues\/\"},{\"@type\":\"ListItem\",\"position\":4,\"name\":\"Protecting Consumers, Taxpayers, and the Economy\"}]},{\"@type\":\"WebSite\",\"@id\":\"https:\/\/www.merkley.senate.gov\/#website\",\"url\":\"https:\/\/www.merkley.senate.gov\/\",\"name\":\"Merkley\",\"description\":\"Merkley\",\"potentialAction\":[{\"@type\":\"SearchAction\",\"target\":{\"@type\":\"EntryPoint\",\"urlTemplate\":\"https:\/\/www.merkley.senate.gov\/?s={search_term_string}\"},\"query-input\":{\"@type\":\"PropertyValueSpecification\",\"valueRequired\":true,\"valueName\":\"search_term_string\"}}],\"inLanguage\":\"es-MX\"}]}<\/script>\n<!-- \/ Yoast SEO plugin. -->","yoast_head_json":{"title":"Protecting Consumers, Taxpayers, and the Economy - Merkley","robots":{"index":"index","follow":"follow","max-snippet":"max-snippet:-1","max-image-preview":"max-image-preview:large","max-video-preview":"max-video-preview:-1"},"canonical":"https:\/\/www.merkley.senate.gov\/es\/about\/issues\/protecting-consumers-taxpayers-and-the-economy\/","og_locale":"es_MX","og_type":"article","og_title":"Protecting Consumers, Taxpayers, and the Economy - Merkley","og_description":"Jeff is fighting to fix our broken financial system and make it work for middle-class families and small businesses again. Jeff is passionate about consumer protection and making sure that ordinary families are protected against scams and predatory schemes that threaten their pocketbooks. He led the fight in Oregon to take on the predatory payday [&hellip;]","og_url":"https:\/\/www.merkley.senate.gov\/es\/about\/issues\/protecting-consumers-taxpayers-and-the-economy\/","og_site_name":"Merkley","article_modified_time":"2023-07-24T15:37:49+00:00","twitter_card":"summary_large_image","twitter_misc":{"Est. reading time":"3 minutes"},"schema":{"@context":"https:\/\/schema.org","@graph":[{"@type":"WebPage","@id":"https:\/\/www.merkley.senate.gov\/about\/issues\/protecting-consumers-taxpayers-and-the-economy\/","url":"https:\/\/www.merkley.senate.gov\/about\/issues\/protecting-consumers-taxpayers-and-the-economy\/","name":"Protecting Consumers, Taxpayers, and the Economy - Merkley","isPartOf":{"@id":"https:\/\/www.merkley.senate.gov\/#website"},"datePublished":"2023-07-19T19:22:26+00:00","dateModified":"2023-07-24T15:37:49+00:00","breadcrumb":{"@id":"https:\/\/www.merkley.senate.gov\/about\/issues\/protecting-consumers-taxpayers-and-the-economy\/#breadcrumb"},"inLanguage":"es-MX","potentialAction":[{"@type":"ReadAction","target":["https:\/\/www.merkley.senate.gov\/about\/issues\/protecting-consumers-taxpayers-and-the-economy\/"]}]},{"@type":"BreadcrumbList","@id":"https:\/\/www.merkley.senate.gov\/about\/issues\/protecting-consumers-taxpayers-and-the-economy\/#breadcrumb","itemListElement":[{"@type":"ListItem","position":1,"name":"Home","item":"https:\/\/www.merkley.senate.gov\/"},{"@type":"ListItem","position":2,"name":"About Jeff","item":"https:\/\/www.merkley.senate.gov\/about\/"},{"@type":"ListItem","position":3,"name":"Issues","item":"https:\/\/www.merkley.senate.gov\/about\/issues\/"},{"@type":"ListItem","position":4,"name":"Protecting Consumers, Taxpayers, and the Economy"}]},{"@type":"WebSite","@id":"https:\/\/www.merkley.senate.gov\/#website","url":"https:\/\/www.merkley.senate.gov\/","name":"merkley","description":"merkley","potentialAction":[{"@type":"SearchAction","target":{"@type":"EntryPoint","urlTemplate":"https:\/\/www.merkley.senate.gov\/?s={search_term_string}"},"query-input":{"@type":"PropertyValueSpecification","valueRequired":true,"valueName":"search_term_string"}}],"inLanguage":"es-MX"}]}},"_links":{"self":[{"href":"https:\/\/www.merkley.senate.gov\/es\/wp-json\/wp\/v2\/pages\/7631","targetHints":{"allow":["GET"]}}],"collection":[{"href":"https:\/\/www.merkley.senate.gov\/es\/wp-json\/wp\/v2\/pages"}],"about":[{"href":"https:\/\/www.merkley.senate.gov\/es\/wp-json\/wp\/v2\/types\/page"}],"author":[{"embeddable":true,"href":"https:\/\/www.merkley.senate.gov\/es\/wp-json\/wp\/v2\/users\/1"}],"replies":[{"embeddable":true,"href":"https:\/\/www.merkley.senate.gov\/es\/wp-json\/wp\/v2\/comments?post=7631"}],"version-history":[{"count":7,"href":"https:\/\/www.merkley.senate.gov\/es\/wp-json\/wp\/v2\/pages\/7631\/revisions"}],"predecessor-version":[{"id":16679,"href":"https:\/\/www.merkley.senate.gov\/es\/wp-json\/wp\/v2\/pages\/7631\/revisions\/16679"}],"up":[{"embeddable":true,"href":"https:\/\/www.merkley.senate.gov\/es\/wp-json\/wp\/v2\/pages\/7298"}],"wp:attachment":[{"href":"https:\/\/www.merkley.senate.gov\/es\/wp-json\/wp\/v2\/media?parent=7631"}],"curies":[{"name":"wp","href":"https:\/\/api.w.org\/{rel}","templated":true}]}}