{"id":7633,"date":"2023-07-19T15:23:14","date_gmt":"2023-07-19T19:23:14","guid":{"rendered":"https:\/\/www.merkley.senate.gov\/?page_id=7633"},"modified":"2023-07-24T11:38:20","modified_gmt":"2023-07-24T15:38:20","slug":"seniors-2","status":"publish","type":"page","link":"https:\/\/www.merkley.senate.gov\/es\/about\/issues\/seniors-2\/","title":{"rendered":"Mayores"},"content":{"rendered":"<div data-elementor-type=\"wp-page\" data-elementor-id=\"7633\" class=\"elementor elementor-7633\" data-elementor-post-type=\"page\">\n\t\t\t\t\t\t<section class=\"elementor-section elementor-top-section elementor-element elementor-element-5c02fc88 elementor-section-boxed elementor-section-height-default elementor-section-height-default\" data-id=\"5c02fc88\" data-element_type=\"section\" data-e-type=\"section\">\n\t\t\t\t\t\t<div class=\"elementor-container elementor-column-gap-default\">\n\t\t\t\t\t<div class=\"elementor-column elementor-col-100 elementor-top-column elementor-element elementor-element-438b0eb3\" data-id=\"438b0eb3\" data-element_type=\"column\" data-e-type=\"column\">\n\t\t\t<div class=\"elementor-widget-wrap elementor-element-populated\">\n\t\t\t\t\t\t<div class=\"elementor-element elementor-element-5f878ca8 elementor-widget elementor-widget-text-editor\" data-id=\"5f878ca8\" data-element_type=\"widget\" data-e-type=\"widget\" data-widget_type=\"text-editor.default\">\n\t\t\t\t<div class=\"elementor-widget-container\">\n\t\t\t\t\t\t\t\t\t\n<p>Hemos hecho promesas a nuestros adultos mayores que han cumplido durante d\u00e9cadas de arduo trabajo y que debemos cumplir con los adultos mayores hoy y ma\u00f1ana. Jeff cree que el Seguro Social y Medicare son un pacto con nuestros adultos mayores y ha luchado contra los intentos de privatizar o debilitar estos programas esenciales.<\/p>\n\t\t\t\t\t\t\t\t<\/div>\n\t\t\t\t<\/div>\n\t\t\t\t\t<\/div>\n\t\t<\/div>\n\t\t\t\t\t<\/div>\n\t\t<\/section>\n\t\t\t\t<section class=\"elementor-section elementor-top-section elementor-element elementor-element-5ef1480 elementor-section-boxed elementor-section-height-default elementor-section-height-default\" data-id=\"5ef1480\" data-element_type=\"section\" data-e-type=\"section\">\n\t\t\t\t\t\t<div class=\"elementor-container elementor-column-gap-default\">\n\t\t\t\t\t<div class=\"elementor-column elementor-col-100 elementor-top-column elementor-element elementor-element-7d9a445\" data-id=\"7d9a445\" data-element_type=\"column\" data-e-type=\"column\">\n\t\t\t<div class=\"elementor-widget-wrap elementor-element-populated\">\n\t\t\t\t\t\t<div class=\"elementor-element elementor-element-d2638be elementor-grid-1 elementor-posts--thumbnail-none elementor-grid-tablet-2 elementor-grid-mobile-1 elementor-widget elementor-widget-posts\" data-id=\"d2638be\" data-element_type=\"widget\" data-e-type=\"widget\" data-settings=\"{&quot;classic_columns&quot;:&quot;1&quot;,&quot;classic_row_gap&quot;:{&quot;unit&quot;:&quot;px&quot;,&quot;size&quot;:45,&quot;sizes&quot;:[]},&quot;pagination_type&quot;:&quot;numbers&quot;,&quot;classic_columns_tablet&quot;:&quot;2&quot;,&quot;classic_columns_mobile&quot;:&quot;1&quot;,&quot;classic_row_gap_laptop&quot;:{&quot;unit&quot;:&quot;px&quot;,&quot;size&quot;:&quot;&quot;,&quot;sizes&quot;:[]},&quot;classic_row_gap_tablet_extra&quot;:{&quot;unit&quot;:&quot;px&quot;,&quot;size&quot;:&quot;&quot;,&quot;sizes&quot;:[]},&quot;classic_row_gap_tablet&quot;:{&quot;unit&quot;:&quot;px&quot;,&quot;size&quot;:&quot;&quot;,&quot;sizes&quot;:[]},&quot;classic_row_gap_mobile_extra&quot;:{&quot;unit&quot;:&quot;px&quot;,&quot;size&quot;:&quot;&quot;,&quot;sizes&quot;:[]},&quot;classic_row_gap_mobile&quot;:{&quot;unit&quot;:&quot;px&quot;,&quot;size&quot;:&quot;&quot;,&quot;sizes&quot;:[]}}\" data-widget_type=\"posts.classic\">\n\t\t\t\t<div class=\"elementor-widget-container\">\n\t\t\t\t\t\t\t<div class=\"elementor-posts-container elementor-posts elementor-posts--skin-classic elementor-grid\" role=\"list\">\n\t\t\t\t<article class=\"elementor-post elementor-grid-item post-24136 post type-post status-publish format-standard has-post-thumbnail hentry category-press-releases tag-bipartisan-actions tag-budget tag-seniors\" role=\"listitem\">\n\t\t\t\t<div class=\"elementor-post__text\">\n\t\t\t\t<h2 class=\"elementor-post__title\">\n\t\t\t<a href=\"https:\/\/www.merkley.senate.gov\/es\/wyden-merkley-join-colleagues-in-introducing-bipartisan-bill-to-update-expand-lifeline-benefits-for-seniors-americans-with-disabilities\/\" >\n\t\t\t\tWyden, Merkley Join Colleagues in Introducing Bipartisan Bill to Update, Expand Lifeline Benefits for Seniors, Americans with Disabilities\t\t\t<\/a>\n\t\t<\/h2>\n\t\t\t\t<div class=\"elementor-post__meta-data\">\n\t\t\t\t\t<span class=\"elementor-post-date\">\n\t\t\tMarch 11, 2026\t\t<\/span>\n\t\t\t\t<\/div>\n\t\t\t\t<div class=\"elementor-post__excerpt\">\n\t\t\t<p>Washington, D.C. \u2013 U.S. Senators Ron Wyden and Jeff Merkley today joined their colleagues in introducing a bipartisan bill that would strengthen critical Supplemental Security Income (SSI)\u00a0 benefits that support nearly 8 million seniors and people with disabilities, including over 80,000 Oregonians.\u00a0 The Supplemental Security Income Restoration Act would make<\/p>\n\t\t<\/div>\n\t\t\n\t\t<a class=\"elementor-post__read-more\" href=\"https:\/\/www.merkley.senate.gov\/es\/wyden-merkley-join-colleagues-in-introducing-bipartisan-bill-to-update-expand-lifeline-benefits-for-seniors-americans-with-disabilities\/\" aria-label=\"Read more about Wyden, Merkley Join Colleagues in Introducing Bipartisan Bill to Update, Expand Lifeline Benefits for Seniors, Americans with Disabilities\" tabindex=\"-1\" >\n\t\t\t<i aria-hidden=\"true\" class=\"fal fa-chevron-circle-right\"><\/i>\t\t<\/a>\n\n\t\t\t\t<\/div>\n\t\t\t\t<\/article>\n\t\t\t\t<article class=\"elementor-post elementor-grid-item post-23407 post type-post status-publish format-standard hentry category-press-releases tag-agriculture tag-budget tag-health-care tag-seniors\" role=\"listitem\">\n\t\t\t\t<div class=\"elementor-post__text\">\n\t\t\t\t<h2 class=\"elementor-post__title\">\n\t\t\t<a href=\"https:\/\/www.merkley.senate.gov\/es\/merkley-wyden-fighting-to-reverse-snap-cuts-and-restore-food-security-for-millions-of-americans\/\" >\n\t\t\t\tMerkley y Wyden luchan para revertir los recortes del SNAP y restaurar la seguridad alimentaria de millones de estadounidenses.\t\t\t<\/a>\n\t\t<\/h2>\n\t\t\t\t<div class=\"elementor-post__meta-data\">\n\t\t\t\t\t<span class=\"elementor-post-date\">\n\t\t\t25 de noviembre de 2025\t\t<\/span>\n\t\t\t\t<\/div>\n\t\t\t\t<div class=\"elementor-post__excerpt\">\n\t\t\t<p>Washington, DC \u2013 Despu\u00e9s de que Trump y los republicanos del Congreso aprobaron a principios de este a\u00f1o su &quot;Gran y Fea TRAICI\u00d3N&quot; de un proyecto de ley de presupuesto que dejar\u00e1 a millones de familias pasando hambre, el senador estadounidense de Oreg\u00f3n Jeff Merkley lider\u00f3 a todo el Caucus Dem\u00f3crata del Senado, incluido el senador estadounidense de Oreg\u00f3n Ron Wyden, en la presentaci\u00f3n de la Restauraci\u00f3n de la Seguridad Alimentaria para las Familias Estadounidenses.<\/p>\n\t\t<\/div>\n\t\t\n\t\t<a class=\"elementor-post__read-more\" href=\"https:\/\/www.merkley.senate.gov\/es\/merkley-wyden-fighting-to-reverse-snap-cuts-and-restore-food-security-for-millions-of-americans\/\" aria-label=\"Read more about Merkley, Wyden Fighting to Reverse SNAP Cuts and Restore Food Security for Millions of Americans\" tabindex=\"-1\" >\n\t\t\t<i aria-hidden=\"true\" class=\"fal fa-chevron-circle-right\"><\/i>\t\t<\/a>\n\n\t\t\t\t<\/div>\n\t\t\t\t<\/article>\n\t\t\t\t<article class=\"elementor-post elementor-grid-item post-23384 post type-post status-publish format-standard has-post-thumbnail hentry category-press-releases tag-agriculture tag-budget tag-health-care tag-seniors\" role=\"listitem\">\n\t\t\t\t<div class=\"elementor-post__text\">\n\t\t\t\t<h2 class=\"elementor-post__title\">\n\t\t\t<a href=\"https:\/\/www.merkley.senate.gov\/es\/lujan-schumer-klobuchar-merkley-hayes-craig-lead-congressional-democrats-in-introducing-legislation-to-reverse-snap-cuts-and-restore-food-security-for-millions-of-americans\/\" >\n\t\t\t\tLuj\u00e1n, Schumer, Klobuchar, Merkley, Hayes, Craig Lead Congressional Democrats in Introducing Legislation to Reverse SNAP Cuts and Restore Food Security for Millions of Americans\t\t\t<\/a>\n\t\t<\/h2>\n\t\t\t\t<div class=\"elementor-post__meta-data\">\n\t\t\t\t\t<span class=\"elementor-post-date\">\n\t\t\tNovember 20, 2025\t\t<\/span>\n\t\t\t\t<\/div>\n\t\t\t\t<div class=\"elementor-post__excerpt\">\n\t\t\t<p>Bicameral Introduction Follows Trump Administration\u2019s Shutdown Chaos and Effort to Strip Food Assistance WATCH: Senator Luj\u00e1n Hosts Press Conference Announcing his SNAP Legislation Washington, D.C. \u2013 Today, U.S. Senator Ben Ray Luj\u00e1n (D-N.M.), Ranking Member of the Senate Agriculture Committee\u2019s Subcommittee on Food and Nutrition, Specialty Crops, Organics, and Research,<\/p>\n\t\t<\/div>\n\t\t\n\t\t<a class=\"elementor-post__read-more\" href=\"https:\/\/www.merkley.senate.gov\/es\/lujan-schumer-klobuchar-merkley-hayes-craig-lead-congressional-democrats-in-introducing-legislation-to-reverse-snap-cuts-and-restore-food-security-for-millions-of-americans\/\" aria-label=\"Read more about Luj\u00e1n, Schumer, Klobuchar, Merkley, Hayes, Craig Lead Congressional Democrats in Introducing Legislation to Reverse SNAP Cuts and Restore Food Security for Millions of Americans\" tabindex=\"-1\" >\n\t\t\t<i aria-hidden=\"true\" class=\"fal fa-chevron-circle-right\"><\/i>\t\t<\/a>\n\n\t\t\t\t<\/div>\n\t\t\t\t<\/article>\n\t\t\t\t<article class=\"elementor-post elementor-grid-item post-23306 post type-post status-publish format-standard has-post-thumbnail hentry category-press-releases tag-agriculture tag-delivering-for-oregon tag-health-care tag-seniors\" role=\"listitem\">\n\t\t\t\t<div class=\"elementor-post__text\">\n\t\t\t\t<h2 class=\"elementor-post__title\">\n\t\t\t<a href=\"https:\/\/www.merkley.senate.gov\/es\/wyden-merkley-introduce-bill-to-support-snap-recipients-during-trump-government-shutdown\/\" >\n\t\t\t\tWyden y Merkley presentan un proyecto de ley para apoyar a los beneficiarios del SNAP durante el cierre del gobierno de Trump.\t\t\t<\/a>\n\t\t<\/h2>\n\t\t\t\t<div class=\"elementor-post__meta-data\">\n\t\t\t\t\t<span class=\"elementor-post-date\">\n\t\t\t6 de noviembre de 2025\t\t<\/span>\n\t\t\t\t<\/div>\n\t\t\t\t<div class=\"elementor-post__excerpt\">\n\t\t\t<p>Tras informes que indican que la administraci\u00f3n Trump intenta impedir que los supermercados de Oreg\u00f3n y de todo el pa\u00eds ofrezcan descuentos a los beneficiarios del programa SNAP durante el cierre del gobierno, Washington, D.C. \u2013 Los senadores estadounidenses de Oreg\u00f3n, Ron Wyden y Jeff Merkley, presentaron hoy un proyecto de ley que permitir\u00eda a los supermercados de todo el pa\u00eds ofrecer descuentos de forma voluntaria.<\/p>\n\t\t<\/div>\n\t\t\n\t\t<a class=\"elementor-post__read-more\" href=\"https:\/\/www.merkley.senate.gov\/es\/wyden-merkley-introduce-bill-to-support-snap-recipients-during-trump-government-shutdown\/\" aria-label=\"Read more about Wyden, Merkley Introduce Bill to Support SNAP Recipients During Trump Government Shutdown\" tabindex=\"-1\" >\n\t\t\t<i aria-hidden=\"true\" class=\"fal fa-chevron-circle-right\"><\/i>\t\t<\/a>\n\n\t\t\t\t<\/div>\n\t\t\t\t<\/article>\n\t\t\t\t<article class=\"elementor-post elementor-grid-item post-23287 post type-post status-publish format-standard has-post-thumbnail hentry category-press-releases tag-agriculture tag-health-care tag-seniors\" role=\"listitem\">\n\t\t\t\t<div class=\"elementor-post__text\">\n\t\t\t\t<h2 class=\"elementor-post__title\">\n\t\t\t<a href=\"https:\/\/www.merkley.senate.gov\/es\/merkley-blasts-senate-republicans-for-make-america-hungry-agenda\/\" >\n\t\t\t\tMerkley arremete contra los senadores republicanos por su &quot;agenda para hacer hambriento a Estados Unidos&quot;.\t\t\t<\/a>\n\t\t<\/h2>\n\t\t\t\t<div class=\"elementor-post__meta-data\">\n\t\t\t\t\t<span class=\"elementor-post-date\">\n\t\t\t3 de noviembre de 2025\t\t<\/span>\n\t\t\t\t<\/div>\n\t\t\t\t<div class=\"elementor-post__excerpt\">\n\t\t\t<p>Resoluci\u00f3n de Merkley y Schumer que exige a Trump evitar que millones de estadounidenses pasen hambre, bloqueada en el Senado. Washington, D.C. \u2013 El senador estadounidense por Oreg\u00f3n, Jeff Merkley, denunci\u00f3 hoy a los republicanos del Senado por bloquear su resoluci\u00f3n, presentada junto con el l\u00edder de la minor\u00eda dem\u00f3crata en el Senado, Chuck Schumer (D-NY), que obliga al presidente Trump a utilizar de inmediato todos los fondos aprobados por el Congreso para evitar que las familias pasen hambre. \u201cEl presidente Trump ha<\/p>\n\t\t<\/div>\n\t\t\n\t\t<a class=\"elementor-post__read-more\" href=\"https:\/\/www.merkley.senate.gov\/es\/merkley-blasts-senate-republicans-for-make-america-hungry-agenda\/\" aria-label=\"Read more about Merkley Blasts Senate Republicans for \u2018Make America Hungry Agenda\u2019\" tabindex=\"-1\" >\n\t\t\t<i aria-hidden=\"true\" class=\"fal fa-chevron-circle-right\"><\/i>\t\t<\/a>\n\n\t\t\t\t<\/div>\n\t\t\t\t<\/article>\n\t\t\t\t<article class=\"elementor-post elementor-grid-item post-23283 post type-post status-publish format-standard has-post-thumbnail hentry category-press-releases tag-agriculture tag-health-care tag-seniors\" role=\"listitem\">\n\t\t\t\t<div class=\"elementor-post__text\">\n\t\t\t\t<h2 class=\"elementor-post__title\">\n\t\t\t<a href=\"https:\/\/www.merkley.senate.gov\/es\/merkley-schumer-bonamici-hayes-44-senate-democrats-pressure-trump-senate-republicans-to-fully-turn-on-nutrition-assistance-for-millions\/\" >\n\t\t\t\tMerkley, Schumer, Bonamici, Hayes, 44 Senate Democrats\u00a0Pressure Trump, Senate Republicans to Fully Turn on Nutrition Assistance for Millions\t\t\t<\/a>\n\t\t<\/h2>\n\t\t\t\t<div class=\"elementor-post__meta-data\">\n\t\t\t\t\t<span class=\"elementor-post-date\">\n\t\t\t3 de noviembre de 2025\t\t<\/span>\n\t\t\t\t<\/div>\n\t\t\t\t<div class=\"elementor-post__excerpt\">\n\t\t\t<p>Merkley, Schumer lead Senate&nbsp;resolution demanding&nbsp;Trump&nbsp;to open resources for millions of Americans Washington, D.C. \u2013 After benefits from the Supplemental Nutrition Assistance Program (SNAP) for&nbsp;roughly 42 million Americans were&nbsp;stopped over the weekend due to the ongoing Republican-led government shutdown,&nbsp;Oregon\u2019s U.S. Senator Jeff Merkley and Senate Democratic Leader Chuck Schumer (D-NY) today<\/p>\n\t\t<\/div>\n\t\t\n\t\t<a class=\"elementor-post__read-more\" href=\"https:\/\/www.merkley.senate.gov\/es\/merkley-schumer-bonamici-hayes-44-senate-democrats-pressure-trump-senate-republicans-to-fully-turn-on-nutrition-assistance-for-millions\/\" aria-label=\"Read more about Merkley, Schumer, Bonamici, Hayes, 44 Senate Democrats\u00a0Pressure Trump, Senate Republicans to Fully Turn on Nutrition Assistance for Millions\" tabindex=\"-1\" >\n\t\t\t<i aria-hidden=\"true\" class=\"fal fa-chevron-circle-right\"><\/i>\t\t<\/a>\n\n\t\t\t\t<\/div>\n\t\t\t\t<\/article>\n\t\t\t\t<\/div>\n\t\t\n\t\t\t\t<div class=\"e-load-more-anchor\" data-page=\"1\" data-max-page=\"12\" data-next-page=\"https:\/\/www.merkley.senate.gov\/es\/wp-json\/wp\/v2\/pages\/7633\/page\/2\/\"><\/div>\n\t\t\t\t<nav class=\"elementor-pagination\" aria-label=\"Pagination\">\n\t\t\t<span aria-current=\"page\" class=\"page-numbers current\"><span class=\"elementor-screen-only\">P\u00e1gina<\/span>1<\/span>\n<a class=\"page-numbers\" href=\"https:\/\/www.merkley.senate.gov\/es\/wp-json\/wp\/v2\/pages\/7633\/page\/2\/\"><span class=\"elementor-screen-only\">P\u00e1gina<\/span>2<\/a>\n<a class=\"page-numbers\" href=\"https:\/\/www.merkley.senate.gov\/es\/wp-json\/wp\/v2\/pages\/7633\/page\/3\/\"><span class=\"elementor-screen-only\">P\u00e1gina<\/span>3<\/a>\n<a class=\"page-numbers\" href=\"https:\/\/www.merkley.senate.gov\/es\/wp-json\/wp\/v2\/pages\/7633\/page\/4\/\"><span class=\"elementor-screen-only\">P\u00e1gina<\/span>4<\/a>\n<a class=\"page-numbers\" href=\"https:\/\/www.merkley.senate.gov\/es\/wp-json\/wp\/v2\/pages\/7633\/page\/5\/\"><span class=\"elementor-screen-only\">P\u00e1gina<\/span>5<\/a>\t\t<\/nav>\n\t\t\t\t\t\t<\/div>\n\t\t\t\t<\/div>\n\t\t\t\t\t<\/div>\n\t\t<\/div>\n\t\t\t\t\t<\/div>\n\t\t<\/section>\n\t\t\t\t<\/div>","protected":false},"excerpt":{"rendered":"<p>Hemos hecho promesas a nuestros adultos mayores que han cumplido durante d\u00e9cadas de arduo trabajo y que debemos cumplir con los adultos mayores hoy y ma\u00f1ana. Jeff cree que el Seguro Social y Medicare son un pacto con nuestros adultos mayores y ha luchado contra los intentos de privatizar o debilitar estos programas esenciales.<\/p>","protected":false},"author":1,"featured_media":0,"parent":7298,"menu_order":0,"comment_status":"closed","ping_status":"closed","template":"","meta":{"_acf_changed":false,"inline_featured_image":false,"footnotes":""},"class_list":["post-7633","page","type-page","status-publish","hentry"],"acf":[],"yoast_head":"<!-- This site is optimized with the Yoast SEO plugin v27.2 - https:\/\/yoast.com\/product\/yoast-seo-wordpress\/ -->\n<title>Seniors - Merkley<\/title>\n<meta name=\"robots\" content=\"index, follow, max-snippet:-1, max-image-preview:large, max-video-preview:-1\" \/>\n<link rel=\"canonical\" href=\"https:\/\/www.merkley.senate.gov\/es\/about\/issues\/seniors-2\/\" \/>\n<meta property=\"og:locale\" content=\"es_MX\" \/>\n<meta property=\"og:type\" content=\"article\" \/>\n<meta property=\"og:title\" content=\"Seniors - Merkley\" \/>\n<meta property=\"og:description\" content=\"We have made promises to our seniors that they have honored through decades of hard work, and that we must keep to seniors today and tomorrow. Jeff believes that Social Security and Medicare are a covenant with our seniors, and has fought against efforts to privatize or weaken these essential programs.\" \/>\n<meta property=\"og:url\" content=\"https:\/\/www.merkley.senate.gov\/es\/about\/issues\/seniors-2\/\" \/>\n<meta property=\"og:site_name\" content=\"Merkley\" \/>\n<meta property=\"article:modified_time\" content=\"2023-07-24T15:38:20+00:00\" \/>\n<meta name=\"twitter:card\" content=\"summary_large_image\" \/>\n<meta name=\"twitter:label1\" content=\"Est. reading time\" \/>\n\t<meta name=\"twitter:data1\" content=\"3 minutes\" \/>\n<script type=\"application\/ld+json\" class=\"yoast-schema-graph\">{\"@context\":\"https:\/\/schema.org\",\"@graph\":[{\"@type\":\"WebPage\",\"@id\":\"https:\/\/www.merkley.senate.gov\/about\/issues\/seniors-2\/\",\"url\":\"https:\/\/www.merkley.senate.gov\/about\/issues\/seniors-2\/\",\"name\":\"Seniors - Merkley\",\"isPartOf\":{\"@id\":\"https:\/\/www.merkley.senate.gov\/#website\"},\"datePublished\":\"2023-07-19T19:23:14+00:00\",\"dateModified\":\"2023-07-24T15:38:20+00:00\",\"breadcrumb\":{\"@id\":\"https:\/\/www.merkley.senate.gov\/about\/issues\/seniors-2\/#breadcrumb\"},\"inLanguage\":\"es-MX\",\"potentialAction\":[{\"@type\":\"ReadAction\",\"target\":[\"https:\/\/www.merkley.senate.gov\/about\/issues\/seniors-2\/\"]}]},{\"@type\":\"BreadcrumbList\",\"@id\":\"https:\/\/www.merkley.senate.gov\/about\/issues\/seniors-2\/#breadcrumb\",\"itemListElement\":[{\"@type\":\"ListItem\",\"position\":1,\"name\":\"Home\",\"item\":\"https:\/\/www.merkley.senate.gov\/\"},{\"@type\":\"ListItem\",\"position\":2,\"name\":\"About Jeff\",\"item\":\"https:\/\/www.merkley.senate.gov\/about\/\"},{\"@type\":\"ListItem\",\"position\":3,\"name\":\"Issues\",\"item\":\"https:\/\/www.merkley.senate.gov\/about\/issues\/\"},{\"@type\":\"ListItem\",\"position\":4,\"name\":\"Seniors\"}]},{\"@type\":\"WebSite\",\"@id\":\"https:\/\/www.merkley.senate.gov\/#website\",\"url\":\"https:\/\/www.merkley.senate.gov\/\",\"name\":\"Merkley\",\"description\":\"Merkley\",\"potentialAction\":[{\"@type\":\"SearchAction\",\"target\":{\"@type\":\"EntryPoint\",\"urlTemplate\":\"https:\/\/www.merkley.senate.gov\/?s={search_term_string}\"},\"query-input\":{\"@type\":\"PropertyValueSpecification\",\"valueRequired\":true,\"valueName\":\"search_term_string\"}}],\"inLanguage\":\"es-MX\"}]}<\/script>\n<!-- \/ Yoast SEO plugin. -->","yoast_head_json":{"title":"Seniors - Merkley","robots":{"index":"index","follow":"follow","max-snippet":"max-snippet:-1","max-image-preview":"max-image-preview:large","max-video-preview":"max-video-preview:-1"},"canonical":"https:\/\/www.merkley.senate.gov\/es\/about\/issues\/seniors-2\/","og_locale":"es_MX","og_type":"article","og_title":"Seniors - Merkley","og_description":"We have made promises to our seniors that they have honored through decades of hard work, and that we must keep to seniors today and tomorrow. Jeff believes that Social Security and Medicare are a covenant with our seniors, and has fought against efforts to privatize or weaken these essential programs.","og_url":"https:\/\/www.merkley.senate.gov\/es\/about\/issues\/seniors-2\/","og_site_name":"Merkley","article_modified_time":"2023-07-24T15:38:20+00:00","twitter_card":"summary_large_image","twitter_misc":{"Est. reading time":"3 minutes"},"schema":{"@context":"https:\/\/schema.org","@graph":[{"@type":"WebPage","@id":"https:\/\/www.merkley.senate.gov\/about\/issues\/seniors-2\/","url":"https:\/\/www.merkley.senate.gov\/about\/issues\/seniors-2\/","name":"Seniors - Merkley","isPartOf":{"@id":"https:\/\/www.merkley.senate.gov\/#website"},"datePublished":"2023-07-19T19:23:14+00:00","dateModified":"2023-07-24T15:38:20+00:00","breadcrumb":{"@id":"https:\/\/www.merkley.senate.gov\/about\/issues\/seniors-2\/#breadcrumb"},"inLanguage":"es-MX","potentialAction":[{"@type":"ReadAction","target":["https:\/\/www.merkley.senate.gov\/about\/issues\/seniors-2\/"]}]},{"@type":"BreadcrumbList","@id":"https:\/\/www.merkley.senate.gov\/about\/issues\/seniors-2\/#breadcrumb","itemListElement":[{"@type":"ListItem","position":1,"name":"Home","item":"https:\/\/www.merkley.senate.gov\/"},{"@type":"ListItem","position":2,"name":"About Jeff","item":"https:\/\/www.merkley.senate.gov\/about\/"},{"@type":"ListItem","position":3,"name":"Issues","item":"https:\/\/www.merkley.senate.gov\/about\/issues\/"},{"@type":"ListItem","position":4,"name":"Seniors"}]},{"@type":"WebSite","@id":"https:\/\/www.merkley.senate.gov\/#website","url":"https:\/\/www.merkley.senate.gov\/","name":"merkley","description":"merkley","potentialAction":[{"@type":"SearchAction","target":{"@type":"EntryPoint","urlTemplate":"https:\/\/www.merkley.senate.gov\/?s={search_term_string}"},"query-input":{"@type":"PropertyValueSpecification","valueRequired":true,"valueName":"search_term_string"}}],"inLanguage":"es-MX"}]}},"_links":{"self":[{"href":"https:\/\/www.merkley.senate.gov\/es\/wp-json\/wp\/v2\/pages\/7633","targetHints":{"allow":["GET"]}}],"collection":[{"href":"https:\/\/www.merkley.senate.gov\/es\/wp-json\/wp\/v2\/pages"}],"about":[{"href":"https:\/\/www.merkley.senate.gov\/es\/wp-json\/wp\/v2\/types\/page"}],"author":[{"embeddable":true,"href":"https:\/\/www.merkley.senate.gov\/es\/wp-json\/wp\/v2\/users\/1"}],"replies":[{"embeddable":true,"href":"https:\/\/www.merkley.senate.gov\/es\/wp-json\/wp\/v2\/comments?post=7633"}],"version-history":[{"count":7,"href":"https:\/\/www.merkley.senate.gov\/es\/wp-json\/wp\/v2\/pages\/7633\/revisions"}],"predecessor-version":[{"id":16682,"href":"https:\/\/www.merkley.senate.gov\/es\/wp-json\/wp\/v2\/pages\/7633\/revisions\/16682"}],"up":[{"embeddable":true,"href":"https:\/\/www.merkley.senate.gov\/es\/wp-json\/wp\/v2\/pages\/7298"}],"wp:attachment":[{"href":"https:\/\/www.merkley.senate.gov\/es\/wp-json\/wp\/v2\/media?parent=7633"}],"curies":[{"name":"wp","href":"https:\/\/api.w.org\/{rel}","templated":true}]}}