{"id":7635,"date":"2023-07-19T15:24:50","date_gmt":"2023-07-19T19:24:50","guid":{"rendered":"https:\/\/www.merkley.senate.gov\/?page_id=7635"},"modified":"2023-07-24T11:39:18","modified_gmt":"2023-07-24T15:39:18","slug":"student-loan-repayment-resources","status":"publish","type":"page","link":"https:\/\/www.merkley.senate.gov\/es\/about\/issues\/student-loan-repayment-resources\/","title":{"rendered":"Recursos para el pago de pr\u00e9stamos estudiantiles"},"content":{"rendered":"<div data-elementor-type=\"wp-page\" data-elementor-id=\"7635\" class=\"elementor elementor-7635\" data-elementor-post-type=\"page\">\n\t\t\t\t\t\t<section class=\"elementor-section elementor-top-section elementor-element elementor-element-3d3113db elementor-section-boxed elementor-section-height-default elementor-section-height-default\" data-id=\"3d3113db\" data-element_type=\"section\" data-e-type=\"section\">\n\t\t\t\t\t\t<div class=\"elementor-container elementor-column-gap-default\">\n\t\t\t\t\t<div class=\"elementor-column elementor-col-100 elementor-top-column elementor-element elementor-element-65d8071a\" data-id=\"65d8071a\" data-element_type=\"column\" data-e-type=\"column\">\n\t\t\t<div class=\"elementor-widget-wrap elementor-element-populated\">\n\t\t\t\t\t\t<div class=\"elementor-element elementor-element-17ac0e83 elementor-widget elementor-widget-text-editor\" data-id=\"17ac0e83\" data-element_type=\"widget\" data-e-type=\"widget\" data-widget_type=\"text-editor.default\">\n\t\t\t\t<div class=\"elementor-widget-container\">\n\t\t\t\t\t\t\t\t\t\n<p>El 24 de agosto de 2022, la administraci\u00f3n de Biden anunci\u00f3 un plan de tres partes para ayudar a los prestatarios de pr\u00e9stamos estudiantiles federales, que incluye:\u00a0<\/p>\n\n<ul class=\"wp-block-list\">\n<li>Condonaci\u00f3n de pr\u00e9stamos de hasta $20,000 a los beneficiarios de la Beca Pell y $10,000 en cancelaci\u00f3n de deuda a los no beneficiarios de la Beca Pell para personas que ganan menos de $125,000 por a\u00f1o y parejas casadas que ganan menos de $250,000 por a\u00f1o. Los pr\u00e9stamos Parent Plus tambi\u00e9n se incluyen como pr\u00e9stamos calificados en este alivio de la deuda.\u00a0<\/li>\n\n<li>Una extensi\u00f3n de pausa en el pago de pr\u00e9stamos estudiantiles federales hasta el 31 de diciembre de 2022.\u00a0<\/li>\n<\/ul>\n\n<ul class=\"wp-block-list\">\n<li>Haga que el sistema de pr\u00e9stamos actual sea m\u00e1s manejable para los prestatarios actuales y futuros al:\u00a0<\/li>\n<\/ul>\n\n<ul class=\"wp-block-list\">\n<li>Hacer que los pagos de pr\u00e9stamos sean asequibles al limitar los pagos a 5% de los ingresos de una persona.\u00a0<\/li>\n\n<li>Arreglando el programa de Condonaci\u00f3n de Pr\u00e9stamos por Servicio P\u00fablico (PSLF) para garantizar que nuestros servidores p\u00fablicos reciban la condonaci\u00f3n de pr\u00e9stamos adecuada, algo que la Senadora Merkley ha liderado la reforma.\u00a0<\/li>\n<\/ul>\n\n<ul class=\"wp-block-list\">\n<li>Protecciones para futuros estudiantes y contribuyentes, incluida la reducci\u00f3n del costo de la educaci\u00f3n superior y mecanismos de rendici\u00f3n de cuentas para que las escuelas rindan cuentas cuando suben los precios.\u00a0\u00a0<\/li>\n<\/ul>\n\n<p>El Senador Merkley aplaude esta acci\u00f3n como un paso adelante y un catalizador para futuras reformas. Una universidad asequible para cada estudiante producir\u00e1 un futuro m\u00e1s pr\u00f3spero para todos.\u00a0<a href=\"https:\/\/www.merkley.senate.gov\/es\/news\/press-releases\/merkley-statement-on-potus-student-loan-debt-cancellation-repayment-pause-extension\/\" target=\"_blank\" rel=\"noreferrer noopener\">Vea la declaraci\u00f3n completa del Senador Merkley sobre el anuncio de la administraci\u00f3n Biden sobre la deuda de pr\u00e9stamos estudiantiles.<\/a>\u00a0<\/p>\n\n<p><strong>Recursos:<\/strong><\/p>\n\n<p><a href=\"https:\/\/studentaid.gov\/debt-relief\/application\">Portal de solicitud de alivio de la deuda estudiantil<\/a><\/p>\n\n<p><a href=\"https:\/\/studentaid.gov\/\" target=\"_blank\" rel=\"noreferrer noopener\">Oficina Federal de Ayuda Estudiantil, parte del Departamento de Educaci\u00f3n de EE. UU.<\/a>\u00a0<\/p>\n\n<p><a href=\"https:\/\/studentaid.gov\/debt-relief-announcement\/\" target=\"_blank\" rel=\"noreferrer noopener\">Informaci\u00f3n sobre el alivio de la deuda estudiantil federal del Departamento de Educaci\u00f3n de EE. UU.<\/a>\u00a0<\/p>\n\n<p><a href=\"https:\/\/www.whitehouse.gov\/briefing-room\/statements-releases\/2022\/08\/24\/fact-sheet-president-biden-announces-student-loan-relief-for-borrowers-who-need-it-most\/\" target=\"_blank\" rel=\"noreferrer noopener\">Hoja informativa sobre el alivio de pr\u00e9stamos estudiantiles de la Casa Blanca<\/a>\u00a0<\/p>\n\n<figure class=\"wp-block-image size-large\"><img fetchpriority=\"high\" decoding=\"async\" width=\"1024\" height=\"1024\" class=\"wp-image-7636 aligncenter\" src=\"https:\/\/www.merkley.senate.gov\/wp-content\/uploads\/2023\/07\/download-1024x1024.png\" alt=\"\" srcset=\"https:\/\/www.merkley.senate.gov\/wp-content\/uploads\/2023\/07\/download-1024x1024.png 1024w, https:\/\/www.merkley.senate.gov\/wp-content\/uploads\/2023\/07\/download-300x300.png 300w, https:\/\/www.merkley.senate.gov\/wp-content\/uploads\/2023\/07\/download-150x150.png 150w, https:\/\/www.merkley.senate.gov\/wp-content\/uploads\/2023\/07\/download-768x768.png 768w, https:\/\/www.merkley.senate.gov\/wp-content\/uploads\/2023\/07\/download-1536x1536.png 1536w, https:\/\/www.merkley.senate.gov\/wp-content\/uploads\/2023\/07\/download-12x12.png 12w, https:\/\/www.merkley.senate.gov\/wp-content\/uploads\/2023\/07\/download.png 1600w\" sizes=\"(max-width: 1024px) 100vw, 1024px\" \/><\/figure>\n\n<h2 class=\"wp-block-heading\">Actualizaci\u00f3n de octubre de 2022 sobre la solicitud de alivio de la deuda estudiantil de la administraci\u00f3n Biden-Harris<\/h2>\n\n<p>Esta semana, la Administraci\u00f3n Biden-Harris present\u00f3 una vista previa del formulario de solicitud de alivio de la deuda de pr\u00e9stamos estudiantiles. Esto es lo que necesita saber:<\/p>\n\n<ul class=\"wp-block-list\">\n<li>La aplicaci\u00f3n estar\u00e1 disponible a finales de este mes.<\/li>\n\n<li>Es corto, simple, gratuito y estar\u00e1 disponible en l\u00ednea en una URL \u201c.gov\u201d.<\/li>\n\n<li>No necesita iniciar sesi\u00f3n ni proporcionar ning\u00fan documento para aplicar.<\/li>\n\n<li>Federal Student Aid se comunicar\u00e1 directamente una vez que haya enviado su solicitud si necesita proporcionar informaci\u00f3n adicional.<\/li>\n\n<li>Podr\u00e1 completar la solicitud tanto en dispositivos m\u00f3viles como de escritorio.<\/li>\n\n<li>La aplicaci\u00f3n estar\u00e1 disponible en ingl\u00e9s y espa\u00f1ol cuando est\u00e9 disponible.\n<ul class=\"wp-block-list\">\n<li>NOTA: tambi\u00e9n habr\u00e1 asistencia, v\u00eda telef\u00f3nica, para traducir la aplicaci\u00f3n en idiomas distintos al ingl\u00e9s y espa\u00f1ol.<\/li>\n\n<li>El per\u00edodo de solicitud se extender\u00e1 desde octubre de 2022 hasta el 31 de diciembre de 2023.<\/li>\n\n<li>Se alienta a los prestatarios a enviar la solicitud antes del 15 de noviembre de 2022 para recibir la condonaci\u00f3n en el momento en que se reinician los pagos de pr\u00e9stamos estudiantiles el 1 de enero de 2023.<\/li>\n\n<li>Para ser el primero en ser notificado cuando la solicitud de alivio de la deuda estudiantil est\u00e9 disponible, reg\u00edstrese para recibir actualizaciones en\u00a0<a href=\"http:\/\/studentaid.gov\/DebtRelief\">http:\/\/StudentAid.gov\/DebtRelief<\/a>.<\/li>\n<\/ul>\n<\/li>\n<\/ul>\n\n<p><a href=\"https:\/\/lnks.gd\/l\/eyJhbGciOiJIUzI1NiJ9.eyJidWxsZXRpbl9saW5rX2lkIjoxMDEsInVyaSI6ImJwMjpjbGljayIsImJ1bGxldGluX2lkIjoiMjAyMjEwMTIuNjUwNDQ4MjEiLCJ1cmwiOiJodHRwczovL3R3aXR0ZXIuY29tL1doaXRlSG91c2Uvc3RhdHVzLzE1Nzk4NjQ0Mzc3NDk1MzA2MjQ_cz0yMCZ0PW9BdlI0WnptcjBKbHEyZWdUb3FpZ0EmdXRtX2NvbnRlbnQ9JnV0bV9tZWRpdW09ZW1haWwmdXRtX25hbWU9JnV0bV9zb3VyY2U9Z292ZGVsaXZlcnkmdXRtX3Rlcm09In0.9xFRuwdWt48Xeoj2GG6EDuNMFi71nVk0k6Zfv4rZLBs\/s\/2894548228\/br\/145791632707-l\"><strong>Puede ver la vista previa de la aplicaci\u00f3n aqu\u00ed.<\/strong><\/a><\/p>\n\n<h2 class=\"wp-block-heading\">Actualizaci\u00f3n de septiembre de 2022 sobre el plan de alivio de la deuda estudiantil de la administraci\u00f3n Biden-Harris<\/h2>\n\n<h3 class=\"wp-block-heading\">En agosto de 2022, el presidente Biden anunci\u00f3 que su administraci\u00f3n\u00a0<a href=\"https:\/\/studentaid.gov\/debt-relief-announcement\/one-time-cancellation\">plan para proporcionar alivio de la deuda estudiantil a los prestatarios elegibles<\/a>\u00a0y dar a los estadounidenses trabajadores y de clase media m\u00e1s espacio para respirar.<\/h3>\n\n<p><strong>\u00bfQui\u00e9n es elegible?<\/strong><\/p>\n\n<p>Eres\u00a0<a href=\"https:\/\/lnks.gd\/l\/eyJhbGciOiJIUzI1NiJ9.eyJidWxsZXRpbl9saW5rX2lkIjoxMDEsInVyaSI6ImJwMjpjbGljayIsImJ1bGxldGluX2lkIjoiMjAyMjA5MjkuNjQ0MDY5NjEiLCJ1cmwiOiJodHRwczovL3N0dWRlbnRhaWQuZ292L2RlYnQtcmVsaWVmLWFubm91bmNlbWVudC9vbmUtdGltZS1jYW5jZWxsYXRpb24_dXRtX2NvbnRlbnQ9JnV0bV9tZWRpdW09ZW1haWwmdXRtX25hbWU9JnV0bV9zb3VyY2U9Z292ZGVsaXZlcnkmdXRtX3Rlcm09In0.YX1Mz66z9ZrXpRWogsk_auCyT2SuUIW1DJUXS2ZJYso\/s\/2894548228\/br\/144915032378-l\">elegible<\/a>\u00a0si usted tiene\u00a0<a href=\"https:\/\/lnks.gd\/l\/eyJhbGciOiJIUzI1NiJ9.eyJidWxsZXRpbl9saW5rX2lkIjoxMDIsInVyaSI6ImJwMjpjbGljayIsImJ1bGxldGluX2lkIjoiMjAyMjA5MjkuNjQ0MDY5NjEiLCJ1cmwiOiJodHRwczovL3N0dWRlbnRhaWQuZ292L2RlYnQtcmVsaWVmLWFubm91bmNlbWVudC9vbmUtdGltZS1jYW5jZWxsYXRpb24_dXRtX2NvbnRlbnQ9JnV0bV9tZWRpdW09ZW1haWwmdXRtX25hbWU9JnV0bV9zb3VyY2U9Z292ZGVsaXZlcnkmdXRtX3Rlcm09In0.i169xcTtaw3URu2iowjhyNPO58-0f1Gy6likjt0WvSI\/s\/2894548228\/br\/144915032378-l\">mayor\u00eda<\/a>\u00a0pr\u00e9stamos federales (incluidos los pr\u00e9stamos directos y otros pr\u00e9stamos del Departamento de Educaci\u00f3n) y sus ingresos para 2020 o 2021 son:<\/p>\n\n<ul class=\"wp-block-list\">\n<li>Menos de $125,000 para individuos<\/li>\n\n<li>Menos de $250,000 para hogares<\/li>\n<\/ul>\n\n<p>Si es un estudiante dependiente, su elegibilidad se basa en los ingresos de sus padres.<\/p>\n\n<p><strong>\u00bfPara qu\u00e9 soy elegible?<\/strong><\/p>\n\n<ul class=\"wp-block-list\">\n<li>Hasta $20,000 en alivio de deuda si recibi\u00f3 una Beca Pell en la universidad<\/li>\n\n<li>Hasta $10,000 en alivio de deuda si no recibi\u00f3 una Beca Pell<\/li>\n<\/ul>\n\n<p><strong>\u00bfC\u00f3mo funcionar\u00e1?<\/strong><\/p>\n\n<ul class=\"wp-block-list\">\n<li>En octubre, el Departamento de Educaci\u00f3n lanzar\u00e1 una breve solicitud en l\u00ednea para el alivio de la deuda estudiantil. No necesitar\u00e1 cargar ning\u00fan documento de respaldo ni usar su ID de Ayuda Federal para Estudiantes (FSA) para enviar su solicitud.<\/li>\n\n<li>Una vez que env\u00ede su solicitud, el Departamento la revisar\u00e1, determinar\u00e1 su elegibilidad para el alivio de la deuda y trabajar\u00e1 con los administradores de sus pr\u00e9stamos para procesar su alivio.<\/li>\n\n<li>El Departamento se comunicar\u00e1 con usted si necesita informaci\u00f3n adicional de usted.<\/li>\n<\/ul>\n\n<p><strong>\u00bfQue sigue?<\/strong><\/p>\n\n<ul class=\"wp-block-list\">\n<li><strong>Ahora mismo, \u00a1no necesitas hacer nada!<\/strong>\u00a0El Departamento de Educaci\u00f3n se comunicar\u00e1 con usted cuando se abra el per\u00edodo de inscripci\u00f3n para el alivio de la deuda estudiantil y publicaremos m\u00e1s informaci\u00f3n aqu\u00ed.<\/li>\n\n<li>Puede\u00a0<a href=\"https:\/\/studentaid.gov\/fsa-id\/sign-in\/landing\">inicie sesi\u00f3n en su cuenta en StudentAid.gov<\/a>\u00a0y aseg\u00farese de que su informaci\u00f3n de contacto est\u00e9 actualizada. El Departamento puede enviarle actualizaciones tanto por correo electr\u00f3nico como por mensaje de texto. Si ha pasado un tiempo desde que inici\u00f3 sesi\u00f3n, o no puede recordar si tiene un nombre de usuario y contrase\u00f1a de cuenta (FSA ID), el Departamento ofrece\u00a0<a href=\"https:\/\/studentaid.gov\/help-center\/answers\/article\/help-accessing-account-fsa-id\">consejos para ayudarle a acceder a su cuenta<\/a>.\n<ul class=\"wp-block-list\">\n<li>Si no tiene una cuenta de StudentAid.gov (FSA ID), debe\u00a0<a href=\"https:\/\/studentaid.gov\/fsa-id\/create-account\/launch\">crea una cuenta<\/a>\u00a0para ayudar a administrar sus pr\u00e9stamos.<\/li>\n\n<li>El Departamento le enviar\u00e1 actualizaciones peri\u00f3dicas con m\u00e1s detalles en los pr\u00f3ximos d\u00edas, a medida que nos acerquemos al per\u00edodo de solicitud, que comenzar\u00e1 en octubre de 2022 y durar\u00e1 hasta diciembre de 2023.<\/li>\n\n<li>Mientras tanto, visite el Departamento\u00a0<a href=\"https:\/\/lnks.gd\/l\/eyJhbGciOiJIUzI1NiJ9.eyJidWxsZXRpbl9saW5rX2lkIjoxMDMsInVyaSI6ImJwMjpjbGljayIsImJ1bGxldGluX2lkIjoiMjAyMjA5MjkuNjQ0MDY5NjEiLCJ1cmwiOiJodHRwczovL3N0dWRlbnRhaWQuZ292L2RlYnQtcmVsaWVmLWFubm91bmNlbWVudC9vbmUtdGltZS1jYW5jZWxsYXRpb24_dXRtX2NvbnRlbnQ9JnV0bV9tZWRpdW09ZW1haWwmdXRtX25hbWU9JnV0bV9zb3VyY2U9Z292ZGVsaXZlcnkmdXRtX3Rlcm09In0.B3e-hl1TP1Ef5slGFNFxUgQZ1zbxyRdjwmP8np1T2QY\/s\/2894548228\/br\/144915032378-l\">Preguntas frecuentes<\/a>\u00a0para obtener m\u00e1s informaci\u00f3n sobre el programa de alivio de la deuda estudiantil.<\/li>\n<\/ul>\n<\/li>\n<\/ul>\n\n<p><strong>Cuidado con las estafas<\/strong><\/p>\n\n<p>Es posible que una empresa se comunique con usted y le diga que lo ayudar\u00e1n a obtener la condonaci\u00f3n, la condonaci\u00f3n, la cancelaci\u00f3n o el alivio de la deuda del pr\u00e9stamo a cambio de una tarifa.\u00a0<strong>Nunca tendr\u00e1 que pagar por ayuda con su ayuda federal para estudiantes.<\/strong>\u00a0Aseg\u00farese de trabajar solo con el Departamento de Educaci\u00f3n y sus administradores de pr\u00e9stamos, y nunca revele su informaci\u00f3n personal o la contrase\u00f1a de su cuenta a nadie.<\/p>\n\n<p>Los correos electr\u00f3nicos a los prestatarios provendr\u00e1n de\u00a0<a href=\"mailto:noreply@studentaid.gov\">noreply@studentaid.gov<\/a>,\u00a0<a href=\"mailto:noreply@debtrelief.studentaid.gov\">noreply@debtrelief.studentaid.gov<\/a>\u00a0o\u00a0<a href=\"mailto:ed.gov@public.govdelivery.com\">ed.gov@public.govdelivery.com<\/a>.<\/p>\n\n<p>Puede denunciar intentos de estafa a la Comisi\u00f3n Federal de Comercio llamando al 1-877-382-4357.<\/p>\n\t\t\t\t\t\t\t\t<\/div>\n\t\t\t\t<\/div>\n\t\t\t\t\t<\/div>\n\t\t<\/div>\n\t\t\t\t\t<\/div>\n\t\t<\/section>\n\t\t\t\t<section class=\"elementor-section elementor-top-section elementor-element elementor-element-eecc6fe elementor-section-boxed elementor-section-height-default elementor-section-height-default\" data-id=\"eecc6fe\" data-element_type=\"section\" data-e-type=\"section\">\n\t\t\t\t\t\t<div class=\"elementor-container elementor-column-gap-default\">\n\t\t\t\t\t<div class=\"elementor-column elementor-col-100 elementor-top-column elementor-element elementor-element-2a317bc\" data-id=\"2a317bc\" data-element_type=\"column\" data-e-type=\"column\">\n\t\t\t<div class=\"elementor-widget-wrap elementor-element-populated\">\n\t\t\t\t\t\t\t<\/div>\n\t\t<\/div>\n\t\t\t\t\t<\/div>\n\t\t<\/section>\n\t\t\t\t<\/div>","protected":false},"excerpt":{"rendered":"<p>On August 24, 2022, the Biden administration announced a three-part plan to help federal student loan borrowers, including:\u00a0 Senator Merkley applauds this action as a step forward and a catalyst for future reforms.\u00a0Affordable college for every student will produce a more prosperous future for all.\u00a0View Senator Merkley\u2019s full statement on the Biden administration\u2019s announcement on [&hellip;]<\/p>\n","protected":false},"author":1,"featured_media":0,"parent":7298,"menu_order":0,"comment_status":"closed","ping_status":"closed","template":"","meta":{"_acf_changed":false,"inline_featured_image":false,"footnotes":""},"class_list":["post-7635","page","type-page","status-publish","hentry"],"acf":[],"yoast_head":"<!-- This site is optimized with the Yoast SEO plugin v27.2 - https:\/\/yoast.com\/product\/yoast-seo-wordpress\/ -->\n<title>Student Loan Repayment Resources - Merkley<\/title>\n<meta name=\"robots\" content=\"index, follow, max-snippet:-1, max-image-preview:large, max-video-preview:-1\" \/>\n<link rel=\"canonical\" href=\"https:\/\/www.merkley.senate.gov\/es\/about\/issues\/student-loan-repayment-resources\/\" \/>\n<meta property=\"og:locale\" content=\"es_MX\" \/>\n<meta property=\"og:type\" content=\"article\" \/>\n<meta property=\"og:title\" content=\"Student Loan Repayment Resources - Merkley\" \/>\n<meta property=\"og:description\" content=\"On August 24, 2022, the Biden administration announced a three-part plan to help federal student loan borrowers, including:\u00a0 Senator Merkley applauds this action as a step forward and a catalyst for future reforms.\u00a0Affordable college for every student will produce a more prosperous future for all.\u00a0View Senator Merkley\u2019s full statement on the Biden administration\u2019s announcement on [&hellip;]\" \/>\n<meta property=\"og:url\" content=\"https:\/\/www.merkley.senate.gov\/es\/about\/issues\/student-loan-repayment-resources\/\" \/>\n<meta property=\"og:site_name\" content=\"Merkley\" \/>\n<meta property=\"article:modified_time\" content=\"2023-07-24T15:39:18+00:00\" \/>\n<meta property=\"og:image\" content=\"https:\/\/www.merkley.senate.gov\/wp-content\/uploads\/2023\/07\/download-1024x1024.png\" \/>\n<meta name=\"twitter:card\" content=\"summary_large_image\" \/>\n<meta name=\"twitter:label1\" content=\"Est. reading time\" \/>\n\t<meta name=\"twitter:data1\" content=\"6 minutes\" \/>\n<script type=\"application\/ld+json\" class=\"yoast-schema-graph\">{\"@context\":\"https:\/\/schema.org\",\"@graph\":[{\"@type\":\"WebPage\",\"@id\":\"https:\/\/www.merkley.senate.gov\/about\/issues\/student-loan-repayment-resources\/\",\"url\":\"https:\/\/www.merkley.senate.gov\/about\/issues\/student-loan-repayment-resources\/\",\"name\":\"Student Loan Repayment Resources - Merkley\",\"isPartOf\":{\"@id\":\"https:\/\/www.merkley.senate.gov\/#website\"},\"primaryImageOfPage\":{\"@id\":\"https:\/\/www.merkley.senate.gov\/about\/issues\/student-loan-repayment-resources\/#primaryimage\"},\"image\":{\"@id\":\"https:\/\/www.merkley.senate.gov\/about\/issues\/student-loan-repayment-resources\/#primaryimage\"},\"thumbnailUrl\":\"https:\/\/www.merkley.senate.gov\/wp-content\/uploads\/2023\/07\/download-1024x1024.png\",\"datePublished\":\"2023-07-19T19:24:50+00:00\",\"dateModified\":\"2023-07-24T15:39:18+00:00\",\"breadcrumb\":{\"@id\":\"https:\/\/www.merkley.senate.gov\/about\/issues\/student-loan-repayment-resources\/#breadcrumb\"},\"inLanguage\":\"es-MX\",\"potentialAction\":[{\"@type\":\"ReadAction\",\"target\":[\"https:\/\/www.merkley.senate.gov\/about\/issues\/student-loan-repayment-resources\/\"]}]},{\"@type\":\"ImageObject\",\"inLanguage\":\"es-MX\",\"@id\":\"https:\/\/www.merkley.senate.gov\/about\/issues\/student-loan-repayment-resources\/#primaryimage\",\"url\":\"https:\/\/www.merkley.senate.gov\/wp-content\/uploads\/2023\/07\/download-1024x1024.png\",\"contentUrl\":\"https:\/\/www.merkley.senate.gov\/wp-content\/uploads\/2023\/07\/download-1024x1024.png\"},{\"@type\":\"BreadcrumbList\",\"@id\":\"https:\/\/www.merkley.senate.gov\/about\/issues\/student-loan-repayment-resources\/#breadcrumb\",\"itemListElement\":[{\"@type\":\"ListItem\",\"position\":1,\"name\":\"Home\",\"item\":\"https:\/\/www.merkley.senate.gov\/\"},{\"@type\":\"ListItem\",\"position\":2,\"name\":\"About Jeff\",\"item\":\"https:\/\/www.merkley.senate.gov\/about\/\"},{\"@type\":\"ListItem\",\"position\":3,\"name\":\"Issues\",\"item\":\"https:\/\/www.merkley.senate.gov\/about\/issues\/\"},{\"@type\":\"ListItem\",\"position\":4,\"name\":\"Student Loan Repayment Resources\"}]},{\"@type\":\"WebSite\",\"@id\":\"https:\/\/www.merkley.senate.gov\/#website\",\"url\":\"https:\/\/www.merkley.senate.gov\/\",\"name\":\"Merkley\",\"description\":\"Merkley\",\"potentialAction\":[{\"@type\":\"SearchAction\",\"target\":{\"@type\":\"EntryPoint\",\"urlTemplate\":\"https:\/\/www.merkley.senate.gov\/?s={search_term_string}\"},\"query-input\":{\"@type\":\"PropertyValueSpecification\",\"valueRequired\":true,\"valueName\":\"search_term_string\"}}],\"inLanguage\":\"es-MX\"}]}<\/script>\n<!-- \/ Yoast SEO plugin. -->","yoast_head_json":{"title":"Student Loan Repayment Resources - Merkley","robots":{"index":"index","follow":"follow","max-snippet":"max-snippet:-1","max-image-preview":"max-image-preview:large","max-video-preview":"max-video-preview:-1"},"canonical":"https:\/\/www.merkley.senate.gov\/es\/about\/issues\/student-loan-repayment-resources\/","og_locale":"es_MX","og_type":"article","og_title":"Student Loan Repayment Resources - Merkley","og_description":"On August 24, 2022, the Biden administration announced a three-part plan to help federal student loan borrowers, including:\u00a0 Senator Merkley applauds this action as a step forward and a catalyst for future reforms.\u00a0Affordable college for every student will produce a more prosperous future for all.\u00a0View Senator Merkley\u2019s full statement on the Biden administration\u2019s announcement on [&hellip;]","og_url":"https:\/\/www.merkley.senate.gov\/es\/about\/issues\/student-loan-repayment-resources\/","og_site_name":"Merkley","article_modified_time":"2023-07-24T15:39:18+00:00","og_image":[{"url":"https:\/\/www.merkley.senate.gov\/wp-content\/uploads\/2023\/07\/download-1024x1024.png","type":"","width":"","height":""}],"twitter_card":"summary_large_image","twitter_misc":{"Est. reading time":"6 minutes"},"schema":{"@context":"https:\/\/schema.org","@graph":[{"@type":"WebPage","@id":"https:\/\/www.merkley.senate.gov\/about\/issues\/student-loan-repayment-resources\/","url":"https:\/\/www.merkley.senate.gov\/about\/issues\/student-loan-repayment-resources\/","name":"Student Loan Repayment Resources - Merkley","isPartOf":{"@id":"https:\/\/www.merkley.senate.gov\/#website"},"primaryImageOfPage":{"@id":"https:\/\/www.merkley.senate.gov\/about\/issues\/student-loan-repayment-resources\/#primaryimage"},"image":{"@id":"https:\/\/www.merkley.senate.gov\/about\/issues\/student-loan-repayment-resources\/#primaryimage"},"thumbnailUrl":"https:\/\/www.merkley.senate.gov\/wp-content\/uploads\/2023\/07\/download-1024x1024.png","datePublished":"2023-07-19T19:24:50+00:00","dateModified":"2023-07-24T15:39:18+00:00","breadcrumb":{"@id":"https:\/\/www.merkley.senate.gov\/about\/issues\/student-loan-repayment-resources\/#breadcrumb"},"inLanguage":"es-MX","potentialAction":[{"@type":"ReadAction","target":["https:\/\/www.merkley.senate.gov\/about\/issues\/student-loan-repayment-resources\/"]}]},{"@type":"ImageObject","inLanguage":"es-MX","@id":"https:\/\/www.merkley.senate.gov\/about\/issues\/student-loan-repayment-resources\/#primaryimage","url":"https:\/\/www.merkley.senate.gov\/wp-content\/uploads\/2023\/07\/download-1024x1024.png","contentUrl":"https:\/\/www.merkley.senate.gov\/wp-content\/uploads\/2023\/07\/download-1024x1024.png"},{"@type":"BreadcrumbList","@id":"https:\/\/www.merkley.senate.gov\/about\/issues\/student-loan-repayment-resources\/#breadcrumb","itemListElement":[{"@type":"ListItem","position":1,"name":"Home","item":"https:\/\/www.merkley.senate.gov\/"},{"@type":"ListItem","position":2,"name":"About Jeff","item":"https:\/\/www.merkley.senate.gov\/about\/"},{"@type":"ListItem","position":3,"name":"Issues","item":"https:\/\/www.merkley.senate.gov\/about\/issues\/"},{"@type":"ListItem","position":4,"name":"Student Loan Repayment Resources"}]},{"@type":"WebSite","@id":"https:\/\/www.merkley.senate.gov\/#website","url":"https:\/\/www.merkley.senate.gov\/","name":"merkley","description":"merkley","potentialAction":[{"@type":"SearchAction","target":{"@type":"EntryPoint","urlTemplate":"https:\/\/www.merkley.senate.gov\/?s={search_term_string}"},"query-input":{"@type":"PropertyValueSpecification","valueRequired":true,"valueName":"search_term_string"}}],"inLanguage":"es-MX"}]}},"_links":{"self":[{"href":"https:\/\/www.merkley.senate.gov\/es\/wp-json\/wp\/v2\/pages\/7635","targetHints":{"allow":["GET"]}}],"collection":[{"href":"https:\/\/www.merkley.senate.gov\/es\/wp-json\/wp\/v2\/pages"}],"about":[{"href":"https:\/\/www.merkley.senate.gov\/es\/wp-json\/wp\/v2\/types\/page"}],"author":[{"embeddable":true,"href":"https:\/\/www.merkley.senate.gov\/es\/wp-json\/wp\/v2\/users\/1"}],"replies":[{"embeddable":true,"href":"https:\/\/www.merkley.senate.gov\/es\/wp-json\/wp\/v2\/comments?post=7635"}],"version-history":[{"count":10,"href":"https:\/\/www.merkley.senate.gov\/es\/wp-json\/wp\/v2\/pages\/7635\/revisions"}],"predecessor-version":[{"id":16685,"href":"https:\/\/www.merkley.senate.gov\/es\/wp-json\/wp\/v2\/pages\/7635\/revisions\/16685"}],"up":[{"embeddable":true,"href":"https:\/\/www.merkley.senate.gov\/es\/wp-json\/wp\/v2\/pages\/7298"}],"wp:attachment":[{"href":"https:\/\/www.merkley.senate.gov\/es\/wp-json\/wp\/v2\/media?parent=7635"}],"curies":[{"name":"wp","href":"https:\/\/api.w.org\/{rel}","templated":true}]}}