{"id":7640,"date":"2023-07-19T15:26:18","date_gmt":"2023-07-19T19:26:18","guid":{"rendered":"https:\/\/www.merkley.senate.gov\/?page_id=7640"},"modified":"2023-07-24T11:40:23","modified_gmt":"2023-07-24T15:40:23","slug":"womens-rights-and-health-2","status":"publish","type":"page","link":"https:\/\/www.merkley.senate.gov\/es\/about\/issues\/womens-rights-and-health-2\/","title":{"rendered":"Derechos y salud de la mujer"},"content":{"rendered":"<div data-elementor-type=\"wp-page\" data-elementor-id=\"7640\" class=\"elementor elementor-7640\" data-elementor-post-type=\"page\">\n\t\t\t\t\t\t<section class=\"elementor-section elementor-top-section elementor-element elementor-element-6da23432 elementor-section-boxed elementor-section-height-default elementor-section-height-default\" data-id=\"6da23432\" data-element_type=\"section\" data-e-type=\"section\">\n\t\t\t\t\t\t<div class=\"elementor-container elementor-column-gap-default\">\n\t\t\t\t\t<div class=\"elementor-column elementor-col-100 elementor-top-column elementor-element elementor-element-c1b4fd5\" data-id=\"c1b4fd5\" data-element_type=\"column\" data-e-type=\"column\">\n\t\t\t<div class=\"elementor-widget-wrap elementor-element-populated\">\n\t\t\t\t\t\t<div class=\"elementor-element elementor-element-307b599d elementor-widget elementor-widget-text-editor\" data-id=\"307b599d\" data-element_type=\"widget\" data-e-type=\"widget\" data-widget_type=\"text-editor.default\">\n\t\t\t\t<div class=\"elementor-widget-container\">\n\t\t\t\t\t\t\t\t\t\n<p>Jeff est\u00e1 comprometido con la protecci\u00f3n de la salud, los derechos y las libertades de todas las mujeres. A lo largo de su carrera, Jeff ha luchado por la igualdad salarial, trabajando para restablecer el equilibrio de poder entre trabajadores y empleados al brindar protecci\u00f3n legal a las mujeres que enfrentan discriminaci\u00f3n salarial. \u00c9l cree que millones de mujeres estadounidenses trabajadoras deber\u00edan tener la capacidad de cuidar adecuadamente de s\u00ed mismas y de sus familias, sin preocuparse por su seguridad econ\u00f3mica. Jeff tambi\u00e9n lider\u00f3 la lucha exitosa que cre\u00f3 el primer conjunto de derechos nacionales para las nuevas madres que desean continuar amamantando despu\u00e9s de regresar al trabajo, y contin\u00faa presionando para expandir esos derechos.<\/p>\n\n\n\n<p>Jeff ha luchado para proteger el derecho constitucional de la mujer al alcance completo de la atenci\u00f3n integral de la salud reproductiva, incluido el aborto, y seguir\u00e1 oponi\u00e9ndose a los esfuerzos que permitir\u00edan al gobierno tomar decisiones personales sobre la atenci\u00f3n de la salud de una mujer y su familia. Ha trabajado para crear una sociedad que sea segura para las mujeres, una que est\u00e9 libre de violencia y acoso, y contin\u00faa hablando en contra de quienes usan sus posiciones de poder para victimizar a las personas y silenciar a las mujeres.<\/p>\n\t\t\t\t\t\t\t\t<\/div>\n\t\t\t\t<\/div>\n\t\t\t\t\t<\/div>\n\t\t<\/div>\n\t\t\t\t\t<\/div>\n\t\t<\/section>\n\t\t\t\t<section class=\"elementor-section elementor-top-section elementor-element elementor-element-bbd935d elementor-section-boxed elementor-section-height-default elementor-section-height-default\" data-id=\"bbd935d\" data-element_type=\"section\" data-e-type=\"section\">\n\t\t\t\t\t\t<div class=\"elementor-container elementor-column-gap-default\">\n\t\t\t\t\t<div class=\"elementor-column elementor-col-100 elementor-top-column elementor-element elementor-element-fd41a7a\" data-id=\"fd41a7a\" data-element_type=\"column\" data-e-type=\"column\">\n\t\t\t<div class=\"elementor-widget-wrap elementor-element-populated\">\n\t\t\t\t\t\t<div class=\"elementor-element elementor-element-fbb4df7 elementor-grid-1 elementor-posts--thumbnail-none elementor-grid-tablet-2 elementor-grid-mobile-1 elementor-widget elementor-widget-posts\" data-id=\"fbb4df7\" data-element_type=\"widget\" data-e-type=\"widget\" data-settings=\"{&quot;classic_columns&quot;:&quot;1&quot;,&quot;classic_row_gap&quot;:{&quot;unit&quot;:&quot;px&quot;,&quot;size&quot;:45,&quot;sizes&quot;:[]},&quot;pagination_type&quot;:&quot;numbers&quot;,&quot;classic_columns_tablet&quot;:&quot;2&quot;,&quot;classic_columns_mobile&quot;:&quot;1&quot;,&quot;classic_row_gap_laptop&quot;:{&quot;unit&quot;:&quot;px&quot;,&quot;size&quot;:&quot;&quot;,&quot;sizes&quot;:[]},&quot;classic_row_gap_tablet_extra&quot;:{&quot;unit&quot;:&quot;px&quot;,&quot;size&quot;:&quot;&quot;,&quot;sizes&quot;:[]},&quot;classic_row_gap_tablet&quot;:{&quot;unit&quot;:&quot;px&quot;,&quot;size&quot;:&quot;&quot;,&quot;sizes&quot;:[]},&quot;classic_row_gap_mobile_extra&quot;:{&quot;unit&quot;:&quot;px&quot;,&quot;size&quot;:&quot;&quot;,&quot;sizes&quot;:[]},&quot;classic_row_gap_mobile&quot;:{&quot;unit&quot;:&quot;px&quot;,&quot;size&quot;:&quot;&quot;,&quot;sizes&quot;:[]}}\" data-widget_type=\"posts.classic\">\n\t\t\t\t<div class=\"elementor-widget-container\">\n\t\t\t\t\t\t\t<div class=\"elementor-posts-container elementor-posts elementor-posts--skin-classic elementor-grid\" role=\"list\">\n\t\t\t\t<article class=\"elementor-post elementor-grid-item post-19960 post type-post status-publish format-standard hentry category-videos tag-accessible-health-care-for-all tag-health-care tag-womens-rights-and-health\" role=\"listitem\">\n\t\t\t\t<div class=\"elementor-post__text\">\n\t\t\t\t<h2 class=\"elementor-post__title\">\n\t\t\t<a href=\"https:\/\/www.merkley.senate.gov\/es\/senator-merkley-voices-support-for-the-right-to-ivf-act-on-the-senate-floor\/\" >\n\t\t\t\tSenator Merkley Voices Support for the Right to IVF Act on the Senate Floor\t\t\t<\/a>\n\t\t<\/h2>\n\t\t\t\t<div class=\"elementor-post__meta-data\">\n\t\t\t\t\t<span class=\"elementor-post-date\">\n\t\t\tJune 13, 2024\t\t<\/span>\n\t\t\t\t<\/div>\n\t\t\t\t<div class=\"elementor-post__excerpt\">\n\t\t\t<p>Senator Jeff Merkley spoke on the floor of the U.S. Senate in support of the Right to IVF Act, which would establish a nationwide right to receive, provide, and cover IVF, while lowering the cost of fertility treatments for veterans and the middle class on June 13, 2024.<\/p>\n\t\t<\/div>\n\t\t\n\t\t<a class=\"elementor-post__read-more\" href=\"https:\/\/www.merkley.senate.gov\/es\/senator-merkley-voices-support-for-the-right-to-ivf-act-on-the-senate-floor\/\" aria-label=\"Read more about Senator Merkley Voices Support for the Right to IVF Act on the Senate Floor\" tabindex=\"-1\" >\n\t\t\t<i aria-hidden=\"true\" class=\"fal fa-chevron-circle-right\"><\/i>\t\t<\/a>\n\n\t\t\t\t<\/div>\n\t\t\t\t<\/article>\n\t\t\t\t<article class=\"elementor-post elementor-grid-item post-2097 post type-post status-publish format-standard hentry category-press-releases tag-womens-rights-and-health\" role=\"listitem\">\n\t\t\t\t<div class=\"elementor-post__text\">\n\t\t\t\t<h2 class=\"elementor-post__title\">\n\t\t\t<a href=\"https:\/\/www.merkley.senate.gov\/es\/merkley-wyden-urge-biden-administration-to-declare-national-and-public-health-emergencies-on-reproductive-rights\/\" >\n\t\t\t\tMerkley y Wyden instan a la administraci\u00f3n de Biden a declarar emergencias de salud p\u00fablica y nacional sobre derechos reproductivos\t\t\t<\/a>\n\t\t<\/h2>\n\t\t\t\t<div class=\"elementor-post__meta-data\">\n\t\t\t\t\t<span class=\"elementor-post-date\">\n\t\t\t15 de julio de 2022\t\t<\/span>\n\t\t\t\t<\/div>\n\t\t\t\t<div class=\"elementor-post__excerpt\">\n\t\t\t<p>Washington, DC \u2013 Los senadores estadounidenses de Oreg\u00f3n Jeff Merkley y Ron Wyden se unieron a los senadores Elizabeth Warren (D-MA), Cory Booker (D-NJ), Alex Padilla (D-CA) y una docena de otros colegas en una carta al presidente Biden y Health y Servicios Humanos (HHS), Xavier Becerra, inst\u00e1ndolos a declarar de inmediato a nivel nacional y p\u00fablico<\/p>\n\t\t<\/div>\n\t\t\n\t\t<a class=\"elementor-post__read-more\" href=\"https:\/\/www.merkley.senate.gov\/es\/merkley-wyden-urge-biden-administration-to-declare-national-and-public-health-emergencies-on-reproductive-rights\/\" aria-label=\"Read more about Merkley, Wyden Urge Biden Administration to Declare National and Public Health Emergencies on Reproductive Rights\" tabindex=\"-1\" >\n\t\t\t<i aria-hidden=\"true\" class=\"fal fa-chevron-circle-right\"><\/i>\t\t<\/a>\n\n\t\t\t\t<\/div>\n\t\t\t\t<\/article>\n\t\t\t\t<article class=\"elementor-post elementor-grid-item post-2444 post type-post status-publish format-standard hentry category-press-releases tag-womens-rights-and-health\" role=\"listitem\">\n\t\t\t\t<div class=\"elementor-post__text\">\n\t\t\t\t<h2 class=\"elementor-post__title\">\n\t\t\t<a href=\"https:\/\/www.merkley.senate.gov\/es\/us-house-of-representatives-passes-merkley-bill-to-expand-right-to-pump-at-work\/\" >\n\t\t\t\tLa C\u00e1mara de Representantes de EE. UU. aprueba el proyecto de ley Merkley para ampliar el derecho a la bomba en el trabajo\t\t\t<\/a>\n\t\t<\/h2>\n\t\t\t\t<div class=\"elementor-post__meta-data\">\n\t\t\t\t\t<span class=\"elementor-post-date\">\n\t\t\t22 de octubre de 2021\t\t<\/span>\n\t\t\t\t<\/div>\n\t\t\t\t<div class=\"elementor-post__excerpt\">\n\t\t\t<p>WASHINGTON, DC \u2013 El senador estadounidense de Oreg\u00f3n, Jeff Merkley, anunci\u00f3 hoy que su legislaci\u00f3n, la Ley de Provisi\u00f3n de Protecci\u00f3n Materna Urgente (PUMP, por sus siglas en ingl\u00e9s) para madres lactantes, fue aprobada por la C\u00e1mara de Representantes de EE. UU. con un fuerte apoyo bipartidista en una votaci\u00f3n de 276-149. La Ley PUMP ampliar\u00eda una ley de 2010 redactada por Merkley<\/p>\n\t\t<\/div>\n\t\t\n\t\t<a class=\"elementor-post__read-more\" href=\"https:\/\/www.merkley.senate.gov\/es\/us-house-of-representatives-passes-merkley-bill-to-expand-right-to-pump-at-work\/\" aria-label=\"Read more about U.S. House of Representatives Passes Merkley Bill to Expand Right to Pump at Work\" tabindex=\"-1\" >\n\t\t\t<i aria-hidden=\"true\" class=\"fal fa-chevron-circle-right\"><\/i>\t\t<\/a>\n\n\t\t\t\t<\/div>\n\t\t\t\t<\/article>\n\t\t\t\t<article class=\"elementor-post elementor-grid-item post-2581 post type-post status-publish format-standard hentry category-press-releases tag-womens-rights-and-health\" role=\"listitem\">\n\t\t\t\t<div class=\"elementor-post__text\">\n\t\t\t\t<h2 class=\"elementor-post__title\">\n\t\t\t<a href=\"https:\/\/www.merkley.senate.gov\/es\/wyden-merkley-co-sponsor-bill-to-close-retirement-gap-for-women-2021\/\" >\n\t\t\t\tWyden y Merkley copatrocinan proyecto de ley para cerrar la brecha de jubilaci\u00f3n de las mujeres\t\t\t<\/a>\n\t\t<\/h2>\n\t\t\t\t<div class=\"elementor-post__meta-data\">\n\t\t\t\t\t<span class=\"elementor-post-date\">\n\t\t\t26 de julio de 2021\t\t<\/span>\n\t\t\t\t<\/div>\n\t\t\t\t<div class=\"elementor-post__excerpt\">\n\t\t\t<p>Washington, DC \u2013 Los senadores estadounidenses de Oreg\u00f3n, Ron Wyden y Jeff Merkley, dijeron hoy que copatrocinan la legislaci\u00f3n de la Ley de Protecci\u00f3n de Jubilaci\u00f3n de Mujeres de 2021 (WRPA) para abordar la brecha de jubilaci\u00f3n y reforzar la seguridad financiera de las mujeres. \u201cSaliendo de una pandemia donde m\u00e1s de 4 de cada 10 mujeres esperan ver<\/p>\n\t\t<\/div>\n\t\t\n\t\t<a class=\"elementor-post__read-more\" href=\"https:\/\/www.merkley.senate.gov\/es\/wyden-merkley-co-sponsor-bill-to-close-retirement-gap-for-women-2021\/\" aria-label=\"Read more about Wyden, Merkley Co-Sponsor Bill to Close Retirement Gap for Women\" tabindex=\"-1\" >\n\t\t\t<i aria-hidden=\"true\" class=\"fal fa-chevron-circle-right\"><\/i>\t\t<\/a>\n\n\t\t\t\t<\/div>\n\t\t\t\t<\/article>\n\t\t\t\t<article class=\"elementor-post elementor-grid-item post-2643 post type-post status-publish format-standard hentry category-press-releases tag-health-care tag-womens-rights-and-health\" role=\"listitem\">\n\t\t\t\t<div class=\"elementor-post__text\">\n\t\t\t\t<h2 class=\"elementor-post__title\">\n\t\t\t<a href=\"https:\/\/www.merkley.senate.gov\/es\/wyden-merkley-co-sponsor-legislation-to-guarantee-equal-access-to-abortion-everywhere-in-the-us-2021\/\" >\n\t\t\t\tWyden y Merkley copatrocinan legislaci\u00f3n para garantizar la igualdad de acceso al aborto en todos los Estados Unidos\t\t\t<\/a>\n\t\t<\/h2>\n\t\t\t\t<div class=\"elementor-post__meta-data\">\n\t\t\t\t\t<span class=\"elementor-post-date\">\n\t\t\t10 de junio de 2021\t\t<\/span>\n\t\t\t\t<\/div>\n\t\t\t\t<div class=\"elementor-post__excerpt\">\n\t\t\t<p>Washington, DC \u2013 Los senadores estadounidenses Ron Wyden y Jeff Merkley dijeron hoy que se unieron a sus colegas para apoyar una legislaci\u00f3n que garantizar\u00eda la igualdad de acceso al aborto en todo Estados Unidos. \u201cLos derechos reproductivos son derechos humanos\u201d, dijo Wyden, quien recientemente present\u00f3 un proyecto de ley para garantizar el acceso al aborto independientemente de<\/p>\n\t\t<\/div>\n\t\t\n\t\t<a class=\"elementor-post__read-more\" href=\"https:\/\/www.merkley.senate.gov\/es\/wyden-merkley-co-sponsor-legislation-to-guarantee-equal-access-to-abortion-everywhere-in-the-us-2021\/\" aria-label=\"Read more about Wyden, Merkley Co-Sponsor Legislation to Guarantee Equal Access to Abortion Everywhere in the U.S.\" tabindex=\"-1\" >\n\t\t\t<i aria-hidden=\"true\" class=\"fal fa-chevron-circle-right\"><\/i>\t\t<\/a>\n\n\t\t\t\t<\/div>\n\t\t\t\t<\/article>\n\t\t\t\t<article class=\"elementor-post elementor-grid-item post-2663 post type-post status-publish format-standard hentry category-press-releases tag-womens-rights-and-health\" role=\"listitem\">\n\t\t\t\t<div class=\"elementor-post__text\">\n\t\t\t\t<h2 class=\"elementor-post__title\">\n\t\t\t<a href=\"https:\/\/www.merkley.senate.gov\/es\/merkley-murkowski-booker-applaud-bipartisan-committee-passage-of-legislation-to-expand-breastfeeding-protections-at-work-2021\/\" >\n\t\t\t\tMerkley, Murkowski, Booker aplauden la aprobaci\u00f3n de legislaci\u00f3n por parte del comit\u00e9 bipartidista para ampliar la protecci\u00f3n de la lactancia materna en el trabajo\t\t\t<\/a>\n\t\t<\/h2>\n\t\t\t\t<div class=\"elementor-post__meta-data\">\n\t\t\t\t\t<span class=\"elementor-post-date\">\n\t\t\t25 de mayo de 2021\t\t<\/span>\n\t\t\t\t<\/div>\n\t\t\t\t<div class=\"elementor-post__excerpt\">\n\t\t\t<p>Washington, DC \u2013 Los senadores estadounidenses de Oreg\u00f3n Jeff Merkley y los senadores estadounidenses Lisa Murkowski (R-AK) y Cory Booker (D-NJ) aplaudieron hoy la aprobaci\u00f3n del Comit\u00e9 Senatorial de Salud, Educaci\u00f3n, Trabajo y Pensiones de Brindar Protecci\u00f3n Materna Urgente (PUMP) para la Ley de Madres Lactantes, que proporcionar\u00eda espacio y tiempo privado para las nuevas mam\u00e1s<\/p>\n\t\t<\/div>\n\t\t\n\t\t<a class=\"elementor-post__read-more\" href=\"https:\/\/www.merkley.senate.gov\/es\/merkley-murkowski-booker-applaud-bipartisan-committee-passage-of-legislation-to-expand-breastfeeding-protections-at-work-2021\/\" aria-label=\"Read more about Merkley, Murkowski, Booker Applaud Bipartisan Committee Passage of Legislation to Expand Breastfeeding Protections at Work\" tabindex=\"-1\" >\n\t\t\t<i aria-hidden=\"true\" class=\"fal fa-chevron-circle-right\"><\/i>\t\t<\/a>\n\n\t\t\t\t<\/div>\n\t\t\t\t<\/article>\n\t\t\t\t<\/div>\n\t\t\n\t\t\t\t<div class=\"e-load-more-anchor\" data-page=\"1\" data-max-page=\"13\" data-next-page=\"https:\/\/www.merkley.senate.gov\/es\/wp-json\/wp\/v2\/pages\/7640\/page\/2\/\"><\/div>\n\t\t\t\t<nav class=\"elementor-pagination\" aria-label=\"Pagination\">\n\t\t\t<span aria-current=\"page\" class=\"page-numbers current\"><span class=\"elementor-screen-only\">P\u00e1gina<\/span>1<\/span>\n<a class=\"page-numbers\" href=\"https:\/\/www.merkley.senate.gov\/es\/wp-json\/wp\/v2\/pages\/7640\/page\/2\/\"><span class=\"elementor-screen-only\">P\u00e1gina<\/span>2<\/a>\n<a class=\"page-numbers\" href=\"https:\/\/www.merkley.senate.gov\/es\/wp-json\/wp\/v2\/pages\/7640\/page\/3\/\"><span class=\"elementor-screen-only\">P\u00e1gina<\/span>3<\/a>\n<a class=\"page-numbers\" href=\"https:\/\/www.merkley.senate.gov\/es\/wp-json\/wp\/v2\/pages\/7640\/page\/4\/\"><span class=\"elementor-screen-only\">P\u00e1gina<\/span>4<\/a>\n<a class=\"page-numbers\" href=\"https:\/\/www.merkley.senate.gov\/es\/wp-json\/wp\/v2\/pages\/7640\/page\/5\/\"><span class=\"elementor-screen-only\">P\u00e1gina<\/span>5<\/a>\t\t<\/nav>\n\t\t\t\t\t\t<\/div>\n\t\t\t\t<\/div>\n\t\t\t\t\t<\/div>\n\t\t<\/div>\n\t\t\t\t\t<\/div>\n\t\t<\/section>\n\t\t\t\t<\/div>","protected":false},"excerpt":{"rendered":"<p>Jeff is committed to protecting the health, rights, and liberties of all women. Throughout his career, Jeff has fought for equal pay, working to restore the balance of power between workers and employees by providing legal protections to women who face pay discrimination. He believes that millions of hardworking American women should have the ability [&hellip;]<\/p>\n","protected":false},"author":1,"featured_media":0,"parent":7298,"menu_order":0,"comment_status":"closed","ping_status":"closed","template":"","meta":{"_acf_changed":false,"inline_featured_image":false,"footnotes":""},"class_list":["post-7640","page","type-page","status-publish","hentry"],"acf":[],"yoast_head":"<!-- This site is optimized with the Yoast SEO plugin v27.2 - https:\/\/yoast.com\/product\/yoast-seo-wordpress\/ -->\n<title>Women&#039;s Rights and Health - Merkley<\/title>\n<meta name=\"robots\" content=\"index, follow, max-snippet:-1, max-image-preview:large, max-video-preview:-1\" \/>\n<link rel=\"canonical\" href=\"https:\/\/www.merkley.senate.gov\/es\/about\/issues\/womens-rights-and-health-2\/\" \/>\n<meta property=\"og:locale\" content=\"es_MX\" \/>\n<meta property=\"og:type\" content=\"article\" \/>\n<meta property=\"og:title\" content=\"Women&#039;s Rights and Health - Merkley\" \/>\n<meta property=\"og:description\" content=\"Jeff is committed to protecting the health, rights, and liberties of all women. Throughout his career, Jeff has fought for equal pay, working to restore the balance of power between workers and employees by providing legal protections to women who face pay discrimination. He believes that millions of hardworking American women should have the ability [&hellip;]\" \/>\n<meta property=\"og:url\" content=\"https:\/\/www.merkley.senate.gov\/es\/about\/issues\/womens-rights-and-health-2\/\" \/>\n<meta property=\"og:site_name\" content=\"Merkley\" \/>\n<meta property=\"article:modified_time\" content=\"2023-07-24T15:40:23+00:00\" \/>\n<meta name=\"twitter:card\" content=\"summary_large_image\" \/>\n<meta name=\"twitter:label1\" content=\"Est. reading time\" \/>\n\t<meta name=\"twitter:data1\" content=\"3 minutes\" \/>\n<script type=\"application\/ld+json\" class=\"yoast-schema-graph\">{\"@context\":\"https:\/\/schema.org\",\"@graph\":[{\"@type\":\"WebPage\",\"@id\":\"https:\/\/www.merkley.senate.gov\/about\/issues\/womens-rights-and-health-2\/\",\"url\":\"https:\/\/www.merkley.senate.gov\/about\/issues\/womens-rights-and-health-2\/\",\"name\":\"Women's Rights and Health - Merkley\",\"isPartOf\":{\"@id\":\"https:\/\/www.merkley.senate.gov\/#website\"},\"datePublished\":\"2023-07-19T19:26:18+00:00\",\"dateModified\":\"2023-07-24T15:40:23+00:00\",\"breadcrumb\":{\"@id\":\"https:\/\/www.merkley.senate.gov\/about\/issues\/womens-rights-and-health-2\/#breadcrumb\"},\"inLanguage\":\"es-MX\",\"potentialAction\":[{\"@type\":\"ReadAction\",\"target\":[\"https:\/\/www.merkley.senate.gov\/about\/issues\/womens-rights-and-health-2\/\"]}]},{\"@type\":\"BreadcrumbList\",\"@id\":\"https:\/\/www.merkley.senate.gov\/about\/issues\/womens-rights-and-health-2\/#breadcrumb\",\"itemListElement\":[{\"@type\":\"ListItem\",\"position\":1,\"name\":\"Home\",\"item\":\"https:\/\/www.merkley.senate.gov\/\"},{\"@type\":\"ListItem\",\"position\":2,\"name\":\"About Jeff\",\"item\":\"https:\/\/www.merkley.senate.gov\/about\/\"},{\"@type\":\"ListItem\",\"position\":3,\"name\":\"Issues\",\"item\":\"https:\/\/www.merkley.senate.gov\/about\/issues\/\"},{\"@type\":\"ListItem\",\"position\":4,\"name\":\"Women&#8217;s Rights and Health\"}]},{\"@type\":\"WebSite\",\"@id\":\"https:\/\/www.merkley.senate.gov\/#website\",\"url\":\"https:\/\/www.merkley.senate.gov\/\",\"name\":\"Merkley\",\"description\":\"Merkley\",\"potentialAction\":[{\"@type\":\"SearchAction\",\"target\":{\"@type\":\"EntryPoint\",\"urlTemplate\":\"https:\/\/www.merkley.senate.gov\/?s={search_term_string}\"},\"query-input\":{\"@type\":\"PropertyValueSpecification\",\"valueRequired\":true,\"valueName\":\"search_term_string\"}}],\"inLanguage\":\"es-MX\"}]}<\/script>\n<!-- \/ Yoast SEO plugin. -->","yoast_head_json":{"title":"Women's Rights and Health - Merkley","robots":{"index":"index","follow":"follow","max-snippet":"max-snippet:-1","max-image-preview":"max-image-preview:large","max-video-preview":"max-video-preview:-1"},"canonical":"https:\/\/www.merkley.senate.gov\/es\/about\/issues\/womens-rights-and-health-2\/","og_locale":"es_MX","og_type":"article","og_title":"Women's Rights and Health - Merkley","og_description":"Jeff is committed to protecting the health, rights, and liberties of all women. Throughout his career, Jeff has fought for equal pay, working to restore the balance of power between workers and employees by providing legal protections to women who face pay discrimination. He believes that millions of hardworking American women should have the ability [&hellip;]","og_url":"https:\/\/www.merkley.senate.gov\/es\/about\/issues\/womens-rights-and-health-2\/","og_site_name":"Merkley","article_modified_time":"2023-07-24T15:40:23+00:00","twitter_card":"summary_large_image","twitter_misc":{"Est. reading time":"3 minutes"},"schema":{"@context":"https:\/\/schema.org","@graph":[{"@type":"WebPage","@id":"https:\/\/www.merkley.senate.gov\/about\/issues\/womens-rights-and-health-2\/","url":"https:\/\/www.merkley.senate.gov\/about\/issues\/womens-rights-and-health-2\/","name":"Women's Rights and Health - Merkley","isPartOf":{"@id":"https:\/\/www.merkley.senate.gov\/#website"},"datePublished":"2023-07-19T19:26:18+00:00","dateModified":"2023-07-24T15:40:23+00:00","breadcrumb":{"@id":"https:\/\/www.merkley.senate.gov\/about\/issues\/womens-rights-and-health-2\/#breadcrumb"},"inLanguage":"es-MX","potentialAction":[{"@type":"ReadAction","target":["https:\/\/www.merkley.senate.gov\/about\/issues\/womens-rights-and-health-2\/"]}]},{"@type":"BreadcrumbList","@id":"https:\/\/www.merkley.senate.gov\/about\/issues\/womens-rights-and-health-2\/#breadcrumb","itemListElement":[{"@type":"ListItem","position":1,"name":"Home","item":"https:\/\/www.merkley.senate.gov\/"},{"@type":"ListItem","position":2,"name":"About Jeff","item":"https:\/\/www.merkley.senate.gov\/about\/"},{"@type":"ListItem","position":3,"name":"Issues","item":"https:\/\/www.merkley.senate.gov\/about\/issues\/"},{"@type":"ListItem","position":4,"name":"Women&#8217;s Rights and Health"}]},{"@type":"WebSite","@id":"https:\/\/www.merkley.senate.gov\/#website","url":"https:\/\/www.merkley.senate.gov\/","name":"merkley","description":"merkley","potentialAction":[{"@type":"SearchAction","target":{"@type":"EntryPoint","urlTemplate":"https:\/\/www.merkley.senate.gov\/?s={search_term_string}"},"query-input":{"@type":"PropertyValueSpecification","valueRequired":true,"valueName":"search_term_string"}}],"inLanguage":"es-MX"}]}},"_links":{"self":[{"href":"https:\/\/www.merkley.senate.gov\/es\/wp-json\/wp\/v2\/pages\/7640","targetHints":{"allow":["GET"]}}],"collection":[{"href":"https:\/\/www.merkley.senate.gov\/es\/wp-json\/wp\/v2\/pages"}],"about":[{"href":"https:\/\/www.merkley.senate.gov\/es\/wp-json\/wp\/v2\/types\/page"}],"author":[{"embeddable":true,"href":"https:\/\/www.merkley.senate.gov\/es\/wp-json\/wp\/v2\/users\/1"}],"replies":[{"embeddable":true,"href":"https:\/\/www.merkley.senate.gov\/es\/wp-json\/wp\/v2\/comments?post=7640"}],"version-history":[{"count":7,"href":"https:\/\/www.merkley.senate.gov\/es\/wp-json\/wp\/v2\/pages\/7640\/revisions"}],"predecessor-version":[{"id":16691,"href":"https:\/\/www.merkley.senate.gov\/es\/wp-json\/wp\/v2\/pages\/7640\/revisions\/16691"}],"up":[{"embeddable":true,"href":"https:\/\/www.merkley.senate.gov\/es\/wp-json\/wp\/v2\/pages\/7298"}],"wp:attachment":[{"href":"https:\/\/www.merkley.senate.gov\/es\/wp-json\/wp\/v2\/media?parent=7640"}],"curies":[{"name":"wp","href":"https:\/\/api.w.org\/{rel}","templated":true}]}}