{"id":7698,"date":"2023-07-19T16:48:23","date_gmt":"2023-07-19T20:48:23","guid":{"rendered":"https:\/\/www.merkley.senate.gov\/?page_id=7698"},"modified":"2023-07-21T12:34:26","modified_gmt":"2023-07-21T16:34:26","slug":"ayuda","status":"publish","type":"page","link":"https:\/\/www.merkley.senate.gov\/es\/services\/ayuda\/","title":{"rendered":"Ayuda Con Agencias Federales"},"content":{"rendered":"<div data-elementor-type=\"wp-page\" data-elementor-id=\"7698\" class=\"elementor elementor-7698\" data-elementor-post-type=\"page\">\n\t\t\t\t\t\t<section class=\"elementor-section elementor-top-section elementor-element elementor-element-38b6eae4 elementor-section-boxed elementor-section-height-default elementor-section-height-default\" data-id=\"38b6eae4\" data-element_type=\"section\" data-e-type=\"section\">\n\t\t\t\t\t\t<div class=\"elementor-container elementor-column-gap-default\">\n\t\t\t\t\t<div class=\"elementor-column elementor-col-100 elementor-top-column elementor-element elementor-element-19bb0fbf\" data-id=\"19bb0fbf\" data-element_type=\"column\" data-e-type=\"column\">\n\t\t\t<div class=\"elementor-widget-wrap elementor-element-populated\">\n\t\t\t\t\t\t<div class=\"elementor-element elementor-element-24e2feb elementor-widget elementor-widget-text-editor\" data-id=\"24e2feb\" data-element_type=\"widget\" data-e-type=\"widget\" data-widget_type=\"text-editor.default\">\n\t\t\t\t<div class=\"elementor-widget-container\">\n\t\t\t\t\t\t\t\t\t\n<p>Trabajar con burocracias grandes puede ser confuso y frustrante. Si usted est\u00e1 trabajando con una agencia federal o del estado, su cuidad local o el gobierno de su condado, o tal vez un banco o una compa\u00f1\u00eda de seguro, Jeff y su equipo est\u00e1n listos para ayudarlo. Si tiene preguntas sobre programas del gobierno, necesita ayuda con una aplicaci\u00f3n de beneficios que ha enviado, o tiene un comentario, nosotros le daremos la ayuda y la informaci\u00f3n que podamos. Si no podemos intervenir directamente en su caso, lo pondremos en contacto con alguien que le pueda ayudar.<\/p>\n\n<p><strong>El equipo de Jeff se dedica a proporcionar servicios para la gente de Oregon<\/strong><\/p>\n\n<p>Representantes est\u00e1n listos para ayudar a la gente de Oregon en conseguir respuestas y soluciones para cualquier pregunta o problema que tenga. Abajo ver\u00e1 una lista de categor\u00edas con las que trabajaron frecuentemente para la gente.<\/p>\n\n<p>Jeff y su equipo le puede asistir con una variedad de temas, incluyendo:<\/p>\n\n<ul class=\"wp-block-list\">\n<li>Ciudadan\u00eda e inmigraci\u00f3n<\/li>\n\n<li>Fraude financiero y protecci\u00f3n del consumidor<\/li>\n\n<li>salud y seguro medico<\/li>\n\n<li>Vivienda e hipotecas<\/li>\n\n<li>Fuerzas armadas y veteranos<\/li>\n\n<li>Pasaportes y viajes al extranjero<\/li>\n\n<li>Seguridad Social y jubilaci\u00f3n<\/li>\n\n<li>Pr\u00e9stamos estudiantiles<\/li>\n\n<li>Impuestos y el IRS<\/li>\n<\/ul>\n\n<p>Al completar\u00a0<a href=\"https:\/\/outreach.senate.gov\/iqextranet\/EForm.aspx?__cid=quorum_merkley-iq&amp;__fid=200130\" target=\"_blank\" rel=\"noopener\">este formulario<\/a>\u00a0en l\u00ednea tambi\u00e9n generar\u00eda un formulario de privacidad para que usted lo imprima y lo llene. Por favor entienda que las leyes federales de privacidad proh\u00edben que cualquier agencia federal pueda compartir su informaci\u00f3n \u2013 incluyendo a Jeff y su equipo \u2013 sin su autorizaci\u00f3n escrita. Con imprimir, firmar y devolver este formulario completo tendremos su autorizaci\u00f3n escrita.<\/p>\n\n<p>La oficina de Jeff puede ayudarlo si usted es un residente de Oregon. Si usted es un residente de otro estado, podemos ayudar en ponerle en contacto con un senador o representante que le represente en el congreso.<\/p>\n\n<p>Esperamos en poder asistirle.<\/p>\n\n<h2 class=\"wp-block-heading\">RETRASO DE CORREO<\/h2>\n\n<p>Debido al nivel de seguridad en la oficina de Washington, DC todo el correo mandado a esta oficina puede estar retrasado significativamente por los protocolos de seguridad.<\/p>\n\n<p><strong>Si su situacion es urgente<\/strong>, por favor llame a mi oficina en Portland al 503-326-3386 y pida hablar con un representante de servicios para los electores.<\/p>\n<h1>CONTACTO<\/h1>\n<p>Si prefiere enviarle un mensaje a Jeff, por favor haga clic aqu\u00ed para ir a la p\u00e1gina de\u00a0<a href=\"https:\/\/outreach.senate.gov\/iqextranet\/EForm.aspx?__cid=quorum_merkley-iq&amp;__fid=200130\" target=\"_blank\" rel=\"noopener\">contacto para jeff<\/a>.<\/p>\n\t\t\t\t\t\t\t\t<\/div>\n\t\t\t\t<\/div>\n\t\t\t\t\t<\/div>\n\t\t<\/div>\n\t\t\t\t\t<\/div>\n\t\t<\/section>\n\t\t\t\t<\/div>","protected":false},"excerpt":{"rendered":"<p>Trabajar con burocracias grandes puede ser confuso y frustrante. Si usted est\u00e1 trabajando con una agencia federal o del estado, su cuidad local o el gobierno de su condado, o tal vez un banco o una compa\u00f1\u00eda de seguro, Jeff y su equipo est\u00e1n listos para ayudarle. Si tiene preguntas sobre programas del gobierno, necesita [&hellip;]<\/p>\n","protected":false},"author":1,"featured_media":0,"parent":7812,"menu_order":0,"comment_status":"closed","ping_status":"closed","template":"","meta":{"_acf_changed":false,"inline_featured_image":false,"footnotes":""},"class_list":["post-7698","page","type-page","status-publish","hentry"],"acf":[],"yoast_head":"<!-- This site is optimized with the Yoast SEO plugin v27.2 - https:\/\/yoast.com\/product\/yoast-seo-wordpress\/ -->\n<title>Ayuda Con Agencias Federales - Merkley<\/title>\n<meta name=\"robots\" content=\"index, follow, max-snippet:-1, max-image-preview:large, max-video-preview:-1\" \/>\n<link rel=\"canonical\" href=\"https:\/\/www.merkley.senate.gov\/es\/services\/ayuda\/\" \/>\n<meta property=\"og:locale\" content=\"es_MX\" \/>\n<meta property=\"og:type\" content=\"article\" \/>\n<meta property=\"og:title\" content=\"Ayuda Con Agencias Federales - Merkley\" \/>\n<meta property=\"og:description\" content=\"Trabajar con burocracias grandes puede ser confuso y frustrante. Si usted est\u00e1 trabajando con una agencia federal o del estado, su cuidad local o el gobierno de su condado, o tal vez un banco o una compa\u00f1\u00eda de seguro, Jeff y su equipo est\u00e1n listos para ayudarle. Si tiene preguntas sobre programas del gobierno, necesita [&hellip;]\" \/>\n<meta property=\"og:url\" content=\"https:\/\/www.merkley.senate.gov\/es\/services\/ayuda\/\" \/>\n<meta property=\"og:site_name\" content=\"Merkley\" \/>\n<meta property=\"article:modified_time\" content=\"2023-07-21T16:34:26+00:00\" \/>\n<meta name=\"twitter:card\" content=\"summary_large_image\" \/>\n<meta name=\"twitter:label1\" content=\"Est. reading time\" \/>\n\t<meta name=\"twitter:data1\" content=\"2 minutes\" \/>\n<script type=\"application\/ld+json\" class=\"yoast-schema-graph\">{\"@context\":\"https:\/\/schema.org\",\"@graph\":[{\"@type\":\"WebPage\",\"@id\":\"https:\/\/www.merkley.senate.gov\/services\/ayuda\/\",\"url\":\"https:\/\/www.merkley.senate.gov\/services\/ayuda\/\",\"name\":\"Ayuda Con Agencias Federales - Merkley\",\"isPartOf\":{\"@id\":\"https:\/\/www.merkley.senate.gov\/#website\"},\"datePublished\":\"2023-07-19T20:48:23+00:00\",\"dateModified\":\"2023-07-21T16:34:26+00:00\",\"breadcrumb\":{\"@id\":\"https:\/\/www.merkley.senate.gov\/services\/ayuda\/#breadcrumb\"},\"inLanguage\":\"es-MX\",\"potentialAction\":[{\"@type\":\"ReadAction\",\"target\":[\"https:\/\/www.merkley.senate.gov\/services\/ayuda\/\"]}]},{\"@type\":\"BreadcrumbList\",\"@id\":\"https:\/\/www.merkley.senate.gov\/services\/ayuda\/#breadcrumb\",\"itemListElement\":[{\"@type\":\"ListItem\",\"position\":1,\"name\":\"Home\",\"item\":\"https:\/\/www.merkley.senate.gov\/\"},{\"@type\":\"ListItem\",\"position\":2,\"name\":\"Helping You\",\"item\":\"https:\/\/www.merkley.senate.gov\/services\/\"},{\"@type\":\"ListItem\",\"position\":3,\"name\":\"Ayuda Con Agencias Federales\"}]},{\"@type\":\"WebSite\",\"@id\":\"https:\/\/www.merkley.senate.gov\/#website\",\"url\":\"https:\/\/www.merkley.senate.gov\/\",\"name\":\"Merkley\",\"description\":\"Merkley\",\"potentialAction\":[{\"@type\":\"SearchAction\",\"target\":{\"@type\":\"EntryPoint\",\"urlTemplate\":\"https:\/\/www.merkley.senate.gov\/?s={search_term_string}\"},\"query-input\":{\"@type\":\"PropertyValueSpecification\",\"valueRequired\":true,\"valueName\":\"search_term_string\"}}],\"inLanguage\":\"es-MX\"}]}<\/script>\n<!-- \/ Yoast SEO plugin. -->","yoast_head_json":{"title":"Ayuda Con Agencias Federales - Merkley","robots":{"index":"index","follow":"follow","max-snippet":"max-snippet:-1","max-image-preview":"max-image-preview:large","max-video-preview":"max-video-preview:-1"},"canonical":"https:\/\/www.merkley.senate.gov\/es\/services\/ayuda\/","og_locale":"es_MX","og_type":"article","og_title":"Ayuda Con Agencias Federales - Merkley","og_description":"Trabajar con burocracias grandes puede ser confuso y frustrante. Si usted est\u00e1 trabajando con una agencia federal o del estado, su cuidad local o el gobierno de su condado, o tal vez un banco o una compa\u00f1\u00eda de seguro, Jeff y su equipo est\u00e1n listos para ayudarle. Si tiene preguntas sobre programas del gobierno, necesita [&hellip;]","og_url":"https:\/\/www.merkley.senate.gov\/es\/services\/ayuda\/","og_site_name":"Merkley","article_modified_time":"2023-07-21T16:34:26+00:00","twitter_card":"summary_large_image","twitter_misc":{"Est. reading time":"2 minutes"},"schema":{"@context":"https:\/\/schema.org","@graph":[{"@type":"WebPage","@id":"https:\/\/www.merkley.senate.gov\/services\/ayuda\/","url":"https:\/\/www.merkley.senate.gov\/services\/ayuda\/","name":"Ayuda Con Agencias Federales - Merkley","isPartOf":{"@id":"https:\/\/www.merkley.senate.gov\/#website"},"datePublished":"2023-07-19T20:48:23+00:00","dateModified":"2023-07-21T16:34:26+00:00","breadcrumb":{"@id":"https:\/\/www.merkley.senate.gov\/services\/ayuda\/#breadcrumb"},"inLanguage":"es-MX","potentialAction":[{"@type":"ReadAction","target":["https:\/\/www.merkley.senate.gov\/services\/ayuda\/"]}]},{"@type":"BreadcrumbList","@id":"https:\/\/www.merkley.senate.gov\/services\/ayuda\/#breadcrumb","itemListElement":[{"@type":"ListItem","position":1,"name":"Home","item":"https:\/\/www.merkley.senate.gov\/"},{"@type":"ListItem","position":2,"name":"Helping You","item":"https:\/\/www.merkley.senate.gov\/services\/"},{"@type":"ListItem","position":3,"name":"Ayuda Con Agencias Federales"}]},{"@type":"WebSite","@id":"https:\/\/www.merkley.senate.gov\/#website","url":"https:\/\/www.merkley.senate.gov\/","name":"merkley","description":"merkley","potentialAction":[{"@type":"SearchAction","target":{"@type":"EntryPoint","urlTemplate":"https:\/\/www.merkley.senate.gov\/?s={search_term_string}"},"query-input":{"@type":"PropertyValueSpecification","valueRequired":true,"valueName":"search_term_string"}}],"inLanguage":"es-MX"}]}},"_links":{"self":[{"href":"https:\/\/www.merkley.senate.gov\/es\/wp-json\/wp\/v2\/pages\/7698","targetHints":{"allow":["GET"]}}],"collection":[{"href":"https:\/\/www.merkley.senate.gov\/es\/wp-json\/wp\/v2\/pages"}],"about":[{"href":"https:\/\/www.merkley.senate.gov\/es\/wp-json\/wp\/v2\/types\/page"}],"author":[{"embeddable":true,"href":"https:\/\/www.merkley.senate.gov\/es\/wp-json\/wp\/v2\/users\/1"}],"replies":[{"embeddable":true,"href":"https:\/\/www.merkley.senate.gov\/es\/wp-json\/wp\/v2\/comments?post=7698"}],"version-history":[{"count":11,"href":"https:\/\/www.merkley.senate.gov\/es\/wp-json\/wp\/v2\/pages\/7698\/revisions"}],"predecessor-version":[{"id":10845,"href":"https:\/\/www.merkley.senate.gov\/es\/wp-json\/wp\/v2\/pages\/7698\/revisions\/10845"}],"up":[{"embeddable":true,"href":"https:\/\/www.merkley.senate.gov\/es\/wp-json\/wp\/v2\/pages\/7812"}],"wp:attachment":[{"href":"https:\/\/www.merkley.senate.gov\/es\/wp-json\/wp\/v2\/media?parent=7698"}],"curies":[{"name":"wp","href":"https:\/\/api.w.org\/{rel}","templated":true}]}}