{"id":7713,"date":"2023-07-19T17:18:12","date_gmt":"2023-07-19T21:18:12","guid":{"rendered":"https:\/\/www.merkley.senate.gov\/?page_id=7713"},"modified":"2023-07-25T09:36:02","modified_gmt":"2023-07-25T13:36:02","slug":"student-aid","status":"publish","type":"page","link":"https:\/\/www.merkley.senate.gov\/es\/services\/students\/student-aid\/","title":{"rendered":"Ayuda Estudiantil"},"content":{"rendered":"<div data-elementor-type=\"wp-page\" data-elementor-id=\"7713\" class=\"elementor elementor-7713\" data-elementor-post-type=\"page\">\n\t\t\t\t\t\t<section class=\"elementor-section elementor-top-section elementor-element elementor-element-3180c2ab elementor-section-boxed elementor-section-height-default elementor-section-height-default\" data-id=\"3180c2ab\" data-element_type=\"section\" data-e-type=\"section\">\n\t\t\t\t\t\t<div class=\"elementor-container elementor-column-gap-default\">\n\t\t\t\t\t<div class=\"elementor-column elementor-col-100 elementor-top-column elementor-element elementor-element-46002599\" data-id=\"46002599\" data-element_type=\"column\" data-e-type=\"column\">\n\t\t\t<div class=\"elementor-widget-wrap elementor-element-populated\">\n\t\t\t\t\t\t<div class=\"elementor-element elementor-element-27960971 elementor-widget elementor-widget-text-editor\" data-id=\"27960971\" data-element_type=\"widget\" data-e-type=\"widget\" data-widget_type=\"text-editor.default\">\n\t\t\t\t<div class=\"elementor-widget-container\">\n\t\t\t\t\t\t\t\t\t\n<h2 class=\"wp-block-heading\">Ayudar a los estudiantes a asistir a la universidad<\/h2>\n\n<p>Para muchas familias estadounidenses, poder permitirse el lujo de enviar a sus hijos a la universidad se ha vuelto cada vez m\u00e1s dif\u00edcil. A continuaci\u00f3n hay varios enlaces a programas federales y estatales que ayudan a los estudiantes a poder asistir a la universidad.<\/p>\n\n<p>Algunos estudiantes tambi\u00e9n tienen dificultades para pagar los pr\u00e9stamos estudiantiles despu\u00e9s de graduarse. Esta p\u00e1gina tambi\u00e9n ofrece recursos para ayudar a guiar a los estudiantes a pagar sus pr\u00e9stamos estudiantiles.<\/p>\n<hr class=\"wp-block-separator has-alpha-channel-opacity\" \/>\n<h2 class=\"wp-block-heading\">Ayuda Federal para Estudiantes<\/h2>\n\n<p>El gobierno federal ofrece muchos programas para que los estudiantes puedan asistir a la universidad. A continuaci\u00f3n se encuentran programas federales espec\u00edficos orientados a ayudar a los estudiantes a alcanzar varios niveles acad\u00e9micos y tambi\u00e9n programas para ayudar a los estudiantes que enfrentan dificultades econ\u00f3micas.<\/p>\n\n<ul class=\"wp-block-list\">\n<li><strong><a href=\"https:\/\/studentaid.gov\/understand-aid\/types\/grants\/teach\" target=\"_blank\" rel=\"noopener\">Programa de Becas TEACH \u00bb<\/a>\u00a0<\/strong>El Programa de Subvenciones de Asistencia Docente para la Universidad y la Educaci\u00f3n Superior puede proporcionar hasta $4,000 en subvenciones cada a\u00f1o a los estudiantes que tengan la intenci\u00f3n de seguir ense\u00f1ando en escuelas p\u00fablicas, privadas o secundarias que atienden a estudiantes de familias de bajos ingresos.<\/li>\n\n<li><strong><a href=\"https:\/\/www2.ed.gov\/programs\/fpg\/index.html\" target=\"_blank\" rel=\"noopener\">Beca Federal Pell \u00bb<\/a>\u00a0<\/strong>Las Becas Federales Pell son becas basadas en la necesidad que se otorgan a estudiantes universitarios de bajos ingresos que no han obtenido una licenciatura o un t\u00edtulo profesional. Las Becas Federales Pell no tienen que ser devueltas por los estudiantes.<\/li>\n\n<li><strong><a href=\"https:\/\/studentaid.gov\/understand-aid\/types\/grants\/fseog\" target=\"_blank\" rel=\"noopener\">Beca Federal de Oportunidad Educativa Suplementaria \u00bb<\/a>\u00a0<\/strong>Las Becas Federales de Oportunidades Educativas Suplementarias (FSEOG, por sus siglas en ingl\u00e9s) son becas otorgadas a estudiantes universitarios de bajos ingresos. Los estudiantes no tienen que reembolsar las Becas Federales de Oportunidades Educativas Suplementarias.<\/li>\n<\/ul>\n\n<p>\u00a0<\/p>\n<p>Para obtener m\u00e1s informaci\u00f3n sobre los diferentes tipos de subvenciones y pr\u00e9stamos federales disponibles para los estudiantes y cu\u00e1les son los requisitos, <a href=\"https:\/\/fsapartners.ed.gov\/home\/\" target=\"_blank\" rel=\"noopener\"><strong>Sitio web de ayuda federal para estudiantes<\/strong><\/a>\u00a0\u00a0es un gran recurso.<\/p>\n<hr class=\"wp-block-separator has-alpha-channel-opacity\" \/>\n<h2 class=\"wp-block-heading\">Ayuda estatal para estudiantes<\/h2>\n\n<p><strong><a href=\"https:\/\/oregonstudentaid.gov\/scholarships\/\" target=\"_blank\" rel=\"noopener\">La Comisi\u00f3n de la Asociaci\u00f3n del Estado de Oreg\u00f3n<\/a><\/strong>\u00a0ofrece m\u00e1s de 320 programas de becas para estudiantes. Un programa, la Beca de Oportunidad de Oreg\u00f3n, est\u00e1 disponible para estudiantes universitarios de bajos ingresos durante ocho semestres. La subvenci\u00f3n se aplica a universidades de cuatro a\u00f1os, colegios comunitarios e instituciones del Sistema Universitario de Oreg\u00f3n.<\/p>\n\n<p>Para obtener m\u00e1s informaci\u00f3n sobre los programas que el estado de Oreg\u00f3n tiene disponibles para los estudiantes, el<strong>\u00a0<a href=\"https:\/\/oregonstudentaid.gov\/scholarships\/\" target=\"_blank\" rel=\"noopener\">Sitio web de la Comisi\u00f3n de la Asociaci\u00f3n de Estudiantes de Oreg\u00f3n<\/a><\/strong>\u00a0es un recurso \u00fatil.<\/p>\n<hr class=\"wp-block-separator has-alpha-channel-opacity\" \/>\n<h2 class=\"wp-block-heading\">Reembolso de pr\u00e9stamos estudiantiles<\/h2>\n\n<p>Adem\u00e1s de la presi\u00f3n de encontrar un trabajo, los estudiantes universitarios tambi\u00e9n tienen que lidiar con la abrumadora tarea de pagar sus pr\u00e9stamos estudiantiles federales. El <strong><a href=\"https:\/\/studentaid.gov\/\" target=\"_blank\" rel=\"noopener\">Sitio web de ayuda federal para estudiantes<\/a><\/strong>\u00a0tiene informaci\u00f3n \u00fatil para estudiantes que buscan recursos para instituir planes de pago, aplazamiento de pr\u00e9stamos, consolidaci\u00f3n de pr\u00e9stamos y mucho m\u00e1s. El sitio web tambi\u00e9n tiene una herramienta donde los estudiantes pueden calcular la cantidad de inter\u00e9s que tendr\u00e1n que pagar en sus pr\u00e9stamos cada mes. El\u00a0<strong><a href=\"https:\/\/studentaid.gov\/\" target=\"_blank\" rel=\"noopener\">Sitio web de pr\u00e9stamos estudiantiles federales<\/a><\/strong>\u00a0tambi\u00e9n tiene informaci\u00f3n \u00fatil para los estudiantes que buscan solicitar un pr\u00e9stamo y establecer planes de pago.<\/p>\n\t\t\t\t\t\t\t\t<\/div>\n\t\t\t\t<\/div>\n\t\t\t\t\t<\/div>\n\t\t<\/div>\n\t\t\t\t\t<\/div>\n\t\t<\/section>\n\t\t\t\t<\/div>","protected":false},"excerpt":{"rendered":"<p>Helping Students Attend College For many American families, being able to afford to send their kids to college has become increasingly difficult.\u00a0 Below are multiple links to federal and state programs that help students be able to afford to attend college. Some students also have difficulty in paying back student loans after they graduate. This [&hellip;]<\/p>\n","protected":false},"author":1,"featured_media":0,"parent":7715,"menu_order":0,"comment_status":"closed","ping_status":"closed","template":"","meta":{"_acf_changed":false,"inline_featured_image":false,"footnotes":""},"class_list":["post-7713","page","type-page","status-publish","hentry"],"acf":[],"yoast_head":"<!-- This site is optimized with the Yoast SEO plugin v27.2 - https:\/\/yoast.com\/product\/yoast-seo-wordpress\/ -->\n<title>Student Aid - Merkley<\/title>\n<meta name=\"robots\" content=\"index, follow, max-snippet:-1, max-image-preview:large, max-video-preview:-1\" \/>\n<link rel=\"canonical\" href=\"https:\/\/www.merkley.senate.gov\/es\/services\/students\/student-aid\/\" \/>\n<meta property=\"og:locale\" content=\"es_MX\" \/>\n<meta property=\"og:type\" content=\"article\" \/>\n<meta property=\"og:title\" content=\"Student Aid - Merkley\" \/>\n<meta property=\"og:description\" content=\"Helping Students Attend College For many American families, being able to afford to send their kids to college has become increasingly difficult.\u00a0 Below are multiple links to federal and state programs that help students be able to afford to attend college. Some students also have difficulty in paying back student loans after they graduate. This [&hellip;]\" \/>\n<meta property=\"og:url\" content=\"https:\/\/www.merkley.senate.gov\/es\/services\/students\/student-aid\/\" \/>\n<meta property=\"og:site_name\" content=\"Merkley\" \/>\n<meta property=\"article:modified_time\" content=\"2023-07-25T13:36:02+00:00\" \/>\n<meta name=\"twitter:card\" content=\"summary_large_image\" \/>\n<meta name=\"twitter:label1\" content=\"Est. reading time\" \/>\n\t<meta name=\"twitter:data1\" content=\"2 minutes\" \/>\n<script type=\"application\/ld+json\" class=\"yoast-schema-graph\">{\"@context\":\"https:\/\/schema.org\",\"@graph\":[{\"@type\":\"WebPage\",\"@id\":\"https:\/\/www.merkley.senate.gov\/services\/students\/student-aid\/\",\"url\":\"https:\/\/www.merkley.senate.gov\/services\/students\/student-aid\/\",\"name\":\"Student Aid - Merkley\",\"isPartOf\":{\"@id\":\"https:\/\/www.merkley.senate.gov\/#website\"},\"datePublished\":\"2023-07-19T21:18:12+00:00\",\"dateModified\":\"2023-07-25T13:36:02+00:00\",\"breadcrumb\":{\"@id\":\"https:\/\/www.merkley.senate.gov\/services\/students\/student-aid\/#breadcrumb\"},\"inLanguage\":\"es-MX\",\"potentialAction\":[{\"@type\":\"ReadAction\",\"target\":[\"https:\/\/www.merkley.senate.gov\/services\/students\/student-aid\/\"]}]},{\"@type\":\"BreadcrumbList\",\"@id\":\"https:\/\/www.merkley.senate.gov\/services\/students\/student-aid\/#breadcrumb\",\"itemListElement\":[{\"@type\":\"ListItem\",\"position\":1,\"name\":\"Home\",\"item\":\"https:\/\/www.merkley.senate.gov\/\"},{\"@type\":\"ListItem\",\"position\":2,\"name\":\"Helping You\",\"item\":\"https:\/\/www.merkley.senate.gov\/services\/\"},{\"@type\":\"ListItem\",\"position\":3,\"name\":\"Students\",\"item\":\"https:\/\/www.merkley.senate.gov\/services\/students\/\"},{\"@type\":\"ListItem\",\"position\":4,\"name\":\"Student Aid\"}]},{\"@type\":\"WebSite\",\"@id\":\"https:\/\/www.merkley.senate.gov\/#website\",\"url\":\"https:\/\/www.merkley.senate.gov\/\",\"name\":\"Merkley\",\"description\":\"Merkley\",\"potentialAction\":[{\"@type\":\"SearchAction\",\"target\":{\"@type\":\"EntryPoint\",\"urlTemplate\":\"https:\/\/www.merkley.senate.gov\/?s={search_term_string}\"},\"query-input\":{\"@type\":\"PropertyValueSpecification\",\"valueRequired\":true,\"valueName\":\"search_term_string\"}}],\"inLanguage\":\"es-MX\"}]}<\/script>\n<!-- \/ Yoast SEO plugin. -->","yoast_head_json":{"title":"Student Aid - Merkley","robots":{"index":"index","follow":"follow","max-snippet":"max-snippet:-1","max-image-preview":"max-image-preview:large","max-video-preview":"max-video-preview:-1"},"canonical":"https:\/\/www.merkley.senate.gov\/es\/services\/students\/student-aid\/","og_locale":"es_MX","og_type":"article","og_title":"Student Aid - Merkley","og_description":"Helping Students Attend College For many American families, being able to afford to send their kids to college has become increasingly difficult.\u00a0 Below are multiple links to federal and state programs that help students be able to afford to attend college. Some students also have difficulty in paying back student loans after they graduate. This [&hellip;]","og_url":"https:\/\/www.merkley.senate.gov\/es\/services\/students\/student-aid\/","og_site_name":"Merkley","article_modified_time":"2023-07-25T13:36:02+00:00","twitter_card":"summary_large_image","twitter_misc":{"Est. reading time":"2 minutes"},"schema":{"@context":"https:\/\/schema.org","@graph":[{"@type":"WebPage","@id":"https:\/\/www.merkley.senate.gov\/services\/students\/student-aid\/","url":"https:\/\/www.merkley.senate.gov\/services\/students\/student-aid\/","name":"Student Aid - Merkley","isPartOf":{"@id":"https:\/\/www.merkley.senate.gov\/#website"},"datePublished":"2023-07-19T21:18:12+00:00","dateModified":"2023-07-25T13:36:02+00:00","breadcrumb":{"@id":"https:\/\/www.merkley.senate.gov\/services\/students\/student-aid\/#breadcrumb"},"inLanguage":"es-MX","potentialAction":[{"@type":"ReadAction","target":["https:\/\/www.merkley.senate.gov\/services\/students\/student-aid\/"]}]},{"@type":"BreadcrumbList","@id":"https:\/\/www.merkley.senate.gov\/services\/students\/student-aid\/#breadcrumb","itemListElement":[{"@type":"ListItem","position":1,"name":"Home","item":"https:\/\/www.merkley.senate.gov\/"},{"@type":"ListItem","position":2,"name":"Helping You","item":"https:\/\/www.merkley.senate.gov\/services\/"},{"@type":"ListItem","position":3,"name":"Students","item":"https:\/\/www.merkley.senate.gov\/services\/students\/"},{"@type":"ListItem","position":4,"name":"Student Aid"}]},{"@type":"WebSite","@id":"https:\/\/www.merkley.senate.gov\/#website","url":"https:\/\/www.merkley.senate.gov\/","name":"merkley","description":"merkley","potentialAction":[{"@type":"SearchAction","target":{"@type":"EntryPoint","urlTemplate":"https:\/\/www.merkley.senate.gov\/?s={search_term_string}"},"query-input":{"@type":"PropertyValueSpecification","valueRequired":true,"valueName":"search_term_string"}}],"inLanguage":"es-MX"}]}},"_links":{"self":[{"href":"https:\/\/www.merkley.senate.gov\/es\/wp-json\/wp\/v2\/pages\/7713","targetHints":{"allow":["GET"]}}],"collection":[{"href":"https:\/\/www.merkley.senate.gov\/es\/wp-json\/wp\/v2\/pages"}],"about":[{"href":"https:\/\/www.merkley.senate.gov\/es\/wp-json\/wp\/v2\/types\/page"}],"author":[{"embeddable":true,"href":"https:\/\/www.merkley.senate.gov\/es\/wp-json\/wp\/v2\/users\/1"}],"replies":[{"embeddable":true,"href":"https:\/\/www.merkley.senate.gov\/es\/wp-json\/wp\/v2\/comments?post=7713"}],"version-history":[{"count":30,"href":"https:\/\/www.merkley.senate.gov\/es\/wp-json\/wp\/v2\/pages\/7713\/revisions"}],"predecessor-version":[{"id":16895,"href":"https:\/\/www.merkley.senate.gov\/es\/wp-json\/wp\/v2\/pages\/7713\/revisions\/16895"}],"up":[{"embeddable":true,"href":"https:\/\/www.merkley.senate.gov\/es\/wp-json\/wp\/v2\/pages\/7715"}],"wp:attachment":[{"href":"https:\/\/www.merkley.senate.gov\/es\/wp-json\/wp\/v2\/media?parent=7713"}],"curies":[{"name":"wp","href":"https:\/\/api.w.org\/{rel}","templated":true}]}}