{"id":7715,"date":"2023-07-19T17:20:45","date_gmt":"2023-07-19T21:20:45","guid":{"rendered":"https:\/\/www.merkley.senate.gov\/?page_id=7715"},"modified":"2026-01-28T15:11:57","modified_gmt":"2026-01-28T20:11:57","slug":"students","status":"publish","type":"page","link":"https:\/\/www.merkley.senate.gov\/es\/services\/students\/","title":{"rendered":"Estudiantes"},"content":{"rendered":"<div data-elementor-type=\"wp-page\" data-elementor-id=\"7715\" class=\"elementor elementor-7715\" data-elementor-post-type=\"page\">\n\t\t\t\t\t\t<section class=\"elementor-section elementor-top-section elementor-element elementor-element-7886a817 elementor-section-boxed elementor-section-height-default elementor-section-height-default\" data-id=\"7886a817\" data-element_type=\"section\" data-e-type=\"section\">\n\t\t\t\t\t\t<div class=\"elementor-container elementor-column-gap-default\">\n\t\t\t\t\t<div class=\"elementor-column elementor-col-100 elementor-top-column elementor-element elementor-element-3cf27db5\" data-id=\"3cf27db5\" data-element_type=\"column\" data-e-type=\"column\">\n\t\t\t<div class=\"elementor-widget-wrap elementor-element-populated\">\n\t\t\t\t\t\t<div class=\"elementor-element elementor-element-77b17d59 elementor-widget elementor-widget-text-editor\" data-id=\"77b17d59\" data-element_type=\"widget\" data-e-type=\"widget\" data-widget_type=\"text-editor.default\">\n\t\t\t\t<div class=\"elementor-widget-container\">\n\t\t\t\t\t\t\t\t\t<p><\/p>\n<p>Jeff cree que una buena educaci\u00f3n es la base de una naci\u00f3n pr\u00f3spera y que todos los estudiantes de Oreg\u00f3n deben tener todas las oportunidades a su disposici\u00f3n para triunfar. A continuaci\u00f3n encontrar\u00e1 recursos valiosos para los estudiantes.<\/p>\n<p><\/p>\n<hr \/>\n<p><\/p>\n<p><\/p>\n<h2 class=\"wp-block-heading\"><a href=\"https:\/\/www.merkley.senate.gov\/es\/student-aid\/\">Ayuda Estudiantil<\/a><\/h2>\n<p><\/p>\n<p>La educaci\u00f3n secundaria se ha vuelto cada vez m\u00e1s cara, poniendo el sue\u00f1o de un t\u00edtulo universitario fuera del alcance de muchos estudiantes. Esta secci\u00f3n del sitio web proporciona informaci\u00f3n sobre numerosos programas estatales y federales dedicados a ayudar a los estudiantes de todos los \u00e1mbitos de la vida a poder asistir a la universidad.<\/p>\n<p><\/p>\n<hr \/>\n<p><\/p>\n<p><\/p>\n<h2 class=\"wp-block-heading\"><a href=\"https:\/\/www.merkley.senate.gov\/es\/academy\/\">Nominaciones de la Academia de Servicio<\/a><\/h2>\n<p><\/p>\n<p>Cada a\u00f1o, Jeff tiene el privilegio de nominar a los mejores de Oreg\u00f3n para las Academias de Servicio de los Estados Unidos. Puede encontrar informaci\u00f3n sobre el proceso de nominaci\u00f3n y solicitud\u00a0<a href=\"https:\/\/www.merkley.senate.gov\/es\/academy\/\">aqu\u00ed<\/a>.<\/p>\n<p><\/p>\n<hr \/>\n<p><\/p>\n<p><\/p>\n<h2 class=\"wp-block-heading\"><a href=\"https:\/\/www.merkley.senate.gov\/es\/internships\/\">Pasant\u00edas<\/a><\/h2>\n<p><\/p>\n<p>Esta p\u00e1gina contiene informaci\u00f3n sobre c\u00f3mo solicitar una pasant\u00eda en las oficinas de la Senadora Merkley en Oreg\u00f3n o en Washington, DC<\/p>\n<p><\/p>\n<hr \/>\n<p><\/p>\n<p><\/p>\n<h2 class=\"wp-block-heading\"><a href=\"https:\/\/www.merkley.senate.gov\/es\/services\/students\/page-program\/\">Programa de p\u00e1gina del Senado<\/a><\/h2>\n<p><\/p>\n<p>Pages play a critical role in the day-to-day work of the U.S. Senate. Jeff has the privilege as a United States Senator to nominate a page for appointment. <strong><em>Senate Page Program applications for Summer 2026 are due on February 19, 2026.<\/em><\/strong><\/p>\n<p><\/p>\t\t\t\t\t\t\t\t<\/div>\n\t\t\t\t<\/div>\n\t\t\t\t\t<\/div>\n\t\t<\/div>\n\t\t\t\t\t<\/div>\n\t\t<\/section>\n\t\t\t\t<\/div>","protected":false},"excerpt":{"rendered":"<p>Jeff believes that a good education is the foundation for a prosperous nation and that every student in Oregon should have every opportunity at their disposal to succeed. Below you will find valuable resources for students. Student Aid Secondary education has become increasingly expensive, putting the dream of a college degree out-of-reach for many students. [&hellip;]<\/p>\n","protected":false},"author":1,"featured_media":0,"parent":7812,"menu_order":0,"comment_status":"closed","ping_status":"closed","template":"","meta":{"_acf_changed":false,"inline_featured_image":false,"footnotes":""},"class_list":["post-7715","page","type-page","status-publish","hentry"],"acf":[],"yoast_head":"<!-- This site is optimized with the Yoast SEO plugin v27.2 - https:\/\/yoast.com\/product\/yoast-seo-wordpress\/ -->\n<title>Students - Merkley<\/title>\n<meta name=\"robots\" content=\"index, follow, max-snippet:-1, max-image-preview:large, max-video-preview:-1\" \/>\n<link rel=\"canonical\" href=\"https:\/\/www.merkley.senate.gov\/es\/services\/students\/\" \/>\n<meta property=\"og:locale\" content=\"es_MX\" \/>\n<meta property=\"og:type\" content=\"article\" \/>\n<meta property=\"og:title\" content=\"Students - Merkley\" \/>\n<meta property=\"og:description\" content=\"Jeff believes that a good education is the foundation for a prosperous nation and that every student in Oregon should have every opportunity at their disposal to succeed. Below you will find valuable resources for students. Student Aid Secondary education has become increasingly expensive, putting the dream of a college degree out-of-reach for many students. [&hellip;]\" \/>\n<meta property=\"og:url\" content=\"https:\/\/www.merkley.senate.gov\/es\/services\/students\/\" \/>\n<meta property=\"og:site_name\" content=\"Merkley\" \/>\n<meta property=\"article:modified_time\" content=\"2026-01-28T20:11:57+00:00\" \/>\n<meta name=\"twitter:card\" content=\"summary_large_image\" \/>\n<meta name=\"twitter:label1\" content=\"Est. reading time\" \/>\n\t<meta name=\"twitter:data1\" content=\"1 minute\" \/>\n<script type=\"application\/ld+json\" class=\"yoast-schema-graph\">{\"@context\":\"https:\/\/schema.org\",\"@graph\":[{\"@type\":\"WebPage\",\"@id\":\"https:\/\/www.merkley.senate.gov\/services\/students\/\",\"url\":\"https:\/\/www.merkley.senate.gov\/services\/students\/\",\"name\":\"Students - Merkley\",\"isPartOf\":{\"@id\":\"https:\/\/www.merkley.senate.gov\/#website\"},\"datePublished\":\"2023-07-19T21:20:45+00:00\",\"dateModified\":\"2026-01-28T20:11:57+00:00\",\"breadcrumb\":{\"@id\":\"https:\/\/www.merkley.senate.gov\/services\/students\/#breadcrumb\"},\"inLanguage\":\"es-MX\",\"potentialAction\":[{\"@type\":\"ReadAction\",\"target\":[\"https:\/\/www.merkley.senate.gov\/services\/students\/\"]}]},{\"@type\":\"BreadcrumbList\",\"@id\":\"https:\/\/www.merkley.senate.gov\/services\/students\/#breadcrumb\",\"itemListElement\":[{\"@type\":\"ListItem\",\"position\":1,\"name\":\"Home\",\"item\":\"https:\/\/www.merkley.senate.gov\/\"},{\"@type\":\"ListItem\",\"position\":2,\"name\":\"Helping You\",\"item\":\"https:\/\/www.merkley.senate.gov\/services\/\"},{\"@type\":\"ListItem\",\"position\":3,\"name\":\"Students\"}]},{\"@type\":\"WebSite\",\"@id\":\"https:\/\/www.merkley.senate.gov\/#website\",\"url\":\"https:\/\/www.merkley.senate.gov\/\",\"name\":\"Merkley\",\"description\":\"Merkley\",\"potentialAction\":[{\"@type\":\"SearchAction\",\"target\":{\"@type\":\"EntryPoint\",\"urlTemplate\":\"https:\/\/www.merkley.senate.gov\/?s={search_term_string}\"},\"query-input\":{\"@type\":\"PropertyValueSpecification\",\"valueRequired\":true,\"valueName\":\"search_term_string\"}}],\"inLanguage\":\"es-MX\"}]}<\/script>\n<!-- \/ Yoast SEO plugin. -->","yoast_head_json":{"title":"Students - Merkley","robots":{"index":"index","follow":"follow","max-snippet":"max-snippet:-1","max-image-preview":"max-image-preview:large","max-video-preview":"max-video-preview:-1"},"canonical":"https:\/\/www.merkley.senate.gov\/es\/services\/students\/","og_locale":"es_MX","og_type":"article","og_title":"Students - Merkley","og_description":"Jeff believes that a good education is the foundation for a prosperous nation and that every student in Oregon should have every opportunity at their disposal to succeed. Below you will find valuable resources for students. Student Aid Secondary education has become increasingly expensive, putting the dream of a college degree out-of-reach for many students. [&hellip;]","og_url":"https:\/\/www.merkley.senate.gov\/es\/services\/students\/","og_site_name":"Merkley","article_modified_time":"2026-01-28T20:11:57+00:00","twitter_card":"summary_large_image","twitter_misc":{"Est. reading time":"1 minute"},"schema":{"@context":"https:\/\/schema.org","@graph":[{"@type":"WebPage","@id":"https:\/\/www.merkley.senate.gov\/services\/students\/","url":"https:\/\/www.merkley.senate.gov\/services\/students\/","name":"Students - Merkley","isPartOf":{"@id":"https:\/\/www.merkley.senate.gov\/#website"},"datePublished":"2023-07-19T21:20:45+00:00","dateModified":"2026-01-28T20:11:57+00:00","breadcrumb":{"@id":"https:\/\/www.merkley.senate.gov\/services\/students\/#breadcrumb"},"inLanguage":"es-MX","potentialAction":[{"@type":"ReadAction","target":["https:\/\/www.merkley.senate.gov\/services\/students\/"]}]},{"@type":"BreadcrumbList","@id":"https:\/\/www.merkley.senate.gov\/services\/students\/#breadcrumb","itemListElement":[{"@type":"ListItem","position":1,"name":"Home","item":"https:\/\/www.merkley.senate.gov\/"},{"@type":"ListItem","position":2,"name":"Helping You","item":"https:\/\/www.merkley.senate.gov\/services\/"},{"@type":"ListItem","position":3,"name":"Students"}]},{"@type":"WebSite","@id":"https:\/\/www.merkley.senate.gov\/#website","url":"https:\/\/www.merkley.senate.gov\/","name":"merkley","description":"merkley","potentialAction":[{"@type":"SearchAction","target":{"@type":"EntryPoint","urlTemplate":"https:\/\/www.merkley.senate.gov\/?s={search_term_string}"},"query-input":{"@type":"PropertyValueSpecification","valueRequired":true,"valueName":"search_term_string"}}],"inLanguage":"es-MX"}]}},"_links":{"self":[{"href":"https:\/\/www.merkley.senate.gov\/es\/wp-json\/wp\/v2\/pages\/7715","targetHints":{"allow":["GET"]}}],"collection":[{"href":"https:\/\/www.merkley.senate.gov\/es\/wp-json\/wp\/v2\/pages"}],"about":[{"href":"https:\/\/www.merkley.senate.gov\/es\/wp-json\/wp\/v2\/types\/page"}],"author":[{"embeddable":true,"href":"https:\/\/www.merkley.senate.gov\/es\/wp-json\/wp\/v2\/users\/1"}],"replies":[{"embeddable":true,"href":"https:\/\/www.merkley.senate.gov\/es\/wp-json\/wp\/v2\/comments?post=7715"}],"version-history":[{"count":11,"href":"https:\/\/www.merkley.senate.gov\/es\/wp-json\/wp\/v2\/pages\/7715\/revisions"}],"predecessor-version":[{"id":23833,"href":"https:\/\/www.merkley.senate.gov\/es\/wp-json\/wp\/v2\/pages\/7715\/revisions\/23833"}],"up":[{"embeddable":true,"href":"https:\/\/www.merkley.senate.gov\/es\/wp-json\/wp\/v2\/pages\/7812"}],"wp:attachment":[{"href":"https:\/\/www.merkley.senate.gov\/es\/wp-json\/wp\/v2\/media?parent=7715"}],"curies":[{"name":"wp","href":"https:\/\/api.w.org\/{rel}","templated":true}]}}