{"id":7717,"date":"2023-07-19T17:23:49","date_gmt":"2023-07-19T21:23:49","guid":{"rendered":"https:\/\/www.merkley.senate.gov\/?page_id=7717"},"modified":"2024-10-08T11:06:20","modified_gmt":"2024-10-08T15:06:20","slug":"flag-requests","status":"publish","type":"page","link":"https:\/\/www.merkley.senate.gov\/es\/services\/flag-requests\/","title":{"rendered":"Marcar solicitudes"},"content":{"rendered":"<div data-elementor-type=\"wp-page\" data-elementor-id=\"7717\" class=\"elementor elementor-7717\" data-elementor-post-type=\"page\">\n\t\t\t\t\t\t<section class=\"elementor-section elementor-top-section elementor-element elementor-element-c246cc7 elementor-section-boxed elementor-section-height-default elementor-section-height-default\" data-id=\"c246cc7\" data-element_type=\"section\" data-e-type=\"section\">\n\t\t\t\t\t\t<div class=\"elementor-container elementor-column-gap-default\">\n\t\t\t\t\t<div class=\"elementor-column elementor-col-100 elementor-top-column elementor-element elementor-element-0492209\" data-id=\"0492209\" data-element_type=\"column\" data-e-type=\"column\">\n\t\t\t<div class=\"elementor-widget-wrap elementor-element-populated\">\n\t\t\t\t\t\t<div class=\"elementor-element elementor-element-5371eb4 elementor-widget elementor-widget-text-editor\" data-id=\"5371eb4\" data-element_type=\"widget\" data-e-type=\"widget\" data-widget_type=\"text-editor.default\">\n\t\t\t\t<div class=\"elementor-widget-container\">\n\t\t\t\t\t\t\t\t\t<p>American flags are available for purchase through Jeff\u2019s office in Washington, D.C. for special events, ceremonies, gifts, or celebrations of achievement. Upon request, we can also have flags flown over the U.S. Capitol before sending them.\u00a0<\/p>\n<p><strong>There are two flag options for you to choose from when purchasing a flag flown over the Capitol<\/strong>: pre-flown and standard flags.<\/p>\n<ul>\n<li><span style=\"text-decoration: underline;\"><strong> Pre-flown flags<\/strong><\/span> are accompanied by a certificate from the Architect of the Capitol as a record of the event.<\/li>\n<li><span style=\"text-decoration: underline;\"><strong>Standard flags<\/strong><\/span> include a customizable certificate from our office in addition to the standard certificate and you can elect to have the flag flown on a specific date.<\/li>\n<\/ul>\t\t\t\t\t\t\t\t<\/div>\n\t\t\t\t<\/div>\n\t\t\t\t\t<\/div>\n\t\t<\/div>\n\t\t\t\t\t<\/div>\n\t\t<\/section>\n\t\t\t\t<section class=\"elementor-section elementor-top-section elementor-element elementor-element-1d94fee2 elementor-section-boxed elementor-section-height-default elementor-section-height-default\" data-id=\"1d94fee2\" data-element_type=\"section\" data-e-type=\"section\">\n\t\t\t\t\t\t<div class=\"elementor-container elementor-column-gap-default\">\n\t\t\t\t\t<div class=\"elementor-column elementor-col-100 elementor-top-column elementor-element elementor-element-7f9fc498\" data-id=\"7f9fc498\" data-element_type=\"column\" data-e-type=\"column\">\n\t\t\t<div class=\"elementor-widget-wrap elementor-element-populated\">\n\t\t\t\t\t\t<div class=\"elementor-element elementor-element-546ed2ae elementor-widget elementor-widget-text-editor\" data-id=\"546ed2ae\" data-element_type=\"widget\" data-e-type=\"widget\" data-widget_type=\"text-editor.default\">\n\t\t\t\t<div class=\"elementor-widget-container\">\n\t\t\t\t\t\t\t\t\t<p><\/p>\n<p><strong style=\"color: inherit; font-family: var( --e-global-typography-secondary-font-family ), Sans-serif; font-size: var( --e-global-typography-secondary-font-size ); text-transform: var( --e-global-typography-secondary-text-transform ); background-color: var( --e-global-color-secondary );\">BY ONLINE PAYMENT WEB FORM<\/strong><\/p>\n<p><\/p>\n<p>The quickest way to receive a flag from our office is by filling out the <a href=\"https:\/\/www.pay.gov\/public\/form\/start\/63827241\"><strong>online order form<\/strong><\/a> using the link below. Flags ordered this way take approximately four weeks to process and ship.\u00a0<\/p>\n<p><\/p>\n<p>Tenga en cuenta que las banderas ondeadas sobre el Capitolio en una fecha espec\u00edfica tardar\u00e1n m\u00e1s en procesarse y enviarse seg\u00fan la fecha que solicite para ondear. Si env\u00eda una solicitud de bandera para volar en una fecha espec\u00edfica, espere al menos dos semanas despu\u00e9s de la fecha de vuelo solicitada para que su bandera llegue por correo.<\/p>\n<p><\/p>\n<p><strong><span style=\"text-decoration: underline;\"><a href=\"https:\/\/www.pay.gov\/public\/form\/start\/63827241\" target=\"_blank\" rel=\"noopener\">Haga un pedido en l\u00ednea aqu\u00ed.<\/a><\/span><\/strong><\/p>\n<p><\/p>\n<p>Nuestra oficina utiliza el servicio web Pay.gov para procesar solicitudes de banderas en l\u00ednea. Pay.gov es un servicio proporcionado por el Departamento del Tesoro de los EE. UU. en un esfuerzo por brindar a las agencias del gobierno federal una red segura para la presentaci\u00f3n de pagos en l\u00ednea.<\/p>\n<p><\/p>\n<p>Los reembolsos por pedidos de bandera enviados en l\u00ednea no se pueden procesar despu\u00e9s de que su pedido haya estado en el sistema Pay.gov durante m\u00e1s de 24 horas.<\/p>\n<p><\/p>\t\t\t\t\t\t\t\t<\/div>\n\t\t\t\t<\/div>\n\t\t\t\t<div class=\"elementor-element elementor-element-30bee72 elementor-widget elementor-widget-text-editor\" data-id=\"30bee72\" data-element_type=\"widget\" data-e-type=\"widget\" data-widget_type=\"text-editor.default\">\n\t\t\t\t<div class=\"elementor-widget-container\">\n\t\t\t\t\t\t\t\t\t<p><strong><span style=\"font-style: italic;\">Si tiene alguna pregunta o inquietud, comun\u00edquese con el coordinador de banderas de Jeff al (202) 224-3753.<\/span><\/strong><\/p>\t\t\t\t\t\t\t\t<\/div>\n\t\t\t\t<\/div>\n\t\t\t\t\t<\/div>\n\t\t<\/div>\n\t\t\t\t\t<\/div>\n\t\t<\/section>\n\t\t\t\t<\/div>","protected":false},"excerpt":{"rendered":"<p>American flags are available for purchase through Jeff\u2019s office in Washington, D.C. for special events, ceremonies, gifts, or celebrations of achievement. Upon request, we can also have flags flown over the U.S. Capitol before sending them.\u00a0 There are two flag options for you to choose from when purchasing a flag flown over the Capitol: pre-flown [&hellip;]<\/p>\n","protected":false},"author":1,"featured_media":0,"parent":7812,"menu_order":0,"comment_status":"closed","ping_status":"closed","template":"","meta":{"_acf_changed":false,"inline_featured_image":false,"footnotes":""},"class_list":["post-7717","page","type-page","status-publish","hentry"],"acf":[],"yoast_head":"<!-- This site is optimized with the Yoast SEO plugin v27.2 - https:\/\/yoast.com\/product\/yoast-seo-wordpress\/ -->\n<title>Flag Requests - Merkley<\/title>\n<meta name=\"robots\" content=\"index, follow, max-snippet:-1, max-image-preview:large, max-video-preview:-1\" \/>\n<link rel=\"canonical\" href=\"https:\/\/www.merkley.senate.gov\/es\/services\/flag-requests\/\" \/>\n<meta property=\"og:locale\" content=\"es_MX\" \/>\n<meta property=\"og:type\" content=\"article\" \/>\n<meta property=\"og:title\" content=\"Flag Requests - Merkley\" \/>\n<meta property=\"og:description\" content=\"American flags are available for purchase through Jeff\u2019s office in Washington, D.C. for special events, ceremonies, gifts, or celebrations of achievement. Upon request, we can also have flags flown over the U.S. Capitol before sending them.\u00a0 There are two flag options for you to choose from when purchasing a flag flown over the Capitol: pre-flown [&hellip;]\" \/>\n<meta property=\"og:url\" content=\"https:\/\/www.merkley.senate.gov\/es\/services\/flag-requests\/\" \/>\n<meta property=\"og:site_name\" content=\"Merkley\" \/>\n<meta property=\"article:modified_time\" content=\"2024-10-08T15:06:20+00:00\" \/>\n<meta name=\"twitter:card\" content=\"summary_large_image\" \/>\n<meta name=\"twitter:label1\" content=\"Est. reading time\" \/>\n\t<meta name=\"twitter:data1\" content=\"2 minutes\" \/>\n<script type=\"application\/ld+json\" class=\"yoast-schema-graph\">{\"@context\":\"https:\/\/schema.org\",\"@graph\":[{\"@type\":\"WebPage\",\"@id\":\"https:\/\/www.merkley.senate.gov\/services\/flag-requests\/\",\"url\":\"https:\/\/www.merkley.senate.gov\/services\/flag-requests\/\",\"name\":\"Flag Requests - Merkley\",\"isPartOf\":{\"@id\":\"https:\/\/www.merkley.senate.gov\/#website\"},\"datePublished\":\"2023-07-19T21:23:49+00:00\",\"dateModified\":\"2024-10-08T15:06:20+00:00\",\"breadcrumb\":{\"@id\":\"https:\/\/www.merkley.senate.gov\/services\/flag-requests\/#breadcrumb\"},\"inLanguage\":\"es-MX\",\"potentialAction\":[{\"@type\":\"ReadAction\",\"target\":[\"https:\/\/www.merkley.senate.gov\/services\/flag-requests\/\"]}]},{\"@type\":\"BreadcrumbList\",\"@id\":\"https:\/\/www.merkley.senate.gov\/services\/flag-requests\/#breadcrumb\",\"itemListElement\":[{\"@type\":\"ListItem\",\"position\":1,\"name\":\"Home\",\"item\":\"https:\/\/www.merkley.senate.gov\/\"},{\"@type\":\"ListItem\",\"position\":2,\"name\":\"Helping You\",\"item\":\"https:\/\/www.merkley.senate.gov\/services\/\"},{\"@type\":\"ListItem\",\"position\":3,\"name\":\"Flag Requests\"}]},{\"@type\":\"WebSite\",\"@id\":\"https:\/\/www.merkley.senate.gov\/#website\",\"url\":\"https:\/\/www.merkley.senate.gov\/\",\"name\":\"Merkley\",\"description\":\"Merkley\",\"potentialAction\":[{\"@type\":\"SearchAction\",\"target\":{\"@type\":\"EntryPoint\",\"urlTemplate\":\"https:\/\/www.merkley.senate.gov\/?s={search_term_string}\"},\"query-input\":{\"@type\":\"PropertyValueSpecification\",\"valueRequired\":true,\"valueName\":\"search_term_string\"}}],\"inLanguage\":\"es-MX\"}]}<\/script>\n<!-- \/ Yoast SEO plugin. -->","yoast_head_json":{"title":"Flag Requests - Merkley","robots":{"index":"index","follow":"follow","max-snippet":"max-snippet:-1","max-image-preview":"max-image-preview:large","max-video-preview":"max-video-preview:-1"},"canonical":"https:\/\/www.merkley.senate.gov\/es\/services\/flag-requests\/","og_locale":"es_MX","og_type":"article","og_title":"Flag Requests - Merkley","og_description":"American flags are available for purchase through Jeff\u2019s office in Washington, D.C. for special events, ceremonies, gifts, or celebrations of achievement. Upon request, we can also have flags flown over the U.S. Capitol before sending them.\u00a0 There are two flag options for you to choose from when purchasing a flag flown over the Capitol: pre-flown [&hellip;]","og_url":"https:\/\/www.merkley.senate.gov\/es\/services\/flag-requests\/","og_site_name":"Merkley","article_modified_time":"2024-10-08T15:06:20+00:00","twitter_card":"summary_large_image","twitter_misc":{"Est. reading time":"2 minutes"},"schema":{"@context":"https:\/\/schema.org","@graph":[{"@type":"WebPage","@id":"https:\/\/www.merkley.senate.gov\/services\/flag-requests\/","url":"https:\/\/www.merkley.senate.gov\/services\/flag-requests\/","name":"Flag Requests - Merkley","isPartOf":{"@id":"https:\/\/www.merkley.senate.gov\/#website"},"datePublished":"2023-07-19T21:23:49+00:00","dateModified":"2024-10-08T15:06:20+00:00","breadcrumb":{"@id":"https:\/\/www.merkley.senate.gov\/services\/flag-requests\/#breadcrumb"},"inLanguage":"es-MX","potentialAction":[{"@type":"ReadAction","target":["https:\/\/www.merkley.senate.gov\/services\/flag-requests\/"]}]},{"@type":"BreadcrumbList","@id":"https:\/\/www.merkley.senate.gov\/services\/flag-requests\/#breadcrumb","itemListElement":[{"@type":"ListItem","position":1,"name":"Home","item":"https:\/\/www.merkley.senate.gov\/"},{"@type":"ListItem","position":2,"name":"Helping You","item":"https:\/\/www.merkley.senate.gov\/services\/"},{"@type":"ListItem","position":3,"name":"Flag Requests"}]},{"@type":"WebSite","@id":"https:\/\/www.merkley.senate.gov\/#website","url":"https:\/\/www.merkley.senate.gov\/","name":"merkley","description":"merkley","potentialAction":[{"@type":"SearchAction","target":{"@type":"EntryPoint","urlTemplate":"https:\/\/www.merkley.senate.gov\/?s={search_term_string}"},"query-input":{"@type":"PropertyValueSpecification","valueRequired":true,"valueName":"search_term_string"}}],"inLanguage":"es-MX"}]}},"_links":{"self":[{"href":"https:\/\/www.merkley.senate.gov\/es\/wp-json\/wp\/v2\/pages\/7717","targetHints":{"allow":["GET"]}}],"collection":[{"href":"https:\/\/www.merkley.senate.gov\/es\/wp-json\/wp\/v2\/pages"}],"about":[{"href":"https:\/\/www.merkley.senate.gov\/es\/wp-json\/wp\/v2\/types\/page"}],"author":[{"embeddable":true,"href":"https:\/\/www.merkley.senate.gov\/es\/wp-json\/wp\/v2\/users\/1"}],"replies":[{"embeddable":true,"href":"https:\/\/www.merkley.senate.gov\/es\/wp-json\/wp\/v2\/comments?post=7717"}],"version-history":[{"count":22,"href":"https:\/\/www.merkley.senate.gov\/es\/wp-json\/wp\/v2\/pages\/7717\/revisions"}],"predecessor-version":[{"id":20623,"href":"https:\/\/www.merkley.senate.gov\/es\/wp-json\/wp\/v2\/pages\/7717\/revisions\/20623"}],"up":[{"embeddable":true,"href":"https:\/\/www.merkley.senate.gov\/es\/wp-json\/wp\/v2\/pages\/7812"}],"wp:attachment":[{"href":"https:\/\/www.merkley.senate.gov\/es\/wp-json\/wp\/v2\/media?parent=7717"}],"curies":[{"name":"wp","href":"https:\/\/api.w.org\/{rel}","templated":true}]}}