{"id":7728,"date":"2023-07-19T17:35:07","date_gmt":"2023-07-19T21:35:07","guid":{"rendered":"https:\/\/www.merkley.senate.gov\/?page_id=7728"},"modified":"2023-07-26T14:20:43","modified_gmt":"2023-07-26T18:20:43","slug":"visit-washington-dc","status":"publish","type":"page","link":"https:\/\/www.merkley.senate.gov\/es\/services\/visit-washington-dc\/","title":{"rendered":"Visita Washington D.C."},"content":{"rendered":"<div data-elementor-type=\"wp-page\" data-elementor-id=\"7728\" class=\"elementor elementor-7728\" data-elementor-post-type=\"page\">\n\t\t\t\t\t\t<section class=\"elementor-section elementor-top-section elementor-element elementor-element-6ee898b0 elementor-section-boxed elementor-section-height-default elementor-section-height-default\" data-id=\"6ee898b0\" data-element_type=\"section\" data-e-type=\"section\">\n\t\t\t\t\t\t<div class=\"elementor-container elementor-column-gap-default\">\n\t\t\t\t\t<div class=\"elementor-column elementor-col-100 elementor-top-column elementor-element elementor-element-49bc77b9\" data-id=\"49bc77b9\" data-element_type=\"column\" data-e-type=\"column\">\n\t\t\t<div class=\"elementor-widget-wrap elementor-element-populated\">\n\t\t\t\t\t\t<div class=\"elementor-element elementor-element-34c3ca93 elementor-widget elementor-widget-text-editor\" data-id=\"34c3ca93\" data-element_type=\"widget\" data-e-type=\"widget\" data-widget_type=\"text-editor.default\">\n\t\t\t\t<div class=\"elementor-widget-container\">\n\t\t\t\t\t\t\t\t\t\n<p>Las visitas p\u00fablicas a la Casa Blanca suelen estar disponibles de 8:00 a. m. a 12:30 p. m. los martes, mi\u00e9rcoles, jueves, viernes y s\u00e1bados, excepto los feriados federales o a menos que se indique lo contrario. Las solicitudes de recorridos p\u00fablicos se programan por orden de llegada y deben enviarse a trav\u00e9s de un miembro del Congreso y su coordinador de recorridos del Congreso. Las solicitudes de visitas p\u00fablicas a la Casa Blanca deben enviarse con un m\u00ednimo de 21 d\u00edas de anticipaci\u00f3n y no m\u00e1s de 90 d\u00edas antes de la(s) fecha(s) solicitada(s) de la visita.<\/p>\n<p>La Biblioteca del Congreso ahora ofrece pases programados para visitantes;\u00a0<a href=\"https:\/\/loc.usedirect.com\/LOC\/\" target=\"_blank\" rel=\"noopener\"><strong>visita su sitio web<\/strong>.<\/a>\u00a0El <strong><a href=\"https:\/\/www.visitthecapitol.gov\/visit\/book-a-tour\" target=\"_blank\" rel=\"noopener\">capitolio de los estados unidos<\/a><\/strong> y otros sitios federales en DC ofrecen recorridos limitados.<\/p>\n<p>A continuaci\u00f3n encontrar\u00e1 informaci\u00f3n sobre recorridos en los que la oficina del Senador Merkley puede ayudar al edificio del Capitolio de EE. UU., la Casa Blanca, la Biblioteca del Congreso y la Oficina de Imprenta y Grabado. Puede encontrar m\u00e1s detalles sobre estos tours a continuaci\u00f3n y usar el\u00a0<strong><a href=\"https:\/\/www.merkley.senate.gov\/es\/services\/visit-washington-dc\/tours\/request\/\">formulario de solicitud de viaje<\/a><\/strong>\u00a0para enviar su solicitud.<\/p>\n<p>Si planea viajar a Washington DC en el futuro y desea recibir una notificaci\u00f3n si la disponibilidad del tour se abre antes de la fecha de su viaje, env\u00ede un\u00a0<a href=\"https:\/\/www.merkley.senate.gov\/es\/services\/visit-washington-dc\/tours\/request\/\"><strong>formulario de solicitud de viaje aqu\u00ed<\/strong>.<\/a><\/p>\n<hr class=\"wp-block-separator has-alpha-channel-opacity\" \/>\n<p>\u00a0<\/p>\n\n<p>Si est\u00e1 planeando un viaje a Washington, DC, nuestra oficina puede ayudarlo a planificar su visita. La capital de la naci\u00f3n es rica en monumentos hist\u00f3ricos y recursos culturales. Podemos ayudarlo a coordinar recorridos por la Casa Blanca, el edificio del Capitolio, la Biblioteca del Congreso y muchos otros museos y galer\u00edas.<\/p>\n\t\t\t\t\t\t\t\t<\/div>\n\t\t\t\t<\/div>\n\t\t\t\t\t<\/div>\n\t\t<\/div>\n\t\t\t\t\t<\/div>\n\t\t<\/section>\n\t\t\t\t<section class=\"elementor-section elementor-top-section elementor-element elementor-element-3bff717 elementor-section-boxed elementor-section-height-default elementor-section-height-default\" data-id=\"3bff717\" data-element_type=\"section\" data-e-type=\"section\">\n\t\t\t\t\t\t<div class=\"elementor-container elementor-column-gap-default\">\n\t\t\t\t\t<div class=\"elementor-column elementor-col-50 elementor-top-column elementor-element elementor-element-e4b7e4c\" data-id=\"e4b7e4c\" data-element_type=\"column\" data-e-type=\"column\">\n\t\t\t<div class=\"elementor-widget-wrap elementor-element-populated\">\n\t\t\t\t\t\t<div class=\"elementor-element elementor-element-1bcadf8 elementor-align-center elementor-widget elementor-widget-button\" data-id=\"1bcadf8\" data-element_type=\"widget\" data-e-type=\"widget\" data-widget_type=\"button.default\">\n\t\t\t\t<div class=\"elementor-widget-container\">\n\t\t\t\t\t\t\t\t\t<div class=\"elementor-button-wrapper\">\n\t\t\t\t\t<a class=\"elementor-button elementor-button-link elementor-size-xl\" href=\"https:\/\/www.merkley.senate.gov\/es\/services\/visit-washington-dc\/tours\/\">\n\t\t\t\t\t\t<span class=\"elementor-button-content-wrapper\">\n\t\t\t\t\t\t\t\t\t<span class=\"elementor-button-text\">INFORMACI\u00d3N DEL TOUR<\/span>\n\t\t\t\t\t<\/span>\n\t\t\t\t\t<\/a>\n\t\t\t\t<\/div>\n\t\t\t\t\t\t\t\t<\/div>\n\t\t\t\t<\/div>\n\t\t\t\t\t<\/div>\n\t\t<\/div>\n\t\t\t\t<div class=\"elementor-column elementor-col-50 elementor-top-column elementor-element elementor-element-5ed0b7d\" data-id=\"5ed0b7d\" data-element_type=\"column\" data-e-type=\"column\">\n\t\t\t<div class=\"elementor-widget-wrap elementor-element-populated\">\n\t\t\t\t\t\t<div class=\"elementor-element elementor-element-fa7ed37 elementor-align-center elementor-widget elementor-widget-button\" data-id=\"fa7ed37\" data-element_type=\"widget\" data-e-type=\"widget\" data-widget_type=\"button.default\">\n\t\t\t\t<div class=\"elementor-widget-container\">\n\t\t\t\t\t\t\t\t\t<div class=\"elementor-button-wrapper\">\n\t\t\t\t\t<a class=\"elementor-button elementor-button-link elementor-size-xl\" href=\"https:\/\/www.merkley.senate.gov\/es\/staff-recommendations\/\">\n\t\t\t\t\t\t<span class=\"elementor-button-content-wrapper\">\n\t\t\t\t\t\t\t\t\t<span class=\"elementor-button-text\">RECOMENDACIONES DEL PERSONAL<\/span>\n\t\t\t\t\t<\/span>\n\t\t\t\t\t<\/a>\n\t\t\t\t<\/div>\n\t\t\t\t\t\t\t\t<\/div>\n\t\t\t\t<\/div>\n\t\t\t\t\t<\/div>\n\t\t<\/div>\n\t\t\t\t\t<\/div>\n\t\t<\/section>\n\t\t\t\t<section class=\"elementor-section elementor-top-section elementor-element elementor-element-4511727 elementor-section-boxed elementor-section-height-default elementor-section-height-default\" data-id=\"4511727\" data-element_type=\"section\" data-e-type=\"section\">\n\t\t\t\t\t\t<div class=\"elementor-container elementor-column-gap-default\">\n\t\t\t\t\t<div class=\"elementor-column elementor-col-50 elementor-top-column elementor-element elementor-element-9f9556b\" data-id=\"9f9556b\" data-element_type=\"column\" data-e-type=\"column\">\n\t\t\t<div class=\"elementor-widget-wrap elementor-element-populated\">\n\t\t\t\t\t\t<div class=\"elementor-element elementor-element-85a012b elementor-align-center elementor-widget elementor-widget-button\" data-id=\"85a012b\" data-element_type=\"widget\" data-e-type=\"widget\" data-widget_type=\"button.default\">\n\t\t\t\t<div class=\"elementor-widget-container\">\n\t\t\t\t\t\t\t\t\t<div class=\"elementor-button-wrapper\">\n\t\t\t\t\t<a class=\"elementor-button elementor-button-link elementor-size-xl\" href=\"https:\/\/www.merkley.senate.gov\/es\/services\/visit-washington-dc\/faq\/\">\n\t\t\t\t\t\t<span class=\"elementor-button-content-wrapper\">\n\t\t\t\t\t\t\t\t\t<span class=\"elementor-button-text\">Preguntas frecuentes<\/span>\n\t\t\t\t\t<\/span>\n\t\t\t\t\t<\/a>\n\t\t\t\t<\/div>\n\t\t\t\t\t\t\t\t<\/div>\n\t\t\t\t<\/div>\n\t\t\t\t\t<\/div>\n\t\t<\/div>\n\t\t\t\t<div class=\"elementor-column elementor-col-50 elementor-top-column elementor-element elementor-element-3d8ff24\" data-id=\"3d8ff24\" data-element_type=\"column\" data-e-type=\"column\">\n\t\t\t<div class=\"elementor-widget-wrap elementor-element-populated\">\n\t\t\t\t\t\t<div class=\"elementor-element elementor-element-efca98a elementor-align-center elementor-widget elementor-widget-button\" data-id=\"efca98a\" data-element_type=\"widget\" data-e-type=\"widget\" data-widget_type=\"button.default\">\n\t\t\t\t<div class=\"elementor-widget-container\">\n\t\t\t\t\t\t\t\t\t<div class=\"elementor-button-wrapper\">\n\t\t\t\t\t<a class=\"elementor-button elementor-button-link elementor-size-xl\" href=\"https:\/\/www.merkley.senate.gov\/es\/services\/visit-washington-dc\/tours\/request\/\">\n\t\t\t\t\t\t<span class=\"elementor-button-content-wrapper\">\n\t\t\t\t\t\t\t\t\t<span class=\"elementor-button-text\">FORMULARIO DE SOLICITUD DE VIAJE<\/span>\n\t\t\t\t\t<\/span>\n\t\t\t\t\t<\/a>\n\t\t\t\t<\/div>\n\t\t\t\t\t\t\t\t<\/div>\n\t\t\t\t<\/div>\n\t\t\t\t\t<\/div>\n\t\t<\/div>\n\t\t\t\t\t<\/div>\n\t\t<\/section>\n\t\t\t\t<\/div>","protected":false},"excerpt":{"rendered":"<p>Public tours of the White House are typically available from 8:00 AM to 12:30 PM Tuesday, Wednesday, Thursday, Friday, and Saturday, excluding Federal holidays or unless otherwise noted. Public tour requests are scheduled on a first come, first served basis and must be submitted through a Member of Congress and their Congressional Tour Coordinator. Public [&hellip;]<\/p>\n","protected":false},"author":3,"featured_media":0,"parent":7812,"menu_order":0,"comment_status":"closed","ping_status":"closed","template":"","meta":{"_acf_changed":false,"inline_featured_image":false,"footnotes":""},"class_list":["post-7728","page","type-page","status-publish","hentry"],"acf":[],"yoast_head":"<!-- This site is optimized with the Yoast SEO plugin v27.2 - https:\/\/yoast.com\/product\/yoast-seo-wordpress\/ -->\n<title>Visit Washington D.C. - Merkley<\/title>\n<meta name=\"robots\" content=\"index, follow, max-snippet:-1, max-image-preview:large, max-video-preview:-1\" \/>\n<link rel=\"canonical\" href=\"https:\/\/www.merkley.senate.gov\/es\/services\/visit-washington-dc\/\" \/>\n<meta property=\"og:locale\" content=\"es_MX\" \/>\n<meta property=\"og:type\" content=\"article\" \/>\n<meta property=\"og:title\" content=\"Visit Washington D.C. - Merkley\" \/>\n<meta property=\"og:description\" content=\"Public tours of the White House are typically available from 8:00 AM to 12:30 PM Tuesday, Wednesday, Thursday, Friday, and Saturday, excluding Federal holidays or unless otherwise noted. Public tour requests are scheduled on a first come, first served basis and must be submitted through a Member of Congress and their Congressional Tour Coordinator. Public [&hellip;]\" \/>\n<meta property=\"og:url\" content=\"https:\/\/www.merkley.senate.gov\/es\/services\/visit-washington-dc\/\" \/>\n<meta property=\"og:site_name\" content=\"Merkley\" \/>\n<meta property=\"article:modified_time\" content=\"2023-07-26T18:20:43+00:00\" \/>\n<meta name=\"twitter:card\" content=\"summary_large_image\" \/>\n<meta name=\"twitter:label1\" content=\"Est. reading time\" \/>\n\t<meta name=\"twitter:data1\" content=\"2 minutes\" \/>\n<script type=\"application\/ld+json\" class=\"yoast-schema-graph\">{\"@context\":\"https:\/\/schema.org\",\"@graph\":[{\"@type\":\"WebPage\",\"@id\":\"https:\/\/www.merkley.senate.gov\/services\/visit-washington-dc\/\",\"url\":\"https:\/\/www.merkley.senate.gov\/services\/visit-washington-dc\/\",\"name\":\"Visit Washington D.C. - Merkley\",\"isPartOf\":{\"@id\":\"https:\/\/www.merkley.senate.gov\/#website\"},\"datePublished\":\"2023-07-19T21:35:07+00:00\",\"dateModified\":\"2023-07-26T18:20:43+00:00\",\"breadcrumb\":{\"@id\":\"https:\/\/www.merkley.senate.gov\/services\/visit-washington-dc\/#breadcrumb\"},\"inLanguage\":\"es-MX\",\"potentialAction\":[{\"@type\":\"ReadAction\",\"target\":[\"https:\/\/www.merkley.senate.gov\/services\/visit-washington-dc\/\"]}]},{\"@type\":\"BreadcrumbList\",\"@id\":\"https:\/\/www.merkley.senate.gov\/services\/visit-washington-dc\/#breadcrumb\",\"itemListElement\":[{\"@type\":\"ListItem\",\"position\":1,\"name\":\"Home\",\"item\":\"https:\/\/www.merkley.senate.gov\/\"},{\"@type\":\"ListItem\",\"position\":2,\"name\":\"Helping You\",\"item\":\"https:\/\/www.merkley.senate.gov\/services\/\"},{\"@type\":\"ListItem\",\"position\":3,\"name\":\"Visit Washington D.C.\"}]},{\"@type\":\"WebSite\",\"@id\":\"https:\/\/www.merkley.senate.gov\/#website\",\"url\":\"https:\/\/www.merkley.senate.gov\/\",\"name\":\"Merkley\",\"description\":\"Merkley\",\"potentialAction\":[{\"@type\":\"SearchAction\",\"target\":{\"@type\":\"EntryPoint\",\"urlTemplate\":\"https:\/\/www.merkley.senate.gov\/?s={search_term_string}\"},\"query-input\":{\"@type\":\"PropertyValueSpecification\",\"valueRequired\":true,\"valueName\":\"search_term_string\"}}],\"inLanguage\":\"es-MX\"}]}<\/script>\n<!-- \/ Yoast SEO plugin. -->","yoast_head_json":{"title":"Visit Washington D.C. - Merkley","robots":{"index":"index","follow":"follow","max-snippet":"max-snippet:-1","max-image-preview":"max-image-preview:large","max-video-preview":"max-video-preview:-1"},"canonical":"https:\/\/www.merkley.senate.gov\/es\/services\/visit-washington-dc\/","og_locale":"es_MX","og_type":"article","og_title":"Visit Washington D.C. - Merkley","og_description":"Public tours of the White House are typically available from 8:00 AM to 12:30 PM Tuesday, Wednesday, Thursday, Friday, and Saturday, excluding Federal holidays or unless otherwise noted. Public tour requests are scheduled on a first come, first served basis and must be submitted through a Member of Congress and their Congressional Tour Coordinator. Public [&hellip;]","og_url":"https:\/\/www.merkley.senate.gov\/es\/services\/visit-washington-dc\/","og_site_name":"Merkley","article_modified_time":"2023-07-26T18:20:43+00:00","twitter_card":"summary_large_image","twitter_misc":{"Est. reading time":"2 minutes"},"schema":{"@context":"https:\/\/schema.org","@graph":[{"@type":"WebPage","@id":"https:\/\/www.merkley.senate.gov\/services\/visit-washington-dc\/","url":"https:\/\/www.merkley.senate.gov\/services\/visit-washington-dc\/","name":"Visit Washington D.C. - Merkley","isPartOf":{"@id":"https:\/\/www.merkley.senate.gov\/#website"},"datePublished":"2023-07-19T21:35:07+00:00","dateModified":"2023-07-26T18:20:43+00:00","breadcrumb":{"@id":"https:\/\/www.merkley.senate.gov\/services\/visit-washington-dc\/#breadcrumb"},"inLanguage":"es-MX","potentialAction":[{"@type":"ReadAction","target":["https:\/\/www.merkley.senate.gov\/services\/visit-washington-dc\/"]}]},{"@type":"BreadcrumbList","@id":"https:\/\/www.merkley.senate.gov\/services\/visit-washington-dc\/#breadcrumb","itemListElement":[{"@type":"ListItem","position":1,"name":"Home","item":"https:\/\/www.merkley.senate.gov\/"},{"@type":"ListItem","position":2,"name":"Helping You","item":"https:\/\/www.merkley.senate.gov\/services\/"},{"@type":"ListItem","position":3,"name":"Visit Washington D.C."}]},{"@type":"WebSite","@id":"https:\/\/www.merkley.senate.gov\/#website","url":"https:\/\/www.merkley.senate.gov\/","name":"merkley","description":"merkley","potentialAction":[{"@type":"SearchAction","target":{"@type":"EntryPoint","urlTemplate":"https:\/\/www.merkley.senate.gov\/?s={search_term_string}"},"query-input":{"@type":"PropertyValueSpecification","valueRequired":true,"valueName":"search_term_string"}}],"inLanguage":"es-MX"}]}},"_links":{"self":[{"href":"https:\/\/www.merkley.senate.gov\/es\/wp-json\/wp\/v2\/pages\/7728","targetHints":{"allow":["GET"]}}],"collection":[{"href":"https:\/\/www.merkley.senate.gov\/es\/wp-json\/wp\/v2\/pages"}],"about":[{"href":"https:\/\/www.merkley.senate.gov\/es\/wp-json\/wp\/v2\/types\/page"}],"author":[{"embeddable":true,"href":"https:\/\/www.merkley.senate.gov\/es\/wp-json\/wp\/v2\/users\/3"}],"replies":[{"embeddable":true,"href":"https:\/\/www.merkley.senate.gov\/es\/wp-json\/wp\/v2\/comments?post=7728"}],"version-history":[{"count":33,"href":"https:\/\/www.merkley.senate.gov\/es\/wp-json\/wp\/v2\/pages\/7728\/revisions"}],"predecessor-version":[{"id":17050,"href":"https:\/\/www.merkley.senate.gov\/es\/wp-json\/wp\/v2\/pages\/7728\/revisions\/17050"}],"up":[{"embeddable":true,"href":"https:\/\/www.merkley.senate.gov\/es\/wp-json\/wp\/v2\/pages\/7812"}],"wp:attachment":[{"href":"https:\/\/www.merkley.senate.gov\/es\/wp-json\/wp\/v2\/media?parent=7728"}],"curies":[{"name":"wp","href":"https:\/\/api.w.org\/{rel}","templated":true}]}}