{"id":7757,"date":"2023-07-20T08:51:31","date_gmt":"2023-07-20T12:51:31","guid":{"rendered":"https:\/\/www.merkley.senate.gov\/?page_id=7757"},"modified":"2023-07-21T14:20:29","modified_gmt":"2023-07-21T18:20:29","slug":"staff-recommendations","status":"publish","type":"page","link":"https:\/\/www.merkley.senate.gov\/es\/staff-recommendations\/","title":{"rendered":"Recomendaciones del personal"},"content":{"rendered":"<div data-elementor-type=\"wp-page\" data-elementor-id=\"7757\" class=\"elementor elementor-7757\" data-elementor-post-type=\"page\">\n\t\t\t\t\t\t<section class=\"elementor-section elementor-top-section elementor-element elementor-element-f62aa17 elementor-section-boxed elementor-section-height-default elementor-section-height-default\" data-id=\"f62aa17\" data-element_type=\"section\" data-e-type=\"section\">\n\t\t\t\t\t\t<div class=\"elementor-container elementor-column-gap-default\">\n\t\t\t\t\t<div class=\"elementor-column elementor-col-100 elementor-top-column elementor-element elementor-element-3a66558b\" data-id=\"3a66558b\" data-element_type=\"column\" data-e-type=\"column\">\n\t\t\t<div class=\"elementor-widget-wrap elementor-element-populated\">\n\t\t\t\t\t\t<div class=\"elementor-element elementor-element-6cc84306 elementor-widget elementor-widget-text-editor\" data-id=\"6cc84306\" data-element_type=\"widget\" data-e-type=\"widget\" data-widget_type=\"text-editor.default\">\n\t\t\t\t<div class=\"elementor-widget-container\">\n\t\t\t\t\t\t\t\t\t\n<h2 class=\"wp-block-heading\">Archivos Nacionales<\/h2>\n\n<p>Se pueden reservar visitas guiadas a los Archivos Nacionales de lunes a viernes, a partir de las 9:30 a. m. Puede reservar boletos para una entrada de visita programada durante todo el d\u00eda. Los boletos se pueden reservar a trav\u00e9s del Servicio de Parques Nacionales, y hay una tarifa de procesamiento de $1.50 por persona<\/p>\n\n<p>Los visitantes con reservas anticipadas ingresan por la puerta de eventos especiales en Constitution Avenue y 7th Street y deben estar en fila en la entrada al menos 10 minutos antes de la hora de inicio de su visita. Tambi\u00e9n es posible esperar en fila el d\u00eda de, si no desea reservar boletos en l\u00ednea. M\u00e1s informaci\u00f3n y el enlace para reservas est\u00e1 disponible en la\u00a0<a href=\"https:\/\/museum.archives.gov\/\" target=\"_blank\" rel=\"noreferrer noopener\">sitio web<\/a>\u00a0para los Archivos Nacionales.<\/p>\n<hr class=\"wp-block-separator has-alpha-channel-opacity\" \/>\n<p>\u00a0<\/p>\n\n<h2 class=\"wp-block-heading\">Corte Suprema<\/h2>\n\n<p>Cuando la Corte Suprema est\u00e1 en sesi\u00f3n, es posible asistir a los argumentos orales. El cupo es limitado y por orden de llegada. Antes de que comience una sesi\u00f3n, se forman dos filas en la plaza frente al edificio. Uno es para aquellos que desean asistir a un argumento completo. La otra es una l\u00ednea de tres minutos para aquellos que deseen observar la sesi\u00f3n de la Corte por un tiempo breve. Las ubicaciones de estas l\u00edneas est\u00e1n marcadas con letreros y hay un oficial de polic\u00eda de turno que puede ayudar a responder preguntas.<\/p>\n\n<p>Tambi\u00e9n hay Conferencias de la Corte Suprema, que son programas de 30 minutos dirigidos por docentes capacitados. Est\u00e1n dise\u00f1ados para presentar a los visitantes de todas las edades las funciones judiciales de la Corte Suprema, la historia del edificio y la arquitectura de la sala del tribunal. Estas conferencias generalmente se llevan a cabo de lunes a viernes, cada media hora, a partir de las 9:30 a. m. y la \u00faltima conferencia se lleva a cabo a las 3:30 p. m. La excepci\u00f3n a estas fechas y horarios es si la Corte Suprema realiza argumentos orales. Puede consultar el horario de conferencias de la sala de audiencias en la Corte Suprema\u00a0<a href=\"https:\/\/www.supremecourt.gov\/visiting\/whatcaniseeanddo.aspx\" target=\"_blank\" rel=\"noreferrer noopener\">sitio web<\/a>.<\/p>\n<hr class=\"wp-block-separator has-alpha-channel-opacity\" \/>\n<p>\u00a0<\/p>\n\n<h2 class=\"wp-block-heading\">jardines bot\u00e1nicos<\/h2>\n\n<p>Abierto todos los d\u00edas, incluidos los feriados de 10:00 am a 5:00 pm Las visitas grupales est\u00e1n disponibles todos los d\u00edas de 10:30 am a 1:30 pm Nota: no hay reservas para visitas guiadas, por orden de llegada. Para m\u00e1s informaci\u00f3n visite el\u00a0<a href=\"https:\/\/www.usbg.gov\/\" target=\"_blank\" rel=\"noreferrer noopener\">Sitio web del Jard\u00edn Bot\u00e1nico.<\/a><\/p>\n<hr class=\"wp-block-separator has-alpha-channel-opacity\" \/>\n<p>\u00a0<\/p>\n\n<h2 class=\"wp-block-heading\">Monte Vernon<\/h2>\n\n<p>Casa de George Washington. Abierto todos los d\u00edas de 9:00 am a 5:00 pm<\/p>\n\n<p>Entrada: Adultos: $15.00, Tercera edad $14.00 (con identificaci\u00f3n), Ni\u00f1os de 6 a 11 a\u00f1os $7.00, Ni\u00f1os de 5 a\u00f1os y menores entran gratis. Para obtener m\u00e1s informaci\u00f3n, visite el sitio web de Mount Vernon.<\/p>\n<hr class=\"wp-block-separator has-alpha-channel-opacity\" \/>\n<p>\u00a0<\/p>\n\n<h2 class=\"wp-block-heading\">Centro John F. Kennedy para las artes esc\u00e9nicas<\/h2>\n\n<p>El Centro Kennedy est\u00e1 abierto a las 10 a.m. \u2013 17:00 de lunes a viernes y de 10:00 a 13:00 horas. los fines de semana, a menos que se indique lo contrario. Los recorridos p\u00fablicos del Centro Kennedy comienzan aproximadamente cada diez minutos. Los visitantes sin cita son bienvenidos en el mostrador de informaci\u00f3n tur\u00edstica, ubicado en el nivel A del Kennedy Center. El recorrido cubre muchos aspectos del Centro Kennedy y concluye con una vista espectacular de la capital de la naci\u00f3n desde la terraza del Centro Kennedy.<\/p>\n\n<p>Adem\u00e1s, los Centros Kennedy suelen ofrecer conciertos diarios gratuitos a las 6:00 p. m. en el Millennium Stage. Las actuaciones se enumeran\u00a0<a href=\"https:\/\/www.kennedy-center.org\/whats-on\/millennium-stage\/\" target=\"_blank\" rel=\"noreferrer noopener\">aqu\u00ed<\/a>. Para obtener m\u00e1s informaci\u00f3n, visite el\u00a0<a href=\"https:\/\/www.kennedy-center.org\/\" target=\"_blank\" rel=\"noreferrer noopener\">Centro Kennedy para las Artes Esc\u00e9nicas<\/a>.<\/p>\n<hr class=\"wp-block-separator has-alpha-channel-opacity\" \/>\n<p>\u00a0<\/p>\n\n<h2 class=\"wp-block-heading\">Atracciones adicionales<\/h2>\n\n<p>A continuaci\u00f3n hay enlaces a monumentos conmemorativos populares, museos, exhibiciones y galer\u00edas de arte en el \u00e1rea.<\/p>\n\n<h2 class=\"wp-block-heading\">Monumentos y Memoriales<\/h2>\n\n<p><a href=\"https:\/\/www.arlingtoncemetery.mil\/\" target=\"_blank\" rel=\"noreferrer noopener\">Cementerio Nacional de Arlington<br \/><\/a><a href=\"https:\/\/www.nps.gov\/kowa\/index.htm\" target=\"_blank\" rel=\"noreferrer noopener\">Monumento a los veteranos de la guerra de Corea<br \/><\/a><a href=\"https:\/\/www.nps.gov\/vive\/index.htm\" target=\"_blank\" rel=\"noreferrer noopener\">Monumento a los veteranos de Vietnam<br \/><\/a><a href=\"https:\/\/www.nps.gov\/wamo\/index.htm\" target=\"_blank\" rel=\"noreferrer noopener\">Monumento a Washington<br \/><\/a><a href=\"https:\/\/www.nps.gov\/linc\/index.htm\" target=\"_blank\" rel=\"noreferrer noopener\">Memorial de Lincoln<br \/><\/a><a href=\"https:\/\/www.nps.gov\/thje\/index.htm\" target=\"_blank\" rel=\"noreferrer noopener\">Monumento a Thomas Jefferson<br \/><\/a><a href=\"https:\/\/www.nps.gov\/mlkm\/index.htm\" target=\"_blank\" rel=\"noreferrer noopener\">Monumento a Martin Luther King Jr.<\/a><\/p>\n\n<h2 class=\"wp-block-heading\">Museos<\/h2>\n\n<p><a href=\"https:\/\/www.si.edu\/\" target=\"_blank\" rel=\"noreferrer noopener\">La Instituci\u00f3n Smithsonian de Museos<br \/><\/a><a href=\"https:\/\/americanhistory.si.edu\/\" target=\"_blank\" rel=\"noreferrer noopener\">Museo Nacional de Historia Americana<br \/><\/a><a href=\"https:\/\/naturalhistory.si.edu\/\" target=\"_blank\" rel=\"noreferrer noopener\">Museo Nacional de Historia Natural<br \/><\/a><a href=\"https:\/\/nationalzoo.si.edu\/\" target=\"_blank\" rel=\"noreferrer noopener\">Parque Zool\u00f3gico Nacional<br \/><\/a><a href=\"https:\/\/airandspace.si.edu\/\" target=\"_blank\" rel=\"noreferrer noopener\">Museo Nacional del Aire y el Espacio<br \/><\/a><a href=\"https:\/\/americanindian.si.edu\/\" target=\"_blank\" rel=\"noreferrer noopener\">Museo Nacional del Indio Americano<br \/><\/a><a href=\"https:\/\/nmaahc.si.edu\/\" target=\"_blank\" rel=\"noreferrer noopener\">Museo Nacional de Historia y Cultura Afroamericana<br \/><\/a><a href=\"https:\/\/www.gardens.si.edu\" target=\"_blank\" rel=\"noreferrer noopener\">Los Jardines Smithsonianos<br \/><\/a><a href=\"https:\/\/www.ushmm.org\/\" target=\"_blank\" rel=\"noreferrer noopener\">Museo Conmemorativo del Holocausto de los Estados Unidos<\/a><\/p>\n\n<h2 class=\"wp-block-heading\">Galer\u00edas y exhibiciones de arte<\/h2>\n\n<p><a href=\"https:\/\/www.nga.gov\/\" target=\"_blank\" rel=\"noreferrer noopener\">Galer\u00eda Nacional de Arte<br \/><\/a><a href=\"https:\/\/www.nga.gov\/visit\/tours-and-guides\/sculpture-garden.html\" target=\"_blank\" rel=\"noreferrer noopener\">Jard\u00edn de esculturas del Capitolio<br \/><\/a><a href=\"http:\/\/www.npg.si.edu\/\" target=\"_blank\" rel=\"noreferrer noopener\">La Galer\u00eda Nacional de Retratos<br \/><\/a><a href=\"http:\/\/www.corcoran.org\/\" target=\"_blank\" rel=\"noreferrer noopener\">La Galer\u00eda de Arte Corcoran<br \/><\/a><a href=\"https:\/\/africa.si.edu\/\" target=\"_blank\" rel=\"noreferrer noopener\">El Museo Nacional de Arte Africano<\/a><\/p>\n\t\t\t\t\t\t\t\t<\/div>\n\t\t\t\t<\/div>\n\t\t\t\t\t<\/div>\n\t\t<\/div>\n\t\t\t\t\t<\/div>\n\t\t<\/section>\n\t\t\t\t<\/div>","protected":false},"excerpt":{"rendered":"<p>National Archives Guided tours of the National Archives are available for reservation Mondays through Fridays, starting at 9:30 a.m. You can reserve tickets for a timed visit entry throughout the day. Tickets can be reserved through the National Park Service, and there is a $1.50 per person processing fee Visitors with advance reservations enter through [&hellip;]<\/p>\n","protected":false},"author":1,"featured_media":0,"parent":0,"menu_order":0,"comment_status":"closed","ping_status":"closed","template":"","meta":{"_acf_changed":false,"inline_featured_image":false,"footnotes":""},"class_list":["post-7757","page","type-page","status-publish","hentry"],"acf":[],"yoast_head":"<!-- This site is optimized with the Yoast SEO plugin v27.2 - https:\/\/yoast.com\/product\/yoast-seo-wordpress\/ -->\n<title>Staff Recommendations - Merkley<\/title>\n<meta name=\"robots\" content=\"index, follow, max-snippet:-1, max-image-preview:large, max-video-preview:-1\" \/>\n<link rel=\"canonical\" href=\"https:\/\/www.merkley.senate.gov\/es\/staff-recommendations\/\" \/>\n<meta property=\"og:locale\" content=\"es_MX\" \/>\n<meta property=\"og:type\" content=\"article\" \/>\n<meta property=\"og:title\" content=\"Staff Recommendations - Merkley\" \/>\n<meta property=\"og:description\" content=\"National Archives Guided tours of the National Archives are available for reservation Mondays through Fridays, starting at 9:30 a.m. You can reserve tickets for a timed visit entry throughout the day. Tickets can be reserved through the National Park Service, and there is a $1.50 per person processing fee Visitors with advance reservations enter through [&hellip;]\" \/>\n<meta property=\"og:url\" content=\"https:\/\/www.merkley.senate.gov\/es\/staff-recommendations\/\" \/>\n<meta property=\"og:site_name\" content=\"Merkley\" \/>\n<meta property=\"article:modified_time\" content=\"2023-07-21T18:20:29+00:00\" \/>\n<meta name=\"twitter:card\" content=\"summary_large_image\" \/>\n<meta name=\"twitter:label1\" content=\"Est. reading time\" \/>\n\t<meta name=\"twitter:data1\" content=\"3 minutes\" \/>\n<script type=\"application\/ld+json\" class=\"yoast-schema-graph\">{\"@context\":\"https:\/\/schema.org\",\"@graph\":[{\"@type\":\"WebPage\",\"@id\":\"https:\/\/www.merkley.senate.gov\/staff-recommendations\/\",\"url\":\"https:\/\/www.merkley.senate.gov\/staff-recommendations\/\",\"name\":\"Staff Recommendations - Merkley\",\"isPartOf\":{\"@id\":\"https:\/\/www.merkley.senate.gov\/#website\"},\"datePublished\":\"2023-07-20T12:51:31+00:00\",\"dateModified\":\"2023-07-21T18:20:29+00:00\",\"breadcrumb\":{\"@id\":\"https:\/\/www.merkley.senate.gov\/staff-recommendations\/#breadcrumb\"},\"inLanguage\":\"es-MX\",\"potentialAction\":[{\"@type\":\"ReadAction\",\"target\":[\"https:\/\/www.merkley.senate.gov\/staff-recommendations\/\"]}]},{\"@type\":\"BreadcrumbList\",\"@id\":\"https:\/\/www.merkley.senate.gov\/staff-recommendations\/#breadcrumb\",\"itemListElement\":[{\"@type\":\"ListItem\",\"position\":1,\"name\":\"Home\",\"item\":\"https:\/\/www.merkley.senate.gov\/\"},{\"@type\":\"ListItem\",\"position\":2,\"name\":\"Staff Recommendations\"}]},{\"@type\":\"WebSite\",\"@id\":\"https:\/\/www.merkley.senate.gov\/#website\",\"url\":\"https:\/\/www.merkley.senate.gov\/\",\"name\":\"Merkley\",\"description\":\"Merkley\",\"potentialAction\":[{\"@type\":\"SearchAction\",\"target\":{\"@type\":\"EntryPoint\",\"urlTemplate\":\"https:\/\/www.merkley.senate.gov\/?s={search_term_string}\"},\"query-input\":{\"@type\":\"PropertyValueSpecification\",\"valueRequired\":true,\"valueName\":\"search_term_string\"}}],\"inLanguage\":\"es-MX\"}]}<\/script>\n<!-- \/ Yoast SEO plugin. -->","yoast_head_json":{"title":"Staff Recommendations - Merkley","robots":{"index":"index","follow":"follow","max-snippet":"max-snippet:-1","max-image-preview":"max-image-preview:large","max-video-preview":"max-video-preview:-1"},"canonical":"https:\/\/www.merkley.senate.gov\/es\/staff-recommendations\/","og_locale":"es_MX","og_type":"article","og_title":"Staff Recommendations - Merkley","og_description":"National Archives Guided tours of the National Archives are available for reservation Mondays through Fridays, starting at 9:30 a.m. You can reserve tickets for a timed visit entry throughout the day. Tickets can be reserved through the National Park Service, and there is a $1.50 per person processing fee Visitors with advance reservations enter through [&hellip;]","og_url":"https:\/\/www.merkley.senate.gov\/es\/staff-recommendations\/","og_site_name":"Merkley","article_modified_time":"2023-07-21T18:20:29+00:00","twitter_card":"summary_large_image","twitter_misc":{"Est. reading time":"3 minutes"},"schema":{"@context":"https:\/\/schema.org","@graph":[{"@type":"WebPage","@id":"https:\/\/www.merkley.senate.gov\/staff-recommendations\/","url":"https:\/\/www.merkley.senate.gov\/staff-recommendations\/","name":"Staff Recommendations - Merkley","isPartOf":{"@id":"https:\/\/www.merkley.senate.gov\/#website"},"datePublished":"2023-07-20T12:51:31+00:00","dateModified":"2023-07-21T18:20:29+00:00","breadcrumb":{"@id":"https:\/\/www.merkley.senate.gov\/staff-recommendations\/#breadcrumb"},"inLanguage":"es-MX","potentialAction":[{"@type":"ReadAction","target":["https:\/\/www.merkley.senate.gov\/staff-recommendations\/"]}]},{"@type":"BreadcrumbList","@id":"https:\/\/www.merkley.senate.gov\/staff-recommendations\/#breadcrumb","itemListElement":[{"@type":"ListItem","position":1,"name":"Home","item":"https:\/\/www.merkley.senate.gov\/"},{"@type":"ListItem","position":2,"name":"Staff Recommendations"}]},{"@type":"WebSite","@id":"https:\/\/www.merkley.senate.gov\/#website","url":"https:\/\/www.merkley.senate.gov\/","name":"merkley","description":"merkley","potentialAction":[{"@type":"SearchAction","target":{"@type":"EntryPoint","urlTemplate":"https:\/\/www.merkley.senate.gov\/?s={search_term_string}"},"query-input":{"@type":"PropertyValueSpecification","valueRequired":true,"valueName":"search_term_string"}}],"inLanguage":"es-MX"}]}},"_links":{"self":[{"href":"https:\/\/www.merkley.senate.gov\/es\/wp-json\/wp\/v2\/pages\/7757","targetHints":{"allow":["GET"]}}],"collection":[{"href":"https:\/\/www.merkley.senate.gov\/es\/wp-json\/wp\/v2\/pages"}],"about":[{"href":"https:\/\/www.merkley.senate.gov\/es\/wp-json\/wp\/v2\/types\/page"}],"author":[{"embeddable":true,"href":"https:\/\/www.merkley.senate.gov\/es\/wp-json\/wp\/v2\/users\/1"}],"replies":[{"embeddable":true,"href":"https:\/\/www.merkley.senate.gov\/es\/wp-json\/wp\/v2\/comments?post=7757"}],"version-history":[{"count":23,"href":"https:\/\/www.merkley.senate.gov\/es\/wp-json\/wp\/v2\/pages\/7757\/revisions"}],"predecessor-version":[{"id":10951,"href":"https:\/\/www.merkley.senate.gov\/es\/wp-json\/wp\/v2\/pages\/7757\/revisions\/10951"}],"wp:attachment":[{"href":"https:\/\/www.merkley.senate.gov\/es\/wp-json\/wp\/v2\/media?parent=7757"}],"curies":[{"name":"wp","href":"https:\/\/api.w.org\/{rel}","templated":true}]}}