{"id":7783,"date":"2023-07-20T09:12:04","date_gmt":"2023-07-20T13:12:04","guid":{"rendered":"https:\/\/www.merkley.senate.gov\/?page_id=7783"},"modified":"2023-07-20T13:16:10","modified_gmt":"2023-07-20T17:16:10","slug":"faq","status":"publish","type":"page","link":"https:\/\/www.merkley.senate.gov\/es\/services\/visit-washington-dc\/faq\/","title":{"rendered":"Preguntas m\u00e1s frecuentes"},"content":{"rendered":"<h2 class=\"wp-block-heading\">\u00bfC\u00f3mo solicito un recorrido con la oficina del Senador Merkley?<\/h2>\n\n\n\n<p>Puede solicitar un recorrido por la oficina del Senador Merkley leyendo las opciones en la pesta\u00f1a Solicitar un recorrido en la p\u00e1gina web y haciendo clic en el bot\u00f3n Formulario de solicitud de recorrido en la parte inferior de esa p\u00e1gina. La oficina del Senador Merkley puede ayudarlo a realizar solicitudes de recorridos en el Capitolio de EE. UU., la Oficina de Grabado e Impresi\u00f3n, la Biblioteca del Congreso y la Casa Blanca.<\/p>\n\n\n\n<hr class=\"wp-block-separator has-alpha-channel-opacity\"\/>\n\n\n\n<p><\/p>\n\n\n\n<h2 class=\"wp-block-heading\">\u00bfTengo garantizado un tour?<\/h2>\n\n\n\n<p>Desafortunadamente, la oficina del Senador no puede garantizar que recibir\u00e1 un recorrido una vez que lo haya enviado. En la mayor\u00eda de los casos, sus solicitudes ser\u00e1n transmitidas y procesadas por los coordinadores de viajes en las oficinas respectivas de los lugares que desea visitar. Los recorridos se programan seg\u00fan la disponibilidad de tiempo y las consideraciones de espacio. La oficina del Senador Merkley puede garantizar que sus solicitudes se presentar\u00e1n de manera oportuna y se le informar\u00e1 cuando cambie el estado de su solicitud.<\/p>\n\n\n\n<hr class=\"wp-block-separator has-alpha-channel-opacity\"\/>\n\n\n\n<p><\/p>\n\n\n\n<h2 class=\"wp-block-heading\">\u00bfQu\u00e9 pasa si no encuentro el recorrido o el sitio con el que quer\u00eda ayuda en la p\u00e1gina web del Senador?<\/h2>\n\n\n\n<p>Si no puede encontrar informaci\u00f3n sobre un recorrido o sitio que desea ver, comun\u00edquese con el coordinador de recorridos del Senador Merkley por tel\u00e9fono al (202) 224-3753.<\/p>\n\n\n\n<hr class=\"wp-block-separator has-alpha-channel-opacity\"\/>\n\n\n\n<p><\/p>\n\n\n\n<h2 class=\"wp-block-heading\">\u00bfCu\u00e1ndo sabr\u00e9 que mi tour est\u00e1 reservado?<\/h2>\n\n\n\n<p>Un miembro del personal del Senador Merkley se comunicar\u00e1 con usted cuando cambie el estado de su solicitud. Para\u00a0<strong>casa Blanca<\/strong>\u00a0tours, no recibir\u00e1 ninguna actualizaci\u00f3n de estado hasta 10 a 14 d\u00edas antes de la fecha o fechas que solicit\u00f3. Para personal dirigido\u00a0<strong>Visitas al Capitolio de EE. UU.<\/strong>\u00a0programado a trav\u00e9s de la oficina del Senador, el coordinador del tour revisar\u00e1 las opciones de reserva con usted despu\u00e9s de que haya enviado su solicitud.<\/p>\n\n\n\n<hr class=\"wp-block-separator has-alpha-channel-opacity\"\/>\n\n\n\n<p><\/p>\n\n\n\n<h2 class=\"wp-block-heading\">\u00bfCon cuanta anticipaci\u00f3n debo solicitar mis tours?<\/h2>\n\n\n\n<p>Los tiempos de procesamiento de las solicitudes de recorridos var\u00edan. La oficina del Senador Merkley sugiere que los electores hagan solicitudes de 3 a 6 meses antes de la fecha deseada de la gira. Las presentaciones de solicitudes de recorridos para la Casa Blanca, la Oficina de Grabado e Impresi\u00f3n y la Biblioteca del Congreso son urgentes y es probable que est\u00e9n llenas si no realiza las solicitudes con anticipaci\u00f3n. En particular, las solicitudes de visita a la Casa Blanca deben enviarse de 4 a 6 meses antes de la visita.<\/p>\n\n\n\n<hr class=\"wp-block-separator has-alpha-channel-opacity\"\/>\n\n\n\n<p><\/p>\n\n\n\n<h2 class=\"wp-block-heading\">\u00bfEs obligatorio divulgar mi informaci\u00f3n personal cuando solicite visitas a la oficina del Senador Merkley?<\/h2>\n\n\n\n<p>Si solicita un recorrido por la Casa Blanca, debe enviar su informaci\u00f3n de seguridad personal incluida en la secci\u00f3n de la Casa Blanca del enlace Solicitar un recorrido en la p\u00e1gina web para que el Servicio Secreto pueda enviar una verificaci\u00f3n de antecedentes. La oficina del Senador Merkley puede aceptar esta informaci\u00f3n de usted por correo electr\u00f3nico, fax o tel\u00e9fono.<\/p>\n\n\n\n<hr class=\"wp-block-separator has-alpha-channel-opacity\"\/>\n\n\n\n<p><\/p>\n\n\n\n<h2 class=\"wp-block-heading\">\u00bfQu\u00e9 otras atracciones en el \u00e1rea de DC sugieres?<\/h2>\n\n\n\n<p>Si\u00e9ntase libre de comunicarse con el Coordinador de Visitas de la oficina del Senador Merkley al (202) 224-3753 para buscar recomendaciones. El personal estar\u00e1 encantado de ofrecer sugerencias sobre comidas locales, entretenimiento y eventos en el \u00e1rea.<\/p>","protected":false},"excerpt":{"rendered":"<p>How do I request a tour with Senator Merkley\u2019s office? You can request a tour through Senator Merkley\u2019s office by reading through the options in the Request a Tour tab on the webpage and clicking the Tour Request Form button at the bottom of that page. Senator Merkley\u2019s office can help you make tour requests [&hellip;]<\/p>\n","protected":false},"author":1,"featured_media":0,"parent":7728,"menu_order":0,"comment_status":"closed","ping_status":"closed","template":"","meta":{"_acf_changed":false,"inline_featured_image":false,"footnotes":""},"class_list":["post-7783","page","type-page","status-publish","hentry"],"acf":[],"yoast_head":"<!-- This site is optimized with the Yoast SEO plugin v27.2 - https:\/\/yoast.com\/product\/yoast-seo-wordpress\/ -->\n<title>FAQ - Merkley<\/title>\n<meta name=\"robots\" content=\"index, follow, max-snippet:-1, max-image-preview:large, max-video-preview:-1\" \/>\n<link rel=\"canonical\" href=\"https:\/\/www.merkley.senate.gov\/es\/services\/visit-washington-dc\/faq\/\" \/>\n<meta property=\"og:locale\" content=\"es_MX\" \/>\n<meta property=\"og:type\" content=\"article\" \/>\n<meta property=\"og:title\" content=\"FAQ - Merkley\" \/>\n<meta property=\"og:description\" content=\"How do I request a tour with Senator Merkley\u2019s office? You can request a tour through Senator Merkley\u2019s office by reading through the options in the Request a Tour tab on the webpage and clicking the Tour Request Form button at the bottom of that page. Senator Merkley\u2019s office can help you make tour requests [&hellip;]\" \/>\n<meta property=\"og:url\" content=\"https:\/\/www.merkley.senate.gov\/es\/services\/visit-washington-dc\/faq\/\" \/>\n<meta property=\"og:site_name\" content=\"Merkley\" \/>\n<meta property=\"article:modified_time\" content=\"2023-07-20T17:16:10+00:00\" \/>\n<meta name=\"twitter:card\" content=\"summary_large_image\" \/>\n<meta name=\"twitter:label1\" content=\"Est. reading time\" \/>\n\t<meta name=\"twitter:data1\" content=\"3 minutes\" \/>\n<script type=\"application\/ld+json\" class=\"yoast-schema-graph\">{\"@context\":\"https:\/\/schema.org\",\"@graph\":[{\"@type\":\"WebPage\",\"@id\":\"https:\/\/www.merkley.senate.gov\/services\/visit-washington-dc\/faq\/\",\"url\":\"https:\/\/www.merkley.senate.gov\/services\/visit-washington-dc\/faq\/\",\"name\":\"FAQ - Merkley\",\"isPartOf\":{\"@id\":\"https:\/\/www.merkley.senate.gov\/#website\"},\"datePublished\":\"2023-07-20T13:12:04+00:00\",\"dateModified\":\"2023-07-20T17:16:10+00:00\",\"breadcrumb\":{\"@id\":\"https:\/\/www.merkley.senate.gov\/services\/visit-washington-dc\/faq\/#breadcrumb\"},\"inLanguage\":\"es-MX\",\"potentialAction\":[{\"@type\":\"ReadAction\",\"target\":[\"https:\/\/www.merkley.senate.gov\/services\/visit-washington-dc\/faq\/\"]}]},{\"@type\":\"BreadcrumbList\",\"@id\":\"https:\/\/www.merkley.senate.gov\/services\/visit-washington-dc\/faq\/#breadcrumb\",\"itemListElement\":[{\"@type\":\"ListItem\",\"position\":1,\"name\":\"Home\",\"item\":\"https:\/\/www.merkley.senate.gov\/\"},{\"@type\":\"ListItem\",\"position\":2,\"name\":\"Helping You\",\"item\":\"https:\/\/www.merkley.senate.gov\/services\/\"},{\"@type\":\"ListItem\",\"position\":3,\"name\":\"Visit Washington D.C.\",\"item\":\"https:\/\/www.merkley.senate.gov\/services\/visit-washington-dc\/\"},{\"@type\":\"ListItem\",\"position\":4,\"name\":\"FAQ\"}]},{\"@type\":\"WebSite\",\"@id\":\"https:\/\/www.merkley.senate.gov\/#website\",\"url\":\"https:\/\/www.merkley.senate.gov\/\",\"name\":\"Merkley\",\"description\":\"Merkley\",\"potentialAction\":[{\"@type\":\"SearchAction\",\"target\":{\"@type\":\"EntryPoint\",\"urlTemplate\":\"https:\/\/www.merkley.senate.gov\/?s={search_term_string}\"},\"query-input\":{\"@type\":\"PropertyValueSpecification\",\"valueRequired\":true,\"valueName\":\"search_term_string\"}}],\"inLanguage\":\"es-MX\"}]}<\/script>\n<!-- \/ Yoast SEO plugin. -->","yoast_head_json":{"title":"FAQ - Merkley","robots":{"index":"index","follow":"follow","max-snippet":"max-snippet:-1","max-image-preview":"max-image-preview:large","max-video-preview":"max-video-preview:-1"},"canonical":"https:\/\/www.merkley.senate.gov\/es\/services\/visit-washington-dc\/faq\/","og_locale":"es_MX","og_type":"article","og_title":"FAQ - Merkley","og_description":"How do I request a tour with Senator Merkley\u2019s office? You can request a tour through Senator Merkley\u2019s office by reading through the options in the Request a Tour tab on the webpage and clicking the Tour Request Form button at the bottom of that page. Senator Merkley\u2019s office can help you make tour requests [&hellip;]","og_url":"https:\/\/www.merkley.senate.gov\/es\/services\/visit-washington-dc\/faq\/","og_site_name":"Merkley","article_modified_time":"2023-07-20T17:16:10+00:00","twitter_card":"summary_large_image","twitter_misc":{"Est. reading time":"3 minutes"},"schema":{"@context":"https:\/\/schema.org","@graph":[{"@type":"WebPage","@id":"https:\/\/www.merkley.senate.gov\/services\/visit-washington-dc\/faq\/","url":"https:\/\/www.merkley.senate.gov\/services\/visit-washington-dc\/faq\/","name":"FAQ - Merkley","isPartOf":{"@id":"https:\/\/www.merkley.senate.gov\/#website"},"datePublished":"2023-07-20T13:12:04+00:00","dateModified":"2023-07-20T17:16:10+00:00","breadcrumb":{"@id":"https:\/\/www.merkley.senate.gov\/services\/visit-washington-dc\/faq\/#breadcrumb"},"inLanguage":"es-MX","potentialAction":[{"@type":"ReadAction","target":["https:\/\/www.merkley.senate.gov\/services\/visit-washington-dc\/faq\/"]}]},{"@type":"BreadcrumbList","@id":"https:\/\/www.merkley.senate.gov\/services\/visit-washington-dc\/faq\/#breadcrumb","itemListElement":[{"@type":"ListItem","position":1,"name":"Home","item":"https:\/\/www.merkley.senate.gov\/"},{"@type":"ListItem","position":2,"name":"Helping You","item":"https:\/\/www.merkley.senate.gov\/services\/"},{"@type":"ListItem","position":3,"name":"Visit Washington D.C.","item":"https:\/\/www.merkley.senate.gov\/services\/visit-washington-dc\/"},{"@type":"ListItem","position":4,"name":"FAQ"}]},{"@type":"WebSite","@id":"https:\/\/www.merkley.senate.gov\/#website","url":"https:\/\/www.merkley.senate.gov\/","name":"merkley","description":"merkley","potentialAction":[{"@type":"SearchAction","target":{"@type":"EntryPoint","urlTemplate":"https:\/\/www.merkley.senate.gov\/?s={search_term_string}"},"query-input":{"@type":"PropertyValueSpecification","valueRequired":true,"valueName":"search_term_string"}}],"inLanguage":"es-MX"}]}},"_links":{"self":[{"href":"https:\/\/www.merkley.senate.gov\/es\/wp-json\/wp\/v2\/pages\/7783","targetHints":{"allow":["GET"]}}],"collection":[{"href":"https:\/\/www.merkley.senate.gov\/es\/wp-json\/wp\/v2\/pages"}],"about":[{"href":"https:\/\/www.merkley.senate.gov\/es\/wp-json\/wp\/v2\/types\/page"}],"author":[{"embeddable":true,"href":"https:\/\/www.merkley.senate.gov\/es\/wp-json\/wp\/v2\/users\/1"}],"replies":[{"embeddable":true,"href":"https:\/\/www.merkley.senate.gov\/es\/wp-json\/wp\/v2\/comments?post=7783"}],"version-history":[{"count":3,"href":"https:\/\/www.merkley.senate.gov\/es\/wp-json\/wp\/v2\/pages\/7783\/revisions"}],"predecessor-version":[{"id":10093,"href":"https:\/\/www.merkley.senate.gov\/es\/wp-json\/wp\/v2\/pages\/7783\/revisions\/10093"}],"up":[{"embeddable":true,"href":"https:\/\/www.merkley.senate.gov\/es\/wp-json\/wp\/v2\/pages\/7728"}],"wp:attachment":[{"href":"https:\/\/www.merkley.senate.gov\/es\/wp-json\/wp\/v2\/media?parent=7783"}],"curies":[{"name":"wp","href":"https:\/\/api.w.org\/{rel}","templated":true}]}}