{"id":7805,"date":"2023-07-20T09:56:38","date_gmt":"2023-07-20T13:56:38","guid":{"rendered":"https:\/\/www.merkley.senate.gov\/?page_id=7805"},"modified":"2023-07-21T12:23:16","modified_gmt":"2023-07-21T16:23:16","slug":"military-and-veterans","status":"publish","type":"page","link":"https:\/\/www.merkley.senate.gov\/es\/military-and-veterans\/","title":{"rendered":"Militares y Veteranos"},"content":{"rendered":"<div data-elementor-type=\"wp-page\" data-elementor-id=\"7805\" class=\"elementor elementor-7805\" data-elementor-post-type=\"page\">\n\t\t\t\t\t\t<section class=\"elementor-section elementor-top-section elementor-element elementor-element-2bb7faf1 elementor-section-boxed elementor-section-height-default elementor-section-height-default\" data-id=\"2bb7faf1\" data-element_type=\"section\" data-e-type=\"section\">\n\t\t\t\t\t\t<div class=\"elementor-container elementor-column-gap-default\">\n\t\t\t\t\t<div class=\"elementor-column elementor-col-100 elementor-top-column elementor-element elementor-element-1ca67b06\" data-id=\"1ca67b06\" data-element_type=\"column\" data-e-type=\"column\">\n\t\t\t<div class=\"elementor-widget-wrap elementor-element-populated\">\n\t\t\t\t\t\t<div class=\"elementor-element elementor-element-753f3dc elementor-widget elementor-widget-text-editor\" data-id=\"753f3dc\" data-element_type=\"widget\" data-e-type=\"widget\" data-widget_type=\"text-editor.default\">\n\t\t\t\t<div class=\"elementor-widget-container\">\n\t\t\t\t\t\t\t\t\t<p><\/p>\n<p>Jeff cree firmemente en apoyar a nuestras fuerzas armadas tanto en el extranjero como en casa. Nuestros veteranos nos han defendido y nosotros debemos hacerlo por ellos. Si usted o alguien que conoce es un veterano o est\u00e1 sirviendo actualmente en el ej\u00e9rcito y busca ayuda, Jeff y su oficina est\u00e1n listos para ayudar.\u00a0\u00a0<\/p>\n<p><\/p>\n<p><\/p>\n<p>Seleccione uno de los siguientes enlaces que mejor describa la ayuda que est\u00e1 buscando. Ser\u00e1 dirigido a otra p\u00e1gina con un formulario en l\u00ednea. Complete el formulario en l\u00ednea y luego imprima la autorizaci\u00f3n de privacidad correspondiente. Env\u00ede su comunicado de privacidad completo a nuestra oficina de Portland, y un miembro del Equipo de Servicios al Constituyente de Jeff se comunicar\u00e1 con usted para analizar c\u00f3mo podemos ayudarlo mejor.<\/p>\n<ul>\n<li><strong><a href=\"https:\/\/outreach.senate.gov\/iqextranet\/EForm.aspx?__cid=quorum_merkley-iq&amp;__fid=200130\" target=\"_blank\" rel=\"noopener\">Si actualmente est\u00e1 sirviendo en el ej\u00e9rcito<\/a><\/strong><\/li>\n<li><a href=\"https:\/\/outreach.senate.gov\/iqextranet\/EForm.aspx?__cid=quorum_merkley-iq&amp;__fid=200130\" target=\"_blank\" rel=\"noopener\"><strong>Si necesita ayuda para obtener beneficios para veteranos<\/strong><\/a><\/li>\n<\/ul>\n<p><br \/>Necesitar\u00e1 Adobe Acrobat Reader (un programa gratuito) para generar e imprimir la autorizaci\u00f3n de privacidad para su firma. Si no puede imprimir este formulario de divulgaci\u00f3n de privacidad, llame a la oficina de Jeff&#039;s Portland despu\u00e9s de completar el formulario en l\u00ednea. Estaremos encantados de enviarle por correo una copia impresa de un formulario de divulgaci\u00f3n de privacidad para que lo utilice.<\/p>\n<p><\/p>\n<p><\/p>\n<hr class=\"wp-block-separator has-alpha-channel-opacity\" \/>\n<p><\/p>\n<p><\/p>\n<p><\/p>\n<p><\/p>\n<h1 class=\"wp-block-heading\">RETRASO DEL CORREO:<\/h1>\n<p><\/p>\n<p><\/p>\n<p>Debido a las mayores preocupaciones de seguridad en el Capitolio de los EE. UU., todo el correo f\u00edsico enviado a mi oficina en el Senado en Washington, DC, puede demorarse significativamente debido a los procedimientos de control de seguridad.<\/p>\n<p><\/p>\n<p><\/p>\n<p>Tenga en cuenta tambi\u00e9n que mi oficina est\u00e1 recibiendo un volumen extremadamente alto de cartas y correos electr\u00f3nicos cada semana, y estamos tardando m\u00e1s de lo habitual en responder. Agradecemos su paciencia mientras trabajamos para comunicarnos con usted.<\/p>\n<p><\/p>\n<p><\/p>\n<p><strong>LLAME SI ES URGENTE:<\/strong> Si su problema es urgente o urgente, llame a mi oficina en Portland (503-326-3386) y pida hablar con un Representante de Servicios al Constituyente.<\/p>\n<p><\/p>\n<p><\/p>\n<hr class=\"wp-block-separator has-alpha-channel-opacity\" \/>\n<p><\/p>\n<p><\/p>\n<p><\/p>\n<p><\/p>\n<p><strong>SITIOS WEB \u00daTILES:<\/strong><br \/><br \/><a href=\"https:\/\/www.va.gov\/\" target=\"_blank\" rel=\"noopener\">Departamento de Asuntos de Veteranos de EE. UU.<\/a><br \/><a href=\"https:\/\/www.oregon.gov\/odva\/pages\/default.aspx\" target=\"_blank\" rel=\"noopener\">Departamento de Asuntos de Veteranos de Oreg\u00f3n<\/a><br \/><a href=\"https:\/\/www.oregon.gov\/odva\/services\/pages\/county-services.aspx\" target=\"_blank\" rel=\"noopener\">Encontrar un oficial del servicio de veteranos en Oreg\u00f3n<\/a><\/p>\n<p><strong>Si prefiere enviar un mensaje al Senador Merkley, haga clic aqu\u00ed para ir al\u00a0<a href=\"https:\/\/www.merkley.senate.gov\/es\/connect\/contact\/\">P\u00f3ngase en contacto con la p\u00e1gina de Jeff.<\/a><\/strong><\/p>\n<p><\/p>\t\t\t\t\t\t\t\t<\/div>\n\t\t\t\t<\/div>\n\t\t\t\t\t<\/div>\n\t\t<\/div>\n\t\t\t\t\t<\/div>\n\t\t<\/section>\n\t\t\t\t<\/div>","protected":false},"excerpt":{"rendered":"<p>Jeff believes strongly in supporting our military both overseas and at home. Our veterans have stood up for us, and we must stand up for them. If you or someone you know is a veteran or currently serving in the military and seeking assistance, Jeff and his office stand ready to help.\u00a0\u00a0 Please select one [&hellip;]<\/p>\n","protected":false},"author":1,"featured_media":0,"parent":0,"menu_order":0,"comment_status":"closed","ping_status":"closed","template":"","meta":{"_acf_changed":false,"inline_featured_image":false,"footnotes":""},"class_list":["post-7805","page","type-page","status-publish","hentry"],"acf":[],"yoast_head":"<!-- This site is optimized with the Yoast SEO plugin v27.2 - https:\/\/yoast.com\/product\/yoast-seo-wordpress\/ -->\n<title>Military and Veterans - Merkley<\/title>\n<meta name=\"robots\" content=\"index, follow, max-snippet:-1, max-image-preview:large, max-video-preview:-1\" \/>\n<link rel=\"canonical\" href=\"https:\/\/www.merkley.senate.gov\/es\/military-and-veterans\/\" \/>\n<meta property=\"og:locale\" content=\"es_MX\" \/>\n<meta property=\"og:type\" content=\"article\" \/>\n<meta property=\"og:title\" content=\"Military and Veterans - Merkley\" \/>\n<meta property=\"og:description\" content=\"Jeff believes strongly in supporting our military both overseas and at home. Our veterans have stood up for us, and we must stand up for them. If you or someone you know is a veteran or currently serving in the military and seeking assistance, Jeff and his office stand ready to help.\u00a0\u00a0 Please select one [&hellip;]\" \/>\n<meta property=\"og:url\" content=\"https:\/\/www.merkley.senate.gov\/es\/military-and-veterans\/\" \/>\n<meta property=\"og:site_name\" content=\"Merkley\" \/>\n<meta property=\"article:modified_time\" content=\"2023-07-21T16:23:16+00:00\" \/>\n<meta name=\"twitter:card\" content=\"summary_large_image\" \/>\n<meta name=\"twitter:label1\" content=\"Est. reading time\" \/>\n\t<meta name=\"twitter:data1\" content=\"2 minutes\" \/>\n<script type=\"application\/ld+json\" class=\"yoast-schema-graph\">{\"@context\":\"https:\/\/schema.org\",\"@graph\":[{\"@type\":\"WebPage\",\"@id\":\"https:\/\/www.merkley.senate.gov\/military-and-veterans\/\",\"url\":\"https:\/\/www.merkley.senate.gov\/military-and-veterans\/\",\"name\":\"Military and Veterans - Merkley\",\"isPartOf\":{\"@id\":\"https:\/\/www.merkley.senate.gov\/#website\"},\"datePublished\":\"2023-07-20T13:56:38+00:00\",\"dateModified\":\"2023-07-21T16:23:16+00:00\",\"breadcrumb\":{\"@id\":\"https:\/\/www.merkley.senate.gov\/military-and-veterans\/#breadcrumb\"},\"inLanguage\":\"es-MX\",\"potentialAction\":[{\"@type\":\"ReadAction\",\"target\":[\"https:\/\/www.merkley.senate.gov\/military-and-veterans\/\"]}]},{\"@type\":\"BreadcrumbList\",\"@id\":\"https:\/\/www.merkley.senate.gov\/military-and-veterans\/#breadcrumb\",\"itemListElement\":[{\"@type\":\"ListItem\",\"position\":1,\"name\":\"Home\",\"item\":\"https:\/\/www.merkley.senate.gov\/\"},{\"@type\":\"ListItem\",\"position\":2,\"name\":\"Military and Veterans\"}]},{\"@type\":\"WebSite\",\"@id\":\"https:\/\/www.merkley.senate.gov\/#website\",\"url\":\"https:\/\/www.merkley.senate.gov\/\",\"name\":\"Merkley\",\"description\":\"Merkley\",\"potentialAction\":[{\"@type\":\"SearchAction\",\"target\":{\"@type\":\"EntryPoint\",\"urlTemplate\":\"https:\/\/www.merkley.senate.gov\/?s={search_term_string}\"},\"query-input\":{\"@type\":\"PropertyValueSpecification\",\"valueRequired\":true,\"valueName\":\"search_term_string\"}}],\"inLanguage\":\"es-MX\"}]}<\/script>\n<!-- \/ Yoast SEO plugin. -->","yoast_head_json":{"title":"Military and Veterans - Merkley","robots":{"index":"index","follow":"follow","max-snippet":"max-snippet:-1","max-image-preview":"max-image-preview:large","max-video-preview":"max-video-preview:-1"},"canonical":"https:\/\/www.merkley.senate.gov\/es\/military-and-veterans\/","og_locale":"es_MX","og_type":"article","og_title":"Military and Veterans - Merkley","og_description":"Jeff believes strongly in supporting our military both overseas and at home. Our veterans have stood up for us, and we must stand up for them. If you or someone you know is a veteran or currently serving in the military and seeking assistance, Jeff and his office stand ready to help.\u00a0\u00a0 Please select one [&hellip;]","og_url":"https:\/\/www.merkley.senate.gov\/es\/military-and-veterans\/","og_site_name":"Merkley","article_modified_time":"2023-07-21T16:23:16+00:00","twitter_card":"summary_large_image","twitter_misc":{"Est. reading time":"2 minutes"},"schema":{"@context":"https:\/\/schema.org","@graph":[{"@type":"WebPage","@id":"https:\/\/www.merkley.senate.gov\/military-and-veterans\/","url":"https:\/\/www.merkley.senate.gov\/military-and-veterans\/","name":"Military and Veterans - Merkley","isPartOf":{"@id":"https:\/\/www.merkley.senate.gov\/#website"},"datePublished":"2023-07-20T13:56:38+00:00","dateModified":"2023-07-21T16:23:16+00:00","breadcrumb":{"@id":"https:\/\/www.merkley.senate.gov\/military-and-veterans\/#breadcrumb"},"inLanguage":"es-MX","potentialAction":[{"@type":"ReadAction","target":["https:\/\/www.merkley.senate.gov\/military-and-veterans\/"]}]},{"@type":"BreadcrumbList","@id":"https:\/\/www.merkley.senate.gov\/military-and-veterans\/#breadcrumb","itemListElement":[{"@type":"ListItem","position":1,"name":"Home","item":"https:\/\/www.merkley.senate.gov\/"},{"@type":"ListItem","position":2,"name":"Military and Veterans"}]},{"@type":"WebSite","@id":"https:\/\/www.merkley.senate.gov\/#website","url":"https:\/\/www.merkley.senate.gov\/","name":"merkley","description":"merkley","potentialAction":[{"@type":"SearchAction","target":{"@type":"EntryPoint","urlTemplate":"https:\/\/www.merkley.senate.gov\/?s={search_term_string}"},"query-input":{"@type":"PropertyValueSpecification","valueRequired":true,"valueName":"search_term_string"}}],"inLanguage":"es-MX"}]}},"_links":{"self":[{"href":"https:\/\/www.merkley.senate.gov\/es\/wp-json\/wp\/v2\/pages\/7805","targetHints":{"allow":["GET"]}}],"collection":[{"href":"https:\/\/www.merkley.senate.gov\/es\/wp-json\/wp\/v2\/pages"}],"about":[{"href":"https:\/\/www.merkley.senate.gov\/es\/wp-json\/wp\/v2\/types\/page"}],"author":[{"embeddable":true,"href":"https:\/\/www.merkley.senate.gov\/es\/wp-json\/wp\/v2\/users\/1"}],"replies":[{"embeddable":true,"href":"https:\/\/www.merkley.senate.gov\/es\/wp-json\/wp\/v2\/comments?post=7805"}],"version-history":[{"count":21,"href":"https:\/\/www.merkley.senate.gov\/es\/wp-json\/wp\/v2\/pages\/7805\/revisions"}],"predecessor-version":[{"id":10813,"href":"https:\/\/www.merkley.senate.gov\/es\/wp-json\/wp\/v2\/pages\/7805\/revisions\/10813"}],"wp:attachment":[{"href":"https:\/\/www.merkley.senate.gov\/es\/wp-json\/wp\/v2\/media?parent=7805"}],"curies":[{"name":"wp","href":"https:\/\/api.w.org\/{rel}","templated":true}]}}