{"id":7869,"date":"2023-07-20T10:45:33","date_gmt":"2023-07-20T14:45:33","guid":{"rendered":"https:\/\/www.merkley.senate.gov\/?page_id=7869"},"modified":"2024-04-11T16:25:24","modified_gmt":"2024-04-11T20:25:24","slug":"veterans-history-project","status":"publish","type":"page","link":"https:\/\/www.merkley.senate.gov\/es\/veterans-history-project\/","title":{"rendered":"Proyecto de Historia de los Veteranos"},"content":{"rendered":"<div data-elementor-type=\"wp-page\" data-elementor-id=\"7869\" class=\"elementor elementor-7869\" data-elementor-post-type=\"page\">\n\t\t\t\t\t\t<section class=\"elementor-section elementor-top-section elementor-element elementor-element-589a3ed9 elementor-section-boxed elementor-section-height-default elementor-section-height-default\" data-id=\"589a3ed9\" data-element_type=\"section\" data-e-type=\"section\">\n\t\t\t\t\t\t<div class=\"elementor-container elementor-column-gap-default\">\n\t\t\t\t\t<div class=\"elementor-column elementor-col-100 elementor-top-column elementor-element elementor-element-7618a9de\" data-id=\"7618a9de\" data-element_type=\"column\" data-e-type=\"column\">\n\t\t\t<div class=\"elementor-widget-wrap elementor-element-populated\">\n\t\t\t\t\t\t<div class=\"elementor-element elementor-element-4459cf27 elementor-widget elementor-widget-text-editor\" data-id=\"4459cf27\" data-element_type=\"widget\" data-e-type=\"widget\" data-widget_type=\"text-editor.default\">\n\t\t\t\t<div class=\"elementor-widget-container\">\n\t\t\t\t\t\t\t\t\t<p><\/p>\n<p>Los habitantes de Oreg\u00f3n se han ofrecido para servir en las Fuerzas Armadas de los Estados Unidos durante generaciones, o tienen familiares, amigos y seres queridos que han respondido a este llamado al servicio. Capturar las experiencias vividas de primera mano de nuestros veteranos es una forma importante en que podemos honrar sus sacrificios y dedicaci\u00f3n a nuestra naci\u00f3n mientras preservamos la historia estadounidense para las generaciones futuras.\u00a0\u00a0<\/p>\n<p><\/p>\n<p><\/p>\n<p>Es por eso que la oficina de Jeff se asoci\u00f3 con el American Folklife Center de la Biblioteca del Congreso\u00a0<a href=\"https:\/\/www.loc.gov\/vets\/vets-home.html\">Proyecto de Historia de los Veteranos<\/a>\u00a0para ayudar a registrar y compartir las historias \u00fanicas de los veteranos de Oregon de todos los \u00e1mbitos de la vida.\u00a0 \u00a0<\/p>\n<p><\/p>\n<p><\/p>\n<p>El Proyecto de Historia de los Veteranos (VHP) fue creado por el Congreso en 2000 para recopilar y preservar las narraciones en primera persona de los veteranos militares de los Estados Unidos desde la Primera Guerra Mundial hasta el presente para que las generaciones futuras puedan escuchar directamente de los veteranos y comprender mejor las realidades de las fuerzas armadas. servicio.\u00a0<\/p>\n<p><\/p>\n<p><\/p>\n<p>Hasta la fecha, VHP ha recopilado m\u00e1s de 114,000 relatos individuales de veteranos que han servido a nuestro pa\u00eds desde la Primera Guerra Mundial. Adem\u00e1s de entrevistas de historia oral grabadas en audio y video de veteranos y familias Gold Star, VHP acepta y hace accesibles memorias y colecciones de originales. fotograf\u00edas, cartas, diarios, mapas y otros documentos hist\u00f3ricos de veteranos. las colecciones son\u00a0<a href=\"https:\/\/www.loc.gov\/collections\/veterans-history-project-collection\/\" target=\"_blank\" rel=\"noreferrer noopener\">accesible en l\u00ednea<\/a>y son utilizados por millones de investigadores, autores, cineastas, estudiantes, profesores y m\u00e1s cada a\u00f1o.\u00a0\u00a0<\/p>\n<p><\/p>\n<p><\/p>\n<p><strong>Como participar:<\/strong>\u00a0\u00a0<\/p>\n<p><\/p>\n<p><\/p>\n<ol>\n<li>If you are an Oregon veteran, <strong>sit down and share your service story<\/strong> con un familiar, amigo, ser querido o miembro de la comunidad y grabar una conversaci\u00f3n sobre sus experiencias militares durante 30 minutos o m\u00e1s, y\/o donar una colecci\u00f3n original de materiales aceptados de su tiempo en el servicio. Los miembros de Gold Star Family tambi\u00e9n pueden compartir la historia de servicio de un familiar inmediato perdido en el cumplimiento del deber del servicio militar.\u00a0\u00a0<\/li>\n<li><strong>Volunteer to interview a veteran in your family or community<\/strong>. Jeff\u2019s office is building a team of volunteers to interview Oregon veterans around the state. VHP also provides free Zoom or in-person training workshops for organizations interested in learning how to conduct interviews<\/li>\n<li><strong>Collect or donate a veteran\u2019s historical documents<\/strong>\u2014check out <a href=\"https:\/\/ask.loc.gov\/veterans-history\/faq\/322549\" target=\"_blank\" rel=\"noreferrer noopener\">lo que VHP acepta y cobra<\/a>.\u00a0<\/li>\n<\/ol>\n<p><\/p>\n<p><\/p>\n<p>Si es un veterano de Oreg\u00f3n o miembro de la familia Gold Star y est\u00e1 interesado en obtener m\u00e1s informaci\u00f3n sobre\u00a0<a href=\"https:\/\/www.loc.gov\/programs\/veterans-history-project\/how-to-participate\/vhp-field-kit\/\" target=\"_blank\" rel=\"noreferrer noopener\">como participar<\/a>, o si desea ofrecerse como voluntario para entrevistar o recopilar materiales de los veteranos de Oreg\u00f3n, env\u00ede un correo electr\u00f3nico\u00a0<a href=\"mailto:VHP@merkley.senate.gov\">VHP@merkley.senate.gov<\/a>\u00a0para obtener ayuda de la oficina de Jeff.\u00a0<\/p>\n<p><\/p>\t\t\t\t\t\t\t\t<\/div>\n\t\t\t\t<\/div>\n\t\t\t\t\t<\/div>\n\t\t<\/div>\n\t\t\t\t\t<\/div>\n\t\t<\/section>\n\t\t\t\t<\/div>","protected":false},"excerpt":{"rendered":"<p>Oregonians have stepped up to serve in the United States Armed Forces for generations, or have family members, friends, and loved ones who have answered this call to service. Capturing the firsthand, lived experiences of our veterans is an important way we can honor their sacrifices and dedication to our nation while preserving American history [&hellip;]<\/p>\n","protected":false},"author":1,"featured_media":0,"parent":0,"menu_order":0,"comment_status":"closed","ping_status":"closed","template":"","meta":{"_acf_changed":false,"inline_featured_image":false,"footnotes":""},"class_list":["post-7869","page","type-page","status-publish","hentry"],"acf":[],"yoast_head":"<!-- This site is optimized with the Yoast SEO plugin v27.2 - https:\/\/yoast.com\/product\/yoast-seo-wordpress\/ -->\n<title>Veterans History Project - Merkley<\/title>\n<meta name=\"robots\" content=\"index, follow, max-snippet:-1, max-image-preview:large, max-video-preview:-1\" \/>\n<link rel=\"canonical\" href=\"https:\/\/www.merkley.senate.gov\/es\/veterans-history-project\/\" \/>\n<meta property=\"og:locale\" content=\"es_MX\" \/>\n<meta property=\"og:type\" content=\"article\" \/>\n<meta property=\"og:title\" content=\"Veterans History Project - Merkley\" \/>\n<meta property=\"og:description\" content=\"Oregonians have stepped up to serve in the United States Armed Forces for generations, or have family members, friends, and loved ones who have answered this call to service. Capturing the firsthand, lived experiences of our veterans is an important way we can honor their sacrifices and dedication to our nation while preserving American history [&hellip;]\" \/>\n<meta property=\"og:url\" content=\"https:\/\/www.merkley.senate.gov\/es\/veterans-history-project\/\" \/>\n<meta property=\"og:site_name\" content=\"Merkley\" \/>\n<meta property=\"article:modified_time\" content=\"2024-04-11T20:25:24+00:00\" \/>\n<meta name=\"twitter:card\" content=\"summary_large_image\" \/>\n<meta name=\"twitter:label1\" content=\"Est. reading time\" \/>\n\t<meta name=\"twitter:data1\" content=\"2 minutes\" \/>\n<script type=\"application\/ld+json\" class=\"yoast-schema-graph\">{\"@context\":\"https:\/\/schema.org\",\"@graph\":[{\"@type\":\"WebPage\",\"@id\":\"https:\/\/www.merkley.senate.gov\/veterans-history-project\/\",\"url\":\"https:\/\/www.merkley.senate.gov\/veterans-history-project\/\",\"name\":\"Veterans History Project - Merkley\",\"isPartOf\":{\"@id\":\"https:\/\/www.merkley.senate.gov\/#website\"},\"datePublished\":\"2023-07-20T14:45:33+00:00\",\"dateModified\":\"2024-04-11T20:25:24+00:00\",\"breadcrumb\":{\"@id\":\"https:\/\/www.merkley.senate.gov\/veterans-history-project\/#breadcrumb\"},\"inLanguage\":\"es-MX\",\"potentialAction\":[{\"@type\":\"ReadAction\",\"target\":[\"https:\/\/www.merkley.senate.gov\/veterans-history-project\/\"]}]},{\"@type\":\"BreadcrumbList\",\"@id\":\"https:\/\/www.merkley.senate.gov\/veterans-history-project\/#breadcrumb\",\"itemListElement\":[{\"@type\":\"ListItem\",\"position\":1,\"name\":\"Home\",\"item\":\"https:\/\/www.merkley.senate.gov\/\"},{\"@type\":\"ListItem\",\"position\":2,\"name\":\"Veterans History Project\"}]},{\"@type\":\"WebSite\",\"@id\":\"https:\/\/www.merkley.senate.gov\/#website\",\"url\":\"https:\/\/www.merkley.senate.gov\/\",\"name\":\"Merkley\",\"description\":\"Merkley\",\"potentialAction\":[{\"@type\":\"SearchAction\",\"target\":{\"@type\":\"EntryPoint\",\"urlTemplate\":\"https:\/\/www.merkley.senate.gov\/?s={search_term_string}\"},\"query-input\":{\"@type\":\"PropertyValueSpecification\",\"valueRequired\":true,\"valueName\":\"search_term_string\"}}],\"inLanguage\":\"es-MX\"}]}<\/script>\n<!-- \/ Yoast SEO plugin. -->","yoast_head_json":{"title":"Veterans History Project - Merkley","robots":{"index":"index","follow":"follow","max-snippet":"max-snippet:-1","max-image-preview":"max-image-preview:large","max-video-preview":"max-video-preview:-1"},"canonical":"https:\/\/www.merkley.senate.gov\/es\/veterans-history-project\/","og_locale":"es_MX","og_type":"article","og_title":"Veterans History Project - Merkley","og_description":"Oregonians have stepped up to serve in the United States Armed Forces for generations, or have family members, friends, and loved ones who have answered this call to service. Capturing the firsthand, lived experiences of our veterans is an important way we can honor their sacrifices and dedication to our nation while preserving American history [&hellip;]","og_url":"https:\/\/www.merkley.senate.gov\/es\/veterans-history-project\/","og_site_name":"Merkley","article_modified_time":"2024-04-11T20:25:24+00:00","twitter_card":"summary_large_image","twitter_misc":{"Est. reading time":"2 minutes"},"schema":{"@context":"https:\/\/schema.org","@graph":[{"@type":"WebPage","@id":"https:\/\/www.merkley.senate.gov\/veterans-history-project\/","url":"https:\/\/www.merkley.senate.gov\/veterans-history-project\/","name":"Veterans History Project - Merkley","isPartOf":{"@id":"https:\/\/www.merkley.senate.gov\/#website"},"datePublished":"2023-07-20T14:45:33+00:00","dateModified":"2024-04-11T20:25:24+00:00","breadcrumb":{"@id":"https:\/\/www.merkley.senate.gov\/veterans-history-project\/#breadcrumb"},"inLanguage":"es-MX","potentialAction":[{"@type":"ReadAction","target":["https:\/\/www.merkley.senate.gov\/veterans-history-project\/"]}]},{"@type":"BreadcrumbList","@id":"https:\/\/www.merkley.senate.gov\/veterans-history-project\/#breadcrumb","itemListElement":[{"@type":"ListItem","position":1,"name":"Home","item":"https:\/\/www.merkley.senate.gov\/"},{"@type":"ListItem","position":2,"name":"Veterans History Project"}]},{"@type":"WebSite","@id":"https:\/\/www.merkley.senate.gov\/#website","url":"https:\/\/www.merkley.senate.gov\/","name":"merkley","description":"merkley","potentialAction":[{"@type":"SearchAction","target":{"@type":"EntryPoint","urlTemplate":"https:\/\/www.merkley.senate.gov\/?s={search_term_string}"},"query-input":{"@type":"PropertyValueSpecification","valueRequired":true,"valueName":"search_term_string"}}],"inLanguage":"es-MX"}]}},"_links":{"self":[{"href":"https:\/\/www.merkley.senate.gov\/es\/wp-json\/wp\/v2\/pages\/7869","targetHints":{"allow":["GET"]}}],"collection":[{"href":"https:\/\/www.merkley.senate.gov\/es\/wp-json\/wp\/v2\/pages"}],"about":[{"href":"https:\/\/www.merkley.senate.gov\/es\/wp-json\/wp\/v2\/types\/page"}],"author":[{"embeddable":true,"href":"https:\/\/www.merkley.senate.gov\/es\/wp-json\/wp\/v2\/users\/1"}],"replies":[{"embeddable":true,"href":"https:\/\/www.merkley.senate.gov\/es\/wp-json\/wp\/v2\/comments?post=7869"}],"version-history":[{"count":8,"href":"https:\/\/www.merkley.senate.gov\/es\/wp-json\/wp\/v2\/pages\/7869\/revisions"}],"predecessor-version":[{"id":19070,"href":"https:\/\/www.merkley.senate.gov\/es\/wp-json\/wp\/v2\/pages\/7869\/revisions\/19070"}],"wp:attachment":[{"href":"https:\/\/www.merkley.senate.gov\/es\/wp-json\/wp\/v2\/media?parent=7869"}],"curies":[{"name":"wp","href":"https:\/\/api.w.org\/{rel}","templated":true}]}}